{"id":1640,"date":"2017-02-01T15:26:12","date_gmt":"2017-02-01T15:26:12","guid":{"rendered":"http:\/\/moverdb.com\/?page_id=1640"},"modified":"2026-01-08T14:48:08","modified_gmt":"2026-01-08T14:48:08","slug":"coroas-relocacoes","status":"publish","type":"page","link":"https:\/\/moverdb.com\/pt\/crown-relocations\/","title":{"rendered":"Relocaliza\u00e7\u00f5es da Coroa - Mudan\u00e7as Internacionais"},"content":{"rendered":"<p>A Crown Relocations tem sua sede em <a href=\"https:\/\/moverdb.com\/pt\/moving-to-hong-kong\/\" data-internallinksmanager029f6b8e52c=\"350\" title=\"Est\u00e1 se mudando para Hong Kong? 2026 Custo de vida e dicas de realoca\u00e7\u00e3o\">Hong Kong<\/a>. Ela oferece a seus clientes uma variedade de servi\u00e7os de realoca\u00e7\u00e3o e mudan\u00e7a, que est\u00e3o listados abaixo, juntamente com um perfil da empresa e avalia\u00e7\u00f5es.<\/p>\n<p><strong>Deslocaliza\u00e7\u00e3o internacional<\/strong><\/p>\n<ul>\n<li> Servi\u00e7o personalizado<\/li>\n<li> Servi\u00e7o porta a porta<\/li>\n<li> Embalagem - fa\u00e7a-o voc\u00ea mesmo, itens selecionados ou servi\u00e7o completo<\/li>\n<li> Armazenamento - curto e longo prazo<\/li>\n<li> Ferramentas de rastreamento on-line<\/li>\n<li> Realoca\u00e7\u00e3o de animais<\/li>\n<li> Servi\u00e7os de imigra\u00e7\u00e3o<\/li>\n<li> Treinamento intercultural<\/li>\n<li> Treinamento de idiomas<\/li>\n<li> Servi\u00e7os de venda ao domic\u00edlio<\/li>\n<li> Gest\u00e3o de propriedade<\/li>\n<li> Servi\u00e7os de pr\u00e9-viagem<\/li>\n<li> Assist\u00eancia na busca domiciliar<\/li>\n<li> Busca de escolas<\/li>\n<li> Orienta\u00e7\u00e3o p\u00f3s-chegada<\/li>\n<li> Apoio \u00e0 carreira do parceiro<\/li>\n<li> Servi\u00e7os de artes\u00e3os e ajuda dom\u00e9stica<\/li>\n<li> Aluguel de m\u00f3veis<\/li>\n<li> Apoio no trabalho<\/li>\n<\/ul>\n<p><strong>Deslocaliza\u00e7\u00e3o local e de longa dist\u00e2ncia<\/strong><\/p>\n<ul>\n<li> Servi\u00e7o personalizado<\/li>\n<li> Servi\u00e7o porta a porta<\/li>\n<li> Embalagem de servi\u00e7o completo, artigos fr\u00e1geis ou de bricolage<\/li>\n<li> Servi\u00e7o de desembalagem<\/li>\n<li> Elimina\u00e7\u00e3o de detritos<\/li>\n<li> Realoca\u00e7\u00e3o de animais<\/li>\n<li> Armazenagem de longo e curto prazo organizada<\/li>\n<li> Seguros<\/li>\n<\/ul>\n<h2>Perfil da Crown Relocations Company<\/h2>\n<p>A Crown Relocations faz parte do Crown Worldwide Group, que tem sua sede em Hong Kong. James E Thompson fundou o grupo em 1965, quando morava em Yokohama, <a href=\"https:\/\/moverdb.com\/pt\/moving-to-japan\/\" data-internallinksmanager029f6b8e52c=\"342\" title=\"Mudan\u00e7a para o Jap\u00e3o? 2026 Custo de vida e dicas de realoca\u00e7\u00e3o\">Jap\u00e3o<\/a>. Ele come\u00e7ou com $1.000 e conseguiu um contrato com a <a href=\"https:\/\/moverdb.com\/pt\/moving-to-the-united-states\/\" data-internallinksmanager029f6b8e52c=\"94\" title=\"Mudando-se para os Estados Unidos? 2026 Custos de Vida e Dicas de Reloca\u00e7\u00e3o\">US<\/a> militares para mover o pessoal para dentro e para fora do Jap\u00e3o. <\/p>\n<p>Thompson ainda \u00e9 o CEO do grupo e mudou-se a si mesmo e \u00e0 sede da empresa para Hong Kong em 1978. A empresa tem agora mais de 265 escrit\u00f3rios em 58 pa\u00edses ao redor do mundo e emprega mais de 3.100 pessoas de 70 nacionalidades diferentes. A Crown Relocations tem uma m\u00e9dia de 120.000 relocaliza\u00e7\u00f5es a cada ano e tem aproximadamente 3,4 milh\u00f5es de p\u00e9s quadrados de espa\u00e7o de armazenamento.<\/p>\n<p>A Relocaliza\u00e7\u00e3o da Coroa baseia-se na vasta experi\u00eancia do grupo da Coroa e move pessoas ao redor do mundo, ajudando-as a cada passo do caminho. A id\u00e9ia \u00e9 minimizar a agita\u00e7\u00e3o e assim permitir que o pessoal da empresa e os indiv\u00edduos se adaptem rapidamente \u00e0s suas novas vidas.<\/p>\n<p>A Crown Relocation Services tem as seguintes credencia\u00e7\u00f5es e afilia\u00e7\u00f5es: \u2013<\/p>\n<ul>\n<li> ISO 9001:2008<\/li>\n<li> <a href=\"https:\/\/moverdb.com\/pt\/iam\/\">Associa\u00e7\u00e3o Internacional de Movers<\/a> (<a href=\"https:\/\/moverdb.com\/pt\/iam\/\" data-internallinksmanager029f6b8e52c=\"23\" title=\"Associa\u00e7\u00e3o Internacional de Remotores (IAM) Explicado\">IAM<\/a>)<\/li>\n<\/ul>\n<h2>Revis\u00f5es de realoca\u00e7\u00f5es da Coroa<\/h2>\n<p><strong>Positivo:<\/strong><\/p>\n<ul>\n<li> <em>\"Fomos totalmente dominados pela forma profissional, amig\u00e1vel e competente como todo o processo foi para n\u00f3s, absolutamente soberbo do come\u00e7o ao fim\"!<\/em> - Sr. G. &amp; Sra. J. Webb via <a href=\"https:\/\/www.crownrelo.com\/intl\/en-gb\/page\/testimonials\" target=\"_blank\" rel=\"noopener\">p\u00e1gina de testemunhos da empresa<\/a><\/li>\n<li> <em>\"Estamos muito satisfeitos com os servi\u00e7os da Coroa e o recomendar\u00edamos a qualquer pessoa\".<\/em> - Phuc Do via <a href=\"http:\/\/www.productreview.com.au\/p\/crown-relocations-australia.html?rating=5#reviews\" target=\"_blank\" rel=\"noopener\">ProductReview.com.au<\/a><\/li>\n<li> <em>\"Um amigo recomendou a Coroa para nossa mudan\u00e7a de Doha, o servi\u00e7o foi excelente\".<\/em> - Hilary via <a href=\"https:\/\/www.facebook.com\/pg\/CrownRelocations\/reviews\/\" target=\"_blank\" rel=\"noopener\">P\u00e1gina no Facebook<\/a><\/li>\n<li> <em>\"Esses caras eram \u00f3timos. Eles chegaram na hora certa e eu fiquei surpreso com a rapidez deles\".<\/em> - Yana via <a href=\"https:\/\/www.yelp.com\/biz\/crown-relocations-mililani?hrid=gPhaBuTV20YimRwN7q4Wyw&#038;utm_campaign=www_review_share_popup&#038;utm_medium=copy_link&#038;utm_source=(direct)\" target=\"_blank\" rel=\"noopener\">Yelp<\/a><\/li>\n<\/ul>\n<p><strong>Negativo:<\/strong><\/p>\n<ul>\n<li> <em>\"A pior empresa com que j\u00e1 lidei. Eles n\u00e3o t\u00eam integridade e n\u00e3o se apropriam dos danos que fizeram \u00e0 minha casa\".<\/em> - Benjamin via <a href=\"https:\/\/www.yelp.com\/biz\/crown-relocations-mililani?hrid=R9s-xC375R-HSBYSZZI_ag&#038;utm_campaign=www_review_share_popup&#038;utm_medium=copy_link&#038;utm_source=(direct)\" target=\"_blank\" rel=\"noopener\">Yelp<\/a><\/li>\n<li> <em>\"Tivemos uma enorme quantidade de danos puramente por causa de embalagens descuidadas. Levou v\u00e1rias semanas para eles responderem aos nossos muitos e-mails e eles admitiram ter sido causados por embalagens descuidadas\".<\/em> - Elizabeth via <a href=\"https:\/\/www.facebook.com\/pg\/CrownRelocations\/reviews\/\" target=\"_blank\" rel=\"noopener\">P\u00e1gina no Facebook<\/a><\/li>\n<li> \"Horr\u00edvel\". Caro e descuidado. O pessoal n\u00e3o responde prontamente \u00e0s consultas\" - LillithQ via <a href=\"http:\/\/www.productreview.com.au\/p\/crown-relocations-australia.html?rating=1#reviews\" target=\"_blank\" rel=\"noopener\">ProductReview.com.au<\/a><\/li>\n<\/ul>\n<div itemprop=\"review\" itemscope itemtype=\"http:\/\/schema.org\/Review\">\n<span itemprop=\"author\" itemscope=\"\" itemtype=\"http:\/\/schema.org\/Organization\"><span itemprop=\"name\">MoverDB.com<\/span><\/span> Revis\u00e3o do site on-line para <span itemprop=\"itemreviewed\" itemscope=\"\" itemtype=\"http:\/\/schema.org\/Brand\"><span itemprop=\"name\">Relocaliza\u00e7\u00f5es da Coroa<\/span><\/span>:<\/p>\n<ol>\n<li> Detalhes claros de contato no website (incluindo n\u00famero de telefone): <strong>Sim<\/strong><\/li>\n<li> F\u00e1cil de obter <a href=\"https:\/\/moverdb.com\/pt\/citacoes\/\">cita\u00e7\u00f5es de mudan\u00e7as internacionais<\/a>? (Formul\u00e1rio de solicita\u00e7\u00e3o de or\u00e7amento on-line): <strong>Sim<\/strong><\/li>\n<li> Informa\u00e7\u00f5es claras no site: <strong>Sim.<\/strong> O site descreve claramente todos os servi\u00e7os oferecidos e inclui guias de destino.<\/li>\n<li> Participa\u00e7\u00e3o em organiza\u00e7\u00f5es internacionais de mudan\u00e7as reconhecidas internacionalmente: <strong>Sim<\/strong>(ver acima)<\/li>\n<li> Lista de clientes e\/ou depoimentos de clientes anteriores. <strong>Sim,<\/strong> Eles t\u00eam uma p\u00e1gina de testemunhos e resenhas de toda a web geralmente parecem ser positivas.<\/li>\n<\/ol>\n<div itemprop=\"reviewRating\" itemscope itemtype=\"http:\/\/schema.org\/Rating\"><meta itemprop=\"worstRating\" content = \"0\" \/><meta itemprop=\"bestRating\" content=\"5\" \/><meta itemprop=\"ratingValue\" content=\"5\"><\/div>\n<p><strong>Nota geral: 5\/5<\/strong><br \/>\n<strong>Data de revis\u00e3o:<\/strong> <span itemprop=\"datePublished\" content=\"2017-02-01\">01\/02\/2017<\/span>\n<\/div>\n<p>Leia mais sobre <a href=\"https:\/\/moverdb.com\/pt\/mudancas-empresas\/\">empresas de mudan\u00e7as internacionais<\/a> e nosso <a href=\"https:\/\/moverdb.com\/pt\/criticas\/\">processo de revis\u00e3o<\/a>.<\/p>\n<p><strong>Sites da Web:<\/strong> <a href=\"https:\/\/www.crownrelo.com\/\" target=\"_blank\" rel=\"noopener\">https:\/\/www.crownrelo.com\/<\/a>; EUA: <a href=\"https:\/\/www.crownworldwide.com\/en-us\" rel=\"noopener\" target=\"_blank\">https:\/\/www.crownworldwide.com\/en-us<\/a><\/p>","protected":false},"excerpt":{"rendered":"<p>Crown Relocations has its headquarters in Hong Kong. It offers its customers a range of relocation and moving services and these are listed below, together with a company profile and reviews. International Relocation Personalised service Door to door service Packing &#8211; do it yourself, selected items or full service Storage &#8211; short and long term [&hellip;]<\/p>\n","protected":false},"author":1,"featured_media":0,"parent":0,"menu_order":0,"comment_status":"closed","ping_status":"closed","template":"","meta":{"_genesis_hide_title":false,"_genesis_hide_breadcrumbs":false,"_genesis_hide_singular_image":false,"_genesis_hide_footer_widgets":false,"_genesis_custom_body_class":"","_genesis_custom_post_class":"","_genesis_layout":"","footnotes":""},"class_list":{"0":"post-1640","1":"page","2":"type-page","3":"status-publish","5":"entry"},"_links":{"self":[{"href":"https:\/\/moverdb.com\/pt\/wp-json\/wp\/v2\/pages\/1640","targetHints":{"allow":["GET"]}}],"collection":[{"href":"https:\/\/moverdb.com\/pt\/wp-json\/wp\/v2\/pages"}],"about":[{"href":"https:\/\/moverdb.com\/pt\/wp-json\/wp\/v2\/types\/page"}],"author":[{"embeddable":true,"href":"https:\/\/moverdb.com\/pt\/wp-json\/wp\/v2\/users\/1"}],"replies":[{"embeddable":true,"href":"https:\/\/moverdb.com\/pt\/wp-json\/wp\/v2\/comments?post=1640"}],"version-history":[{"count":6,"href":"https:\/\/moverdb.com\/pt\/wp-json\/wp\/v2\/pages\/1640\/revisions"}],"predecessor-version":[{"id":6199,"href":"https:\/\/moverdb.com\/pt\/wp-json\/wp\/v2\/pages\/1640\/revisions\/6199"}],"wp:attachment":[{"href":"https:\/\/moverdb.com\/pt\/wp-json\/wp\/v2\/media?parent=1640"}],"curies":[{"name":"wp","href":"https:\/\/api.w.org\/{rel}","templated":true}]}}