{"id":1628,"date":"2017-04-24T11:01:52","date_gmt":"2017-04-24T11:01:52","guid":{"rendered":"http:\/\/moverdb.com\/?page_id=1628"},"modified":"2026-01-08T14:48:18","modified_gmt":"2026-01-08T14:48:18","slug":"evergreen-marine","status":"publish","type":"page","link":"https:\/\/moverdb.com\/pt\/evergreen-marine\/","title":{"rendered":"Evergreen Marine (Linha) - Servi\u00e7os e Revis\u00f5es Internacionais de Transporte Mar\u00edtimo"},"content":{"rendered":"<p>Evergreen Marine, tamb\u00e9m conhecida como Linha Evergreen, \u00e9 um transporte de cont\u00eaineres taiwan\u00eas e <a href=\"https:\/\/moverdb.com\/pt\/shipping-companies\/\" data-internallinksmanager029f6b8e52c=\"4\" title=\"As 10 maiores empresas de transporte mar\u00edtimo internacional de cont\u00eaineres\">empresa de navega\u00e7\u00e3o<\/a>. Ela oferece a seus clientes uma ampla gama de servi\u00e7os. Estes est\u00e3o listados abaixo juntamente com o perfil da empresa e an\u00e1lises.<\/p>\n<h3>Transporte mar\u00edtimo internacional<\/h3>\n<p><strong>Servi\u00e7o tudo-em-um<\/strong><\/p>\n<ul>\n<li> Vis\u00e3o geral do embarque<\/li>\n<li> Reservas<\/li>\n<li> Instru\u00e7\u00e3o B\/L<\/li>\n<li> Corre\u00e7\u00e3o de B\/L<\/li>\n<li> <a href=\"https:\/\/moverdb.com\/pt\/moving-to-the-united-states\/\" data-internallinksmanager029f6b8e52c=\"94\" title=\"Mudando-se para os Estados Unidos? 2026 Custos de Vida e Dicas de Reloca\u00e7\u00e3o\">US<\/a> dep\u00f3sito de seguran\u00e7a do importador (ISF)<\/li>\n<\/ul>\n<p><strong>Servi\u00e7os Intermodais<\/strong><\/p>\n<ul>\n<li> Entrega porta a porta<\/li>\n<li> Mar, rio, estrada e trem<\/li>\n<\/ul>\n<p><strong>Cont\u00eaineres de carga seca<\/strong><\/p>\n<ul>\n<li> Pessoa especialmente designada para a venda<\/li>\n<li> 20\u2032 cont\u00eainer de a\u00e7o para carga seca<\/li>\n<li> 40\u2032 cont\u00eainer de a\u00e7o para carga seca<\/li>\n<li> 40\u2032 Cont\u00eainer de carga seca Hi-Cube<\/li>\n<li> 45\u2032 Container de carga seca Hi-Cube<\/li>\n<\/ul>\n<p><strong>Cont\u00eainer refrigerado<\/strong><\/p>\n<ul>\n<li> 20\u2032 MGSS recipiente refrigerado<\/li>\n<li> 20\u2032 recipiente refrigerado de alum\u00ednio<\/li>\n<li> 40\u2032 Container refrigerado Hi-Cube<\/li>\n<li> 40\u2032 Container refrigerado de alum\u00ednio Hi-Cube<\/li>\n<\/ul>\n<p><strong>Container especial<\/strong><\/p>\n<ul>\n<li> 20\u2032 contentor com a parte superior aberta a toda altura<\/li>\n<li> 20\u2032 recipiente de prateleira plana com quatro postes independentes<\/li>\n<li> 20\u2032 recipiente de prateleira plana com extremidade dobr\u00e1vel<\/li>\n<li> 40\u2032 contentor de prateleira plana com quatro postes independentes<\/li>\n<li> 40\u2032 recipiente de prateleira plana com extremidade dobr\u00e1vel<\/li>\n<li> 40\u2032 contentor com altura total aberto na parte superior<\/li>\n<li> 40\u2032 Contentor hangar Hi-cube<\/li>\n<\/ul>\n<h2>Perfil da Evergreen Marine Company<\/h2>\n<p>A primeira empresa do Grupo Evergreen, a Evergreen Marine Corporation, foi estabelecida em Taiwan em 1<sup>st<\/sup> Setembro de 1968 pelo Dr. Yung-Fa Chang com um navio de carga de segunda m\u00e3o. Evergreen come\u00e7ou <a href=\"https:\/\/moverdb.com\/pt\/container-shipping\/\" data-internallinksmanager029f6b8e52c=\"3\" title=\"Gr\u00e1fico de taxas de transporte internacional de cont\u00eaineres: Abril de 2026\">transporte de cont\u00eaineres<\/a> em 1975 e em 1985 a empresa havia se tornado a maior do mundo em transporte de cont\u00eaineres.<\/p>\n<p>Opera agora sob a marca 'Evergreen Line', juntamente com a Evergreen Marine Corp. (Taiwan) Ltd., Evergreen Marine (<a href=\"https:\/\/moverdb.com\/pt\/moving-to-the-uk\/\" data-internallinksmanager029f6b8e52c=\"93\" title=\"Mudando-se para o Reino Unido? 2026 Custos de Vida e Dicas de Reloca\u00e7\u00e3o\">REINO UNIDO<\/a>) Ltd., Evergreen Marine (<a href=\"https:\/\/moverdb.com\/pt\/moving-to-hong-kong\/\" data-internallinksmanager029f6b8e52c=\"350\" title=\"Est\u00e1 se mudando para Hong Kong? 2026 Custo de vida e dicas de realoca\u00e7\u00e3o\">Hong Kong<\/a>) Ltd., Italia Marittima S.p.A. e Evergreen Marine (<a href=\"https:\/\/moverdb.com\/pt\/moving-to-singapore\/\" data-internallinksmanager029f6b8e52c=\"68\" title=\"Mudando-se para Cingapura? 2026 Custos de Vida e Dicas de Reloca\u00e7\u00e3o\">Cingapura<\/a>) Pte Ltd.<\/p>\n<p>A Evergreen faz jus ao seu nome, sendo os maiores navios da s\u00e9rie S 7024 TEU que s\u00e3o projetados especificamente para causar o menor impacto poss\u00edvel ao meio ambiente.<\/p>\n<p>A Evergreen Marine tem as seguintes credencia\u00e7\u00f5es e afilia\u00e7\u00f5es:<\/p>\n<ul>\n<li> ISO 9001 2000<\/li>\n<li> ISO 9002<\/li>\n<li> Gest\u00e3o de Seguran\u00e7a Internacional (ISM)<\/li>\n<li> SOLAS<\/li>\n<li> OPA90<\/li>\n<li> IMDG<\/li>\n<li> <a href=\"https:\/\/moverdb.com\/pt\/world-shipping-council\/\">Conselho Mundial de Transporte Mar\u00edtimo<\/a> (<a href=\"https:\/\/moverdb.com\/pt\/world-shipping-council\/\" data-internallinksmanager029f6b8e52c=\"82\" title=\"Conselho Mundial de Transporte Mar\u00edtimo (WSC) Explicado\">WSC<\/a>)<\/li>\n<li> Medi\u00e7\u00e3o de gases de efeito estufa do Pac\u00edfico (PGGM)<\/li>\n<\/ul>\n<h2>Evergreen Marine Reviews<\/h2>\n<p>No momento da publica\u00e7\u00e3o n\u00e3o encontramos nenhuma revis\u00e3o positiva ou negativa para as linhas Evergreen Marine ou Evergreen online.<\/p>\n<div itemprop=\"review\" itemscope itemtype=\"http:\/\/schema.org\/Review\">\n<strong><span itemprop=\"author\" itemscope=\"\" itemtype=\"http:\/\/schema.org\/Organization\"><span itemprop=\"name\">MoverDB.com<\/span><\/span> Revis\u00e3o do site on-line para <span itemprop=\"itemreviewed\" itemscope=\"\" itemtype=\"http:\/\/schema.org\/Brand\"><span itemprop=\"name\">Evergreen Marine<\/span><\/span>:<\/strong><\/p>\n<ol>\n<li> Detalhes claros de contato no website (incluindo n\u00famero de telefone): <strong>Sim<\/strong><\/li>\n<li> F\u00e1cil de obter cota\u00e7\u00f5es de remessas internacionais? (Formul\u00e1rio de solicita\u00e7\u00e3o de or\u00e7amento on-line): <strong>Sim<\/strong>, pode ser solicitado atrav\u00e9s do formul\u00e1rio de contato.<\/li>\n<li> Informa\u00e7\u00f5es claras no site: <strong>Sim,<\/strong> o site tem informa\u00e7\u00f5es detalhadas sobre todos os seus servi\u00e7os.<\/li>\n<li> Participa\u00e7\u00e3o em organiza\u00e7\u00f5es de navega\u00e7\u00e3o reconhecidas internacionalmente: <strong>Sim<\/strong><\/li>\n<li> Lista de clientes e\/ou depoimentos de clientes anteriores. <strong>N\u00e3o,<\/strong> n\u00e3o h\u00e1 nenhuma listada em seu website.<\/li>\n<\/ol>\n<div itemprop=\"reviewRating\" itemscope itemtype=\"http:\/\/schema.org\/Rating\"><meta itemprop=\"worstRating\" content = \"0\" \/><meta itemprop=\"bestRating\" content=\"5\" \/><meta itemprop=\"ratingValue\" content=\"4\"><\/div>\n<p><strong>Nota geral: 4\/5<\/strong><br \/>\n<strong>Data de revis\u00e3o:<\/strong> <span itemprop=\"datePublished\" content=\"2017-04-24\">24\/04\/2017<\/span>\n<\/div>\n<p>Mais sobre outros <a href=\"https:\/\/moverdb.com\/pt\/empresas-de-transporte-maritimo\/\">empresas de transporte de cont\u00eaineres<\/a>, <a href=\"https:\/\/moverdb.com\/pt\/transporte-de-conteineres\/\">custos de transporte internacional de cont\u00eaineres<\/a> e nosso <a href=\"https:\/\/moverdb.com\/pt\/criticas\/\">processo de revis\u00e3o<\/a>.<\/p>\n<p><strong>Sites da Web:<\/strong> <\/p>\n<ul>\n<li> <a href=\"http:\/\/www.evergreen-line.com\/\" target=\"_blank\" rel=\"noopener\">http:\/\/www.evergreen-line.com\/<\/a><\/li>\n<li> <a href=\"http:\/\/www.evergreen-marine.co.uk\/\" target=\"_blank\" rel=\"noopener\">http:\/\/www.evergreen-marine.co.uk\/<\/a><\/li>\n<li> <a href=\"http:\/\/www.evergreen-marine.com\/\" target=\"_blank\" rel=\"noopener\">http:\/\/www.evergreen-marine.com\/<\/a><\/li>\n<li> <a href=\"http:\/\/www.evergreen-marine.com.hk\/\" target=\"_blank\" rel=\"noopener\">http:\/\/www.evergreen-marine.com.hk\/<\/a><\/li>\n<li> <a href=\"http:\/\/www.evergreen-marine.com.sg\/\" target=\"_blank\" rel=\"noopener\">http:\/\/www.evergreen-marine.com.sg\/<\/a><\/li>\n<li> <a href=\"http:\/\/www.italiamarittima.it\/\" target=\"_blank\" rel=\"noopener\">http:\/\/www.italiamarittima.it\/<\/a><\/li>\n<\/ul>","protected":false},"excerpt":{"rendered":"<p>Evergreen Marine, also known as Evergreen Line, is a Taiwanese container transportation and shipping company. It offers its clients a wide array of services. These are listed below together with a company profile and reviews. International Shipping All-in-one Service Shipment overview Booking B\/L instruction B\/L proofreading US importer security filing (ISF) Intermodal Services Door to [&hellip;]<\/p>\n","protected":false},"author":1,"featured_media":0,"parent":0,"menu_order":0,"comment_status":"closed","ping_status":"closed","template":"","meta":{"_genesis_hide_title":false,"_genesis_hide_breadcrumbs":false,"_genesis_hide_singular_image":false,"_genesis_hide_footer_widgets":false,"_genesis_custom_body_class":"","_genesis_custom_post_class":"","_genesis_layout":"","footnotes":""},"class_list":{"0":"post-1628","1":"page","2":"type-page","3":"status-publish","5":"entry"},"_links":{"self":[{"href":"https:\/\/moverdb.com\/pt\/wp-json\/wp\/v2\/pages\/1628","targetHints":{"allow":["GET"]}}],"collection":[{"href":"https:\/\/moverdb.com\/pt\/wp-json\/wp\/v2\/pages"}],"about":[{"href":"https:\/\/moverdb.com\/pt\/wp-json\/wp\/v2\/types\/page"}],"author":[{"embeddable":true,"href":"https:\/\/moverdb.com\/pt\/wp-json\/wp\/v2\/users\/1"}],"replies":[{"embeddable":true,"href":"https:\/\/moverdb.com\/pt\/wp-json\/wp\/v2\/comments?post=1628"}],"version-history":[{"count":3,"href":"https:\/\/moverdb.com\/pt\/wp-json\/wp\/v2\/pages\/1628\/revisions"}],"predecessor-version":[{"id":6206,"href":"https:\/\/moverdb.com\/pt\/wp-json\/wp\/v2\/pages\/1628\/revisions\/6206"}],"wp:attachment":[{"href":"https:\/\/moverdb.com\/pt\/wp-json\/wp\/v2\/media?parent=1628"}],"curies":[{"name":"wp","href":"https:\/\/api.w.org\/{rel}","templated":true}]}}