{"id":1614,"date":"2017-04-27T14:28:26","date_gmt":"2017-04-27T14:28:26","guid":{"rendered":"http:\/\/moverdb.com\/?page_id=1614"},"modified":"2026-01-08T13:18:27","modified_gmt":"2026-01-08T13:18:27","slug":"hamburg-sud","status":"publish","type":"page","link":"https:\/\/moverdb.com\/pt\/hamburg-sud\/","title":{"rendered":"Hamburg S\u00fcd Group - Servi\u00e7os e revis\u00f5es de remessas internacionais"},"content":{"rendered":"<p>Hamburg S\u00fcd \u00e9 um alem\u00e3o <a href=\"https:\/\/moverdb.com\/pt\/shipping-companies\/\" data-internallinksmanager029f6b8e52c=\"4\" title=\"As 10 maiores empresas de transporte mar\u00edtimo internacional de cont\u00eaineres\">empresa de navega\u00e7\u00e3o<\/a> que oferece a seus clientes uma gama de servi\u00e7os. Estes est\u00e3o listados abaixo juntamente com o perfil da empresa e an\u00e1lises. (<em><strong>Nota:<\/strong> <a href=\"https:\/\/moverdb.com\/pt\/maersk\/\" target=\"_blank\" rel=\"noopener\">Linha Maersk<\/a> est\u00e1 no processo de compra da empresa<\/em>).<\/p>\n<h3>Transporte internacional de cont\u00eaineres<\/h3>\n<ul>\n<li> Planejamento por especialistas<\/li>\n<li> Porta a porta<\/li>\n<li> Servi\u00e7os intermodais dispon\u00edveis<\/li>\n<\/ul>\n<p><strong>Carga seca<\/strong><\/p>\n<p><strong>Carga perigosa<\/strong><\/p>\n<ul>\n<li> Cada solicita\u00e7\u00e3o \u00e9 examinada por especialistas<\/li>\n<li> Deve estar de acordo com os regulamentos legais<\/li>\n<li> Consultor Certificado de Seguran\u00e7a de Mercadorias Perigosas (DGSA) aconselha sobre todos os embarques<\/li>\n<li> Navios modernos para o transporte de cargas perigosas<\/li>\n<li> Aten\u00e7\u00e3o estrita ao cumprimento da estiva<\/li>\n<\/ul>\n<p><strong>Carga refrigerada<\/strong><\/p>\n<ul>\n<li> Frutas, legumes, flores, plantas<\/li>\n<li> Carne, peixe e frutos do mar<\/li>\n<li> Farmac\u00eauticos, material fotogr\u00e1fico e produtos qu\u00edmicos<\/li>\n<li> Latic\u00ednios e sucos<\/li>\n<li> <a href=\"https:\/\/moverdb.com\/pt\/transporte-de-conteineres\/\">20\u2032 e 40\u2032 containers<\/a><\/li>\n<li> Cadeia de abastecimento a frio ininterrupta<\/li>\n<li> Gest\u00e3o da atmosfera para frutas e vegetais colhidos<\/li>\n<li> Modo multitemperatura<\/li>\n<li> Modo bulbo<\/li>\n<\/ul>\n<p><strong>Carga especial<\/strong><\/p>\n<ul>\n<li> Quebrar a granel<\/li>\n<li> Fora de moda<\/li>\n<li> Alta densidade<\/li>\n<\/ul>\n<p><strong>Outros servi\u00e7os de embarque<\/strong><\/p>\n<ul>\n<li> Manuseio de toda a documenta\u00e7\u00e3o relevante de importa\u00e7\u00e3o e exporta\u00e7\u00e3o<\/li>\n<li> Armazenamento tempor\u00e1rio<\/li>\n<li> Divis\u00e3o de remessas maiores em remessas \u00fanicas<\/li>\n<li> Rotulagem<\/li>\n<li> Desembara\u00e7o aduaneiro para importa\u00e7\u00e3o e exporta\u00e7\u00e3o<\/li>\n<\/ul>\n<p><strong>Navios<\/strong><\/p>\n<ul>\n<li> Frota moderna<\/li>\n<li> <a href=\"https:\/\/moverdb.com\/pt\/empresas-de-transporte-maritimo\/\">Navios porta-cont\u00eaineres<\/a><\/li>\n<li> Graneleiros<\/li>\n<li> Navios-tanque de produtos<\/li>\n<\/ul>\n<p><strong>Venda de cont\u00eaineres usados<\/strong><\/p>\n<ul>\n<li> Grande variedade de diferentes tipos de recipientes<\/li>\n<li> Acesso a recipientes usados em todo o mundo<\/li>\n<li> Recipientes de alta qualidade<\/li>\n<li> Pessoal experiente<\/li>\n<li> Suporte no idioma local<\/li>\n<\/ul>\n<p><strong>eCommerce<\/strong><\/p>\n<ul>\n<li> Cronogramas precisos at\u00e9 o minuto<\/li>\n<li> Track &amp; Trace (rastreamento de cont\u00eaineres)<\/li>\n<li> Vis\u00e3o geral das reservas<\/li>\n<li> Recrea\u00e7\u00e3o de reservas<\/li>\n<li> Vis\u00e3o geral das instru\u00e7\u00f5es de embarque<\/li>\n<li> Envio de novas instru\u00e7\u00f5es de embarque<\/li>\n<li> Verifica\u00e7\u00e3o de rascunhos de B\/L<\/li>\n<li> Cria\u00e7\u00e3o de relat\u00f3rios padronizados para uma remessa<\/li>\n<li> Rastrear e rastrear cargas<\/li>\n<\/ul>\n<h2>Perfil da Empresa Hamburg S\u00fcd<\/h2>\n<p>A Hamburg S\u00fcd foi fundada em 1871 por representantes de onze casas comerciais de Hamburgo e era conhecida como Hamburg S\u00fcdamerikanische Dampfschifffahrts-Gesellschaft. Em 1914 a empresa tem 50 navios a vapor, todos destru\u00eddos durante a Primeira Guerra Mundial. <\/p>\n<p>A empresa come\u00e7ou a se reconstruir em 1920 e inicia uma empresa de cruzeiro. Em 1939, a Hamburg S\u00fcd tem a maior frota do mundo, um total de 52 navios.<\/p>\n<p>A Segunda Guerra Mundial novamente viu a perda total da frota da empresa. A Hamburg S\u00fcd retomou lentamente o neg\u00f3cio de cruzeiros e diversificou para a arena dos vagabundos. Eles iniciaram a navega\u00e7\u00e3o de navios-tanque e refrigerados e em 1971 tinham entrado <a href=\"https:\/\/moverdb.com\/pt\/container-shipping\/\" data-internallinksmanager029f6b8e52c=\"3\" title=\"Gr\u00e1fico de taxas de transporte internacional de cont\u00eaineres: Abril de 2026\">transporte de cont\u00eaineres<\/a>.<\/p>\n<p>A empresa est\u00e1 agora classificada entre as dez maiores empresas de transporte de cont\u00eaineres do mundo. Ela tem 127 <a href=\"https:\/\/moverdb.com\/pt\/top-10-largest-container-ships-in-2022\/\" data-internallinksmanager029f6b8e52c=\"84\" title=\"Os 10 maiores navios de cont\u00eaineres em 2026\">navios porta-cont\u00eaineres<\/a> com uma capacidade de espa\u00e7o de mais de 600.000 TEU e 50 servi\u00e7os de transporte mar\u00edtimo. A Hamburg S\u00fcd emprega mais de 6.000 pessoas em 250 escrit\u00f3rios em todo o mundo.<\/p>\n<p>A Hamburg S\u00fcd possui as seguintes credencia\u00e7\u00f5es e afilia\u00e7\u00f5es:<\/p>\n<ul>\n<li> <a href=\"https:\/\/moverdb.com\/pt\/world-shipping-council\/\">Conselho Mundial de Transporte Mar\u00edtimo<\/a> (<a href=\"https:\/\/moverdb.com\/pt\/world-shipping-council\/\" data-internallinksmanager029f6b8e52c=\"82\" title=\"Conselho Mundial de Transporte Mar\u00edtimo (WSC) Explicado\">WSC<\/a>)<\/li>\n<li> Grupo de Trabalho de Carga Limpa (CCWG)<\/li>\n<li> <a href=\"https:\/\/moverdb.com\/pt\/moving-to-the-united-states\/\" data-internallinksmanager029f6b8e52c=\"94\" title=\"Mudando-se para os Estados Unidos? 2026 Custos de Vida e Dicas de Reloca\u00e7\u00e3o\">US<\/a> Ag\u00eancia de Prote\u00e7\u00e3o Ambiental (EPA)<\/li>\n<li> Verband Deutsche Reeder (VDR)<\/li>\n<li> Certificado Internacional de Seguran\u00e7a Mar\u00edtima (ISSC)<\/li>\n<li> Conselho Consultivo de Normas EIPP<\/li>\n<\/ul>\n<p><strong>Revis\u00f5es do Grupo Hamburg S\u00fcd<\/strong><\/p>\n<p><em>No momento em que escrevemos, n\u00e3o encontramos nenhuma revis\u00e3o positiva ou negativa para os servi\u00e7os de remessa da Hamburg S\u00fcd online.<\/em><\/p>\n<p><strong><\/p>\n<div itemprop=\"review\" itemscope itemtype=\"http:\/\/schema.org\/Review\">\n<span itemprop=\"author\" itemscope=\"\" itemtype=\"http:\/\/schema.org\/Organization\"><span itemprop=\"name\">MoverDB.com<\/span><\/span> Revis\u00e3o do site on-line para <span itemprop=\"itemreviewed\" itemscope=\"\" itemtype=\"http:\/\/schema.org\/Brand\"><span itemprop=\"name\">Hamburgo S\u00fcd<\/span><\/span>:<\/strong><\/p>\n<ol>\n<li> Detalhes claros de contato no website (incluindo n\u00famero de telefone): <strong>Sim<\/strong><\/li>\n<li> F\u00e1cil de obter cota\u00e7\u00f5es de remessas internacionais? (Formul\u00e1rio de solicita\u00e7\u00e3o de or\u00e7amento on-line): <strong>Tipo de<\/strong>, precisam se registrar para fazer uma nova reserva.<\/li>\n<li> Informa\u00e7\u00f5es claras no site: <strong>Sim,<\/strong> O website apresenta claramente todos os servi\u00e7os que a empresa oferece.<\/li>\n<li> Participa\u00e7\u00e3o em organiza\u00e7\u00f5es de navega\u00e7\u00e3o reconhecidas internacionalmente: <strong>Sim<\/strong>ver acima.<\/li>\n<li> Lista de clientes e\/ou depoimentos de clientes anteriores. <strong>N\u00e3o,<\/strong> mas eles listam os muitos pr\u00eamios que ganharam.<\/li>\n<\/ol>\n<div itemprop=\"reviewRating\" itemscope itemtype=\"http:\/\/schema.org\/Rating\"><meta itemprop=\"worstRating\" content = \"0\" \/><meta itemprop=\"bestRating\" content=\"5\" \/><meta itemprop=\"ratingValue\" content=\"4\"><\/div>\n<p><strong>Nota geral: 4\/5<\/strong><br \/>\n<strong>Data de revis\u00e3o:<\/strong> <span itemprop=\"datePublished\" content=\"2017-04-27\">27\/04\/2017<\/span>\n<\/div>\n<p>Mais sobre outros <a href=\"https:\/\/moverdb.com\/pt\/empresas-de-transporte-maritimo\/\">empresas de transporte mar\u00edtimo internacional<\/a>, <a href=\"https:\/\/moverdb.com\/pt\/transporte-de-conteineres\/\">tarifas de transporte de cont\u00eaineres<\/a> e nosso <a href=\"https:\/\/moverdb.com\/pt\/criticas\/\">processo de revis\u00e3o<\/a>.<\/p>\n<p><strong>Website:<\/strong> <a href=\"http:\/\/www.hamburgsud.com\" target=\"_blank\" rel=\"noopener\">http:\/\/www.hamburgsud.com<\/a><\/p>","protected":false},"excerpt":{"rendered":"<p>Hamburg S\u00fcd is a German shipping company which offers its customers a range of services. These are listed below together with a company profile and reviews. (Note: Maersk Line is in the process of buying the company). International Container Shipping Planning by experts Door to door Intermodal services available Dry Cargo Hazardous Cargo Each request [&hellip;]<\/p>\n","protected":false},"author":1,"featured_media":0,"parent":0,"menu_order":0,"comment_status":"closed","ping_status":"closed","template":"","meta":{"_genesis_hide_title":false,"_genesis_hide_breadcrumbs":false,"_genesis_hide_singular_image":false,"_genesis_hide_footer_widgets":false,"_genesis_custom_body_class":"","_genesis_custom_post_class":"","_genesis_layout":"","footnotes":""},"class_list":{"0":"post-1614","1":"page","2":"type-page","3":"status-publish","5":"entry"},"_links":{"self":[{"href":"https:\/\/moverdb.com\/pt\/wp-json\/wp\/v2\/pages\/1614","targetHints":{"allow":["GET"]}}],"collection":[{"href":"https:\/\/moverdb.com\/pt\/wp-json\/wp\/v2\/pages"}],"about":[{"href":"https:\/\/moverdb.com\/pt\/wp-json\/wp\/v2\/types\/page"}],"author":[{"embeddable":true,"href":"https:\/\/moverdb.com\/pt\/wp-json\/wp\/v2\/users\/1"}],"replies":[{"embeddable":true,"href":"https:\/\/moverdb.com\/pt\/wp-json\/wp\/v2\/comments?post=1614"}],"version-history":[{"count":4,"href":"https:\/\/moverdb.com\/pt\/wp-json\/wp\/v2\/pages\/1614\/revisions"}],"predecessor-version":[{"id":6217,"href":"https:\/\/moverdb.com\/pt\/wp-json\/wp\/v2\/pages\/1614\/revisions\/6217"}],"wp:attachment":[{"href":"https:\/\/moverdb.com\/pt\/wp-json\/wp\/v2\/media?parent=1614"}],"curies":[{"name":"wp","href":"https:\/\/api.w.org\/{rel}","templated":true}]}}