{"id":1592,"date":"2017-04-21T13:39:38","date_gmt":"2017-04-21T13:39:38","guid":{"rendered":"http:\/\/moverdb.com\/?page_id=1592"},"modified":"2026-01-08T14:40:07","modified_gmt":"2026-01-08T14:40:07","slug":"maersk","status":"publish","type":"page","link":"https:\/\/moverdb.com\/pt\/maersk\/","title":{"rendered":"Maersk Line - Servi\u00e7os e revis\u00f5es de remessas internacionais"},"content":{"rendered":"<p>Maersk Line, \u00e9 parte do A.P. Moller-Maersk Group, um grupo mundial <a href=\"https:\/\/moverdb.com\/pt\/shipping-companies\/\" data-internallinksmanager029f6b8e52c=\"4\" title=\"As 10 maiores empresas de transporte mar\u00edtimo internacional de cont\u00eaineres\">empresa de navega\u00e7\u00e3o<\/a> sediada em Copenhague, <a href=\"https:\/\/moverdb.com\/pt\/moving-to-denmark\/\" data-internallinksmanager029f6b8e52c=\"335\" title=\"Est\u00e1 se mudando para a Dinamarca? 2026 Custo de vida e dicas de realoca\u00e7\u00e3o\">Dinamarca<\/a>. Ela oferece a seus clientes uma ampla gama de servi\u00e7os que est\u00e3o listados abaixo, juntamente com um perfil de empresa e revis\u00f5es.<\/p>\n<p><strong>Servi\u00e7os de Frete e Embarque Internacional<\/strong><\/p>\n<ul>\n<li> Carga seca<\/li>\n<li> Porta a porta<\/li>\n<li> 20\u2032 containers com carga \u00fatil de at\u00e9 28,2 toneladas m\u00e9tricas<\/li>\n<li> 40\u2032 8\u2032 6\u2033 recipientes com carga \u00fatil de at\u00e9 28,8 toneladas m\u00e9tricas<\/li>\n<li> 45\u2032 9\u2032 6\u2033 alto com uma capacidade total de 85 metros c\u00fabicos<\/li>\n<li> Vigas de cabide que permitem o transporte de pe\u00e7as de vestu\u00e1rio em cabides sem embalagem adicional<\/li>\n<li> Barras de amarra\u00e7\u00e3o e an\u00e9is de amarra\u00e7\u00e3o para dar seguran\u00e7a adicional a sua carga<\/li>\n<li> Armazenagem dispon\u00edvel<\/li>\n<li> Desembara\u00e7o aduaneiro<\/li>\n<\/ul>\n<p><strong>Carga refrigerada<\/strong><\/p>\n<ul>\n<li> Cont\u00eaineres mar\u00edtimos refrigerados<\/li>\n<li> Porta a porta<\/li>\n<li> Manuseio meticuloso da carga para garantir o frescor dos produtos<\/li>\n<li> O projeto exclusivo do cont\u00eainer garante a maximiza\u00e7\u00e3o da carga \u00fatil<\/li>\n<li> Redu\u00e7\u00e3o das emiss\u00f5es de CO2<\/li>\n<li> Temperatura \u00f3tima do produto<\/li>\n<li> Redu\u00e7\u00e3o do consumo de energia<\/li>\n<li> 3 tipos de cont\u00eaineres refrigerados, variando de 27 a 67 CBM de espa\u00e7o de carga<\/li>\n<li> Desembara\u00e7o aduaneiro<\/li>\n<\/ul>\n<p><strong>Carga especial<\/strong><\/p>\n<ul>\n<li> Entrega pontual de cargas fora do gabarito, dentro do gabarito e a granel quebrado<\/li>\n<li> Entrega pontual de sua carga especial ao redor do mundo<\/li>\n<li> Especialistas em carga em todos os fusos hor\u00e1rios para sua resposta imediata e apoio<\/li>\n<li> Frota de \u00faltima gera\u00e7\u00e3o de estantes planas e tampas abertas, dispon\u00edveis onde e quando voc\u00ea precisar delas<\/li>\n<li> Porta a porta<\/li>\n<li> Armazenagem dispon\u00edvel<\/li>\n<li> Desembara\u00e7o aduaneiro<\/li>\n<\/ul>\n<p><strong>Servi\u00e7os de transporte terrestre<\/strong><\/p>\n<ul>\n<li> Solu\u00e7\u00e3o completa de servi\u00e7o de transporte<\/li>\n<li> Porta a porta<\/li>\n<li> Coleta e entrega em tempo h\u00e1bil<\/li>\n<li> Grande rede de prestadores de servi\u00e7os de transporte de qualidade<\/li>\n<li> One-stop-shopping combinando suas necessidades de transporte terrestre e mar\u00edtimo<\/li>\n<li> Monitoramento constante e garantia de qualidade<\/li>\n<li> Seguro organizado<\/li>\n<\/ul>\n<p><strong>Cont\u00eaineres usados para venda<\/strong><\/p>\n<ul>\n<li> Uso para armazenagem, escrit\u00f3rio, casa, at\u00e9 mesmo piscina.<\/li>\n<li> Acesso ao estoque para atender \u00e0s suas necessidades<\/li>\n<li> Uma rede expansiva de cont\u00eaineres usados<\/li>\n<li> Sistemas simples no local para atender ao seu hor\u00e1rio de retirada<\/li>\n<li> Qualidade garantida do cont\u00eainer<\/li>\n<\/ul>\n<h2>Linha Maersk<\/h2>\n<p>A Maersk Line foi fundada em 1928. A Maersk Line \u00e9 propriedade do Grupo A.P. Moller-Maersk e \u00e9 uma das empresas do mundo. <a href=\"https:\/\/moverdb.com\/pt\/empresas-de-transporte-maritimo\/\">maior empresa de transporte de cont\u00eaineres<\/a>A empresa \u00e9 conhecida por sua flexibilidade, confiabilidade e servi\u00e7os eco-eficientes. <\/p>\n<p>Sua sede est\u00e1 localizada em Copenhague, Dinamarca. A empresa tem mais de 630 embarca\u00e7\u00f5es com capacidade de 3,3 milh\u00f5es de TEU que atendem 59.000 clientes em todo o mundo.<\/p>\n<p>No ano passado, a Maersk enviou aproximadamente 12 milh\u00f5es de cont\u00eaineres ao redor do mundo, fazendo 46.000 escalas em 343 portos <a href=\"https:\/\/moverdb.com\/pt\/top-49-container-ports\/\" data-internallinksmanager029f6b8e52c=\"80\" title=\"Os 49 maiores e mais movimentados portos de cont\u00eaineres em 2025\">portos<\/a> em 121 pa\u00edses. A Maersk oferece m\u00faltiplas navega\u00e7\u00f5es di\u00e1rias em todas as principais rotas de navega\u00e7\u00e3o. Para que tudo funcione sem problemas, a empresa emprega 7.000 mar\u00edtimos e 25.000 funcion\u00e1rios em terra em 374 escrit\u00f3rios ao redor do mundo.<\/p>\n<p>A Maersk est\u00e1 comprometida em retribuir \u00e0 comunidade e ap\u00f3ia projetos em todo o mundo que se enquadram em tr\u00eas esquemas globais - al\u00edvio e prepara\u00e7\u00e3o para desastres, prote\u00e7\u00e3o do meio ambiente e incentivo ao empreendedorismo em comunidades carentes.<\/p>\n<p>A Maersk Line possui as seguintes credencia\u00e7\u00f5es e afilia\u00e7\u00f5es:<\/p>\n<ul>\n<li> Associa\u00e7\u00e3o Internacional da Avia\u00e7\u00e3o e Navega\u00e7\u00e3o (IASA)<\/li>\n<li> <a href=\"https:\/\/moverdb.com\/pt\/transporte-maritimo-internacional\/\">A C\u00e2mara Internacional de Transporte Mar\u00edtimo<\/a> (<a href=\"https:\/\/moverdb.com\/pt\/international-chamber-shipping\/\" data-internallinksmanager029f6b8e52c=\"78\" title=\"A C\u00e2mara Internacional de Transporte Mar\u00edtimo (ICS) Explicou\">ICS<\/a>)<\/li>\n<li> A Alian\u00e7a Global para a Facilita\u00e7\u00e3o do Com\u00e9rcio da OMC<\/li>\n<li> Seguran\u00e7a da Vida Humana no Mar (SOLAS)<\/li>\n<li> A Federa\u00e7\u00e3o das Associa\u00e7\u00f5es Nacionais de Corretores e Agentes de Navega\u00e7\u00e3o (FONASBA)<\/li>\n<\/ul>\n<h2>Maersk Line Company Reviews<\/h2>\n<p><em>No momento em que escrevemos, n\u00e3o conseguimos encontrar nenhuma revis\u00e3o on-line para os servi\u00e7os de remessa da Maersk Line.<\/em><\/p>\n<p><strong><\/p>\n<div itemprop=\"review\" itemscope itemtype=\"http:\/\/schema.org\/Review\">\n<span itemprop=\"author\" itemscope=\"\" itemtype=\"http:\/\/schema.org\/Organization\"><span itemprop=\"name\">MoverDB.com<\/span><\/span> Revis\u00e3o do site on-line para <span itemprop=\"itemreviewed\" itemscope=\"\" itemtype=\"http:\/\/schema.org\/Brand\"><span itemprop=\"name\">Linha Maersk<\/span><\/span>:<\/strong><\/p>\n<ol>\n<li> Detalhes claros de contato no website (incluindo n\u00famero de telefone): <strong>Sim<\/strong><\/li>\n<li> F\u00e1cil de obter <a href=\"https:\/\/moverdb.com\/pt\/container-shipping\/\" data-internallinksmanager029f6b8e52c=\"3\" title=\"Gr\u00e1fico de taxas de transporte internacional de cont\u00eaineres: Abril de 2026\">transporte internacional<\/a> cita\u00e7\u00f5es? (Formul\u00e1rio de solicita\u00e7\u00e3o de or\u00e7amento on-line): <strong>Sim<\/strong><\/li>\n<li> Informa\u00e7\u00f5es claras no site: <strong>Sim,<\/strong> O website apresenta claramente todos os servi\u00e7os que a empresa oferece<\/li>\n<li> Participa\u00e7\u00e3o em organiza\u00e7\u00f5es de navega\u00e7\u00e3o reconhecidas internacionalmente: <strong>Sim<\/strong>mas n\u00e3o muitos listados em seu website.<\/li>\n<li> Lista de clientes e\/ou depoimentos de clientes anteriores. <strong>N\u00e3o,<\/strong> n\u00e3o h\u00e1 nenhuma listada em seu website.<\/li>\n<\/ol>\n<div itemprop=\"reviewRating\" itemscope itemtype=\"http:\/\/schema.org\/Rating\"><meta itemprop=\"worstRating\" content = \"0\" \/><meta itemprop=\"bestRating\" content=\"5\" \/><meta itemprop=\"ratingValue\" content=\"4\"><\/div>\n<p><strong>Nota geral: 4\/5<\/strong><br \/>\n<strong>Data de revis\u00e3o:<\/strong> <span itemprop=\"datePublished\" content=\"2017-04-21\">21\/04\/2017<\/span>\n<\/div>\n<p>Mais sobre outros <a href=\"https:\/\/moverdb.com\/pt\/empresas-de-transporte-maritimo\/\">empresas de transporte mar\u00edtimo internacional<\/a>, <a href=\"https:\/\/moverdb.com\/pt\/transporte-de-conteineres\/\">tarifas de transporte de cont\u00eaineres<\/a> e nosso <a href=\"https:\/\/moverdb.com\/pt\/criticas\/\">processo de revis\u00e3o<\/a>.<\/p>\n<p><strong>Website:<\/strong> <a href=\"https:\/\/www2.maerskline.com\/\" target=\"_blank\" rel=\"noopener\">https:\/\/www2.maerskline.com\/<\/a><\/p>","protected":false},"excerpt":{"rendered":"<p>Maersk Line, is part of A.P. Moller\u2013Maersk Group, a worldwide shipping company based in Copenhagen, Denmark. It offers its customers a wide range of services which are listed below, together with a company profile and reviews. International Freight and Shipping Services Dry Cargo Door to door 20&#8242; containers with payload up to 28.2 metric tons [&hellip;]<\/p>\n","protected":false},"author":1,"featured_media":0,"parent":0,"menu_order":0,"comment_status":"closed","ping_status":"closed","template":"","meta":{"_genesis_hide_title":false,"_genesis_hide_breadcrumbs":false,"_genesis_hide_singular_image":false,"_genesis_hide_footer_widgets":false,"_genesis_custom_body_class":"","_genesis_custom_post_class":"","_genesis_layout":"","footnotes":""},"class_list":{"0":"post-1592","1":"page","2":"type-page","3":"status-publish","5":"entry"},"_links":{"self":[{"href":"https:\/\/moverdb.com\/pt\/wp-json\/wp\/v2\/pages\/1592","targetHints":{"allow":["GET"]}}],"collection":[{"href":"https:\/\/moverdb.com\/pt\/wp-json\/wp\/v2\/pages"}],"about":[{"href":"https:\/\/moverdb.com\/pt\/wp-json\/wp\/v2\/types\/page"}],"author":[{"embeddable":true,"href":"https:\/\/moverdb.com\/pt\/wp-json\/wp\/v2\/users\/1"}],"replies":[{"embeddable":true,"href":"https:\/\/moverdb.com\/pt\/wp-json\/wp\/v2\/comments?post=1592"}],"version-history":[{"count":7,"href":"https:\/\/moverdb.com\/pt\/wp-json\/wp\/v2\/pages\/1592\/revisions"}],"predecessor-version":[{"id":13172,"href":"https:\/\/moverdb.com\/pt\/wp-json\/wp\/v2\/pages\/1592\/revisions\/13172"}],"wp:attachment":[{"href":"https:\/\/moverdb.com\/pt\/wp-json\/wp\/v2\/media?parent=1592"}],"curies":[{"name":"wp","href":"https:\/\/api.w.org\/{rel}","templated":true}]}}