{"id":1590,"date":"2017-01-25T12:24:31","date_gmt":"2017-01-25T12:24:31","guid":{"rendered":"http:\/\/moverdb.com\/?page_id=1590"},"modified":"2026-01-08T15:20:28","modified_gmt":"2026-01-08T15:20:28","slug":"nippon-express","status":"publish","type":"page","link":"https:\/\/moverdb.com\/pt\/nippon-express\/","title":{"rendered":"Nippon Express - Mudan\u00e7a e Mudan\u00e7a Internacional"},"content":{"rendered":"<p>A Nippon Express est\u00e1 sediada em T\u00f3quio, <a href=\"https:\/\/moverdb.com\/pt\/moving-to-japan\/\" data-internallinksmanager029f6b8e52c=\"342\" title=\"Mudan\u00e7a para o Jap\u00e3o? 2026 Custo de vida e dicas de realoca\u00e7\u00e3o\">Jap\u00e3o<\/a>. Ela oferece a seus clientes uma variedade de servi\u00e7os de mudan\u00e7a. Esses servi\u00e7os est\u00e3o listados abaixo, juntamente com o perfil da empresa e as avalia\u00e7\u00f5es.<\/p>\n<p><strong>Mudan\u00e7as Internacionais<\/strong><\/p>\n<ul>\n<li> Gerente de mudan\u00e7as pessoais<\/li>\n<li> Servi\u00e7o porta a porta<\/li>\n<li> Assist\u00eancia com a alf\u00e2ndega e documenta\u00e7\u00e3o<\/li>\n<li> Servi\u00e7o de embalagem completa, somente itens fr\u00e1geis ou embalagem \"fa\u00e7a voc\u00ea mesmo\".<\/li>\n<li> Desmontagem e remontagem de m\u00f3veis<\/li>\n<li> Servi\u00e7o de desembalagem<\/li>\n<li> Remo\u00e7\u00e3o de detritos<\/li>\n<li> Armazenamento a longo e curto prazo<\/li>\n<li> Automobilismo em movimento<\/li>\n<li> Motocicletas<\/li>\n<li> Pianos<\/li>\n<\/ul>\n<p><strong>Servi\u00e7os de reloca\u00e7\u00e3o - Para o Jap\u00e3o<\/strong><\/p>\n<ul>\n<li> Consulta de reloca\u00e7\u00e3o<\/li>\n<li> Orienta\u00e7\u00e3o\".<\/li>\n<li> Busca em casa<\/li>\n<li> Mudan\u00e7as dom\u00e9sticas internacionais<\/li>\n<li> Busca de escolas<\/li>\n<li> Servi\u00e7o de partida, ou seja, rescis\u00e3o de contrato de loca\u00e7\u00e3o, desconex\u00e3o de telefone e servi\u00e7os de utilidade p\u00fablica, encaminhamento de correio<\/li>\n<\/ul>\n<p><strong>Mudan\u00e7as Dom\u00e9sticas - Dentro do Jap\u00e3o<\/strong><\/p>\n<ul>\n<li> Servi\u00e7o porta a porta<\/li>\n<li> Embalagem completa, embalagem parcial ou embalagem de bricolage<\/li>\n<li> Desmontagem e remontagem de m\u00f3veis<\/li>\n<li> Servi\u00e7o de desembalagem<\/li>\n<li> Remo\u00e7\u00e3o de detritos<\/li>\n<li> Armazenamento de longo e curto prazo dispon\u00edvel<\/li>\n<li> Seguro organizado<\/li>\n<\/ul>\n<p><strong>Encaminhamento de cargas<\/strong><\/p>\n<ul>\n<li> Bens e componentes em geral<\/li>\n<li> Belas artes e antiguidades<\/li>\n<li> Feiras e exposi\u00e7\u00f5es<\/li>\n<\/ul>\n<h2>Perfil da empresa Nippon Express<\/h2>\n<p>A Nippon Express \u00e9 uma das empresas l\u00edderes <a href=\"https:\/\/moverdb.com\/pt\/moving-companies\/\" data-internallinksmanager029f6b8e52c=\"79\" title=\"As 25 maiores empresas de mudan\u00e7as internacionais on-line\">empresas de mudan\u00e7as<\/a> para a mudan\u00e7a de pessoas e empresas para e ao redor do Jap\u00e3o. \u00c9 especializada em mudan\u00e7as empresariais e governamentais para funcion\u00e1rios e suas fam\u00edlias que chegam e saem do Jap\u00e3o. A Nippon Express tamb\u00e9m \u00e9 conhecida por sua <a href=\"https:\/\/moverdb.com\/pt\/transitario-de-carga\/\">expedi\u00e7\u00e3o de cargas<\/a> experi\u00eancia, enviando mercadorias ao redor do mundo.<\/p>\n<p>A Nippon Express come\u00e7ou em 1937, assim como o 53%, de propriedade do governo. Ap\u00f3s a segunda guerra mundial, a empresa foi privatizada. Em 1949, a empresa iniciou a expedi\u00e7\u00e3o de cargas internacionais, atuando como agentes de v\u00e1rias companhias a\u00e9reas internacionais. Em 1958, a Nippon Express havia aberto seu primeiro escrit\u00f3rio no exterior em <a href=\"https:\/\/moverdb.com\/pt\/movendo-se-para-anyc\/\">Nova Iorque<\/a>Em 1991, havia 97 escrit\u00f3rios no <a href=\"https:\/\/moverdb.com\/pt\/moving-to-the-united-states\/\" data-internallinksmanager029f6b8e52c=\"94\" title=\"Mudando-se para os Estados Unidos? 2026 Custos de Vida e Dicas de Reloca\u00e7\u00e3o\">Estados Unidos<\/a>. <\/p>\n<p>Em 1973, a empresa comprou sua primeira <a href=\"https:\/\/moverdb.com\/pt\/empresas-de-transporte-maritimo\/\">navio porta-contentores<\/a> e iniciou um servi\u00e7o de carga entre T\u00f3quio e Tomakomai.<\/p>\n<p>Hoje a Nippon Express tem escrit\u00f3rios e instala\u00e7\u00f5es em 260 cidades em 42 pa\u00edses e emprega 36.700 pessoas no Jap\u00e3o e outras 16.000 no exterior.<\/p>\n<p>A Nippon Express possui as seguintes credencia\u00e7\u00f5es e afilia\u00e7\u00f5es:<\/p>\n<ul>\n<li> <a href=\"https:\/\/moverdb.com\/pt\/fidi-faim\/\">FIDI<\/a><\/li>\n<li> <a href=\"https:\/\/moverdb.com\/pt\/iam\/\">Associa\u00e7\u00e3o Internacional de Movers<\/a> (<a href=\"https:\/\/moverdb.com\/pt\/iam\/\" data-internallinksmanager029f6b8e52c=\"23\" title=\"Associa\u00e7\u00e3o Internacional de Remotores (IAM) Explicado\">IAM<\/a>)<\/li>\n<li> ISO 9001<\/li>\n<li> <a href=\"https:\/\/moverdb.com\/pt\/iata\/\">IATA<\/a><\/li>\n<\/ul>\n<h2>Revis\u00f5es da Nippon Express<\/h2>\n<p><strong>Positivo:<\/strong><\/p>\n<ul>\n<li> <em>\"No verdadeiro estilo japon\u00eas, eles s\u00e3o educados e respeitosos - mesmo tirando seus sapatos para trazer suas coisas para dentro de casa! N\u00e3o h\u00e1 bobagem - eles trabalham sem parar, param para uma pausa cronometrada, depois voltam direto para dentro e n\u00e3o param at\u00e9 que o trabalho esteja feito\".<\/em> - KK W via <a href=\"https:\/\/www.yelp.co.uk\/biz\/nippon-express-usa-el-segundo?hrid=ilixQzfFmyj3IAX32d0E-A&#038;utm_campaign=www_review_share_popup&#038;utm_medium=copy_link&#038;utm_source=(direct)\" target=\"_blank\" rel=\"noopener\">Yelp<\/a><\/li>\n<\/ul>\n<p><strong>Negativo:<\/strong><\/p>\n<p><em>N\u00e3o encontramos nenhuma cr\u00edtica negativa para a Nippon Express online.<\/em><\/p>\n<div itemprop=\"review\" itemscope itemtype=\"http:\/\/schema.org\/Review\">\n<span itemprop=\"author\" itemscope=\"\" itemtype=\"http:\/\/schema.org\/Organization\"><span itemprop=\"name\">MoverDB.com<\/span><\/span> Revis\u00e3o do site on-line para <span itemprop=\"itemreviewed\" itemscope=\"\" itemtype=\"http:\/\/schema.org\/Brand\"><span itemprop=\"name\">Nippon Express<\/span><\/span>:<\/p>\n<ol>\n<li> Detalhes claros de contato no website (incluindo n\u00famero de telefone): <strong>Sim<\/strong><\/li>\n<li> F\u00e1cil de obter <a href=\"https:\/\/moverdb.com\/pt\/citacoes\/\">cita\u00e7\u00f5es de mudan\u00e7as internacionais<\/a>? (Formul\u00e1rio de solicita\u00e7\u00e3o de or\u00e7amento on-line): <strong>Sim<\/strong><\/li>\n<li> Informa\u00e7\u00f5es claras no site: <strong>Sim,<\/strong> enquanto seus websites parecem um pouco datados, eles esbo\u00e7am todos os seus servi\u00e7os.<\/li>\n<li> Participa\u00e7\u00e3o em organiza\u00e7\u00f5es internacionais de mudan\u00e7as reconhecidas internacionalmente: <strong>Sim<\/strong>(ver acima)<\/li>\n<li> Lista de clientes e\/ou depoimentos de clientes anteriores. <strong>N\u00e3o,<\/strong> mas eles t\u00eam uma reputa\u00e7\u00e3o muito boa com base em suas an\u00e1lises on-line.<\/li>\n<\/ol>\n<div itemprop=\"reviewRating\" itemscope itemtype=\"http:\/\/schema.org\/Rating\"><meta itemprop=\"worstRating\" content = \"0\" \/><meta itemprop=\"bestRating\" content=\"5\" \/><meta itemprop=\"ratingValue\" content=\"4.5\"><\/div>\n<p><strong>Nota geral: 4,5\/5<\/strong><br \/>\n<strong>Data de revis\u00e3o:<\/strong> <span itemprop=\"datePublished\" content=\"2017-01-25\">25\/01\/2017<\/span>\n<\/div>\n<p>Leia mais sobre <a href=\"https:\/\/moverdb.com\/pt\/mudancas-empresas\/\">empresas de mudan\u00e7as internacionais<\/a>e nosso <a href=\"https:\/\/moverdb.com\/pt\/criticas\/\">processo de revis\u00e3o<\/a>.<\/p>\n<p><strong>Sites da Web:<\/strong> Global: <a href=\"http:\/\/www.nipponexpress.com\/\" target=\"_blank\" rel=\"noopener\">http:\/\/www.nipponexpress.com\/<\/a>, US: <a href=\"https:\/\/nipponexpressusa.com\/\" target=\"_blank\" rel=\"noopener\">https:\/\/nipponexpressusa.com\/<\/a> e <a href=\"https:\/\/moverdb.com\/pt\/moving-to-the-uk\/\" data-internallinksmanager029f6b8e52c=\"93\" title=\"Mudando-se para o Reino Unido? 2026 Custos de Vida e Dicas de Reloca\u00e7\u00e3o\">REINO UNIDO<\/a>: <a href=\"http:\/\/www.nipponexpress.co.uk\/\" target=\"_blank\" rel=\"noopener\">http:\/\/www.nipponexpress.co.uk\/<\/a><\/p>","protected":false},"excerpt":{"rendered":"<p>Nippon Express is based in Tokyo, Japan. It offers its clients a variety of moving services. These are listed below together with a company profile and reviews. International Moves Personal move manager Door to door service Assistance with customs and documentation Full packing service, fragile items only or do-it-yourself packing Disassembly and reassembly of furniture [&hellip;]<\/p>\n","protected":false},"author":1,"featured_media":0,"parent":0,"menu_order":0,"comment_status":"closed","ping_status":"closed","template":"","meta":{"_genesis_hide_title":false,"_genesis_hide_breadcrumbs":false,"_genesis_hide_singular_image":false,"_genesis_hide_footer_widgets":false,"_genesis_custom_body_class":"","_genesis_custom_post_class":"","_genesis_layout":"","footnotes":""},"class_list":{"0":"post-1590","1":"page","2":"type-page","3":"status-publish","5":"entry"},"_links":{"self":[{"href":"https:\/\/moverdb.com\/pt\/wp-json\/wp\/v2\/pages\/1590","targetHints":{"allow":["GET"]}}],"collection":[{"href":"https:\/\/moverdb.com\/pt\/wp-json\/wp\/v2\/pages"}],"about":[{"href":"https:\/\/moverdb.com\/pt\/wp-json\/wp\/v2\/types\/page"}],"author":[{"embeddable":true,"href":"https:\/\/moverdb.com\/pt\/wp-json\/wp\/v2\/users\/1"}],"replies":[{"embeddable":true,"href":"https:\/\/moverdb.com\/pt\/wp-json\/wp\/v2\/comments?post=1590"}],"version-history":[{"count":4,"href":"https:\/\/moverdb.com\/pt\/wp-json\/wp\/v2\/pages\/1590\/revisions"}],"predecessor-version":[{"id":6226,"href":"https:\/\/moverdb.com\/pt\/wp-json\/wp\/v2\/pages\/1590\/revisions\/6226"}],"wp:attachment":[{"href":"https:\/\/moverdb.com\/pt\/wp-json\/wp\/v2\/media?parent=1590"}],"curies":[{"name":"wp","href":"https:\/\/api.w.org\/{rel}","templated":true}]}}