{"id":1578,"date":"2017-04-21T14:09:10","date_gmt":"2017-04-21T14:09:10","guid":{"rendered":"http:\/\/moverdb.com\/?page_id=1578"},"modified":"2026-01-08T14:40:13","modified_gmt":"2026-01-08T14:40:13","slug":"mediterraneo-empresa-de-expedicao","status":"publish","type":"page","link":"https:\/\/moverdb.com\/pt\/mediterranean-shipping-company\/","title":{"rendered":"Mediterranean Shipping Company - Servi\u00e7os &amp; Revis\u00f5es Internacionais"},"content":{"rendered":"<p>Mediterr\u00e2neo <a href=\"https:\/\/moverdb.com\/pt\/shipping-companies\/\" data-internallinksmanager029f6b8e52c=\"4\" title=\"As 10 maiores empresas de transporte mar\u00edtimo internacional de cont\u00eaineres\">Empresa de navega\u00e7\u00e3o<\/a> (MSC) oferece a seus clientes uma ampla gama de servi\u00e7os de remessa e outros servi\u00e7os. Estes est\u00e3o listados abaixo, juntamente com um perfil de empresa e revis\u00f5es.<\/p>\n<h3>Transporte mar\u00edtimo internacional<\/h3>\n<p><strong>Carga seca<\/strong><\/p>\n<ul>\n<li> Recipientes padr\u00e3o de 20 p\u00e9s, 40 p\u00e9s ou 40 p\u00e9s de cubo alto<\/li>\n<li> Carga superdimensionada e a granel<\/li>\n<li> Servi\u00e7os de remessas semanais e regulares para destinos globais<\/li>\n<li> Desembara\u00e7o aduaneiro e documenta\u00e7\u00e3o<\/li>\n<\/ul>\n<p><strong>Carga refrigerada<\/strong><\/p>\n<ul>\n<li> Solu\u00e7\u00f5es de transporte de ponta a ponta feitas sob medida<\/li>\n<li> Servi\u00e7os de remessas semanais e regulares para destinos globais<\/li>\n<li> Experi\u00eancia no transporte de produtos refrigerados e congelados<\/li>\n<li> Inspe\u00e7\u00e3o antes da viagem: <\/li>\n<li> Garantir que o recipiente seja limpo para eliminar sujeira e odores<\/li>\n<li> Verifica\u00e7\u00f5es para garantir que o interior do recipiente esteja de acordo com as especifica\u00e7\u00f5es de grau aliment\u00edcio<\/li>\n<li> Verifica\u00e7\u00f5es para garantir que as m\u00e1quinas estejam funcionando de acordo com o padr\u00e3o industrial<\/li>\n<li> Certifique-se de que a temperatura do cont\u00eainer est\u00e1 abaixada at\u00e9 o ponto correto selecionado<\/li>\n<li> Desembara\u00e7o aduaneiro e documenta\u00e7\u00e3o<\/li>\n<\/ul>\n<p><strong>Servi\u00e7os de calibre e Breakbulk<\/strong><\/p>\n<ul>\n<li> Equipe especializada em projetos de log\u00edstica de carga<\/li>\n<li> Carregue, amarre e prenda a carga em sua origem <a href=\"https:\/\/moverdb.com\/pt\/top-49-container-ports\/\" data-internallinksmanager029f6b8e52c=\"80\" title=\"Os 49 maiores e mais movimentados portos de cont\u00eaineres em 2025\">porto<\/a> ou dep\u00f3sito pr\u00f3ximo<\/li>\n<li> Coleta e entrega no interior utilizando diversos equipamentos<\/li>\n<li> Provid\u00eancia de notifica\u00e7\u00f5es policiais\/de transporte terrestre, se necess\u00e1rio<\/li>\n<li> Estivagem, amarra\u00e7\u00e3o portu\u00e1ria e instala\u00e7\u00f5es de armazenamento portu\u00e1rio<\/li>\n<li> Equipamentos especializados<\/li>\n<li> Tarifas competitivas<\/li>\n<li> Desembara\u00e7o aduaneiro e documenta\u00e7\u00e3o<\/li>\n<\/ul>\n<p><strong>Transporte intermodal<\/strong><\/p>\n<ul>\n<li> Porta a porta<\/li>\n<li> De f\u00e1brica para o consumidor<\/li>\n<li> Combina\u00e7\u00e3o de transporte dispon\u00edvel para o cumprimento de obriga\u00e7\u00f5es de entrega<\/li>\n<\/ul>\n<p><strong>Armazenagem de Cont\u00eaineres e Carga<\/strong><\/p>\n<ul>\n<li> Rede global e armazenamento e armazenagem<\/li>\n<li> Auxiliar na rede de distribui\u00e7\u00e3o<\/li>\n<li> Servi\u00e7os e instala\u00e7\u00f5es completas de picking\/pack, de-stuff\/palletise e armazenagem em pilha a granel<\/li>\n<\/ul>\n<p><strong>Com\u00e9rcio cruzado<\/strong><\/p>\n<ul>\n<li> Embarque de qualquer origem para qualquer destino<\/li>\n<li> Carga seca<\/li>\n<li> Carga refrigerada<\/li>\n<li> Fora de moda<\/li>\n<li> Carga preciosa e perigosa<\/li>\n<li> Manuseio de documenta\u00e7\u00e3o<\/li>\n<li> Rastreamento<\/li>\n<li> Desembara\u00e7o aduaneiro<\/li>\n<\/ul>\n<p><strong>Reboques de carga<\/strong><\/p>\n<ul>\n<li> R\u00edgido<\/li>\n<li> Cama plana<\/li>\n<li> Tipper<\/li>\n<li> Carregador baixo<\/li>\n<li> Reboque porta-contentores<\/li>\n<li> Reboque com gerador<\/li>\n<\/ul>\n<p><strong>Equipamentos de cont\u00eaineres<\/strong><\/p>\n<ul>\n<li> Recipientes de 20 p\u00e9s \/ 40 p\u00e9s padr\u00e3o e alto cubo<\/li>\n<li> Contentores de 20 p\u00e9s \/ 40 p\u00e9s open-top<\/li>\n<li> cont\u00eaineres refrigerados de 20ft \/ 40ft e high cube<\/li>\n<li> Flatracks de 20 p\u00e9s \/ 40 p\u00e9s<\/li>\n<li> Plataformas de 20 p\u00e9s \/ 40 p\u00e9s<\/li>\n<li> Contentores de 20 p\u00e9s \/ 40 p\u00e9s open-top<\/li>\n<\/ul>\n<h2>Mediterranean Shipping Company (MSC)<\/h2>\n<p>A Mediterranean Shipping Company \u00e9 uma empresa privada global <a href=\"https:\/\/moverdb.com\/pt\/empresas-de-transporte-maritimo\/\">empresa de transporte mar\u00edtimo internacional<\/a> que est\u00e1 em opera\u00e7\u00e3o h\u00e1 mais de 40 anos. Ela foi fundada em N\u00e1poles por Gianluigi Aponte e ainda \u00e9 administrada pela fam\u00edlia Aponte. Sua sede global fica em <a href=\"https:\/\/moverdb.com\/pt\/moving-to-switzerland\/moving-to-geneva\/\" data-internallinksmanager029f6b8e52c=\"416\" title=\"Est\u00e1 se mudando para Genebra? 2026 Custo de vida e dicas de realoca\u00e7\u00e3o\">Genebra<\/a> e tem 480 escrit\u00f3rios em 150 pa\u00edses e emprega mais de 60.000 pessoas em todo o mundo.<\/p>\n<p>A frota do MSC consiste em 500 navios porta-cont\u00eaineres com uma capacidade de cerca de 3,0 milh\u00f5es de TEU. Todos os anos a empresa p\u00e1ra em 315 portos ao redor do globo, entregando cargas de todas as descri\u00e7\u00f5es.<\/p>\n<p>A Mediterranean Shipping Company possui as seguintes credencia\u00e7\u00f5es e afilia\u00e7\u00f5es:<\/p>\n<ul>\n<li> Seguran\u00e7a da Vida Humana no Mar (SOLAS)<\/li>\n<li> Associa\u00e7\u00e3o Internacional da Avia\u00e7\u00e3o e Navega\u00e7\u00e3o (IASA)<\/li>\n<li> <a href=\"https:\/\/moverdb.com\/pt\/transporte-maritimo-internacional\/\">A C\u00e2mara Internacional de Transporte Mar\u00edtimo<\/a> (<a href=\"https:\/\/moverdb.com\/pt\/international-chamber-shipping\/\" data-internallinksmanager029f6b8e52c=\"78\" title=\"A C\u00e2mara Internacional de Transporte Mar\u00edtimo (ICS) Explicou\">ICS<\/a>)<\/li>\n<li> A Federa\u00e7\u00e3o das Associa\u00e7\u00f5es Nacionais de Corretores e Agentes de Navega\u00e7\u00e3o (FONASBA)<\/li>\n<\/ul>\n<p><strong>An\u00e1lises de empresas de navega\u00e7\u00e3o do Mediterr\u00e2neo<\/strong><\/p>\n<p><em>No momento em que escrevemos, n\u00e3o encontramos nenhuma revis\u00e3o online dos servi\u00e7os de transporte da Mediterranean Shipping Company.<\/em> <\/p>\n<div itemprop=\"review\" itemscope itemtype=\"http:\/\/schema.org\/Review\">\n<strong><span itemprop=\"author\" itemscope=\"\" itemtype=\"http:\/\/schema.org\/Organization\"><span itemprop=\"name\">MoverDB.com<\/span><\/span> Revis\u00e3o do site on-line para <span itemprop=\"itemreviewed\" itemscope=\"\" itemtype=\"http:\/\/schema.org\/Brand\"><span itemprop=\"name\">Companhia Mar\u00edtima Mediterr\u00e2nea<\/span><\/span>:<\/strong><\/p>\n<ol>\n<li> Detalhes claros de contato no website (incluindo n\u00famero de telefone): <strong>Sim<\/strong><\/li>\n<li> F\u00e1cil de obter <a href=\"https:\/\/moverdb.com\/pt\/container-shipping\/\" data-internallinksmanager029f6b8e52c=\"3\" title=\"Gr\u00e1fico de taxas de transporte internacional de cont\u00eaineres: Maio de 2026\">transporte internacional<\/a> cita\u00e7\u00f5es? (Formul\u00e1rio de solicita\u00e7\u00e3o de or\u00e7amento on-line): <strong>Sim<\/strong><\/li>\n<li> Informa\u00e7\u00f5es claras no site: <strong>Sim,<\/strong> O site tem uma grande quantidade de informa\u00e7\u00f5es de embarque internacional.<\/li>\n<li> Participa\u00e7\u00e3o em organiza\u00e7\u00f5es de navega\u00e7\u00e3o reconhecidas internacionalmente: <strong>Sim<\/strong>.<\/li>\n<li> Lista de clientes e\/ou depoimentos de clientes anteriores. <strong>Sim,<\/strong> eles t\u00eam um n\u00famero limitado de estudos de caso em sua wesbite.<\/li>\n<\/ol>\n<div itemprop=\"reviewRating\" itemscope itemtype=\"http:\/\/schema.org\/Rating\"><meta itemprop=\"worstRating\" content = \"0\" \/><meta itemprop=\"bestRating\" content=\"5\" \/><meta itemprop=\"ratingValue\" content=\"5\"><\/div>\n<p><strong>Nota geral: 5\/5<\/strong><br \/>\n<strong>Data de revis\u00e3o:<\/strong> <span itemprop=\"datePublished\" content=\"2017-04-21\">21\/04\/2017<\/span>\n<\/div>\n<p>Mais sobre outros <a href=\"https:\/\/moverdb.com\/pt\/empresas-de-transporte-maritimo\/\">empresas de transporte mar\u00edtimo internacional<\/a>, <a href=\"https:\/\/moverdb.com\/pt\/transporte-de-conteineres\/\">tarifas de transporte de cont\u00eaineres<\/a> e nosso <a href=\"https:\/\/moverdb.com\/pt\/criticas\/\">processo de revis\u00e3o<\/a>.<\/p>\n<p><strong>Website:<\/strong> <a href=\"https:\/\/www.msc.com\/\" target=\"_blank\" rel=\"noopener\">https:\/\/www.msc.com\/<\/a><\/p>","protected":false},"excerpt":{"rendered":"<p>Mediterranean Shipping Company (MSC) offers its customers a wide range of shipping and other services. These are listed below, together with a company profile and reviews. International Shipping Dry Cargo Standard 20ft, 40ft or 40ft high cube containers Oversized and breakbulk cargo Weekly and regular shipping services to global destinations Customs clearance and documentation Reefer [&hellip;]<\/p>\n","protected":false},"author":1,"featured_media":0,"parent":0,"menu_order":0,"comment_status":"closed","ping_status":"closed","template":"","meta":{"_genesis_hide_title":false,"_genesis_hide_breadcrumbs":false,"_genesis_hide_singular_image":false,"_genesis_hide_footer_widgets":false,"_genesis_custom_body_class":"","_genesis_custom_post_class":"","_genesis_layout":"","footnotes":""},"class_list":{"0":"post-1578","1":"page","2":"type-page","3":"status-publish","5":"entry"},"_links":{"self":[{"href":"https:\/\/moverdb.com\/pt\/wp-json\/wp\/v2\/pages\/1578","targetHints":{"allow":["GET"]}}],"collection":[{"href":"https:\/\/moverdb.com\/pt\/wp-json\/wp\/v2\/pages"}],"about":[{"href":"https:\/\/moverdb.com\/pt\/wp-json\/wp\/v2\/types\/page"}],"author":[{"embeddable":true,"href":"https:\/\/moverdb.com\/pt\/wp-json\/wp\/v2\/users\/1"}],"replies":[{"embeddable":true,"href":"https:\/\/moverdb.com\/pt\/wp-json\/wp\/v2\/comments?post=1578"}],"version-history":[{"count":6,"href":"https:\/\/moverdb.com\/pt\/wp-json\/wp\/v2\/pages\/1578\/revisions"}],"predecessor-version":[{"id":13177,"href":"https:\/\/moverdb.com\/pt\/wp-json\/wp\/v2\/pages\/1578\/revisions\/13177"}],"wp:attachment":[{"href":"https:\/\/moverdb.com\/pt\/wp-json\/wp\/v2\/media?parent=1578"}],"curies":[{"name":"wp","href":"https:\/\/api.w.org\/{rel}","templated":true}]}}