{"id":1570,"date":"2017-02-24T09:05:40","date_gmt":"2017-02-24T09:05:40","guid":{"rendered":"http:\/\/moverdb.com\/?page_id=1570"},"modified":"2026-01-08T15:20:24","modified_gmt":"2026-01-08T15:20:24","slug":"mudanzas-gou","status":"publish","type":"page","link":"https:\/\/moverdb.com\/pt\/mudanzas-gou\/","title":{"rendered":"Mudanzas Gou - Mudanzas Gou - International Moving Reviews"},"content":{"rendered":"<p>Mudanzas Gou \u00e9 um mexicano <a href=\"https:\/\/moverdb.com\/pt\/moving-companies\/\" data-internallinksmanager029f6b8e52c=\"79\" title=\"As 25 maiores empresas de mudan\u00e7as internacionais on-line\">empresa de mudan\u00e7as<\/a> que oferece a seus clientes uma ampla gama de servi\u00e7os que est\u00e3o listados abaixo, juntamente com um perfil de empresa e revis\u00f5es.<\/p>\n<p><strong>Mudan\u00e7as Internacionais<\/strong><\/p>\n<ul>\n<li> Porta a porta<\/li>\n<li> Servi\u00e7o de embalagem completa, embalagem fr\u00e1gil ou embalagem \"fa\u00e7a voc\u00ea mesmo<\/li>\n<li> Desmontagem e remontagem de m\u00f3veis<\/li>\n<li> Desembara\u00e7o aduaneiro e assist\u00eancia com documenta\u00e7\u00e3o<\/li>\n<li> Seguro organizado<\/li>\n<li> Servi\u00e7o de desembalagem dispon\u00edvel<\/li>\n<li> Armazenagem de curto e longo prazo dispon\u00edvel<\/li>\n<\/ul>\n<p><strong>Movimentos dom\u00e9sticos e de longa dist\u00e2ncia<\/strong><\/p>\n<ul>\n<li> Porta a porta<\/li>\n<li> Servi\u00e7o de embalagem completa, embalagem fr\u00e1gil ou embalagem \"fa\u00e7a voc\u00ea mesmo<\/li>\n<li> Desmontagem e remontagem de m\u00f3veis<\/li>\n<li> Seguro organizado<\/li>\n<li> Servi\u00e7o de desembalagem dispon\u00edvel<\/li>\n<li> Armazenamento de longo e curto prazo dispon\u00edvel<\/li>\n<\/ul>\n<p><strong>Movimentos comerciais<\/strong><\/p>\n<ul>\n<li> Ap\u00f3s horas de deslocamento<\/li>\n<li> Plano log\u00edstico<\/li>\n<li> TI em movimento<\/li>\n<li> Desmontagem e remontagem de todos os m\u00f3veis<\/li>\n<\/ul>\n<p><strong>Transporte e embarque especial<\/strong><\/p>\n<ul>\n<li> <a href=\"https:\/\/moverdb.com\/pt\/transporte-de-carro-transporte-embarque\/\">Autom\u00f3veis<\/a><\/li>\n<li> Vans<\/li>\n<li> Motocicletas<\/li>\n<li> Ve\u00edculos blindados<\/li>\n<li> Ve\u00edculos de coleta<\/li>\n<li> Maquinaria variada<\/li>\n<li> Barcos a motor<\/li>\n<li> Veleiros<\/li>\n<li> Suprimentos m\u00e9dicos e hospitais<\/li>\n<li> Institui\u00e7\u00f5es de educa\u00e7\u00e3o<\/li>\n<li> Arte e antiguidades<\/li>\n<li> Equipamento especializado<\/li>\n<\/ul>\n<p><strong>Armazenamento<\/strong><\/p>\n<ul>\n<li> Longo e curto prazo<\/li>\n<li> Seguran\u00e7a 24\/7<\/li>\n<li> Sistema de invent\u00e1rio<\/li>\n<li> Climatiza\u00e7\u00e3o dispon\u00edvel<\/li>\n<li> Controle de pragas<\/li>\n<li> Sistema de inc\u00eandio<\/li>\n<li> Armazenamento de arquivos<\/li>\n<\/ul>\n<h2>Perfil da empresa Mudanzas Gou<\/h2>\n<p>O Mudanzas Gou \u00e9 um dos mais antigos <a href=\"https:\/\/moverdb.com\/pt\/moving-companies\/moving-companies-mexico\/\" data-internallinksmanager029f6b8e52c=\"288\" title=\"18 melhores empresas de mudan\u00e7as internacionais no M\u00e9xico\">empresas de mudan\u00e7as no M\u00e9xico<\/a>onde come\u00e7ou em 1900. Atualmente, a empresa tem 10 escrit\u00f3rios no M\u00e9xico e contatos com agentes em todo o mundo. Gou foi um dos membros fundadores da <a href=\"https:\/\/moverdb.com\/pt\/fidi-faim\/\" data-internallinksmanager029f6b8e52c=\"16\" title=\"FIDI &amp; FAIM (FIDI Accredited International Mover) Explicado\">FIDI<\/a>OMNI, <a href=\"https:\/\/moverdb.com\/pt\/lacma\/\" data-internallinksmanager029f6b8e52c=\"28\" title=\"Associa\u00e7\u00e3o Latino-Americana e Caribenha de Movimentos Internacionais (LACMA)\">LACMA<\/a>AMI e <a href=\"https:\/\/moverdb.com\/pt\/amsa\/\" data-internallinksmanager029f6b8e52c=\"5\" title=\"American Moving &amp; Storage Association (AMSA) Explicada\">AMSA<\/a>.<\/p>\n<p>Gou se orgulha de seu servi\u00e7o pessoal e insiste em falar com cada cliente cara a cara a fim de dar-lhes o melhor servi\u00e7o poss\u00edvel. Todos os seus ve\u00edculos t\u00eam rastreamento via sat\u00e9lite e s\u00e3o carregados e conduzidos por seu pr\u00f3prio pessoal.<\/p>\n<p>Mudanzas Gou tem as seguintes credencia\u00e7\u00f5es e filia\u00e7\u00f5es:<\/p>\n<ul>\n<li> <a href=\"https:\/\/moverdb.com\/pt\/fidi-faim\/\">F\u00e9d\u00e9ration Internationale des D\u00e9m\u00e9nageurs Internationaux<\/a> (FIDI)<\/li>\n<li> Overseas Moving Network International (OMNI)<\/li>\n<li> <a href=\"https:\/\/moverdb.com\/pt\/lacma\/\">Associa\u00e7\u00e3o Latino-Americana e Caribenha de Movimentos Internacionais<\/a> (LACMA)<\/li>\n<li> <a href=\"https:\/\/moverdb.com\/pt\/hgfaa\/\">Associa\u00e7\u00e3o de Transit\u00e1rios de Bens Dom\u00e9sticos da Am\u00e9rica<\/a> (HHGFA)<\/li>\n<li> <a href=\"https:\/\/moverdb.com\/pt\/amsa\/\" target=\"_blank\" rel=\"noopener\">Associa\u00e7\u00e3o Americana de Mudan\u00e7as e Armazenamento<\/a> (AMSA)<\/li>\n<li> Associa\u00e7\u00e3o Pan-Americana Internacional de Movimentos (PAIMA)<\/li>\n<li> <a href=\"https:\/\/moverdb.com\/pt\/fidi-faim\/\">FAIM<\/a><\/li>\n<li> Parceria Aduaneira e Comercial contra o Terrorismo (C-PAT)<\/li>\n<\/ul>\n<h2>Mudanzas Gou Reviews<\/h2>\n<p>N\u00e3o conseguimos encontrar nenhum coment\u00e1rio em ingl\u00eas para Mudanzas Gou online, nem parecem ter depoimentos de clientes no site.<\/p>\n<div itemprop=\"review\" itemscope itemtype=\"http:\/\/schema.org\/Review\">\n<span itemprop=\"author\" itemscope=\"\" itemtype=\"http:\/\/schema.org\/Organization\"><span itemprop=\"name\">MoverDB.com<\/span><\/span> Revis\u00e3o do site on-line para <span itemprop=\"itemreviewed\" itemscope=\"\" itemtype=\"http:\/\/schema.org\/Brand\"><span itemprop=\"name\">Mudanzas Gou<\/span><\/span>:<\/p>\n<ol>\n<li> Detalhes claros de contato no website (incluindo n\u00famero de telefone): <strong>Sim<\/strong><\/li>\n<li> F\u00e1cil de obter <a href=\"https:\/\/moverdb.com\/pt\/citacoes\/\">cita\u00e7\u00f5es em movimento<\/a>? (Formul\u00e1rio de solicita\u00e7\u00e3o de or\u00e7amento on-line): <strong>Sim<\/strong><\/li>\n<li> Informa\u00e7\u00f5es claras no site: <strong>Sim,<\/strong> enquanto que o b\u00e1sico \u00e9 esbo\u00e7ar seus servi\u00e7os tanto em ingl\u00eas como em espanhol.<\/li>\n<li> Participa\u00e7\u00e3o em organiza\u00e7\u00f5es internacionais de mudan\u00e7as reconhecidas internacionalmente: <strong>Sim<\/strong>(muitos ver acima)<\/li>\n<li> Lista de clientes e\/ou depoimentos de clientes anteriores: <strong>N\u00e3o,<\/strong> n\u00e3o conseguimos encontrar nenhuma revis\u00e3o ou testemunho de clientes.<\/li>\n<\/ol>\n<div itemprop=\"reviewRating\" itemscope itemtype=\"http:\/\/schema.org\/Rating\"><meta itemprop=\"worstRating\" content = \"0\" \/><meta itemprop=\"bestRating\" content=\"5\" \/><meta itemprop=\"ratingValue\" content=\"4\"><\/div>\n<p><strong>Nota geral: 4\/5<\/strong><br \/>\n<strong>Data de revis\u00e3o:<\/strong> <span itemprop=\"datePublished\" content=\"2017-02-24\">24\/02\/2017<\/span>\n<\/div>\n<p>Leia mais sobre <a href=\"https:\/\/moverdb.com\/pt\/mudancas-empresas\/\">empresas de mudan\u00e7as internacionais<\/a> e nosso <a href=\"https:\/\/moverdb.com\/pt\/criticas\/\">processo de revis\u00e3o<\/a>.<\/p>\n<p><strong>Sites da Web:<\/strong> Espanhol: <a href=\"http:\/\/www.mudanzasgou.com.mx\/\" target=\"_blank\" rel=\"noopener\">http:\/\/www.mudanzasgou.com.mx\/<\/a> Ingl\u00eas: <a href=\"http:\/\/www.mudanzasgou.com\/\" target=\"_blank\" rel=\"noopener\">http:\/\/www.mudanzasgou.com\/<\/a><\/p>","protected":false},"excerpt":{"rendered":"<p>Mudanzas Gou is a Mexican moving company which offers its clients a wide range of services which are listed below, together with a company profile and reviews. International Moves Door to door Full packing service, fragile packing or DIY packing Disassembly and reassembly of furniture Customs clearance and assistance with documentation Insurance arranged Unpacking service [&hellip;]<\/p>\n","protected":false},"author":1,"featured_media":0,"parent":0,"menu_order":0,"comment_status":"closed","ping_status":"closed","template":"","meta":{"_genesis_hide_title":false,"_genesis_hide_breadcrumbs":false,"_genesis_hide_singular_image":false,"_genesis_hide_footer_widgets":false,"_genesis_custom_body_class":"","_genesis_custom_post_class":"","_genesis_layout":"","footnotes":""},"class_list":{"0":"post-1570","1":"page","2":"type-page","3":"status-publish","5":"entry"},"_links":{"self":[{"href":"https:\/\/moverdb.com\/pt\/wp-json\/wp\/v2\/pages\/1570","targetHints":{"allow":["GET"]}}],"collection":[{"href":"https:\/\/moverdb.com\/pt\/wp-json\/wp\/v2\/pages"}],"about":[{"href":"https:\/\/moverdb.com\/pt\/wp-json\/wp\/v2\/types\/page"}],"author":[{"embeddable":true,"href":"https:\/\/moverdb.com\/pt\/wp-json\/wp\/v2\/users\/1"}],"replies":[{"embeddable":true,"href":"https:\/\/moverdb.com\/pt\/wp-json\/wp\/v2\/comments?post=1570"}],"version-history":[{"count":4,"href":"https:\/\/moverdb.com\/pt\/wp-json\/wp\/v2\/pages\/1570\/revisions"}],"predecessor-version":[{"id":6222,"href":"https:\/\/moverdb.com\/pt\/wp-json\/wp\/v2\/pages\/1570\/revisions\/6222"}],"wp:attachment":[{"href":"https:\/\/moverdb.com\/pt\/wp-json\/wp\/v2\/media?parent=1570"}],"curies":[{"name":"wp","href":"https:\/\/api.w.org\/{rel}","templated":true}]}}