{"id":1568,"date":"2017-02-01T16:22:03","date_gmt":"2017-02-01T16:22:03","guid":{"rendered":"http:\/\/moverdb.com\/?page_id=1568"},"modified":"2026-01-08T14:40:03","modified_gmt":"2026-01-08T14:40:03","slug":"leo-packers-moversores","status":"publish","type":"page","link":"https:\/\/moverdb.com\/pt\/leo-packers-movers\/","title":{"rendered":"Leo Packers e Movers - International Moving Reviews"},"content":{"rendered":"<p>A Leo Packers and Movers est\u00e1 sediada em Bangalore, <a href=\"https:\/\/moverdb.com\/pt\/moving-to-india\/\" data-internallinksmanager029f6b8e52c=\"356\" title=\"Est\u00e1 se mudando para a \u00cdndia? 2026 Custo de vida e dicas de realoca\u00e7\u00e3o\">\u00cdndia<\/a>. A empresa oferece a seus clientes uma ampla gama de servi\u00e7os que est\u00e3o listados abaixo, juntamente com um perfil da empresa e avalia\u00e7\u00f5es.<\/p>\n<p><strong>Mudan\u00e7as Internacionais<\/strong><\/p>\n<ul>\n<li> Porta a porta<\/li>\n<li> Porta para o terminal<\/li>\n<li> Servi\u00e7o de embalagem completa, artigos fr\u00e1geis ou embalagem de bricolage<\/li>\n<li> Desmontagem e remontagem de m\u00f3veis<\/li>\n<li> Servi\u00e7o completo de desempacotamento dispon\u00edvel<\/li>\n<li> Remo\u00e7\u00e3o de detritos<\/li>\n<li> Armazenamento de longo e curto prazo dispon\u00edvel<\/li>\n<li> Desembara\u00e7o aduaneiro e assist\u00eancia com documenta\u00e7\u00e3o\".<\/li>\n<li> Carga a\u00e9rea<\/li>\n<li> Carga mar\u00edtima<\/li>\n<li> Seguro organizado<\/li>\n<\/ul>\n<p><strong>Mudan\u00e7as Residenciais<\/strong><\/p>\n<ul>\n<li> Porta a porta<\/li>\n<li> Servi\u00e7o de embalagem completa dispon\u00edvel<\/li>\n<li> Desmontagem e remontagem de m\u00f3veis<\/li>\n<li> Servi\u00e7o de desembalagem dispon\u00edvel<\/li>\n<li> Remo\u00e7\u00e3o de detritos<\/li>\n<li> Ve\u00edculos containers constru\u00eddos sob medida<\/li>\n<li> Armazenamento a longo e curto prazo<\/li>\n<li> Seguro organizado<\/li>\n<\/ul>\n<p><strong>Mudan\u00e7a corporativa<\/strong><\/p>\n<ul>\n<li> Servi\u00e7o porta a porta<\/li>\n<li> Desmontagem e remontagem de m\u00f3veis<\/li>\n<li> Embalagem de servi\u00e7o completo<\/li>\n<li> Rotulagem adequada<\/li>\n<li> Montagem de postos de trabalho<\/li>\n<li> Ap\u00f3s horas e movimentos de fim de semana<\/li>\n<li> Remo\u00e7\u00e3o de detritos<\/li>\n<\/ul>\n<p><strong>Armazenamento<\/strong><\/p>\n<ul>\n<li> Cabines individuais feitas sob medida<\/li>\n<li> Sem p\u00f3, sem cupins, sem odor (controlado por pragas)<\/li>\n<li> Edif\u00edcio RCC com instala\u00e7\u00f5es no primeiro andar<\/li>\n<li> Armaz\u00e9ns pr\u00f3prios<\/li>\n<li> Seguran\u00e7a 24 horas por dia<\/li>\n<li> Vigil\u00e2ncia<\/li>\n<\/ul>\n<h2>Perfil da empresa Leo Packers e Movers<\/h2>\n<p>Leo Packers e Movers abriu suas portas em 1975 em Bangalore, \u00cdndia. A empresa ainda \u00e9 dirigida pela fam\u00edlia fundadora, a Shah's, e agora tem tr\u00eas gera\u00e7\u00f5es trabalhando para ela. A empresa \u00e9 uma empresa independente de realoca\u00e7\u00e3o e \u00e9 conhecida na \u00cdndia como uma das principais empresas para mudan\u00e7as dom\u00e9sticas e corporativas, tanto locais, regionais e internacionais.<\/p>\n<p>A empresa acredita na promo\u00e7\u00e3o e manuten\u00e7\u00e3o de um bom relacionamento com seus clientes. Eles sabem que o custo \u00e9 um fator importante e se esfor\u00e7am para manter os pre\u00e7os baixos, ao mesmo tempo em que mant\u00eam um excelente servi\u00e7o. Leo Packers e Movers dizem que cada mudan\u00e7a \u00e9 diferente e \u00e9 por isso que cada mudan\u00e7a \u00e9 personalizada de acordo com o cliente.<\/p>\n<p>Leo Packers e Movers tem as seguintes credencia\u00e7\u00f5es e afilia\u00e7\u00f5es: \u2013<\/p>\n<ul>\n<li> N\u00e3o mencionado no website da empresa<\/li>\n<\/ul>\n<h2>Revis\u00f5es de Leo Packers e Movers<\/h2>\n<p><strong>Positivo:<\/strong><\/p>\n<ul>\n<li> <em>\"Os membros da equipe n\u00e3o s\u00f3 se conduziram bem, mas tamb\u00e9m se mantiveram fi\u00e9is \u00e0 sua tarefa e foram focados e pacientemente desempenhados\".<\/em> rarami20000 via <a href=\"http:\/\/www.mouthshut.com\/review\/Leo-Packers-and-Movers-Hyderabad-review-mmqtqrslsnm\" target=\"_blank\" rel=\"noopener\">MouthShut.com<\/a>\n<\/ul>\n<p><strong>Negativo:<\/strong><\/p>\n<ul>\n<li> <em>\"Essas pessoas s\u00e3o os piores, primeiro eles v\u00e3o tirar o dinheiro de voc\u00ea e depois disso eles nunca v\u00e3o ouvi-lo\".<\/em> subbu2001978 via <a href=\"http:\/\/www.mouthshut.com\/review\/Leo-Packers-and-Movers-Hyderabad-review-sqtrrrmoqqm\" target=\"_blank\" rel=\"noopener\">MouthShut.com<\/a><\/li>\n<\/ul>\n<div itemprop=\"review\" itemscope itemtype=\"http:\/\/schema.org\/Review\">\n<span itemprop=\"author\" itemscope=\"\" itemtype=\"http:\/\/schema.org\/Organization\"><span itemprop=\"name\">MoverDB.com<\/span><\/span> Revis\u00e3o do site on-line para <span itemprop=\"itemreviewed\" itemscope=\"\" itemtype=\"http:\/\/schema.org\/Brand\"><span itemprop=\"name\">Leo Packers e Movers<\/span><\/span>:<\/p>\n<ol>\n<li> Detalhes claros de contato no website (incluindo n\u00famero de telefone): <strong>Sim<\/strong><\/li>\n<li> F\u00e1cil de obter <a href=\"https:\/\/moverdb.com\/pt\/citacoes\/\">cita\u00e7\u00f5es de mudan\u00e7as internacionais<\/a>? (Formul\u00e1rio de solicita\u00e7\u00e3o de or\u00e7amento on-line): <strong>Sim<\/strong><\/li>\n<li> Informa\u00e7\u00f5es claras no site: <strong>Limitado<\/strong> o site oferece apenas informa\u00e7\u00f5es limitadas sobre seus servi\u00e7os.<\/li>\n<li> Participa\u00e7\u00e3o em organiza\u00e7\u00f5es internacionais de mudan\u00e7as reconhecidas internacionalmente: <strong>N\u00e3o listado<\/strong><\/li>\n<li> Lista de clientes e\/ou depoimentos de clientes anteriores. <strong>N\u00e3o,<\/strong> mas eles t\u00eam uma galeria de fotos.<\/li>\n<\/ol>\n<div itemprop=\"reviewRating\" itemscope itemtype=\"http:\/\/schema.org\/Rating\"><meta itemprop=\"worstRating\" content = \"0\" \/><meta itemprop=\"bestRating\" content=\"5\" \/><meta itemprop=\"ratingValue\" content=\"3\"><\/div>\n<p><strong>Nota geral: 3\/5<\/strong><br \/>\n<strong>Data de revis\u00e3o:<\/strong> <span itemprop=\"datePublished\" content=\"2017-02-01\">01\/02\/2017<\/span>\n<\/div>\n<p>Leia mais sobre <a href=\"https:\/\/moverdb.com\/pt\/mudancas-empresas\/\">empresas de mudan\u00e7as internacionais<\/a> e nosso <a href=\"https:\/\/moverdb.com\/pt\/criticas\/\">processo de revis\u00e3o<\/a>.<\/p>\n<p><strong>Website:<\/strong> <a href=\"http:\/\/www.leopackersindia.com\/\" target=\"_blank\" rel=\"noopener\">http:\/\/www.leopackersindia.com\/<\/a><\/p>","protected":false},"excerpt":{"rendered":"<p>Leo Packers and Movers is based in Bangalore, India. The company offers its customers a wide range of services which are listed below, together with a company profile and reviews. International Moves Door to door Door to terminal Full packing service, fragile items or DIY packing Dismantling and reassembly of furniture Full unpacking service available [&hellip;]<\/p>\n","protected":false},"author":1,"featured_media":0,"parent":0,"menu_order":0,"comment_status":"closed","ping_status":"closed","template":"","meta":{"_genesis_hide_title":false,"_genesis_hide_breadcrumbs":false,"_genesis_hide_singular_image":false,"_genesis_hide_footer_widgets":false,"_genesis_custom_body_class":"","_genesis_custom_post_class":"","_genesis_layout":"","footnotes":""},"class_list":{"0":"post-1568","1":"page","2":"type-page","3":"status-publish","5":"entry"},"_links":{"self":[{"href":"https:\/\/moverdb.com\/pt\/wp-json\/wp\/v2\/pages\/1568","targetHints":{"allow":["GET"]}}],"collection":[{"href":"https:\/\/moverdb.com\/pt\/wp-json\/wp\/v2\/pages"}],"about":[{"href":"https:\/\/moverdb.com\/pt\/wp-json\/wp\/v2\/types\/page"}],"author":[{"embeddable":true,"href":"https:\/\/moverdb.com\/pt\/wp-json\/wp\/v2\/users\/1"}],"replies":[{"embeddable":true,"href":"https:\/\/moverdb.com\/pt\/wp-json\/wp\/v2\/comments?post=1568"}],"version-history":[{"count":3,"href":"https:\/\/moverdb.com\/pt\/wp-json\/wp\/v2\/pages\/1568\/revisions"}],"predecessor-version":[{"id":13170,"href":"https:\/\/moverdb.com\/pt\/wp-json\/wp\/v2\/pages\/1568\/revisions\/13170"}],"wp:attachment":[{"href":"https:\/\/moverdb.com\/pt\/wp-json\/wp\/v2\/media?parent=1568"}],"curies":[{"name":"wp","href":"https:\/\/api.w.org\/{rel}","templated":true}]}}