{"id":1558,"date":"2017-07-10T10:38:01","date_gmt":"2017-07-10T10:38:01","guid":{"rendered":"http:\/\/moverdb.com\/?page_id=1558"},"modified":"2026-01-08T15:20:30","modified_gmt":"2026-01-08T15:20:30","slug":"packimpex","status":"publish","type":"page","link":"https:\/\/moverdb.com\/pt\/packimpex\/","title":{"rendered":"Packimpex - Mudan\u00e7a e Mudan\u00e7a Internacional"},"content":{"rendered":"<p>Packimpex \u00e9 uma recoloca\u00e7\u00e3o e <a href=\"https:\/\/moverdb.com\/pt\/international-removals\/\" data-internallinksmanager029f6b8e52c=\"27\" title=\"36 melhores empresas de mudan\u00e7as internacionais no Reino Unido\">empresa de mudan\u00e7as<\/a> baseado em <a href=\"https:\/\/moverdb.com\/pt\/moving-to-bern\/\" data-internallinksmanager029f6b8e52c=\"262\" title=\"Mudando-se para Berna? 2026 Custos de Vida e Dicas de Mudan\u00e7a\">Berna<\/a>, <a href=\"https:\/\/moverdb.com\/pt\/moving-to-switzerland\/\" data-internallinksmanager029f6b8e52c=\"327\" title=\"Est\u00e1 se mudando para a Su\u00ed\u00e7a? 2026 Custo de vida e dicas de realoca\u00e7\u00e3o\">Su\u00ed\u00e7a<\/a>. Ela oferece a seus clientes uma gama de servi\u00e7os que est\u00e3o listados abaixo, juntamente com um perfil da empresa e avalia\u00e7\u00f5es.<\/p>\n<p><strong>Mudan\u00e7as Internacionais<\/strong><\/p>\n<ul>\n<li> Gerente de mudan\u00e7as dedicado<\/li>\n<li> Servi\u00e7o de embalagem completa, embalagem parcial ou embalagem \"fa\u00e7a voc\u00ea mesmo<\/li>\n<li> Empacotadores multil\u00edng\u00fces<\/li>\n<li> Embalagens reutiliz\u00e1veis e recicl\u00e1veis onde poss\u00edvel<\/li>\n<li> Transporte a\u00e9reo, rodovi\u00e1rio ou mar\u00edtimo<\/li>\n<li> Realoca\u00e7\u00e3o de animais<\/li>\n<li> <a href=\"https:\/\/moverdb.com\/pt\/transporte-de-carro-transporte-embarque\/\">Carros<\/a><\/li>\n<li> Armazenamento a longo e curto prazo<\/li>\n<li> Assist\u00eancia com desembara\u00e7o aduaneiro e documenta\u00e7\u00e3o<\/li>\n<li> Servi\u00e7o completo de desempacotamento dispon\u00edvel<\/li>\n<li> Seguro organizado<\/li>\n<\/ul>\n<p><strong>Servi\u00e7os de Destino - Su\u00ed\u00e7a<\/strong><\/p>\n<ul>\n<li> Consultoria<\/li>\n<li> Servi\u00e7os de imigra\u00e7\u00e3o<\/li>\n<li> Visita de orienta\u00e7\u00e3o<\/li>\n<li> Servi\u00e7o de Chegada<\/li>\n<li> Alojamento tempor\u00e1rio arranjado<\/li>\n<li> Busca em casa<\/li>\n<li> Educa\u00e7\u00e3o e assist\u00eancia \u00e0 inf\u00e2ncia<\/li>\n<li> Assentamento em servi\u00e7os<\/li>\n<li> Programa de apoio \u00e0 integra\u00e7\u00e3o<\/li>\n<li> Carros - importa\u00e7\u00e3o ou compra<\/li>\n<li> Movimentos de grupo<\/li>\n<li> Servi\u00e7os de partida<\/li>\n<\/ul>\n<p><strong>Servi\u00e7os de habita\u00e7\u00e3o empresarial<\/strong><\/p>\n<ul>\n<li> Gest\u00e3o de reservas<\/li>\n<li> Gest\u00e3o de apartamentos<\/li>\n<li> Gest\u00e3o de despesas<\/li>\n<li> Apoio \u00e0 mudan\u00e7a de locat\u00e1rio<\/li>\n<li> Pooling de apartamentos corporativos<\/li>\n<li> Aluguel de m\u00f3veis<\/li>\n<li> Gest\u00e3o de m\u00f3veis<\/li>\n<li> Apartamentos mobiliados da Packimpex<\/li>\n<\/ul>\n<p><strong>Mudan\u00e7as locais<\/strong><\/p>\n<ul>\n<li> Porta a porta<\/li>\n<li> Movimento de servi\u00e7o completo<\/li>\n<li> Movimento de servi\u00e7o limitado<\/li>\n<li> Armazenamento a longo e curto prazo<\/li>\n<li> Servi\u00e7o de desembalagem dispon\u00edvel<\/li>\n<li> Seguro fornecido<\/li>\n<li> Remo\u00e7\u00e3o de detritos<\/li>\n<\/ul>\n<h2>Perfil da Packimpex Company<\/h2>\n<p>A Packimpex come\u00e7ou a se concentrar em mudan\u00e7as internacionais em 1977 e agora \u00e9 a precursora em mudan\u00e7as e realoca\u00e7\u00f5es internacionais na Su\u00ed\u00e7a. A empresa tem dez escrit\u00f3rios em diferentes localidades na Su\u00ed\u00e7a e um em <a href=\"https:\/\/moverdb.com\/pt\/moving-to-germany\/\" data-internallinksmanager029f6b8e52c=\"321\" title=\"Est\u00e1 se mudando para a Alemanha? 2026 Custo de vida e dicas de realoca\u00e7\u00e3o\">Alemanha<\/a>. A Packimpex emprega mais de 300 funcion\u00e1rios, todos os quais dizem ser especialistas em seu pr\u00f3prio campo. A empresa tem sua pr\u00f3pria academia de treinamento a fim de se manter a par das \u00faltimas inova\u00e7\u00f5es dentro da ind\u00fastria de realoca\u00e7\u00e3o e mudan\u00e7a.<\/p>\n<p>Mais de 60% das 100 maiores empresas da Su\u00ed\u00e7a utilizam Packimpex para suas mudan\u00e7as locais e recoloca\u00e7\u00e3o de pessoal. A Packimpex faz parte da Rede de Realoca\u00e7\u00e3o UniGroup, que lhe d\u00e1 acesso a empresas de mudan\u00e7a em 63 pa\u00edses e 1200 localidades. A empresa tamb\u00e9m possui 40 apartamentos mobiliados nas principais cidades da Su\u00ed\u00e7a, que s\u00e3o arrendados a empresas e seu pessoal no exterior.<\/p>\n<p>A Packimpex se orgulha de seu modelo de neg\u00f3cios ecologicamente correto e recicla suas embalagens sempre que poss\u00edvel. Ela tem v\u00e1rios projetos de compensa\u00e7\u00e3o de carbono em andamento em todos os momentos, a fim de reduzir a pegada de carbono da empresa.<\/p>\n<p>Packimpex tem as seguintes credencia\u00e7\u00f5es e afilia\u00e7\u00f5es:<\/p>\n<ul>\n<li> <a href=\"https:\/\/moverdb.com\/pt\/fidi-faim\/\">FIDI<\/a><\/li>\n<li> <a href=\"https:\/\/moverdb.com\/pt\/fidi-faim\/\" data-internallinksmanager029f6b8e52c=\"16\" title=\"FIDI &amp; FAIM (FIDI Accredited International Mover) Explicado\">FAIM<\/a>-ISO<\/li>\n<li> Rede de Reloca\u00e7\u00e3o UniGroup<\/li>\n<li> OMNI<\/li>\n<li> <a href=\"https:\/\/moverdb.com\/pt\/conselho-de-funcionarios-relocacao\/\">Conselho de Reloca\u00e7\u00e3o de Emprego<\/a> (<a href=\"https:\/\/moverdb.com\/pt\/employee-relocation-council\/\" data-internallinksmanager029f6b8e52c=\"83\" title=\"Conselho Mundial de Realoca\u00e7\u00e3o de Empregados (ERC) Explicado\">ERC<\/a>)<\/li>\n<li> <a href=\"https:\/\/moverdb.com\/pt\/eura\/\">Associa\u00e7\u00e3o Europ\u00e9ia de Deslocaliza\u00e7\u00e3o<\/a> (<a href=\"https:\/\/moverdb.com\/pt\/eura\/\" data-internallinksmanager029f6b8e52c=\"13\" title=\"Associa\u00e7\u00e3o Europ\u00e9ia de Deslocaliza\u00e7\u00e3o (EuRA) Explicada\">EURA<\/a>)<\/li>\n<li> ISO 9001<\/li>\n<li> ISO 14001<\/li>\n<li> ISO 27001<\/li>\n<\/ul>\n<h2>Revis\u00f5es Packimpex<\/h2>\n<p><strong>Positivo:<\/strong><\/p>\n<p><em>\"Esses caras eram \u00f3timos. Eu n\u00e3o tenho id\u00e9ia do <a href=\"https:\/\/moverdb.com\/pt\/custos-de-mudanca\/\" target=\"_blank\" rel=\"noopener\">custo<\/a> como a empresa cuidou disso, mas o cuidado que tiveram ao embalar minha casa em <a href=\"https:\/\/moverdb.com\/pt\/moving-to-london\/\" target=\"_blank\" rel=\"noopener\">Londres<\/a> e o cuidado que tiveram em remontar tudo deste lado foi grande\".<\/em> - via <a href=\"https:\/\/www.englishforum.ch\/housing-general\/131431-packimpex-review.html\" target=\"_blank\" rel=\"noopener\">F\u00f3rum Ingl\u00eas Su\u00ed\u00e7a<\/a><\/p>\n<p><strong>Negativo: <\/strong><\/p>\n<p><em>\"Tratamento extremamente deficiente dos preparativos de partida\"<\/em> - Anu via <a href=\"https:\/\/www.facebook.com\/pg\/packimpex\/reviews\/?ref=page_internal\" target=\"_blank\" rel=\"noopener\">Facebook<\/a><\/p>\n<div itemprop=\"review\" itemscope itemtype=\"http:\/\/schema.org\/Review\">\n<span itemprop=\"author\" itemscope=\"\" itemtype=\"http:\/\/schema.org\/Organization\"><span itemprop=\"name\">MoverDB.com<\/span><\/span> Revis\u00e3o do site on-line para <span itemprop=\"itemreviewed\" itemscope=\"\" itemtype=\"http:\/\/schema.org\/Brand\"><span itemprop=\"name\">Packimpex<\/span><\/span>:<\/p>\n<ol>\n<li> Detalhes claros de contato no website (incluindo n\u00famero de telefone): <strong>Sim<\/strong><\/li>\n<li> F\u00e1cil de obter <a href=\"https:\/\/moverdb.com\/pt\/citacoes\/\">cita\u00e7\u00f5es de mudan\u00e7as internacionais<\/a>? (Formul\u00e1rio de solicita\u00e7\u00e3o de or\u00e7amento on-line): <strong>Sim<\/strong><\/li>\n<li> Informa\u00e7\u00f5es claras no site: <strong>Sim,<\/strong> O site apresenta claramente todos os servi\u00e7os que eles oferecem.<\/li>\n<li> Participa\u00e7\u00e3o em organiza\u00e7\u00f5es internacionais de mudan\u00e7as reconhecidas: <strong>Sim<\/strong>(ver acima)<\/li>\n<li> Lista de clientes e\/ou depoimentos de clientes anteriores. <strong>N\u00e3o,<\/strong> mas a maioria das an\u00e1lises on-line para a empresa parecem ser positivas.<\/li>\n<\/ol>\n<div itemprop=\"reviewRating\" itemscope itemtype=\"http:\/\/schema.org\/Rating\"><meta itemprop=\"worstRating\" content = \"0\" \/><meta itemprop=\"bestRating\" content=\"5\" \/><meta itemprop=\"ratingValue\" content=\"4.5\"><\/div>\n<p><strong>Nota geral: 4,5\/5<\/strong><br \/>\n<strong>Data de revis\u00e3o:<\/strong> <span itemprop=\"datePublished\" content=\"2017-07-10\">10\/07\/2017<\/span>\n<\/div>\n<p>Leia mais sobre <a href=\"https:\/\/moverdb.com\/pt\/mudancas-empresas\/\">empresas de mudan\u00e7as internacionais<\/a> e nosso <a href=\"https:\/\/moverdb.com\/pt\/criticas\/\">processo de revis\u00e3o explicado<\/a>.<\/p>\n<p><strong>Website:<\/strong> <a href=\"http:\/\/www.packimpex.ch\/\" target=\"_blank\" rel=\"noopener\">http:\/\/www.packimpex.ch\/<\/a><\/p>","protected":false},"excerpt":{"rendered":"<p>Packimpex is a relocation and removal company based in Bern, Switzerland. It offers its clients a range of services which are listed below, together with a company profile and reviews. International Moves Dedicated move manager Full packing service, partial packing or DIY packing Multilingual packers Reusable and recyclable packing where possible Air, road or sea [&hellip;]<\/p>\n","protected":false},"author":1,"featured_media":0,"parent":0,"menu_order":0,"comment_status":"closed","ping_status":"closed","template":"","meta":{"_genesis_hide_title":false,"_genesis_hide_breadcrumbs":false,"_genesis_hide_singular_image":false,"_genesis_hide_footer_widgets":false,"_genesis_custom_body_class":"","_genesis_custom_post_class":"","_genesis_layout":"","footnotes":""},"class_list":{"0":"post-1558","1":"page","2":"type-page","3":"status-publish","5":"entry"},"_links":{"self":[{"href":"https:\/\/moverdb.com\/pt\/wp-json\/wp\/v2\/pages\/1558","targetHints":{"allow":["GET"]}}],"collection":[{"href":"https:\/\/moverdb.com\/pt\/wp-json\/wp\/v2\/pages"}],"about":[{"href":"https:\/\/moverdb.com\/pt\/wp-json\/wp\/v2\/types\/page"}],"author":[{"embeddable":true,"href":"https:\/\/moverdb.com\/pt\/wp-json\/wp\/v2\/users\/1"}],"replies":[{"embeddable":true,"href":"https:\/\/moverdb.com\/pt\/wp-json\/wp\/v2\/comments?post=1558"}],"version-history":[{"count":4,"href":"https:\/\/moverdb.com\/pt\/wp-json\/wp\/v2\/pages\/1558\/revisions"}],"predecessor-version":[{"id":6228,"href":"https:\/\/moverdb.com\/pt\/wp-json\/wp\/v2\/pages\/1558\/revisions\/6228"}],"wp:attachment":[{"href":"https:\/\/moverdb.com\/pt\/wp-json\/wp\/v2\/media?parent=1558"}],"curies":[{"name":"wp","href":"https:\/\/api.w.org\/{rel}","templated":true}]}}