{"id":1548,"date":"2017-02-01T15:00:53","date_gmt":"2017-02-01T15:00:53","guid":{"rendered":"http:\/\/moverdb.com\/?page_id=1548"},"modified":"2026-01-08T15:20:43","modified_gmt":"2026-01-08T15:20:43","slug":"sirva","status":"publish","type":"page","link":"https:\/\/moverdb.com\/pt\/sirva\/","title":{"rendered":"SIRVA - Revis\u00e3o de Mudan\u00e7as e Realoca\u00e7\u00f5es Internacionais"},"content":{"rendered":"<p>A SIRVA \u00e9 uma empresa global de realoca\u00e7\u00e3o com sede em <a href=\"https:\/\/moverdb.com\/pt\/moving-to-the-united-states\/moving-to-illinois\/\" data-internallinksmanager029f6b8e52c=\"401\" title=\"Mudan\u00e7a para Illinois? 2026 Custo de vida e dicas de realoca\u00e7\u00e3o\">Illinois<\/a>. Ela oferece a seus clientes corporativos e individuais uma variedade de servi\u00e7os de mudan\u00e7a. Esses servi\u00e7os est\u00e3o listados abaixo, juntamente com o perfil da empresa e as avalia\u00e7\u00f5es.<\/p>\n<p><strong>Mudan\u00e7as Internacionais<\/strong><\/p>\n<ul>\n<li> Rede mundial de recursos m\u00f3veis<\/li>\n<li> Rastreie seu embarque 24 horas por dia, 7 dias por semana<\/li>\n<li> Vistoria domiciliar para verificar os requisitos de embalagem, etc.<\/li>\n<li> Seguro organizado<\/li>\n<li> O coordenador pessoal ajudar\u00e1 com a documenta\u00e7\u00e3o necess\u00e1ria<\/li>\n<li> Embalagem e carregamento<\/li>\n<li> Desembara\u00e7o aduaneiro<\/li>\n<li> Entrega e desempacotamento<\/li>\n<li> Os l\u00edderes de tripula\u00e7\u00e3o de l\u00edngua inglesa estar\u00e3o dispon\u00edveis para ajud\u00e1-lo na entrega<\/li>\n<li> Todos os itens ser\u00e3o cuidadosamente descarregados e verificados com sua lista de invent\u00e1rio e ser\u00e3o colocados nas salas corretas<\/li>\n<li> Itens fr\u00e1geis, tais como vidro e <a href=\"https:\/\/moverdb.com\/pt\/moving-to-china\/\" data-internallinksmanager029f6b8e52c=\"357\" title=\"Est\u00e1 se mudando para a China? 2026 Custo de vida e dicas de realoca\u00e7\u00e3o\">porcelana<\/a>ser\u00e3o desempacotados em superf\u00edcies planas<\/li>\n<li> Todos os materiais de embalagem e detritos ser\u00e3o rapidamente removidos de sua casa<\/li>\n<\/ul>\n<p><strong>Servi\u00e7os de Reloca\u00e7\u00e3o Corporativa<\/strong><\/p>\n<ul>\n<li> Assentamento em servi\u00e7os<\/li>\n<li> Vistos e permiss\u00f5es de trabalho<\/li>\n<li> Busca de escolas e casas<\/li>\n<li> Informa\u00e7\u00f5es culturais<\/li>\n<li> Assist\u00eancia ao parceiro\/c\u00f4njuge<\/li>\n<li> Embalagem especializada<\/li>\n<\/ul>\n<p><strong>Servi\u00e7os de mudan\u00e7a<\/strong><\/p>\n<ul>\n<li> Mudan\u00e7a de casa<\/li>\n<li> Mudan\u00e7a corporativa<\/li>\n<li> Mudan\u00e7a local<\/li>\n<li> Movimento interestadual<\/li>\n<li> Mudan\u00e7a internacional<\/li>\n<li> Plano de mudan\u00e7a pessoal<\/li>\n<\/ul>\n<h2>Perfil da empresa SIRVA<\/h2>\n<p>A Sirva Inc foi constitu\u00edda em 1997 e \u00e9 uma empresa que fornece servi\u00e7os de mudan\u00e7a e realoca\u00e7\u00e3o para empresas e indiv\u00edduos. Ela opera em mais de 170 pa\u00edses em mais de 1.400 cidades e suas marcas norte-americanas incluem <a href=\"https:\/\/moverdb.com\/pt\/allied-van-lines\/\">Linhas de Van Lines Aliadas<\/a> e <a href=\"https:\/\/moverdb.com\/pt\/linhas-norte-american-van-lines\/\">Linhas de Van da Am\u00e9rica do Norte<\/a>.<\/p>\n<p>A Sirva realiza cerca de 385.000 relocaliza\u00e7\u00f5es por ano em 43 pa\u00edses ao redor do mundo. Estes incluem clientes corporativos, bem como pessoal militar e do governo.<\/p>\n<p>A Sirva tem as seguintes credencia\u00e7\u00f5es e afilia\u00e7\u00f5es:<\/p>\n<ul>\n<li> <a href=\"https:\/\/moverdb.com\/pt\/iam\/\">Associa\u00e7\u00e3o Internacional de Movers<\/a> (<a href=\"https:\/\/moverdb.com\/pt\/iam\/\" data-internallinksmanager029f6b8e52c=\"23\" title=\"Associa\u00e7\u00e3o Internacional de Remotores (IAM) Explicado\">IAM<\/a>)<\/li>\n<\/ul>\n<h2>Revis\u00f5es SIRVA<\/h2>\n<p><strong>Positivo:<\/strong><\/p>\n<ul>\n<li> <em>\"Meu marido e eu tivemos uma experi\u00eancia maravilhosa usando a hipoteca Sirva para nossa recente recoloca\u00e7\u00e3o\".<\/em> Karlee via <a href=\"https:\/\/www.reputada.com\/company\/sirva.com\" target=\"_blank\" rel=\"noopener\">Reputada<\/a>.\n<\/ul>\n<p><strong>Negativo:<\/strong><\/p>\n<ul>\n<li> <em>\"Todos juntos para que minha resposta n\u00e3o seja vista como qualquer tipo de \"difama\u00e7\u00e3o\", eu me esfor\u00e7arei ao m\u00e1ximo para apenas descrever o que aconteceu, tentando usar como um par de palavras entusiastas como poderia ser razoavelmente esperado\". <\/em> - Lilaora via <a href=\"https:\/\/www.trulia.com\/voices\/Home_Selling\/Has_anyone_dealt_with_a_relocation_firm_called_SIR-29232\" target=\"_blank\" rel=\"noopener\">Trulia<\/a>.\n<\/ul>\n<p>Para as marcas SIRVA voc\u00ea tamb\u00e9m deve ler <a href=\"https:\/\/moverdb.com\/pt\/allied-van-lines\/\">Revis\u00f5es da Allied Van Lines<\/a> e <a href=\"https:\/\/moverdb.com\/pt\/linhas-norte-american-van-lines\/\">Revis\u00f5es das Linhas de Van da Am\u00e9rica do Norte<\/a>.<\/p>\n<div itemprop=\"review\" itemscope itemtype=\"http:\/\/schema.org\/Review\">\n<span itemprop=\"author\" itemscope=\"\" itemtype=\"http:\/\/schema.org\/Organization\"><span itemprop=\"name\">MoverDB.com<\/span><\/span> Revis\u00e3o do site on-line para <span itemprop=\"itemreviewed\" itemscope=\"\" itemtype=\"http:\/\/schema.org\/Brand\"><span itemprop=\"name\">SIRVA<\/span><\/span>:<\/p>\n<ol>\n<li> Detalhes claros de contato no website (incluindo n\u00famero de telefone): <strong>Sim<\/strong><\/li>\n<li> F\u00e1cil de obter <a href=\"https:\/\/moverdb.com\/pt\/citacoes\/\">cita\u00e7\u00f5es de mudan\u00e7as internacionais<\/a>? (Formul\u00e1rio de solicita\u00e7\u00e3o de or\u00e7amento on-line): <strong>Sim<\/strong><\/li>\n<li> Informa\u00e7\u00f5es claras no site: <strong>Sim,<\/strong> O site apresenta claramente todos os servi\u00e7os que eles oferecem.<\/li>\n<li> Participa\u00e7\u00e3o em organiza\u00e7\u00f5es internacionais de mudan\u00e7as reconhecidas internacionalmente: <strong>Sim<\/strong>(embora apenas IAM)<\/li>\n<li> Lista de clientes e\/ou depoimentos de clientes anteriores. <strong>Sim,<\/strong> eles t\u00eam uma se\u00e7\u00e3o de estudos de caso em seu site. No entanto, h\u00e1 um n\u00famero limitado de revis\u00f5es de toda a web, sendo a maioria neutra ou negativa.<\/li>\n<\/ol>\n<div itemprop=\"reviewRating\" itemscope itemtype=\"http:\/\/schema.org\/Rating\"><meta itemprop=\"worstRating\" content = \"0\" \/><meta itemprop=\"bestRating\" content=\"5\" \/><meta itemprop=\"ratingValue\" content=\"4.5\"><\/div>\n<p><strong>Nota geral: 4,5\/5<\/strong><br \/>\n<strong>Data de revis\u00e3o:<\/strong> <span itemprop=\"datePublished\" content=\"2016-02-01\">01\/02\/2017<\/span>\n<\/div>\n<p>Leia mais sobre <a href=\"https:\/\/moverdb.com\/pt\/mudancas-empresas\/\">mudan\u00e7as internacionais<\/a> e nosso <a href=\"https:\/\/moverdb.com\/pt\/criticas\/\">processo de revis\u00e3o<\/a>.<\/p>\n<p><strong>Website:<\/strong> <a href=\"https:\/\/www.sirva.com\/\" target=\"_blank\" rel=\"noopener\">https:\/\/www.sirva.com\/<\/a> <\/p>","protected":false},"excerpt":{"rendered":"<p>SIRVA is a global relocation company with its head office in Illinois. It offers its corporate and individual clients a variety of moving services. These are listed below together with a company profile and reviews. International Moving Worldwide network of moving resources Track your shipment 24\/7 House survey to ascertain packing requirements etc Insurance arranged [&hellip;]<\/p>\n","protected":false},"author":1,"featured_media":0,"parent":0,"menu_order":0,"comment_status":"closed","ping_status":"closed","template":"","meta":{"_genesis_hide_title":false,"_genesis_hide_breadcrumbs":false,"_genesis_hide_singular_image":false,"_genesis_hide_footer_widgets":false,"_genesis_custom_body_class":"","_genesis_custom_post_class":"","_genesis_layout":"","footnotes":""},"class_list":{"0":"post-1548","1":"page","2":"type-page","3":"status-publish","5":"entry"},"_links":{"self":[{"href":"https:\/\/moverdb.com\/pt\/wp-json\/wp\/v2\/pages\/1548","targetHints":{"allow":["GET"]}}],"collection":[{"href":"https:\/\/moverdb.com\/pt\/wp-json\/wp\/v2\/pages"}],"about":[{"href":"https:\/\/moverdb.com\/pt\/wp-json\/wp\/v2\/types\/page"}],"author":[{"embeddable":true,"href":"https:\/\/moverdb.com\/pt\/wp-json\/wp\/v2\/users\/1"}],"replies":[{"embeddable":true,"href":"https:\/\/moverdb.com\/pt\/wp-json\/wp\/v2\/comments?post=1548"}],"version-history":[{"count":5,"href":"https:\/\/moverdb.com\/pt\/wp-json\/wp\/v2\/pages\/1548\/revisions"}],"predecessor-version":[{"id":6239,"href":"https:\/\/moverdb.com\/pt\/wp-json\/wp\/v2\/pages\/1548\/revisions\/6239"}],"wp:attachment":[{"href":"https:\/\/moverdb.com\/pt\/wp-json\/wp\/v2\/media?parent=1548"}],"curies":[{"name":"wp","href":"https:\/\/api.w.org\/{rel}","templated":true}]}}