{"id":1542,"date":"2017-02-01T16:45:14","date_gmt":"2017-02-01T16:45:14","guid":{"rendered":"http:\/\/moverdb.com\/?page_id=1542"},"modified":"2026-01-08T15:30:38","modified_gmt":"2026-01-08T15:30:38","slug":"vip-transportes","status":"publish","type":"page","link":"https:\/\/moverdb.com\/pt\/vip-transport\/","title":{"rendered":"Transporte VIP - Revis\u00f5es de Mudan\u00e7as Internacionais"},"content":{"rendered":"<p>A sede da VIP Transport est\u00e1 localizada em Corona, CA. A empresa oferece a seus clientes uma variedade de servi\u00e7os de mudan\u00e7a que est\u00e3o listados abaixo, juntamente com um perfil e an\u00e1lises da empresa.<\/p>\n<p><strong>Mudan\u00e7as Internacionais<\/strong><\/p>\n<p>Servi\u00e7os de pr\u00e9-atribui\u00e7\u00e3o<\/p>\n<ul>\n<li>Servi\u00e7os de vistos e imigra\u00e7\u00e3o<\/li>\n<li>Pr\u00e9-visualiza\u00e7\u00e3o da viagem e orienta\u00e7\u00e3o da \u00e1rea<\/li>\n<li>Informa\u00e7\u00f5es sobre o pa\u00eds e a cultura<\/li>\n<\/ul>\n<p>Servi\u00e7os de mudan\u00e7a<\/p>\n<ul>\n<li>Planejamento pr\u00e9-movimento<\/li>\n<li>Transporte de pertences<\/li>\n<li>Gerenciando a mudan\u00e7a<\/li>\n<li>Rastreamento de embarque<\/li>\n<\/ul>\n<p>Servi\u00e7os de Destino Internacional<\/p>\n<ul>\n<li>Treinamento cultural e lingu\u00edstico<\/li>\n<li>Assist\u00eancia escolar<\/li>\n<li>Apoio ao parceiro\/c\u00f4njuge<\/li>\n<li>Assentamento em servi\u00e7o<\/li>\n<li>Assist\u00eancia \u00e0 partida<\/li>\n<\/ul>\n<p>Servi\u00e7os de prote\u00e7\u00e3o<\/p>\n<ul>\n<li>Multiplicador de peso<\/li>\n<li>Invent\u00e1rio de alto valor<\/li>\n<li>Estoque valorizado e detalhado<\/li>\n<\/ul>\n<p>Assist\u00eancia habitacional<\/p>\n<ul>\n<li>Servi\u00e7os de busca domiciliar<\/li>\n<li>Alojamento tempor\u00e1rio<\/li>\n<li>Gest\u00e3o de propriedade e inquilinato<\/li>\n<\/ul>\n<p><strong>Home Relocaliza\u00e7\u00f5es<\/strong><\/p>\n<ul>\n<li>Mudan\u00e7as locais, de longa dist\u00e2ncia e internacionais<\/li>\n<li>Armazenagem e armazenagem climatizada<\/li>\n<li>Engradado personalizado<\/li>\n<li>Servi\u00e7os de embalagem e desempacotamento<\/li>\n<li>Transporte automotivo<\/li>\n<li>Rede, PC e teatro<\/li>\n<li>Servi\u00e7os imobili\u00e1rios<\/li>\n<li>Servi\u00e7os de luvas brancas<\/li>\n<\/ul>\n<p><strong>Mudan\u00e7a corporativa<\/strong><\/p>\n<ul>\n<li>Coordenador pessoal<\/li>\n<li>Porta a porta<\/li>\n<li>Servi\u00e7o completo de embalagem e desempacotamento<\/li>\n<li>Armazenamento a longo e curto prazo<\/li>\n<li>Relat\u00f3rio abrangente e acompanhamento de despesas<\/li>\n<li>Ofertas de servi\u00e7os por n\u00edveis<\/li>\n<li>Servi\u00e7os flex\u00edveis para gastos baseados em subs\u00eddios<\/li>\n<li>Folhetos de boas-vindas personalizados<\/li>\n<li>Rastreamento on-line<\/li>\n<li>Gerente de conta dedicado exclusivamente aos funcion\u00e1rios<\/li>\n<li>Alojamento tempor\u00e1rio<\/li>\n<\/ul>\n<p><strong>Servi\u00e7os especializados<\/strong><\/p>\n<ul>\n<li>Servi\u00e7os de Mudan\u00e7a e Expedi\u00e7\u00e3o de Vinhos<\/li>\n<li>Crating personalizado<\/li>\n<li>Servi\u00e7o de luvas brancas<\/li>\n<li>Coletores de alto valor<\/li>\n<li>Transporte de equipamentos m\u00e9dicos<\/li>\n<li>Eletr\u00f4nica e rob\u00f3tica<\/li>\n<li>Hospitalidade e sa\u00fade<\/li>\n<li>Musical e entretenimento<\/li>\n<li>Log\u00edstica aeroespacial<\/li>\n<li>Realoca\u00e7\u00e3o de Atletas e Equipes Esportivas<\/li>\n<li>Servi\u00e7o para as Ilhas Hava\u00ed<\/li>\n<li>Movimenta\u00e7\u00e3o em laborat\u00f3rio<\/li>\n<li>Belas artes e antiguidades<\/li>\n<li>Militares e GSA<\/li>\n<li>Mudan\u00e7as universit\u00e1rias e acad\u00eamicas<\/li>\n<\/ul>\n<p><strong>Log\u00edstica<\/strong><\/p>\n<ul>\n<li>Log\u00edstica\/ LTL\/ Carga de caminh\u00e3o<\/li>\n<li>Armazenagem e distribui\u00e7\u00e3o<\/li>\n<li>Capacidades da frota<\/li>\n<li>Servi\u00e7os em feiras comerciais<\/li>\n<li>Relocaliza\u00e7\u00e3o comercial<\/li>\n<li>Servi\u00e7os de cama plana<\/li>\n<li>Servi\u00e7os de rigidez<\/li>\n<li><a href=\"https:\/\/moverdb.com\/pt\/container-shipping\/\" data-internallinksmanager029f6b8e52c=\"3\" title=\"Gr\u00e1fico de taxas de transporte internacional de cont\u00eaineres: Abril de 2026\">Transporte mar\u00edtimo internacional<\/a><\/li>\n<\/ul>\n<p><strong>Armazenamento<\/strong><\/p>\n<ul>\n<li>Longo e curto prazo<\/li>\n<li>Controle clim\u00e1tico com ilumina\u00e7\u00e3o UV m\u00ednima<\/li>\n<li>Armazenamento privado de vinho<\/li>\n<li>Seguran\u00e7a 24 horas<\/li>\n<li>Testes rigorosos de inc\u00eandio, alarme e seguran\u00e7a<\/li>\n<li>Salas privadas climatizadas dispon\u00edveis com sistemas de entrada de c\u00f3digo seguro<\/li>\n<\/ul>\n<h2>Perfil da Empresa de Transporte VIP<\/h2>\n<p>A VIP Transport faz parte do UniGroup, que \u00e9 a empresa matriz da <a href=\"https:\/\/moverdb.com\/pt\/mayflower-transit\/\">Tr\u00e2nsito Mayflower<\/a> e <a href=\"https:\/\/moverdb.com\/pt\/united-van-lines\/\">Linhas de Van United<\/a>. A empresa, que come\u00e7ou em 1982, transporta pessoas e mercadorias em todo o mundo, utilizando a rede de ag\u00eancias do UniGroup. <\/p>\n<p>No <a href=\"https:\/\/moverdb.com\/pt\/moving-to-the-united-states\/\" data-internallinksmanager029f6b8e52c=\"94\" title=\"Mudando-se para os Estados Unidos? 2026 Custos de Vida e Dicas de Reloca\u00e7\u00e3o\">Estados Unidos<\/a> s\u00f3, h\u00e1 1.100 agentes para convocar e, internacionalmente, h\u00e1 mais de 1.350 agentes. A VIP Transport tamb\u00e9m tem acesso a 46 milh\u00f5es de metros quadrados de armazenagem, dos quais 7 milh\u00f5es s\u00e3o climatizados.<\/p>\n<p>A VIP Transport opera uma frota especializada de ve\u00edculos que inclui reboques climatizados, furg\u00f5es de laborat\u00f3rio movidos a gerador e camas planas com capacidades especiais de carga. A empresa segue um rigoroso programa verde, a fim de minimizar sua pegada de carbono.<br \/>\nA VIP Transport tem as seguintes credencia\u00e7\u00f5es e filia\u00e7\u00f5es:<\/p>\n<ul>\n<li> <a href=\"https:\/\/moverdb.com\/pt\/amsa\/\">Associa\u00e7\u00e3o Americana de Mudan\u00e7as e Armazenamento<\/a> (<a href=\"https:\/\/moverdb.com\/pt\/amsa\/\" data-internallinksmanager029f6b8e52c=\"5\" title=\"American Moving &amp; Storage Association (AMSA) Explicada\">AMSA<\/a>)<\/li>\n<li> <a href=\"https:\/\/moverdb.com\/pt\/rim-promover\/\">ProMover<\/a><\/li>\n<li> Better Business Bureau (BBB) A+<\/li>\n<li> Certificado WBENC<\/li>\n<li> ISO 9001<\/li>\n<\/ul>\n<h2>Revis\u00f5es de Transporte VIP<\/h2>\n<p><strong>Positivo:<\/strong><\/p>\n<ul>\n<li> <em>\"O <a href=\"https:\/\/moverdb.com\/pt\/moving-to-los-angeles\/\">Los Angeles<\/a> Clippers e VIP Transport t\u00eam tido uma rela\u00e7\u00e3o maravilhosa ao longo dos anos. Eles sempre estiveram prontos para nos ajudar com as jogadas de v\u00e1rios jogadores-chave e o fizeram sem uma reclama\u00e7\u00e3o de nenhum dos jogadores\".<\/em> - via <a href=\"http:\/\/www.viptransport.com\/testimonials\/\" target=\"_blank\" rel=\"noopener\">depoimento da empresa<\/a> p\u00e1gina.<\/li>\n<li> <em>\"Estes caras recebem um 10 em 10.  Desde o primeiro ponto de contato, at\u00e9 quando o trabalho foi conclu\u00eddo, recebemos o \"Servi\u00e7o A-1\".  \u201c<\/em> - Robert via <a href=\"https:\/\/www.yelp.com\/biz\/vip-transport-corona-6?hrid=nuC3r_2wy6HRLOm4owqitg&#038;utm_campaign=www_review_share_popup&#038;utm_medium=copy_link&#038;utm_source=(direct)\" target=\"_blank\" rel=\"noopener\">Yelp<\/a><\/li>\n<li> <em>\"Eu tive uma grande experi\u00eancia com VIP!\"<\/em> - Michelle via <a href=\"https:\/\/www.mymovingreviews.com\/movers\/vip-transport-781#53376\" target=\"_blank\" rel=\"noopener\">MyMovingReviews<\/a><\/li>\n<\/ul>\n<p><strong>Negativo:<\/strong><\/p>\n<ul>\n<li><em>\"Quem me dera poder dar-lhes zero estrelas\".<\/em> - Nancy T via <a href=\"https:\/\/www.yelp.com\/biz\/vip-transport-corona-6?hrid=DvJSu2LKWnFvj2WuqZXtoQ&#038;utm_campaign=www_review_share_popup&#038;utm_medium=copy_link&#038;utm_source=(direct)\" target=\"_blank\" rel=\"noopener\">Yelp<\/a><\/li>\n<li> <em>\"Escolhi Mayflower\/VIP Transport por causa do representante que veio para fazer uma estimativa no local. Suas explica\u00e7\u00f5es fizeram o maior sentido para mim a partir de outras estimativas. No entanto, como se verificou, sua estimativa de peso era de 6.000 libras acima do que meu peso real acabou sendo\".<\/em> - Ruthie via <a href=\"https:\/\/www.mymovingreviews.com\/movers\/vip-transport-781#50382\" target=\"_blank\" rel=\"noopener\">MyMovingReviews<\/a><\/li>\n<\/ul>\n<div itemprop=\"review\" itemscope itemtype=\"http:\/\/schema.org\/Review\">\n<span itemprop=\"author\" itemscope=\"\" itemtype=\"http:\/\/schema.org\/Organization\"><span itemprop=\"name\">MoverDB.com<\/span><\/span> Revis\u00e3o do site on-line para <span itemprop=\"itemreviewed\" itemscope=\"\" itemtype=\"http:\/\/schema.org\/Brand\"><span itemprop=\"name\">Transporte VIP<\/span><\/span>:<\/p>\n<ol>\n<li> Detalhes claros de contato no website (incluindo n\u00famero de telefone): <strong>Sim<\/strong><\/li>\n<li> F\u00e1cil de obter <a href=\"https:\/\/moverdb.com\/pt\/citacoes\/\">cita\u00e7\u00f5es de mudan\u00e7as internacionais<\/a>? (Formul\u00e1rio de solicita\u00e7\u00e3o de or\u00e7amento on-line): <strong>Sim<\/strong><\/li>\n<li> Informa\u00e7\u00f5es claras no site: <strong>Sim,<\/strong> o site cont\u00e9m muitas informa\u00e7\u00f5es detalhadas em movimento.<\/li>\n<li> Participa\u00e7\u00e3o em organiza\u00e7\u00f5es internacionais de mudan\u00e7as reconhecidas internacionalmente: <strong>Sim<\/strong>(ver acima)<\/li>\n<li> Lista de clientes e\/ou depoimentos de clientes anteriores. <strong>Sim,<\/strong> muitos testemunhos positivos de clientes podem ser encontrados em seu website e eles t\u00eam, em sua maioria, cr\u00edticas positivas em outros lugares na web.<\/li>\n<\/ol>\n<div itemprop=\"reviewRating\" itemscope itemtype=\"http:\/\/schema.org\/Rating\"><meta itemprop=\"worstRating\" content = \"0\" \/><meta itemprop=\"bestRating\" content=\"5\" \/><meta itemprop=\"ratingValue\" content=\"5\"><\/div>\n<p><strong>Nota geral: 5\/5<\/strong><br \/>\n<strong>Data de revis\u00e3o:<\/strong> <span itemprop=\"datePublished\" content=\"2017-02-01\">01\/02\/2017<\/span>\n<\/div>\n<p>Leia mais sobre <a href=\"https:\/\/moverdb.com\/pt\/mudancas-empresas\/\">empresas de mudan\u00e7as internacionais<\/a> e nosso <a href=\"https:\/\/moverdb.com\/pt\/criticas\/\">processo de revis\u00e3o<\/a>.<\/p>\n<p><strong>Sites da Web:<\/strong> <a href=\"http:\/\/www.viptransport.com\/\" target=\"_blank\" rel=\"noopener\">http:\/\/www.viptransport.com\/<\/a><\/p>","protected":false},"excerpt":{"rendered":"<p>VIP Transport&#8217;s head office is in Corona, CA. The company offers its clients a variety of moving services which are listed below, together with a company profile and reviews. International Moves Pre-assignment Services Visa and immigration services Preview trip and area orientation Country and culture information Moving Services Pre-move planning Transportation of belongings Managing the [&hellip;]<\/p>\n","protected":false},"author":1,"featured_media":0,"parent":0,"menu_order":0,"comment_status":"closed","ping_status":"closed","template":"","meta":{"_genesis_hide_title":false,"_genesis_hide_breadcrumbs":false,"_genesis_hide_singular_image":false,"_genesis_hide_footer_widgets":false,"_genesis_custom_body_class":"","_genesis_custom_post_class":"","_genesis_layout":"","footnotes":""},"class_list":{"0":"post-1542","1":"page","2":"type-page","3":"status-publish","5":"entry"},"_links":{"self":[{"href":"https:\/\/moverdb.com\/pt\/wp-json\/wp\/v2\/pages\/1542","targetHints":{"allow":["GET"]}}],"collection":[{"href":"https:\/\/moverdb.com\/pt\/wp-json\/wp\/v2\/pages"}],"about":[{"href":"https:\/\/moverdb.com\/pt\/wp-json\/wp\/v2\/types\/page"}],"author":[{"embeddable":true,"href":"https:\/\/moverdb.com\/pt\/wp-json\/wp\/v2\/users\/1"}],"replies":[{"embeddable":true,"href":"https:\/\/moverdb.com\/pt\/wp-json\/wp\/v2\/comments?post=1542"}],"version-history":[{"count":5,"href":"https:\/\/moverdb.com\/pt\/wp-json\/wp\/v2\/pages\/1542\/revisions"}],"predecessor-version":[{"id":6250,"href":"https:\/\/moverdb.com\/pt\/wp-json\/wp\/v2\/pages\/1542\/revisions\/6250"}],"wp:attachment":[{"href":"https:\/\/moverdb.com\/pt\/wp-json\/wp\/v2\/media?parent=1542"}],"curies":[{"name":"wp","href":"https:\/\/api.w.org\/{rel}","templated":true}]}}