{"id":1540,"date":"2017-02-26T17:21:37","date_gmt":"2017-02-26T17:21:37","guid":{"rendered":"http:\/\/moverdb.com\/?page_id=1540"},"modified":"2026-01-08T15:20:37","modified_gmt":"2026-01-08T15:20:37","slug":"amantes-do-havaiano-real","status":"publish","type":"page","link":"https:\/\/moverdb.com\/pt\/royal-hawaiian-movers\/","title":{"rendered":"Royal Hawaiian Movers - International Moving Reviews"},"content":{"rendered":"<p>A Royal Hawaiian Movers oferece a seus clientes v\u00e1rios movimentos locais, entre ilhas e continente. Seus servi\u00e7os est\u00e3o listados abaixo, juntamente com um perfil de empresa e revis\u00f5es.<\/p>\n<p><strong>Mudan\u00e7as Internacionais, Continentais e Inter-Ilhas<\/strong><\/p>\n<ul>\n<li> Porta a porta<\/li>\n<li >Servi\u00e7o de embalagem completa, somente artigos fr\u00e1geis ou embalagem de bricolage<\/li>\n<li> Desmontagem e remontagem de m\u00f3veis<\/li>\n<li> Remo\u00e7\u00e3o e instala\u00e7\u00e3o de TI<\/li>\n<li> Servi\u00e7o de desembalagem<\/li>\n<li> Armazenagem de longo e curto prazo organizada<\/li>\n<li> Frete a\u00e9reo ou mar\u00edtimo<\/li>\n<li> Seguro organizado<\/li>\n<\/ul>\n<p><strong>Movimentos Locais e Militares<\/strong><\/p>\n<ul>\n<li> Porta a porta<\/li>\n<li> Materiais de embalagem fornecidos<\/li>\n<li> Armazenamento a longo e curto prazo<\/li>\n<li> Embalagem de servi\u00e7o completo dispon\u00edvel ou embalagem de bricolage<\/li>\n<li> Desmontagem e remontagem de m\u00f3veis<\/li>\n<li> Servi\u00e7o de desembalagem<\/li>\n<li> Seguro organizado<\/li>\n<\/ul>\n<p><strong>Servi\u00e7os de Mudan\u00e7as Especiais<\/strong><\/p>\n<ul>\n<li> Maquinaria pesada<\/li>\n<li> Servi\u00e7os de mudan\u00e7as m\u00e9dicas<\/li>\n<li> Equipamento superdimensionado<\/li>\n<\/ul>\n<p><strong>Instala\u00e7\u00e3o<\/strong><\/p>\n<ul>\n<li> Hotel<\/li>\n<li> FF&amp;E (m\u00f3veis, utens\u00edlios e equipamentos)<\/li>\n<li> Escrit\u00f3rio<\/li>\n<li> Especialidade<\/li>\n<\/ul>\n<h2>Perfil da Royal Hawaiian Movers Company<\/h2>\n<p>A Royal Hawaiian Movers foi fundada por Richard L DeWitt em 1982. A empresa come\u00e7ou com um escrit\u00f3rio em Honolulu, servindo os militares na ilha de Oahu. Ainda hoje, os militares s\u00e3o o n\u00facleo do Royal Hawaiian Movers. No final dos anos 80, a empresa decidiu se expandir e se dedicar ao transporte de cargas e caminh\u00f5es. A empresa agora tem uma frota de mais de 60 ve\u00edculos em movimento.<\/p>\n<p>Desde ent\u00e3o, a Royal Hawaiian Movers expandiu seus neg\u00f3cios para incluir mudan\u00e7as residenciais, comerciais e militares locais, entre ilhas e internacionais. O grupo de empresas DeWitt vem movimentando pessoas e empresas ao redor do mundo h\u00e1 mais de 80 anos e a Royal Hawaiian Movers est\u00e1 gostando de transmitir a experi\u00eancia adquirida ao longo das d\u00e9cadas. <\/p>\n<p>Sua \u00e9tica \u00e9 desenvolver rela\u00e7\u00f5es de confian\u00e7a com seus clientes para que eles retornem para cada movimento.<\/p>\n<p>A Royal Hawaiian Movers tem as seguintes credencia\u00e7\u00f5es e filia\u00e7\u00f5es:<\/p>\n<ul>\n<li> <a href=\"https:\/\/moverdb.com\/pt\/rim-promover\/\">AMSA Pro Movers<\/a><\/li>\n<li> Consultores de Mudan\u00e7as Certificados<\/li>\n<li> Motoristas Certificados para Materiais Perigosos<\/li>\n<li> Cart\u00e3o de identifica\u00e7\u00e3o do trabalhador do transporte<\/li>\n<li> Better Business Bureau (BBB)<\/li>\n<li> DeWitt Move Worldwide - um membro da <a href=\"https:\/\/moverdb.com\/pt\/iam\/\">IAM<\/a><\/li>\n<li> Licen\u00e7a DOT #227698<\/li>\n<li> DOT Motor Carrier License #165352<\/li>\n<li> DOT <a href=\"https:\/\/moverdb.com\/pt\/freight-forwarder\/\" data-internallinksmanager029f6b8e52c=\"17\" title=\"Freight Forwarder &amp; NVOCC International Cost &amp; Companies Guide\">Freight Forwarder<\/a> Licen\u00e7a #003549<\/li>\n<\/ul>\n<h2>Royal Hawaiian Movers Reviews<\/h2>\n<p><strong>Positivo:<\/strong><\/p>\n<ul>\n<li> <em>\"Mudan\u00e7a de Honolulu para <a href=\"https:\/\/moverdb.com\/pt\/moving-to-the-united-states\/moving-to-california\/\" data-internallinksmanager029f6b8e52c=\"330\" title=\"Mudan\u00e7a para a Calif\u00f3rnia? 2026 Custo de vida e dicas de realoca\u00e7\u00e3o\">Calif\u00f3rnia<\/a>, o conjunto militar <a href=\"https:\/\/moverdb.com\/pt\/moving-to-the-united-states\/\" data-internallinksmanager029f6b8e52c=\"94\" title=\"Mudando-se para os Estados Unidos? 2026 Custos de Vida e Dicas de Reloca\u00e7\u00e3o\">n\u00f3s<\/a> up with Royal Hawaiian Movers... ***AMAZING*** customer service.... Eles foram informativos, corteses, asseados e eficientes. A Royal Hawaiian Movers \u00e9 toda a sua necessidade para seus problemas de mudan\u00e7a e envio!!\"!<\/em> - Kelly G <a href=\"http:\/\/royalhawaiianmovers.com\/our-difference\/what-customers-say\/\" target=\"_blank\" rel=\"noopener\">depoimento do cliente<\/a><\/li>\n<li> <em>\"Profissionais e cuidaram muito bem de meus pertences. Mudei-me para o continente... mas eles facilitaram a minha sa\u00edda <a href=\"https:\/\/moverdb.com\/pt\/moving-to-the-united-states\/moving-to-hawaii\/\" data-internallinksmanager029f6b8e52c=\"403\" title=\"Mudan\u00e7a para o Hava\u00ed? 2026 Custo de vida e dicas de realoca\u00e7\u00e3o\">Hava\u00ed<\/a>.\u201d<\/em> - Robin via <a href=\"https:\/\/www.facebook.com\/pg\/RoyalHawaiianMV\/reviews\/\" target=\"_blank\" rel=\"noopener\">Facebook<\/a><\/li>\n<li> <em>\"Em suma, eu os recomendaria com base no pre\u00e7o e na qualidade do servi\u00e7o\".<\/em> - Ryan via <a href=\"https:\/\/www.yelp.com\/biz\/royal-hawaiian-movers-honolulu-2?hrid=ClTUD764MZQoXt6f0DBLoA&#038;utm_campaign=www_review_share_popup&#038;utm_medium=copy_link&#038;utm_source=(direct)\" target=\"_blank\" rel=\"noopener\">Yelp<\/a><\/li>\n<\/ul>\n<p><strong>Negativo:<\/strong><\/p>\n<ul>\n<li> <em>\"Lamento dizer que os promotores reais havaianos s\u00e3o promotores horr\u00edveis! Eles quebraram nossas coisas, algumas das coisas dos meus av\u00f3s desapareceram\".<\/em> - Sharon via <a href=\"https:\/\/www.facebook.com\/pg\/RoyalHawaiianMV\/reviews\/\" target=\"_blank\" rel=\"noopener\">Facebook<\/a><\/li>\n<li> <em>\"Apressaram-se em nos embalar e fizeram um trabalho horr\u00edvel. Um monte de nossas coisas apareceu quebrado, e completamente arruinado\".<\/em> - Meghan via <a href=\"https:\/\/www.yelp.com\/biz\/royal-hawaiian-movers-honolulu-2?hrid=2GCVIxDDbA41_6OusJ2KIQ&#038;utm_campaign=www_review_share_popup&#038;utm_medium=copy_link&#038;utm_source=(direct)\" target=\"_blank\" rel=\"noopener\">Yelp<\/a><\/li>\n<\/ul>\n<div itemprop=\"review\" itemscope itemtype=\"http:\/\/schema.org\/Review\">\n<span itemprop=\"author\" itemscope=\"\" itemtype=\"http:\/\/schema.org\/Organization\"><span itemprop=\"name\">MoverDB.com<\/span><\/span> Revis\u00e3o do site on-line para <span itemprop=\"itemreviewed\" itemscope=\"\" itemtype=\"http:\/\/schema.org\/Brand\"><span itemprop=\"name\">Os Reais Havaianos que se movimentam<\/span><\/span>:<\/p>\n<ol>\n<li> Detalhes claros de contato no website (incluindo n\u00famero de telefone): <strong>Sim<\/strong><\/li>\n<li> F\u00e1cil de obter <a href=\"https:\/\/moverdb.com\/pt\/citacoes\/\">cita\u00e7\u00f5es de mudan\u00e7as internacionais<\/a>? (Formul\u00e1rio de solicita\u00e7\u00e3o de or\u00e7amento on-line): <strong>Sim<\/strong><\/li>\n<li> Informa\u00e7\u00f5es claras no site: <strong>Sim,<\/strong> delineia todos os servi\u00e7os, mas sem entrar em muitos detalhes.<\/li>\n<li> Participa\u00e7\u00e3o em organiza\u00e7\u00f5es internacionais de mudan\u00e7as reconhecidas internacionalmente: <strong>Sim<\/strong>(ver acima)<\/li>\n<li> Lista de clientes e\/ou depoimentos de clientes anteriores: <strong>Sim,<\/strong> e embora haja algumas revis\u00f5es negativas na web, as revis\u00f5es mais recentes s\u00e3o, na maioria das vezes, positivas.<\/li>\n<\/ol>\n<div itemprop=\"reviewRating\" itemscope itemtype=\"http:\/\/schema.org\/Rating\"><meta itemprop=\"worstRating\" content = \"0\" \/><meta itemprop=\"bestRating\" content=\"5\" \/><meta itemprop=\"ratingValue\" content=\"4.5\"><\/div>\n<p><strong>Nota geral: 4,5\/5<\/strong><br \/>\n<strong>Data de revis\u00e3o:<\/strong> <span itemprop=\"datePublished\" content=\"2017-02-26\">26\/02\/2017<\/span>\n<\/div>\n<p>Leia mais sobre <a href=\"https:\/\/moverdb.com\/pt\/mudancas-empresas\/\">empresas de mudan\u00e7as internacionais<\/a> e nosso <a href=\"https:\/\/moverdb.com\/pt\/criticas\/\">processo de revis\u00e3o<\/a>.<\/p>\n<p><strong>Website:<\/strong> <a href=\"http:\/\/royalhawaiianmovers.com\/\" target=\"_blank\" rel=\"noopener\">http:\/\/royalhawaiianmovers.com\/<\/a><\/p>","protected":false},"excerpt":{"rendered":"<p>Royal Hawaiian Movers offers its customers various local, inter island and mainland moves. Their services are listed below, together with a company profile and reviews. International, Mainland and Inter Island Moves Door to door Full packing service, fragile items only or DIY packing Disassembly and reassembly of furniture IT removal and set up Unpacking service [&hellip;]<\/p>\n","protected":false},"author":1,"featured_media":0,"parent":0,"menu_order":0,"comment_status":"closed","ping_status":"closed","template":"","meta":{"_genesis_hide_title":false,"_genesis_hide_breadcrumbs":false,"_genesis_hide_singular_image":false,"_genesis_hide_footer_widgets":false,"_genesis_custom_body_class":"","_genesis_custom_post_class":"","_genesis_layout":"","footnotes":""},"class_list":{"0":"post-1540","1":"page","2":"type-page","3":"status-publish","5":"entry"},"_links":{"self":[{"href":"https:\/\/moverdb.com\/pt\/wp-json\/wp\/v2\/pages\/1540","targetHints":{"allow":["GET"]}}],"collection":[{"href":"https:\/\/moverdb.com\/pt\/wp-json\/wp\/v2\/pages"}],"about":[{"href":"https:\/\/moverdb.com\/pt\/wp-json\/wp\/v2\/types\/page"}],"author":[{"embeddable":true,"href":"https:\/\/moverdb.com\/pt\/wp-json\/wp\/v2\/users\/1"}],"replies":[{"embeddable":true,"href":"https:\/\/moverdb.com\/pt\/wp-json\/wp\/v2\/comments?post=1540"}],"version-history":[{"count":7,"href":"https:\/\/moverdb.com\/pt\/wp-json\/wp\/v2\/pages\/1540\/revisions"}],"predecessor-version":[{"id":6234,"href":"https:\/\/moverdb.com\/pt\/wp-json\/wp\/v2\/pages\/1540\/revisions\/6234"}],"wp:attachment":[{"href":"https:\/\/moverdb.com\/pt\/wp-json\/wp\/v2\/media?parent=1540"}],"curies":[{"name":"wp","href":"https:\/\/api.w.org\/{rel}","templated":true}]}}