{"id":1538,"date":"2017-02-23T08:47:51","date_gmt":"2017-02-23T08:47:51","guid":{"rendered":"http:\/\/moverdb.com\/?page_id=1538"},"modified":"2026-01-08T15:20:39","modified_gmt":"2026-01-08T15:20:39","slug":"settelen","status":"publish","type":"page","link":"https:\/\/moverdb.com\/pt\/settelen\/","title":{"rendered":"Settelen - Mudan\u00e7as Internacionais e Mudan\u00e7as"},"content":{"rendered":"<p>Settelen \u00e9 uma empresa su\u00ed\u00e7a sediada em <a href=\"https:\/\/moverdb.com\/pt\/moving-to-basel\/\" data-internallinksmanager029f6b8e52c=\"263\" title=\"Mudando-se para Basil\u00e9ia? 2026 Custos de Vida e Dicas de Reloca\u00e7\u00e3o\">Basil\u00e9ia<\/a>. Ela oferece a seus clientes uma gama de servi\u00e7os de mudan\u00e7a que est\u00e3o listados abaixo, juntamente com um perfil de empresa e revis\u00f5es.<\/p>\n<p><strong>Mudan\u00e7as e remo\u00e7\u00f5es internacionais<\/strong><\/p>\n<ul>\n<li> Coordenador dedicado de mudan\u00e7as<\/li>\n<li> Porta a porta<\/li>\n<li> Servi\u00e7o de embalagem completa, somente artigos fr\u00e1geis ou embalagem de bricolage<\/li>\n<li> Desmontagem e remontagem de m\u00f3veis, etc.<\/li>\n<li> Caixas personalizadas<\/li>\n<li> Loja de mudan\u00e7as para necessidades de embalagem<\/li>\n<li> Servi\u00e7o completo de desempacotamento dispon\u00edvel<\/li>\n<li> Assist\u00eancia com a alf\u00e2ndega e documenta\u00e7\u00e3o<\/li>\n<li> Seguro organizado<\/li>\n<li> Armazenamento a curto e longo prazo<\/li>\n<\/ul>\n<p><strong>Remo\u00e7\u00f5es locais e de longa dist\u00e2ncia<\/strong><\/p>\n<ul>\n<li> Coordenador dedicado de mudan\u00e7as<\/li>\n<li> Porta a porta<\/li>\n<li> Servi\u00e7o de embalagem completa dispon\u00edvel se necess\u00e1rio<\/li>\n<li> Desmontagem e remontagem de m\u00f3veis, etc.<\/li>\n<li> Servi\u00e7o completo de desempacotamento dispon\u00edvel se necess\u00e1rio<\/li>\n<li> Seguro organizado<\/li>\n<li> Armazenagem de curto e longo prazo dispon\u00edvel<\/li>\n<li> Loja de remo\u00e7\u00e3o totalmente abastecida para todos os itens de embalagem<\/li>\n<\/ul>\n<p><strong>Mudan\u00e7as de empresas<\/strong><\/p>\n<ul>\n<li> Equipe dedicada \u00e0 mudan\u00e7a<\/li>\n<li> Porta a porta<\/li>\n<li> Mudan\u00e7as fora de horas para poupar a interrup\u00e7\u00e3o dos neg\u00f3cios<\/li>\n<li> Desmontagem e remontagem de m\u00f3veis<\/li>\n<li> Remo\u00e7\u00e3o e reinstala\u00e7\u00e3o de TI<\/li>\n<li> Servi\u00e7o de embalagem completa ou servi\u00e7o de embalagem parcial<\/li>\n<li> Seguro organizado<\/li>\n<li> Armazenagem de curto e longo prazo dispon\u00edvel<\/li>\n<li> Engradado especializado<\/li>\n<li> Remo\u00e7\u00e3o de m\u00e1quinas pesadas<\/li>\n<li> Eleva\u00e7\u00e3o externa<\/li>\n<\/ul>\n<p><strong>Remo\u00e7\u00f5es especiais<\/strong><\/p>\n<ul>\n<li> Feiras e exposi\u00e7\u00f5es<\/li>\n<li> Arte e antiguidades<\/li>\n<li> Maquinaria pesada<\/li>\n<li> Bens fr\u00e1geis<\/li>\n<li> Pianos e outros instrumentos musicais<\/li>\n<li> Exportar mercadorias<\/li>\n<\/ul>\n<p><strong>Transporte especial<\/strong><\/p>\n<ul>\n<li> Para itens e lugares pesados e incomuns<\/li>\n<li> Log\u00edstica e organiza\u00e7\u00e3o<\/li>\n<li> Escolha do ve\u00edculo<\/li>\n<li> Mapeamento de uma rota<\/li>\n<li> Obten\u00e7\u00e3o das licen\u00e7as necess\u00e1rias<\/li>\n<\/ul>\n<p><strong>Armazenamento<\/strong><\/p>\n<ul>\n<li> Recipientes de madeira<\/li>\n<li> Seguran\u00e7a 24\/7<\/li>\n<li> Controles regulares em cont\u00eaineres<\/li>\n<li> Embalagem e acondicionamento especiais dispon\u00edveis<\/li>\n<\/ul>\n<p><strong>Settelen Aluguel de carros<\/strong><\/p>\n<ul>\n<li> Ve\u00edculos de passageiros<\/li>\n<li> Vans e pickups<\/li>\n<li> Mini \u00f4nibus<\/li>\n<li> Ve\u00edculos para fins especiais<\/li>\n<\/ul>\n<h2>Perfil da empresa Settelen<\/h2>\n<p>A Settelen AG est\u00e1 sediada na Basil\u00e9ia, <a href=\"https:\/\/moverdb.com\/pt\/moving-to-switzerland\/\" data-internallinksmanager029f6b8e52c=\"327\" title=\"Est\u00e1 se mudando para a Su\u00ed\u00e7a? 2026 Custo de vida e dicas de realoca\u00e7\u00e3o\">Su\u00ed\u00e7a<\/a>. Essa empresa privada foi fundada em 1883. Seu principal neg\u00f3cio \u00e9 transporte e log\u00edstica, com interesses subsidi\u00e1rios em aluguel de ve\u00edculos, viagens de \u00f4nibus e servi\u00e7os de manuten\u00e7\u00e3o e reparo de ve\u00edculos motorizados.<\/p>\n<p>A Settelen organiza mudan\u00e7as internacionais, de longa dist\u00e2ncia e locais para indiv\u00edduos e empresas.<\/p>\n<p>Settelen tem as seguintes credencia\u00e7\u00f5es e filia\u00e7\u00f5es:<\/p>\n<ul>\n<li> <a href=\"https:\/\/moverdb.com\/pt\/fidi-faim\/\">Federa\u00e7\u00e3o das Empresas de Mudan\u00e7as Internacionais<\/a> (<a href=\"https:\/\/moverdb.com\/pt\/fidi-faim\/\" data-internallinksmanager029f6b8e52c=\"16\" title=\"FIDI &amp; FAIM (FIDI Accredited International Mover) Explicado\">FIDI<\/a>)<\/li>\n<li> Associa\u00e7\u00e3o Su\u00ed\u00e7a de Transporte Rodovi\u00e1rio (ASTAG)<\/li>\n<li> AGVS<\/li>\n<\/ul>\n<h2>Settelen Company Reviews<\/h2>\n<p>N\u00e3o h\u00e1 revis\u00f5es em ingl\u00eas atualmente online para Settelen, embora receba 4,1 estrelas no Google Reviews.<\/p>\n<div itemprop=\"review\" itemscope itemtype=\"http:\/\/schema.org\/Review\">\n<span itemprop=\"author\" itemscope=\"\" itemtype=\"http:\/\/schema.org\/Organization\"><span itemprop=\"name\">MoverDB.com<\/span><\/span> Revis\u00e3o do site on-line para <span itemprop=\"itemreviewed\" itemscope=\"\" itemtype=\"http:\/\/schema.org\/Brand\"><span itemprop=\"name\">Settelen<\/span><\/span>:<\/p>\n<ol>\n<li> Detalhes claros de contato no website (incluindo n\u00famero de telefone): <strong>Sim<\/strong><\/li>\n<li> F\u00e1cil de obter <a href=\"https:\/\/moverdb.com\/pt\/citacoes\/\">cita\u00e7\u00f5es de mudan\u00e7as internacionais<\/a>? (Formul\u00e1rio de solicita\u00e7\u00e3o de or\u00e7amento on-line): <strong>Sim<\/strong><\/li>\n<li> Informa\u00e7\u00f5es claras no site: <strong>Limitado<\/strong> o site lista seus servi\u00e7os, mas n\u00e3o oferece muitos detalhes al\u00e9m disso.<\/li>\n<li> Participa\u00e7\u00e3o em organiza\u00e7\u00f5es internacionais de mudan\u00e7as reconhecidas internacionalmente: <strong>Sim<\/strong>(ver acima)<\/li>\n<li> Lista de clientes e\/ou depoimentos de clientes anteriores: <strong>N\u00e3o,<\/strong> e h\u00e1 apenas uma quantidade limitada de informa\u00e7\u00f5es sobre eles dispon\u00edveis em outros lugares.<\/li>\n<\/ol>\n<div itemprop=\"reviewRating\" itemscope itemtype=\"http:\/\/schema.org\/Rating\"><meta itemprop=\"worstRating\" content = \"0\" \/><meta itemprop=\"bestRating\" content=\"5\" \/><meta itemprop=\"ratingValue\" content=\"4\"><\/div>\n<p><strong>Nota geral: 4\/5<\/strong><br \/>\n<strong>Data de revis\u00e3o:<\/strong> <span itemprop=\"datePublished\" content=\"2017-02-23\">23\/02\/2017<\/span>\n<\/div>\n<p>Leia mais sobre <a href=\"https:\/\/moverdb.com\/pt\/mudancas-empresas\/\">empresas de mudan\u00e7as internacionais<\/a> e nosso <a href=\"https:\/\/moverdb.com\/pt\/criticas\/\">processo de revis\u00e3o<\/a>.<\/p>\n<p><strong>Sites da Web:<\/strong> <a href=\"http:\/\/www.settelen.ch\/\" target=\"_blank\" rel=\"noopener\">http:\/\/www.settelen.ch\/<\/a><\/p>","protected":false},"excerpt":{"rendered":"<p>Settelen is Swiss company based in Basel. It offers its customers a range of moving services which are listed below, together with a company profile and reviews. International Moving &#038; Removals Dedicated move coordinator Door to door Full packing service, fragile items only or DIY packing Disassembly and reassembly of furniture etc Customised crates Removal [&hellip;]<\/p>\n","protected":false},"author":1,"featured_media":0,"parent":0,"menu_order":0,"comment_status":"closed","ping_status":"closed","template":"","meta":{"_genesis_hide_title":false,"_genesis_hide_breadcrumbs":false,"_genesis_hide_singular_image":false,"_genesis_hide_footer_widgets":false,"_genesis_custom_body_class":"","_genesis_custom_post_class":"","_genesis_layout":"","footnotes":""},"class_list":{"0":"post-1538","1":"page","2":"type-page","3":"status-publish","5":"entry"},"_links":{"self":[{"href":"https:\/\/moverdb.com\/pt\/wp-json\/wp\/v2\/pages\/1538","targetHints":{"allow":["GET"]}}],"collection":[{"href":"https:\/\/moverdb.com\/pt\/wp-json\/wp\/v2\/pages"}],"about":[{"href":"https:\/\/moverdb.com\/pt\/wp-json\/wp\/v2\/types\/page"}],"author":[{"embeddable":true,"href":"https:\/\/moverdb.com\/pt\/wp-json\/wp\/v2\/users\/1"}],"replies":[{"embeddable":true,"href":"https:\/\/moverdb.com\/pt\/wp-json\/wp\/v2\/comments?post=1538"}],"version-history":[{"count":3,"href":"https:\/\/moverdb.com\/pt\/wp-json\/wp\/v2\/pages\/1538\/revisions"}],"predecessor-version":[{"id":6236,"href":"https:\/\/moverdb.com\/pt\/wp-json\/wp\/v2\/pages\/1538\/revisions\/6236"}],"wp:attachment":[{"href":"https:\/\/moverdb.com\/pt\/wp-json\/wp\/v2\/media?parent=1538"}],"curies":[{"name":"wp","href":"https:\/\/api.w.org\/{rel}","templated":true}]}}