{"id":1536,"date":"2017-07-10T10:48:14","date_gmt":"2017-07-10T10:48:14","guid":{"rendered":"http:\/\/moverdb.com\/?page_id=1536"},"modified":"2026-01-08T15:20:49","modified_gmt":"2026-01-08T15:20:49","slug":"teletrans","status":"publish","type":"page","link":"https:\/\/moverdb.com\/pt\/teletrans\/","title":{"rendered":"Teletrans - Mudan\u00e7a e Mudan\u00e7a Internacional"},"content":{"rendered":"<p>Teletrans est\u00e1 localizada na \u00c1tica <a href=\"https:\/\/moverdb.com\/pt\/moving-to-greece\/\" data-internallinksmanager029f6b8e52c=\"353\" title=\"Est\u00e1 se mudando para a Gr\u00e9cia? 2026 Custo de vida e dicas de realoca\u00e7\u00e3o\">Gr\u00e9cia<\/a>. \u00c9 uma empresa de mudan\u00e7a e realoca\u00e7\u00e3o que oferece a seus clientes uma ampla gama de servi\u00e7os. Estes est\u00e3o listados abaixo, juntamente com um perfil de empresa e revis\u00f5es.<\/p>\n<p><strong>Mudan\u00e7as Internacionais<\/strong><\/p>\n<ul>\n<li> Gerente de mudan\u00e7as dedicado<\/li>\n<li> Embalagem de servi\u00e7o completo, embalagem parcial ou embalagem de bricolagem<\/li>\n<li> Armazenagem de curto e longo prazo dispon\u00edvel<\/li>\n<li> Desmontagem e remontagem de m\u00f3veis<\/li>\n<li> Transfer\u00eancia terrestre, mar\u00edtima ou a\u00e9rea<\/li>\n<li> Assist\u00eancia com a alf\u00e2ndega e documenta\u00e7\u00e3o<\/li>\n<li> Servi\u00e7o de desembalagem dispon\u00edvel<\/li>\n<li> Remo\u00e7\u00e3o de detritos<\/li>\n<\/ul>\n<p><strong>Servi\u00e7os de reloca\u00e7\u00e3o<\/strong><\/p>\n<ul>\n<li> Hor\u00e1rio da viagem<\/li>\n<li> Reserva de bilhetes e reserva de hotel<\/li>\n<li> Informa\u00e7\u00f5es sobre o procedimento para emitir um VISTO para o pa\u00eds de destino<\/li>\n<li> Informa\u00e7\u00f5es sobre escolas<\/li>\n<li> Informa\u00e7\u00f5es sobre habita\u00e7\u00e3o<\/li>\n<li> Informa\u00e7\u00f5es sobre transfer\u00eancia de animais de estima\u00e7\u00e3o<\/li>\n<li> Encontrar resid\u00eancia tempor\u00e1ria<\/li>\n<li> Cursos de idiomas locais organizados<\/li>\n<li> Sugest\u00f5es para entretenimento e \"conhecer a \u00e1rea\", tais como visitas a museus e atra\u00e7\u00f5es tur\u00edsticas, eventos culturais, excurs\u00f5es, etc.<\/li>\n<li>Assist\u00eancia na mudan\u00e7a de servi\u00e7os (eletricista, encanador, servi\u00e7os de limpeza, etc.)<\/li>\n<\/ul>\n<p><strong>Deslocaliza\u00e7\u00e3o da empresa<\/strong><\/p>\n<ul>\n<li>Inspe\u00e7\u00e3o e planejamento<\/li>\n<li>Embalagem<\/li>\n<li>Armazenamento<\/li>\n<li>Desembara\u00e7o aduaneiro, se necess\u00e1rio<\/li>\n<li>Seguros<\/li>\n<li>Entrega e desempacotamento no destino<\/li>\n<\/ul>\n<p><strong>Movimentos especiais<\/strong><\/p>\n<ul>\n<li>Equipamentos e ve\u00edculos militares<\/li>\n<li>Maquinaria pesada<\/li>\n<li>Cargas superdimensionadas e em excesso<\/li>\n<li>Trabalhos de arte em caixotes feitos sob medida<\/li>\n<li>Estabelecimentos de ensino<\/li>\n<li>Spas e gin\u00e1sios<\/li>\n<\/ul>\n<p><strong>Exposi\u00e7\u00f5es<\/strong><\/p>\n<ul>\n<li>Embalagem de material de exposi\u00e7\u00e3o<\/li>\n<li>Prepara\u00e7\u00e3o de documenta\u00e7\u00e3o para exporta\u00e7\u00e3o<\/li>\n<li>Identificando a forma mais adequada de envio<\/li>\n<li>Entrega<\/li>\n<li>Instala\u00e7\u00e3o do material de exposi\u00e7\u00e3o<\/li>\n<li>Reembalagem do material e envio para seu local de origem<\/li>\n<\/ul>\n<p><strong>Armazenamento<\/strong><\/p>\n<ul>\n<li>Longo e curto prazo<\/li>\n<li>Vigil\u00e2ncia 24\/7<\/li>\n<li>Climatiza\u00e7\u00e3o dispon\u00edvel<\/li>\n<\/ul>\n<h2>Perfil da Teletrans Company<\/h2>\n<p>A Teletrans come\u00e7ou em \u00c1tica, Gr\u00e9cia pela Ria Stergiopoulou em 1979 com o objetivo inicial de transportar pessoas e mercadorias pela Gr\u00e9cia. Hoje, a empresa \u00e9 um dos l\u00edderes da Gr\u00e9cia na movimenta\u00e7\u00e3o de pessoas, empresas e arte ao redor do mundo.<\/p>\n<p>A Teletrans tem sua pr\u00f3pria frota de ve\u00edculos, conduzida por funcion\u00e1rios da empresa. Possui tamb\u00e9m um armaz\u00e9m de \u00faltima gera\u00e7\u00e3o na \u00c1tica, equipado para armazenar a carga mais sens\u00edvel antes e depois do embarque. A Teletrans tem uma rede cuidadosamente escolhida de agentes que os auxiliam nos embarques dentro e fora da Gr\u00e9cia.<\/p>\n<p>A Teletrans est\u00e1 interessada em reduzir sua pegada de carbono e escolhe deliberadamente materiais de embalagem reciclados. Ela tamb\u00e9m usa energia solar sempre que poss\u00edvel. A empresa abriu agora um escrit\u00f3rio em Bruxelas que tamb\u00e9m implementa pr\u00e1ticas amigas do meio ambiente.<\/p>\n<p>A Teletrans tem as seguintes credencia\u00e7\u00f5es e afilia\u00e7\u00f5es:<\/p>\n<ul>\n<li>PT ISO 9001:2008<\/li>\n<li><a href=\"https:\/\/moverdb.com\/pt\/iam\/\" target=\"_blank\" rel=\"noopener\">Associa\u00e7\u00e3o Internacional de Movers<\/a> (<a href=\"https:\/\/moverdb.com\/pt\/iam\/\" data-internallinksmanager029f6b8e52c=\"23\" title=\"Associa\u00e7\u00e3o Internacional de Remotores (IAM) Explicado\">IAM<\/a>)<\/li>\n<li><a href=\"https:\/\/moverdb.com\/pt\/fedemac\/\" target=\"_blank\" rel=\"noopener\">Federa\u00e7\u00e3o das Associa\u00e7\u00f5es Europ\u00e9ias de Governantes<\/a> (<a href=\"https:\/\/moverdb.com\/pt\/fedemac\/\" data-internallinksmanager029f6b8e52c=\"15\" title=\"Federa\u00e7\u00e3o das Associa\u00e7\u00f5es Europ\u00e9ias de Governantes (FEDEMAC) Explicou\">FEDEMAC<\/a>)<\/li>\n<li>Associa\u00e7\u00e3o de Empresas de Transporte de Cargas e Log\u00edstica da Gr\u00e9cia (SYNDDEL)<\/li>\n<\/ul>\n<h2>Revis\u00f5es da Teletrans<\/h2>\n<p>No momento em que escrevemos, n\u00e3o encontramos nenhuma cr\u00edtica positiva ou negativa para a Teletrans on-line em ingl\u00eas. <\/p>\n<div itemprop=\"review\" itemscope itemtype=\"http:\/\/schema.org\/Review\">\n<span itemprop=\"author\" itemscope=\"\" itemtype=\"http:\/\/schema.org\/Organization\"><span itemprop=\"name\">MoverDB.com<\/span><\/span> Revis\u00e3o do site on-line para <span itemprop=\"itemreviewed\" itemscope=\"\" itemtype=\"http:\/\/schema.org\/Brand\"><span itemprop=\"name\">Teletrans<\/span><\/span>:<\/p>\n<ol>\n<li> Detalhes claros de contato no website (incluindo n\u00famero de telefone): <strong>Sim<\/strong><\/li>\n<li> F\u00e1cil de obter <a href=\"https:\/\/moverdb.com\/pt\/citacoes\/\">cita\u00e7\u00f5es de mudan\u00e7as internacionais<\/a>? (Formul\u00e1rio de solicita\u00e7\u00e3o de or\u00e7amento on-line): <strong>Sim<\/strong><\/li>\n<li> Informa\u00e7\u00f5es claras no site: <strong>Sim,<\/strong> O site est\u00e1 claramente exposto e \u00e9 razoavelmente informativo.<\/li>\n<li> Participa\u00e7\u00e3o em organiza\u00e7\u00f5es internacionais de mudan\u00e7as reconhecidas: <strong>Sim<\/strong>(ver acima)<\/li>\n<li> Lista de clientes e\/ou depoimentos de clientes anteriores. <strong>N\u00e3o,<\/strong>H\u00e1 uma lista de clientes, mas n\u00e3o h\u00e1 testemunhos ou revis\u00f5es de clientes.<\/li>\n<\/ol>\n<div itemprop=\"reviewRating\" itemscope itemtype=\"http:\/\/schema.org\/Rating\"><meta itemprop=\"worstRating\" content = \"0\" \/><meta itemprop=\"bestRating\" content=\"5\" \/><meta itemprop=\"ratingValue\" content=\"4.5\"><\/div>\n<p><strong>Nota geral: 4,5\/5<\/strong><br \/>\n<strong>Data de revis\u00e3o:<\/strong> <span itemprop=\"datePublished\" content=\"2017-07-10\">10\/07\/2017<\/span>\n<\/div>\n<p>Leia mais sobre <a href=\"https:\/\/moverdb.com\/pt\/mudancas-empresas\/\">empresas de mudan\u00e7as internacionais<\/a> e nosso <a href=\"https:\/\/moverdb.com\/pt\/criticas\/\">processo de revis\u00e3o explicado<\/a>.<\/p>\n<p><strong>Website:<\/strong> <a href=\"http:\/\/www.teletranseu.com\/\" target=\"_blank\" rel=\"noopener\">http:\/\/www.teletranseu.com\/<\/a><\/p>","protected":false},"excerpt":{"rendered":"<p>Teletrans is located in Attica Greece. It is a moving and relocation company that offers its clients a wide range of services. These are listed below, together with a company profile and reviews. International Moves Dedicated move manager Full service packing, partial packing or DIY packing Short and long term storage available Disassembly and reassembly [&hellip;]<\/p>\n","protected":false},"author":1,"featured_media":0,"parent":0,"menu_order":0,"comment_status":"closed","ping_status":"closed","template":"","meta":{"_genesis_hide_title":false,"_genesis_hide_breadcrumbs":false,"_genesis_hide_singular_image":false,"_genesis_hide_footer_widgets":false,"_genesis_custom_body_class":"","_genesis_custom_post_class":"","_genesis_layout":"","footnotes":""},"class_list":{"0":"post-1536","1":"page","2":"type-page","3":"status-publish","5":"entry"},"_links":{"self":[{"href":"https:\/\/moverdb.com\/pt\/wp-json\/wp\/v2\/pages\/1536","targetHints":{"allow":["GET"]}}],"collection":[{"href":"https:\/\/moverdb.com\/pt\/wp-json\/wp\/v2\/pages"}],"about":[{"href":"https:\/\/moverdb.com\/pt\/wp-json\/wp\/v2\/types\/page"}],"author":[{"embeddable":true,"href":"https:\/\/moverdb.com\/pt\/wp-json\/wp\/v2\/users\/1"}],"replies":[{"embeddable":true,"href":"https:\/\/moverdb.com\/pt\/wp-json\/wp\/v2\/comments?post=1536"}],"version-history":[{"count":4,"href":"https:\/\/moverdb.com\/pt\/wp-json\/wp\/v2\/pages\/1536\/revisions"}],"predecessor-version":[{"id":6244,"href":"https:\/\/moverdb.com\/pt\/wp-json\/wp\/v2\/pages\/1536\/revisions\/6244"}],"wp:attachment":[{"href":"https:\/\/moverdb.com\/pt\/wp-json\/wp\/v2\/media?parent=1536"}],"curies":[{"name":"wp","href":"https:\/\/api.w.org\/{rel}","templated":true}]}}