{"id":1528,"date":"2017-02-01T16:05:53","date_gmt":"2017-02-01T16:05:53","guid":{"rendered":"http:\/\/moverdb.com\/?page_id=1528"},"modified":"2026-01-08T15:20:40","modified_gmt":"2026-01-08T15:20:40","slug":"shipco-transport","status":"publish","type":"page","link":"https:\/\/moverdb.com\/pt\/shipco-transport\/","title":{"rendered":"Shipco Transport - Revis\u00e3o de Mudan\u00e7as Internacionais"},"content":{"rendered":"<p>A Shipco Transport oferece servi\u00e7os de frete mar\u00edtimo e a\u00e9reo para transportadores profissionais de bens dom\u00e9sticos e empresas de realoca\u00e7\u00e3o, n\u00e3o para indiv\u00edduos. Seus servi\u00e7os est\u00e3o listados abaixo, juntamente com um perfil de empresa e revis\u00f5es.<\/p>\n<p><strong>Movimento Internacional de Bens Dom\u00e9sticos<\/strong><\/p>\n<ul>\n<li> <a href=\"https:\/\/moverdb.com\/pt\/transporte-de-conteineres\/\">Transporte internacional de cont\u00eaineres<\/a><\/li>\n<li>Atrav\u00e9s de movimentadores profissionais de bens dom\u00e9sticos<\/li>\n<li>Atrav\u00e9s de empresas de recoloca\u00e7\u00e3o profissional<\/li>\n<li>LCL<\/li>\n<li>FCL<\/li>\n<li>Carga a\u00e9rea<\/li>\n<li>Coleta no armaz\u00e9m do embalador dispon\u00edvel<\/li>\n<\/ul>\n<p><strong>Carga mar\u00edtima LCL<\/strong><\/p>\n<ul>\n<li>Garantia de consolida\u00e7\u00f5es neutras diretas intactas com o m\u00ednimo de movimenta\u00e7\u00e3o de carga<\/li>\n<li>Servi\u00e7o dedicado ao cliente oferecendo solu\u00e7\u00f5es sob medida<\/li>\n<li>Transportadoras premium e tarifas competitivas ligadas aos hor\u00e1rios globais de navega\u00e7\u00e3o em tempo real<\/li>\n<\/ul>\n<p><strong>Frete Mar\u00edtimo FCL<\/strong><\/p>\n<ul>\n<li> Diversos servi\u00e7os atrav\u00e9s de mais de 40 contratos de servi\u00e7os de transporte mar\u00edtimo<\/li>\n<li> Cobertura total do transporte terrestre no <a href=\"https:\/\/moverdb.com\/pt\/moving-to-the-united-states\/\" data-internallinksmanager029f6b8e52c=\"94\" title=\"Mudando-se para os Estados Unidos? 2026 Custos de Vida e Dicas de Reloca\u00e7\u00e3o\">US<\/a> a partir de mais de 44.000 c\u00f3digos postais<\/li>\n<li> R\u00e1pida rota\u00e7\u00e3o das tarifas para porta, rampa e <a href=\"https:\/\/moverdb.com\/pt\/top-49-container-ports\/\" data-internallinksmanager029f6b8e52c=\"80\" title=\"Os 49 maiores e mais movimentados portos de cont\u00eaineres em 2025\">porto<\/a> servi\u00e7os. Milhares de roteiros em poucos momentos<\/li>\n<\/ul>\n<p><strong>Projetos Mar\u00edtimos e Carga Especializada<\/strong><\/p>\n<ul>\n<li>Break Bulk, RoRo, Out of Gauge &amp; Reefer service<\/li>\n<li>Transporte nacional de cargas superdimensionadas, cargas de permiss\u00e3o e cont\u00eaineres<\/li>\n<li>Carregamento, embalagem e amarra\u00e7\u00e3o<\/li>\n<li>Tarifas competitivas atrav\u00e9s de nossa ampla rede de transportadores mar\u00edtimos e a\u00e9reos, armaz\u00e9ns, empresas de caminh\u00f5es e guindastes<\/li>\n<li>Carregamentos Split\/Full Air Charters &amp; OAG<\/li>\n<\/ul>\n<p><strong>Carga a\u00e9rea<\/strong><\/p>\n<ul>\n<li>Contratos com mais de 100 companhias a\u00e9reas<\/li>\n<li>Pickup<\/li>\n<li>Armazenagem<\/li>\n<li>Servi\u00e7os de etiquetagem e documenta\u00e7\u00e3o<\/li>\n<li>Acompanhamento de pedidos de compra<\/li>\n<\/ul>\n<h2>Perfil da Shipco Transport Company<\/h2>\n<p>A Shipco Transport Inc \u00e9 uma subsidi\u00e1ria da Scan Group A\/S, Copenhague, e come\u00e7ou a operar em setembro de 1988 em <a href=\"https:\/\/moverdb.com\/pt\/movendo-se-para-anyc\/\">Cidade de Nova Iorque<\/a>. \u00c9 um l\u00edder <a href=\"https:\/\/moverdb.com\/pt\/transitario-de-carga\/\">NVOCC<\/a>. Seu objetivo inicial era receber a carga FCL fora da \u00c1sia. O principal foco da empresa hoje \u00e9 como um consolidador LCL.<\/p>\n<p>Hoje a Shipco tem mais de 75 escrit\u00f3rios em 30 pa\u00edses ao redor do mundo e emprega mais de 2.200 pessoas. A Shipco oferece a seus clientes os servi\u00e7os de frete mar\u00edtimo e a\u00e9reo LCL e FCL.<\/p>\n<p>A Shipco Transport tem as seguintes credencia\u00e7\u00f5es e afilia\u00e7\u00f5es: \u2013<\/p>\n<ul>\n<li><a href=\"https:\/\/moverdb.com\/pt\/iam\/\" target=\"_blank\" rel=\"noopener\">Associa\u00e7\u00e3o Internacional de Movers<\/a> (<a href=\"https:\/\/moverdb.com\/pt\/iam\/\" data-internallinksmanager029f6b8e52c=\"23\" title=\"Associa\u00e7\u00e3o Internacional de Remotores (IAM) Explicado\">IAM<\/a>)<\/li>\n<li>Scan-Group<\/li>\n<li>Alian\u00e7a Mundial (WWA)<\/li>\n<li>Grupo de Carga A\u00e9rea<\/li>\n<\/ul>\n<h2>Revis\u00f5es de Transporte de Navios<\/h2>\n<p><strong>Positivo:<\/strong><\/p>\n<ul>\n<li><em>\"Eu estava enviando tudo o que eu possu\u00eda de San Diego para <a href=\"https:\/\/moverdb.com\/pt\/moving-companies\/moving-companies-honduras\/\" data-internallinksmanager029f6b8e52c=\"233\" title=\"2 Melhores Empresas de Mudan\u00e7as Internacionais em Honduras\">Honduras<\/a>A Shipco foi \u00f3tima\". <\/em>Madison K via <a href=\"https:\/\/www.yelp.co.uk\/biz\/shipco-transport-long-beach?hrid=hfrOGEwsoHzhivf1ODT9DQ&#038;utm_campaign=www_review_share_popup&#038;utm_medium=copy_link&#038;utm_source=(direct)\" target=\"_blank\" rel=\"noopener\">Yelp<\/a>.\n<li><em>\"Servi\u00e7o realmente bom\". Sem nenhum problema\".<\/em> - Alvorada C via <a href=\"https:\/\/www.tryfleet.com\/freight-forwarder-profile\/shipco-transport-inc\" target=\"_blank\" rel=\"noopener\">Frota<\/a><\/li>\n<\/ul>\n<p><strong>Negativo:<\/strong><\/p>\n<ul>\n<li><em>\"A pior empresa com que j\u00e1 lidei. Mantive minha remessa por 2 semanas, embora tenham sido pagas integralmente e n\u00e3o liberassem a remessa\". <\/em>Houman M via <a href=\"https:\/\/www.yelp.co.uk\/biz\/shipco-transport-long-beach?hrid=0lZOxg3aNnePXUGvOv7fxw&#038;utm_campaign=www_review_share_popup&#038;utm_medium=copy_link&#038;utm_source=(direct)\" target=\"_blank\" rel=\"noopener\">Yelp<\/a><\/li>\n<\/ul>\n<div itemprop=\"review\" itemscope itemtype=\"http:\/\/schema.org\/Review\">\n<span itemprop=\"author\" itemscope=\"\" itemtype=\"http:\/\/schema.org\/Organization\"><span itemprop=\"name\">MoverDB.com<\/span><\/span> Revis\u00e3o do site on-line para <span itemprop=\"itemreviewed\" itemscope=\"\" itemtype=\"http:\/\/schema.org\/Brand\"><span itemprop=\"name\">Transporte de navios<\/span><\/span>:<\/p>\n<ol>\n<li> Detalhes claros de contato no website (incluindo n\u00famero de telefone): <strong>Sim<\/strong><\/li>\n<li> F\u00e1cil de obter <a href=\"https:\/\/moverdb.com\/pt\/citacoes\/\">cita\u00e7\u00f5es de mudan\u00e7as internacionais<\/a>? (Formul\u00e1rio de solicita\u00e7\u00e3o de or\u00e7amento on-line): <strong>Sim<\/strong><\/li>\n<li> Informa\u00e7\u00f5es claras no site: <strong>Sim,<\/strong> o site descreve todos os seus servi\u00e7os de frete e envio.<\/li>\n<li> Participa\u00e7\u00e3o em organiza\u00e7\u00f5es internacionais de mudan\u00e7as reconhecidas internacionalmente: <strong>Sim<\/strong>(ver acima)<\/li>\n<li> Lista de clientes e\/ou depoimentos de clientes anteriores. <strong>N\u00e3o,<\/strong> n\u00e3o em seu site, mas eles geralmente t\u00eam cr\u00edticas positivas.<\/li>\n<\/ol>\n<div itemprop=\"reviewRating\" itemscope itemtype=\"http:\/\/schema.org\/Rating\"><meta itemprop=\"worstRating\" content = \"0\" \/><meta itemprop=\"bestRating\" content=\"5\" \/><meta itemprop=\"ratingValue\" content=\"4\"><\/div>\n<p><strong>Nota geral: 4\/5<\/strong><br \/>\n<strong>Data de revis\u00e3o:<\/strong> <span itemprop=\"datePublished\" content=\"2017-02-01\">01\/02\/2017<\/span>\n<\/div>\n<p>Leia mais sobre <a href=\"https:\/\/moverdb.com\/pt\/mudancas-empresas\/\">empresas de mudan\u00e7as internacionais<\/a>, <a href=\"https:\/\/moverdb.com\/pt\/empresas-de-transporte-maritimo\/\">empresas de transporte de cont\u00eaineres<\/a> e nosso <a href=\"https:\/\/moverdb.com\/pt\/criticas\/\">processo de revis\u00e3o<\/a>.<\/p>\n<p><strong>Website:<\/strong> <a href=\"https:\/\/www.shipco.com\/\" target=\"_blank\" rel=\"noopener\">https:\/\/www.shipco.com\/<\/a><\/p>","protected":false},"excerpt":{"rendered":"<p>Shipco Transport offers ocean and air freight services to professional household goods movers and relocation companies, not individuals. Its services are listed below, together with a company profile and reviews. International Movement of Household Goods International container shipping Through professional household goods movers Through professional relocation companies LCL FCL Airfreight Collection from packer&#8217;s warehouse available [&hellip;]<\/p>\n","protected":false},"author":1,"featured_media":0,"parent":0,"menu_order":0,"comment_status":"closed","ping_status":"closed","template":"","meta":{"_genesis_hide_title":false,"_genesis_hide_breadcrumbs":false,"_genesis_hide_singular_image":false,"_genesis_hide_footer_widgets":false,"_genesis_custom_body_class":"","_genesis_custom_post_class":"","_genesis_layout":"","footnotes":""},"class_list":{"0":"post-1528","1":"page","2":"type-page","3":"status-publish","5":"entry"},"_links":{"self":[{"href":"https:\/\/moverdb.com\/pt\/wp-json\/wp\/v2\/pages\/1528","targetHints":{"allow":["GET"]}}],"collection":[{"href":"https:\/\/moverdb.com\/pt\/wp-json\/wp\/v2\/pages"}],"about":[{"href":"https:\/\/moverdb.com\/pt\/wp-json\/wp\/v2\/types\/page"}],"author":[{"embeddable":true,"href":"https:\/\/moverdb.com\/pt\/wp-json\/wp\/v2\/users\/1"}],"replies":[{"embeddable":true,"href":"https:\/\/moverdb.com\/pt\/wp-json\/wp\/v2\/comments?post=1528"}],"version-history":[{"count":7,"href":"https:\/\/moverdb.com\/pt\/wp-json\/wp\/v2\/pages\/1528\/revisions"}],"predecessor-version":[{"id":6237,"href":"https:\/\/moverdb.com\/pt\/wp-json\/wp\/v2\/pages\/1528\/revisions\/6237"}],"wp:attachment":[{"href":"https:\/\/moverdb.com\/pt\/wp-json\/wp\/v2\/media?parent=1528"}],"curies":[{"name":"wp","href":"https:\/\/api.w.org\/{rel}","templated":true}]}}