{"id":14464,"date":"2023-11-08T15:57:06","date_gmt":"2023-11-08T15:57:06","guid":{"rendered":"https:\/\/moverdb.com\/freight-forwarder\/freight-forwarding-uk\/wilmslow-freight-forwarder\/"},"modified":"2026-01-08T14:55:13","modified_gmt":"2026-01-08T14:55:13","slug":"wilmslow-freight-forwarder","status":"publish","type":"page","link":"https:\/\/moverdb.com\/pt\/freight-forwarder\/freight-forwarding-uk\/wilmslow-freight-forwarder\/","title":{"rendered":"1 Melhores empresas de agenciamento de carga de Wilmslow (2024)"},"content":{"rendered":"<p>A seguir, examinamos os 1 <em>\"melhor\"<\/em> Empresas de Freight Forwarding em Wilmslow, de um total de 1.<\/p>\n<p>Para saber mais sobre como escolhemos os melhores, consulte nossa se\u00e7\u00e3o de perguntas frequentes no final.<\/p>\n<p><em>Observe que as listagens a seguir n\u00e3o est\u00e3o em nenhuma ordem espec\u00edfica e n\u00e3o estamos fazendo nenhuma recomenda\u00e7\u00e3o para nenhuma empresa em particular.<\/em><\/p>\n<h2>Banks &amp; Lloyd (Navega\u00e7\u00e3o) Ltd<\/h2>\n<p><img decoding=\"async\" src=\"https:\/\/moverdb.com\/wp-content\/uploads\/AF1QipMv1YRzBaBQkZBMSkGL_LFxfkn3aWHuwlXZ0DVow428-h240-k-no.png\" alt='Banks &amp; Lloyd (Navega\u00e7\u00e3o) Ltd' class=\"aligncenter\"><\/p>\n<p><strong>Descri\u00e7\u00e3o da empresa: <\/strong>Se voc\u00ea precisar de um <a href=\"https:\/\/moverdb.com\/pt\/moving-to-the-uk\/\" data-internallinksmanager029f6b8e52c=\"93\" title=\"Mudando-se para o Reino Unido? 2026 Custos de Vida e Dicas de Reloca\u00e7\u00e3o\">REINO UNIDO<\/a> sediada em <a href=\"https:\/\/moverdb.com\/pt\/freight-forwarder\/\" data-internallinksmanager029f6b8e52c=\"17\" title=\"Freight Forwarder &amp; NVOCC International Cost &amp; Companies Guide\">agente de cargas<\/a>que tem conex\u00f5es e parceiros globais e pode oferecer solu\u00e7\u00f5es de transporte r\u00e1pidas e econ\u00f4micas para manter sua cadeia de suprimentos em movimento, ent\u00e3o n\u00e3o procure mais<\/p>\n<p><strong>Servi\u00e7os adicionais:<\/strong><\/p>\n<p>Empresa de entrega<\/p>\n<p><strong>Endere\u00e7o:<\/strong> Riverside Court, Bollin Walk, Wilmslow SK9 1DL<\/p>\n<p><a href=\"http:\/\/www.banksandlloyd.com\/\" target=\"_new\" rel=\"noopener\">Site da Banks &amp; Lloyd (Shipping) Ltd<\/a><\/p>\n<p><strong>Pontua\u00e7\u00e3o da avalia\u00e7\u00e3o: <\/strong>3<br \/> <strong>N\u00famero de avalia\u00e7\u00f5es:<\/strong> 2<br \/><a href=\"https:\/\/www.google.co.uk\/maps?cid=12062829525079574571&#038;hl=en&#038;gl=GB\" target=\"_new\" rel=\"noopener\">Ler resenhas<\/a><\/p>\n<h2>Como escolhemos as melhores empresas de Freight Forwarding de Wilmslow<\/h2>\n<p>Come\u00e7amos com um conjunto de dados de 1 empresas de agenciamento de carga de Wilmslow que pudemos encontrar pelo Google Maps e reduzimos para as 1 melhores.<\/p>\n<p>Para isso, removemos qualquer empresa que:<\/p>\n<ul>\n<li> N\u00e3o tinha um site<\/li>\n<li> N\u00e3o teve cr\u00edticas<\/li>\n<li> Teve uma pontua\u00e7\u00e3o m\u00e9dia de avalia\u00e7\u00e3o abaixo de 2,0<\/li>\n<\/ul>\n<p>Nesse momento, se tiv\u00e9ssemos 17 ou menos forwarders, listar\u00edamos todos eles.<\/p>\n<p>Para as cidades que ficaram com mais de 17 despachantes, fizemos outras revis\u00f5es aumentando a pontua\u00e7\u00e3o de avalia\u00e7\u00e3o exigida (por exemplo, passando de um m\u00ednimo de 2,0 para 4,0) e\/ou aumentando o n\u00famero m\u00ednimo de avalia\u00e7\u00f5es exigidas (por exemplo, passando de pelo menos 1 avalia\u00e7\u00e3o para pelo menos 10).<\/p>\n<p>Observe que usamos apenas dados de avalia\u00e7\u00e3o do Google Maps e n\u00e3o de outros sites de terceiros.<\/p>\n<p>Mais cidades:<\/p>\n<p><a href=\"https:\/\/moverdb.com\/pt\/transitario-de-carga\/freight-forwarding-uk\/rochford-freight-forwarder\/\">Agente de carga de Rochford<\/a><br \/><a href=\"https:\/\/moverdb.com\/pt\/transitario-de-carga\/freight-forwarding-uk\/huddersfield-freight-forwarder\/\">Agente de carga de Huddersfield<\/a><br \/><a href=\"https:\/\/moverdb.com\/pt\/transitario-de-carga\/freight-forwarding-uk\/bridgwater-freight-forwarder\/\">Agente de carga de Bridgwater<\/a><br \/><a href=\"https:\/\/moverdb.com\/pt\/transitario-de-carga\/freight-forwarding-uk\/witney-freight-forwarder\/\">Agente de carga de Witney<\/a><br \/><a href=\"https:\/\/moverdb.com\/pt\/transitario-de-carga\/freight-forwarding-uk\/rossendale-freight-forwarder\/\">Agente de carga de Rossendale<\/a><\/p>","protected":false},"excerpt":{"rendered":"<p>Below we look at the 1 &#8220;best&#8221; Freight Forwarding companies in Wilmslow out of 1. To learn more about how we chose the best please consult our FAQ section at the end. Please not the following listings are in no particular order and we are not making any recommendations for any particular company. Banks &#038; [&hellip;]<\/p>\n","protected":false},"author":1,"featured_media":0,"parent":13427,"menu_order":0,"comment_status":"open","ping_status":"open","template":"","meta":{"_genesis_hide_title":false,"_genesis_hide_breadcrumbs":false,"_genesis_hide_singular_image":false,"_genesis_hide_footer_widgets":false,"_genesis_custom_body_class":"","_genesis_custom_post_class":"","_genesis_layout":"","footnotes":""},"class_list":{"0":"post-14464","1":"page","2":"type-page","3":"status-publish","5":"entry"},"_links":{"self":[{"href":"https:\/\/moverdb.com\/pt\/wp-json\/wp\/v2\/pages\/14464","targetHints":{"allow":["GET"]}}],"collection":[{"href":"https:\/\/moverdb.com\/pt\/wp-json\/wp\/v2\/pages"}],"about":[{"href":"https:\/\/moverdb.com\/pt\/wp-json\/wp\/v2\/types\/page"}],"author":[{"embeddable":true,"href":"https:\/\/moverdb.com\/pt\/wp-json\/wp\/v2\/users\/1"}],"replies":[{"embeddable":true,"href":"https:\/\/moverdb.com\/pt\/wp-json\/wp\/v2\/comments?post=14464"}],"version-history":[{"count":1,"href":"https:\/\/moverdb.com\/pt\/wp-json\/wp\/v2\/pages\/14464\/revisions"}],"predecessor-version":[{"id":15669,"href":"https:\/\/moverdb.com\/pt\/wp-json\/wp\/v2\/pages\/14464\/revisions\/15669"}],"up":[{"embeddable":true,"href":"https:\/\/moverdb.com\/pt\/wp-json\/wp\/v2\/pages\/13427"}],"wp:attachment":[{"href":"https:\/\/moverdb.com\/pt\/wp-json\/wp\/v2\/media?parent=14464"}],"curies":[{"name":"wp","href":"https:\/\/api.w.org\/{rel}","templated":true}]}}