{"id":14390,"date":"2023-11-08T15:56:30","date_gmt":"2023-11-08T15:56:30","guid":{"rendered":"https:\/\/moverdb.com\/freight-forwarder\/freight-forwarding-uk\/pontypool-freight-forwarder\/"},"modified":"2026-01-08T14:52:16","modified_gmt":"2026-01-08T14:52:16","slug":"pontypool-freight-forwarder","status":"publish","type":"page","link":"https:\/\/moverdb.com\/pt\/freight-forwarder\/freight-forwarding-uk\/pontypool-freight-forwarder\/","title":{"rendered":"1 Melhores empresas de agenciamento de frete de Pontypool (2024)"},"content":{"rendered":"<p>A seguir, examinamos os 1 <em>\"melhor\"<\/em> Empresas de Freight Forwarding em Pontypool de 1.<\/p>\n<p>Para saber mais sobre como escolhemos os melhores, consulte nossa se\u00e7\u00e3o de perguntas frequentes no final.<\/p>\n<p><em>Observe que as listagens a seguir n\u00e3o est\u00e3o em nenhuma ordem espec\u00edfica e n\u00e3o estamos fazendo nenhuma recomenda\u00e7\u00e3o para nenhuma empresa em particular.<\/em><\/p>\n<h2>Solu\u00e7\u00f5es de log\u00edstica de frete<\/h2>\n<p><img decoding=\"async\" src=\"https:\/\/moverdb.com\/wp-content\/uploads\/AF1QipNQ3vzrUc4bAQ-xfDZQk9n0gwB30l2Ue76CTmz0w408-h306-k-no.jpg\" alt='Solu\u00e7\u00f5es de log\u00edstica de frete' class=\"aligncenter\"><\/p>\n<p><strong>Descri\u00e7\u00e3o da empresa: <\/strong>A FLS \u00e9 um dos principais agentes de frete digital\/gerenciamento da cadeia de suprimentos do Reino Unido.<\/p>\n<p> A FLS oferece solu\u00e7\u00f5es log\u00edsticas derivadas da experi\u00eancia e do conhecimento em log\u00edstica operacional, de cadeia de suprimentos e de frete - com o objetivo comercial final de melhorar os n\u00edveis de servi\u00e7o de transporte de nossos clientes e, ao mesmo tempo, reduzir os custos.<\/p>\n<p>A FLS tem uma vasta rede global de fornecedores preferenciais e transportadoras de qualidade, o que significa que voc\u00ea se beneficia de maior disponibilidade, seguran\u00e7a, n\u00edveis de servi\u00e7o garantidos, maior flexibilidade, rastreabilidade e entregas com prazo definido.<\/p>\n<p>A FLS oferece uma gama de servi\u00e7os para atender \u00e0s necessidades de manuseio de frete de todos os clientes, desde o uso ocasional do transporte at\u00e9 a alf\u00e2ndega e uma solu\u00e7\u00e3o completa e terceirizada de gerenciamento de transporte no local.<\/p>\n<p><strong>Servi\u00e7os adicionais:<\/strong><\/p>\n<p>Servi\u00e7o de correio eletr\u00f4nico<\/p>\n<p>Despachante aduaneiro<\/p>\n<p>Consultor alfandeg\u00e1rio<\/p>\n<p>Servi\u00e7o de entrega<\/p>\n<p>Servi\u00e7o de log\u00edstica<\/p>\n<p>Servi\u00e7o de transporte<\/p>\n<p>Empresa de caminh\u00f5es<\/p>\n<p><strong>Endere\u00e7o:<\/strong> Skewfields, Lower Mill, Pontypool NP4 0XZ<\/p>\n<p><a href=\"http:\/\/www.freightlogisticssolutions.co.uk\/\" target=\"_new\" rel=\"noopener\">Site da Freight Logistics Solutions<\/a><\/p>\n<p><strong>Pontua\u00e7\u00e3o da avalia\u00e7\u00e3o: <\/strong>4.1<br \/> <strong>N\u00famero de avalia\u00e7\u00f5es:<\/strong> 33<br \/><a href=\"https:\/\/www.google.co.uk\/maps?cid=7228317167136296428&#038;hl=en&#038;gl=GB\" target=\"_new\" rel=\"noopener\">Ler resenhas<\/a><\/p>\n<h2>Como escolhemos as melhores empresas de Freight Forwarding de Pontypool<\/h2>\n<p>Come\u00e7amos com um conjunto de dados de 1 empresas de agenciamento de carga de Pontypool que pudemos encontrar no Google Maps e reduzimos para as 1 melhores.<\/p>\n<p>Para isso, removemos qualquer empresa que:<\/p>\n<ul>\n<li> N\u00e3o tinha um site<\/li>\n<li> N\u00e3o teve cr\u00edticas<\/li>\n<li> Teve uma pontua\u00e7\u00e3o m\u00e9dia de avalia\u00e7\u00e3o abaixo de 2,0<\/li>\n<\/ul>\n<p>Nesse momento, se tiv\u00e9ssemos 17 ou menos forwarders, listar\u00edamos todos eles.<\/p>\n<p>Para as cidades que ficaram com mais de 17 despachantes, fizemos outras revis\u00f5es aumentando a pontua\u00e7\u00e3o de avalia\u00e7\u00e3o exigida (por exemplo, passando de um m\u00ednimo de 2,0 para 4,0) e\/ou aumentando o n\u00famero m\u00ednimo de avalia\u00e7\u00f5es exigidas (por exemplo, passando de pelo menos 1 avalia\u00e7\u00e3o para pelo menos 10).<\/p>\n<p>Observe que usamos apenas dados de avalia\u00e7\u00e3o do Google Maps e n\u00e3o de outros sites de terceiros.<\/p>\n<p>Mais cidades:<\/p>\n<p><a href=\"https:\/\/moverdb.com\/pt\/transitario-de-carga\/freight-forwarding-uk\/stourbridge-freight-forwarder\/\">Agente de carga de Stourbridge<\/a><br \/><a href=\"https:\/\/moverdb.com\/pt\/transitario-de-carga\/freight-forwarding-uk\/bourne-end-freight-forwarder\/\">Agente de carga de Bourne End<\/a><br \/><a href=\"https:\/\/moverdb.com\/pt\/transitario-de-carga\/freight-forwarding-uk\/hartlepool-freight-forwarder\/\">Agente de carga de Hartlepool<\/a><br \/><a href=\"https:\/\/moverdb.com\/pt\/transitario-de-carga\/freight-forwarding-uk\/dudley-freight-forwarder\/\">Agente de carga de Dudley<\/a><br \/><a href=\"https:\/\/moverdb.com\/pt\/transitario-de-carga\/freight-forwarding-uk\/andover-freight-forwarder\/\">Agente de carga de Andover<\/a><\/p>","protected":false},"excerpt":{"rendered":"<p>Below we look at the 1 &#8220;best&#8221; Freight Forwarding companies in Pontypool out of 1. To learn more about how we chose the best please consult our FAQ section at the end. Please not the following listings are in no particular order and we are not making any recommendations for any particular company. Freight Logistics [&hellip;]<\/p>\n","protected":false},"author":1,"featured_media":0,"parent":13427,"menu_order":0,"comment_status":"open","ping_status":"open","template":"","meta":{"_genesis_hide_title":false,"_genesis_hide_breadcrumbs":false,"_genesis_hide_singular_image":false,"_genesis_hide_footer_widgets":false,"_genesis_custom_body_class":"","_genesis_custom_post_class":"","_genesis_layout":"","footnotes":""},"class_list":{"0":"post-14390","1":"page","2":"type-page","3":"status-publish","5":"entry"},"_links":{"self":[{"href":"https:\/\/moverdb.com\/pt\/wp-json\/wp\/v2\/pages\/14390","targetHints":{"allow":["GET"]}}],"collection":[{"href":"https:\/\/moverdb.com\/pt\/wp-json\/wp\/v2\/pages"}],"about":[{"href":"https:\/\/moverdb.com\/pt\/wp-json\/wp\/v2\/types\/page"}],"author":[{"embeddable":true,"href":"https:\/\/moverdb.com\/pt\/wp-json\/wp\/v2\/users\/1"}],"replies":[{"embeddable":true,"href":"https:\/\/moverdb.com\/pt\/wp-json\/wp\/v2\/comments?post=14390"}],"version-history":[{"count":1,"href":"https:\/\/moverdb.com\/pt\/wp-json\/wp\/v2\/pages\/14390\/revisions"}],"predecessor-version":[{"id":15618,"href":"https:\/\/moverdb.com\/pt\/wp-json\/wp\/v2\/pages\/14390\/revisions\/15618"}],"up":[{"embeddable":true,"href":"https:\/\/moverdb.com\/pt\/wp-json\/wp\/v2\/pages\/13427"}],"wp:attachment":[{"href":"https:\/\/moverdb.com\/pt\/wp-json\/wp\/v2\/media?parent=14390"}],"curies":[{"name":"wp","href":"https:\/\/api.w.org\/{rel}","templated":true}]}}