{"id":14374,"date":"2023-11-08T15:56:30","date_gmt":"2023-11-08T15:56:30","guid":{"rendered":"https:\/\/moverdb.com\/freight-forwarder\/freight-forwarding-uk\/oldham-freight-forwarder\/"},"modified":"2026-01-08T14:52:14","modified_gmt":"2026-01-08T14:52:14","slug":"oldham-freight-forwarder","status":"publish","type":"page","link":"https:\/\/moverdb.com\/pt\/freight-forwarder\/freight-forwarding-uk\/oldham-freight-forwarder\/","title":{"rendered":"1 Melhores empresas de agenciamento de carga de Oldham (2024)"},"content":{"rendered":"<p>A seguir, examinamos os 1 <em>\"melhor\"<\/em> Empresas de Agenciamento de Fretes em Oldham de um total de 2.<\/p>\n<p>Para saber mais sobre como escolhemos os melhores, consulte nossa se\u00e7\u00e3o de perguntas frequentes no final.<\/p>\n<p><em>Observe que as listagens a seguir n\u00e3o est\u00e3o em nenhuma ordem espec\u00edfica e n\u00e3o estamos fazendo nenhuma recomenda\u00e7\u00e3o para nenhuma empresa em particular.<\/em><\/p>\n<h2>Prime Freight Ltd<\/h2>\n<p><img decoding=\"async\" src=\"https:\/\/moverdb.com\/wp-content\/uploads\/thumbnailpanoidLogUzInW7caoXhpzmteocAcb_clientsearch.gws-prod.gpsw408h240yaw113.jpg\" alt='Prime Freight Ltd' class=\"aligncenter\"><\/p>\n<p><strong>Descri\u00e7\u00e3o da empresa: <\/strong>Na Prime Freight, fornecemos solu\u00e7\u00f5es para todas as suas necessidades de transporte.<\/p>\n<p> Nossos servi\u00e7os incluem:<br \/>\nVans no mesmo dia.<\/p>\n<p>Ve\u00edculos HGV de todos os tamanhos.<\/p>\n<p><a href=\"https:\/\/moverdb.com\/pt\/moving-to-the-uk\/\" data-internallinksmanager029f6b8e52c=\"93\" title=\"Mudando-se para o Reino Unido? 2026 Custos de Vida e Dicas de Reloca\u00e7\u00e3o\">REINO UNIDO<\/a> e internacional.<\/p>\n<p>Ve\u00edculos Moffett e Hiab.<\/p>\n<p>Caminh\u00f5es com plataforma plana.<\/p>\n<p>Caminh\u00f5es ba\u00fa e refrigerados.<\/p>\n<p><strong>Servi\u00e7os adicionais:<\/strong><\/p>\n<p>Nenhum listado<\/p>\n<p><strong>Endere\u00e7o:<\/strong> 139, 143 Union St, Oldham OL1 1TE<\/p>\n<p><a href=\"http:\/\/www.primefreight.co.uk\/\" target=\"_new\" rel=\"noopener\">Site da Prime Freight Ltd<\/a><\/p>\n<p><strong>Pontua\u00e7\u00e3o da avalia\u00e7\u00e3o: <\/strong>5<br \/> <strong>N\u00famero de avalia\u00e7\u00f5es:<\/strong> 18<br \/><a href=\"https:\/\/www.google.co.uk\/maps?cid=13012433311097108134&#038;hl=en&#038;gl=GB\" target=\"_new\" rel=\"noopener\">Ler resenhas<\/a><\/p>\n<h2>Como escolhemos as melhores empresas de Agenciamento de Fretes de Oldham<\/h2>\n<p>Come\u00e7amos com um conjunto de dados de 2 empresas de agenciamento de carga de Oldham que pudemos encontrar pelo Google Maps e reduzimos para a melhor 1.<\/p>\n<p>Para isso, removemos qualquer empresa que:<\/p>\n<ul>\n<li> N\u00e3o tinha um site<\/li>\n<li> N\u00e3o teve cr\u00edticas<\/li>\n<li> Teve uma pontua\u00e7\u00e3o m\u00e9dia de avalia\u00e7\u00e3o abaixo de 2,0<\/li>\n<\/ul>\n<p>Nesse momento, se tiv\u00e9ssemos 17 ou menos forwarders, listar\u00edamos todos eles.<\/p>\n<p>Para as cidades que ficaram com mais de 17 despachantes, fizemos outras revis\u00f5es aumentando a pontua\u00e7\u00e3o de avalia\u00e7\u00e3o exigida (por exemplo, passando de um m\u00ednimo de 2,0 para 4,0) e\/ou aumentando o n\u00famero m\u00ednimo de avalia\u00e7\u00f5es exigidas (por exemplo, passando de pelo menos 1 avalia\u00e7\u00e3o para pelo menos 10).<\/p>\n<p>Observe que usamos apenas dados de avalia\u00e7\u00e3o do Google Maps e n\u00e3o de outros sites de terceiros.<\/p>\n<p>Mais cidades:<\/p>\n<p><a href=\"https:\/\/moverdb.com\/pt\/transitario-de-carga\/freight-forwarding-uk\/halesowen-freight-forwarder\/\">Agente de carga de Halesowen<\/a><br \/><a href=\"https:\/\/moverdb.com\/pt\/transitario-de-carga\/freight-forwarding-uk\/ormskirk-freight-forwarder\/\">Agente de carga de Ormskirk<\/a><br \/><a href=\"https:\/\/moverdb.com\/pt\/transitario-de-carga\/freight-forwarding-uk\/stockbridge-freight-forwarder\/\">Agente de carga de Stockbridge<\/a><br \/><a href=\"https:\/\/moverdb.com\/pt\/transitario-de-carga\/freight-forwarding-uk\/dorking-freight-forwarder\/\">Agente de carga de Dorking<\/a><br \/><a href=\"https:\/\/moverdb.com\/pt\/transitario-de-carga\/freight-forwarding-uk\/camelford-freight-forwarder\/\">Agente de carga de Camelford<\/a><\/p>","protected":false},"excerpt":{"rendered":"<p>Below we look at the 1 &#8220;best&#8221; Freight Forwarding companies in Oldham out of 2. To learn more about how we chose the best please consult our FAQ section at the end. Please not the following listings are in no particular order and we are not making any recommendations for any particular company. Prime Freight [&hellip;]<\/p>\n","protected":false},"author":1,"featured_media":0,"parent":13427,"menu_order":0,"comment_status":"open","ping_status":"open","template":"","meta":{"_genesis_hide_title":false,"_genesis_hide_breadcrumbs":false,"_genesis_hide_singular_image":false,"_genesis_hide_footer_widgets":false,"_genesis_custom_body_class":"","_genesis_custom_post_class":"","_genesis_layout":"","footnotes":""},"class_list":{"0":"post-14374","1":"page","2":"type-page","3":"status-publish","5":"entry"},"_links":{"self":[{"href":"https:\/\/moverdb.com\/pt\/wp-json\/wp\/v2\/pages\/14374","targetHints":{"allow":["GET"]}}],"collection":[{"href":"https:\/\/moverdb.com\/pt\/wp-json\/wp\/v2\/pages"}],"about":[{"href":"https:\/\/moverdb.com\/pt\/wp-json\/wp\/v2\/types\/page"}],"author":[{"embeddable":true,"href":"https:\/\/moverdb.com\/pt\/wp-json\/wp\/v2\/users\/1"}],"replies":[{"embeddable":true,"href":"https:\/\/moverdb.com\/pt\/wp-json\/wp\/v2\/comments?post=14374"}],"version-history":[{"count":1,"href":"https:\/\/moverdb.com\/pt\/wp-json\/wp\/v2\/pages\/14374\/revisions"}],"predecessor-version":[{"id":15615,"href":"https:\/\/moverdb.com\/pt\/wp-json\/wp\/v2\/pages\/14374\/revisions\/15615"}],"up":[{"embeddable":true,"href":"https:\/\/moverdb.com\/pt\/wp-json\/wp\/v2\/pages\/13427"}],"wp:attachment":[{"href":"https:\/\/moverdb.com\/pt\/wp-json\/wp\/v2\/media?parent=14374"}],"curies":[{"name":"wp","href":"https:\/\/api.w.org\/{rel}","templated":true}]}}