{"id":14340,"date":"2023-11-08T15:56:13","date_gmt":"2023-11-08T15:56:13","guid":{"rendered":"https:\/\/moverdb.com\/freight-forwarder\/freight-forwarding-uk\/sandhurst-freight-forwarder\/"},"modified":"2026-01-08T14:54:37","modified_gmt":"2026-01-08T14:54:37","slug":"sandhurst-freight-forwarder","status":"publish","type":"page","link":"https:\/\/moverdb.com\/pt\/freight-forwarder\/freight-forwarding-uk\/sandhurst-freight-forwarder\/","title":{"rendered":"1 Melhores empresas de agenciamento de carga de Sandhurst (2024)"},"content":{"rendered":"<p>A seguir, examinamos os 1 <em>\"melhor\"<\/em> Empresas de Freight Forwarding em Sandhurst de 1.<\/p>\n<p>Para saber mais sobre como escolhemos os melhores, consulte nossa se\u00e7\u00e3o de perguntas frequentes no final.<\/p>\n<p><em>Observe que as listagens a seguir n\u00e3o est\u00e3o em nenhuma ordem espec\u00edfica e n\u00e3o estamos fazendo nenhuma recomenda\u00e7\u00e3o para nenhuma empresa em particular.<\/em><\/p>\n<h2>EON Logistics &amp; Trading Ltd<\/h2>\n<p><img decoding=\"async\" src=\"https:\/\/moverdb.com\/wp-content\/uploads\/AF1QipNQB0gLNgBgfRlKQcEjJh4gr9krScguC-t2dsu_w768-h240-k-no.jpg\" alt='EON Logistics &amp; Trading Ltd' class=\"aligncenter\"><\/p>\n<p><strong>Descri\u00e7\u00e3o da empresa: <\/strong>Bem-vindo \u00e0 EON Logistics &amp; Trading, somos uma empresa de <a href=\"https:\/\/moverdb.com\/pt\/moving-to-the-uk\/\" data-internallinksmanager029f6b8e52c=\"93\" title=\"Mudando-se para o Reino Unido? 2026 Custos de Vida e Dicas de Reloca\u00e7\u00e3o\">REINO UNIDO<\/a> sediada em <a href=\"https:\/\/moverdb.com\/pt\/freight-forwarder\/\" data-internallinksmanager029f6b8e52c=\"17\" title=\"Freight Forwarder &amp; NVOCC International Cost &amp; Companies Guide\">Freight Forwarder<\/a> e especialista em log\u00edstica, oferecendo uma gama completa de servi\u00e7os de transporte mar\u00edtimo, a\u00e9reo, rodovi\u00e1rio e de compras no exterior.<\/p>\n<p>Nossa equipe altamente experiente tem mais de 40 anos de experi\u00eancia no setor, atendendo a fabricantes, comerciantes e transportadores privados que movimentam cargas em todo o mundo.<\/p>\n<p> A EON Logistics oferece uma ampla gama de servi\u00e7os de frete de exporta\u00e7\u00e3o para mais de 300 <a href=\"https:\/\/moverdb.com\/pt\/top-49-container-ports\/\" data-internallinksmanager029f6b8e52c=\"80\" title=\"Os 49 maiores e mais movimentados portos de cont\u00eaineres em 2025\">portos<\/a> e aeroportos em todo o mundo.<\/p>\n<p><strong>Servi\u00e7os adicionais:<\/strong><\/p>\n<p>Exportador<\/p>\n<p>Importador<\/p>\n<p>Servi\u00e7o de log\u00edstica<\/p>\n<p>Servi\u00e7o de remessa<\/p>\n<p>Servi\u00e7o de transporte<\/p>\n<p><a href=\"https:\/\/moverdb.com\/pt\/car-transport-shipping\/\" data-internallinksmanager029f6b8e52c=\"2\" title=\"2026 Cota\u00e7\u00f5es de transporte internacional de carros e envio de ve\u00edculos\">Envio de ve\u00edculos<\/a> agente<\/p>\n<p><strong>Endere\u00e7o:<\/strong> Suite 8, Sandhurst House, 297 Yorktown Rd, College Town, Sandhurst GU47 0QA<\/p>\n<p><a href=\"http:\/\/www.eonlogistics.co.uk\/\" target=\"_new\" rel=\"noopener\">Site da EON Logistics &amp; Trading Ltd<\/a><\/p>\n<p><strong>Pontua\u00e7\u00e3o da avalia\u00e7\u00e3o: <\/strong>5<br \/> <strong>N\u00famero de avalia\u00e7\u00f5es:<\/strong> 12<br \/><a href=\"https:\/\/www.google.co.uk\/maps?cid=1164881032507828490&#038;hl=en&#038;gl=GB\" target=\"_new\" rel=\"noopener\">Ler resenhas<\/a><\/p>\n<h2>Como escolhemos as melhores empresas de Agenciamento de Fretes de Sandhurst<\/h2>\n<p>Come\u00e7amos com um conjunto de dados de 1 empresas de agenciamento de carga de Sandhurst que pudemos encontrar pelo Google Maps e reduzimos para as 1 melhores.<\/p>\n<p>Para isso, removemos qualquer empresa que:<\/p>\n<ul>\n<li> N\u00e3o tinha um site<\/li>\n<li> N\u00e3o teve cr\u00edticas<\/li>\n<li> Teve uma pontua\u00e7\u00e3o m\u00e9dia de avalia\u00e7\u00e3o abaixo de 2,0<\/li>\n<\/ul>\n<p>Nesse momento, se tiv\u00e9ssemos 17 ou menos forwarders, listar\u00edamos todos eles.<\/p>\n<p>Para as cidades que ficaram com mais de 17 despachantes, fizemos outras revis\u00f5es aumentando a pontua\u00e7\u00e3o de avalia\u00e7\u00e3o exigida (por exemplo, passando de um m\u00ednimo de 2,0 para 4,0) e\/ou aumentando o n\u00famero m\u00ednimo de avalia\u00e7\u00f5es exigidas (por exemplo, passando de pelo menos 1 avalia\u00e7\u00e3o para pelo menos 10).<\/p>\n<p>Observe que usamos apenas dados de avalia\u00e7\u00e3o do Google Maps e n\u00e3o de outros sites de terceiros.<\/p>\n<p>Mais cidades:<\/p>\n<p><a href=\"https:\/\/moverdb.com\/pt\/transitario-de-carga\/freight-forwarding-uk\/north-shields-freight-forwarder\/\">Agente de carga de North Shields<\/a><br \/><a href=\"https:\/\/moverdb.com\/pt\/transitario-de-carga\/freight-forwarding-uk\/sheerness-freight-forwarder\/\">Agente de carga de Sheerness<\/a><br \/><a href=\"https:\/\/moverdb.com\/pt\/transitario-de-carga\/freight-forwarding-uk\/bolton-freight-forwarder\/\">Bolton Freight Forwarder<\/a><br \/><a href=\"https:\/\/moverdb.com\/pt\/transitario-de-carga\/freight-forwarding-uk\/shepperton-freight-forwarder\/\">Agente de carga de Shepperton<\/a><br \/><a href=\"https:\/\/moverdb.com\/pt\/transitario-de-carga\/freight-forwarding-uk\/northwood-freight-forwarder\/\">Northwood Freight Forwarder<\/a><\/p>","protected":false},"excerpt":{"rendered":"<p>Below we look at the 1 &#8220;best&#8221; Freight Forwarding companies in Sandhurst out of 1. To learn more about how we chose the best please consult our FAQ section at the end. Please not the following listings are in no particular order and we are not making any recommendations for any particular company. EON Logistics [&hellip;]<\/p>\n","protected":false},"author":1,"featured_media":0,"parent":13427,"menu_order":0,"comment_status":"open","ping_status":"open","template":"","meta":{"_genesis_hide_title":false,"_genesis_hide_breadcrumbs":false,"_genesis_hide_singular_image":false,"_genesis_hide_footer_widgets":false,"_genesis_custom_body_class":"","_genesis_custom_post_class":"","_genesis_layout":"","footnotes":""},"class_list":{"0":"post-14340","1":"page","2":"type-page","3":"status-publish","5":"entry"},"_links":{"self":[{"href":"https:\/\/moverdb.com\/pt\/wp-json\/wp\/v2\/pages\/14340","targetHints":{"allow":["GET"]}}],"collection":[{"href":"https:\/\/moverdb.com\/pt\/wp-json\/wp\/v2\/pages"}],"about":[{"href":"https:\/\/moverdb.com\/pt\/wp-json\/wp\/v2\/types\/page"}],"author":[{"embeddable":true,"href":"https:\/\/moverdb.com\/pt\/wp-json\/wp\/v2\/users\/1"}],"replies":[{"embeddable":true,"href":"https:\/\/moverdb.com\/pt\/wp-json\/wp\/v2\/comments?post=14340"}],"version-history":[{"count":1,"href":"https:\/\/moverdb.com\/pt\/wp-json\/wp\/v2\/pages\/14340\/revisions"}],"predecessor-version":[{"id":15633,"href":"https:\/\/moverdb.com\/pt\/wp-json\/wp\/v2\/pages\/14340\/revisions\/15633"}],"up":[{"embeddable":true,"href":"https:\/\/moverdb.com\/pt\/wp-json\/wp\/v2\/pages\/13427"}],"wp:attachment":[{"href":"https:\/\/moverdb.com\/pt\/wp-json\/wp\/v2\/media?parent=14340"}],"curies":[{"name":"wp","href":"https:\/\/api.w.org\/{rel}","templated":true}]}}