{"id":14286,"date":"2023-11-08T15:55:55","date_gmt":"2023-11-08T15:55:55","guid":{"rendered":"https:\/\/moverdb.com\/freight-forwarder\/freight-forwarding-uk\/maidstone-freight-forwarder\/"},"modified":"2026-01-08T14:52:06","modified_gmt":"2026-01-08T14:52:06","slug":"maidstone-freight-forwarder","status":"publish","type":"page","link":"https:\/\/moverdb.com\/pt\/freight-forwarder\/freight-forwarding-uk\/maidstone-freight-forwarder\/","title":{"rendered":"1 Melhores empresas de agenciamento de carga de Maidstone (2024)"},"content":{"rendered":"<p>A seguir, examinamos os 1 <em>\"melhor\"<\/em> Empresas de Freight Forwarding em Maidstone de um total de 5.<\/p>\n<p>Para saber mais sobre como escolhemos os melhores, consulte nossa se\u00e7\u00e3o de perguntas frequentes no final.<\/p>\n<p><em>Observe que as listagens a seguir n\u00e3o est\u00e3o em nenhuma ordem espec\u00edfica e n\u00e3o estamos fazendo nenhuma recomenda\u00e7\u00e3o para nenhuma empresa em particular.<\/em><\/p>\n<h2>Alberti &amp; Santi Reino Unido<\/h2>\n<p><img decoding=\"async\" src=\"https:\/\/moverdb.com\/wp-content\/uploads\/AF1QipPLmXJm6acJ9p6cGdwZQzfOGfoV8hGM7Qx-LzpCw626-h240-k-no.jpg\" alt='Alberti &amp; Santi Reino Unido' class=\"aligncenter\"><\/p>\n<p><strong>Descri\u00e7\u00e3o da empresa: <\/strong>A Alberti e Santi \u00e9 uma empresa internacional que lida com o transporte de mercadorias.<\/p>\n<p> Seu principal objetivo \u00e9 sempre garantir a m\u00e1xima efici\u00eancia, colocando-se no lugar do cliente para entender e satisfazer todas as suas necessidades.<\/p>\n<p>Ela opera nacional e internacionalmente e \u00e9 a parceira escolhida por v\u00e1rias empresas europeias em todos os setores de produ\u00e7\u00e3o.<\/p>\n<p><strong>Servi\u00e7os adicionais:<\/strong><\/p>\n<p>Nenhum listado<\/p>\n<p><strong>Endere\u00e7o:<\/strong> 2nd Floor, Vaughan Chambers, 4 Tonbridge Rd, Maidstone ME16 8RP<\/p>\n<p><a href=\"https:\/\/www.albertiesanti.com\/en\" target=\"_new\" rel=\"noopener\">Site da Alberti &amp; Santi no Reino Unido<\/a><\/p>\n<p><strong>Pontua\u00e7\u00e3o da avalia\u00e7\u00e3o: <\/strong>3<br \/> <strong>N\u00famero de avalia\u00e7\u00f5es:<\/strong> 5<br \/><a href=\"https:\/\/www.google.co.uk\/maps?cid=4195401738055635050&#038;hl=en&#038;gl=GB\" target=\"_new\" rel=\"noopener\">Ler resenhas<\/a><\/p>\n<h2>Como escolhemos as melhores empresas de Freight Forwarding de Maidstone<\/h2>\n<p>Come\u00e7amos com um conjunto de dados de 5 empresas de agenciamento de carga de Maidstone que pudemos encontrar pelo Google Maps e reduzimos para a melhor 1.<\/p>\n<p>Para isso, removemos qualquer empresa que:<\/p>\n<ul>\n<li> N\u00e3o tinha um site<\/li>\n<li> N\u00e3o teve cr\u00edticas<\/li>\n<li> Teve uma pontua\u00e7\u00e3o m\u00e9dia de avalia\u00e7\u00e3o abaixo de 2,0<\/li>\n<\/ul>\n<p>Nesse momento, se tiv\u00e9ssemos 17 ou menos forwarders, listar\u00edamos todos eles.<\/p>\n<p>Para as cidades que ficaram com mais de 17 despachantes, fizemos outras revis\u00f5es aumentando a pontua\u00e7\u00e3o de avalia\u00e7\u00e3o exigida (por exemplo, passando de um m\u00ednimo de 2,0 para 4,0) e\/ou aumentando o n\u00famero m\u00ednimo de avalia\u00e7\u00f5es exigidas (por exemplo, passando de pelo menos 1 avalia\u00e7\u00e3o para pelo menos 10).<\/p>\n<p>Observe que usamos apenas dados de avalia\u00e7\u00e3o do Google Maps e n\u00e3o de outros sites de terceiros.<\/p>\n<p>Mais cidades:<\/p>\n<p><a href=\"https:\/\/moverdb.com\/pt\/transitario-de-carga\/freight-forwarding-uk\/haverhill-freight-forwarder\/\">Agente de carga de Haverhill<\/a><br \/><a href=\"https:\/\/moverdb.com\/pt\/transitario-de-carga\/freight-forwarding-uk\/coulsdon-freight-forwarder\/\">Agente de carga de Coulsdon<\/a><br \/><a href=\"https:\/\/moverdb.com\/pt\/transitario-de-carga\/freight-forwarding-uk\/telford-freight-forwarder\/\">Agente de carga de Telford<\/a><br \/><a href=\"https:\/\/moverdb.com\/pt\/transitario-de-carga\/freight-forwarding-uk\/bilston-freight-forwarder\/\">Agente de carga de Bilston<\/a><br \/><a href=\"https:\/\/moverdb.com\/pt\/transitario-de-carga\/freight-forwarding-uk\/thornton-cleveleys-freight-forwarder\/\">Agente de carga de Thornton-Cleveleys<\/a><\/p>","protected":false},"excerpt":{"rendered":"<p>Below we look at the 1 &#8220;best&#8221; Freight Forwarding companies in Maidstone out of 5. To learn more about how we chose the best please consult our FAQ section at the end. Please not the following listings are in no particular order and we are not making any recommendations for any particular company. Alberti &#038; [&hellip;]<\/p>\n","protected":false},"author":1,"featured_media":0,"parent":13427,"menu_order":0,"comment_status":"open","ping_status":"open","template":"","meta":{"_genesis_hide_title":false,"_genesis_hide_breadcrumbs":false,"_genesis_hide_singular_image":false,"_genesis_hide_footer_widgets":false,"_genesis_custom_body_class":"","_genesis_custom_post_class":"","_genesis_layout":"","footnotes":""},"class_list":{"0":"post-14286","1":"page","2":"type-page","3":"status-publish","5":"entry"},"_links":{"self":[{"href":"https:\/\/moverdb.com\/pt\/wp-json\/wp\/v2\/pages\/14286","targetHints":{"allow":["GET"]}}],"collection":[{"href":"https:\/\/moverdb.com\/pt\/wp-json\/wp\/v2\/pages"}],"about":[{"href":"https:\/\/moverdb.com\/pt\/wp-json\/wp\/v2\/types\/page"}],"author":[{"embeddable":true,"href":"https:\/\/moverdb.com\/pt\/wp-json\/wp\/v2\/users\/1"}],"replies":[{"embeddable":true,"href":"https:\/\/moverdb.com\/pt\/wp-json\/wp\/v2\/comments?post=14286"}],"version-history":[{"count":1,"href":"https:\/\/moverdb.com\/pt\/wp-json\/wp\/v2\/pages\/14286\/revisions"}],"predecessor-version":[{"id":15607,"href":"https:\/\/moverdb.com\/pt\/wp-json\/wp\/v2\/pages\/14286\/revisions\/15607"}],"up":[{"embeddable":true,"href":"https:\/\/moverdb.com\/pt\/wp-json\/wp\/v2\/pages\/13427"}],"wp:attachment":[{"href":"https:\/\/moverdb.com\/pt\/wp-json\/wp\/v2\/media?parent=14286"}],"curies":[{"name":"wp","href":"https:\/\/api.w.org\/{rel}","templated":true}]}}