{"id":14252,"date":"2023-11-08T15:55:37","date_gmt":"2023-11-08T15:55:37","guid":{"rendered":"https:\/\/moverdb.com\/freight-forwarder\/freight-forwarding-uk\/worthing-freight-forwarder\/"},"modified":"2026-01-08T14:55:20","modified_gmt":"2026-01-08T14:55:20","slug":"worthing-freight-forwarder","status":"publish","type":"page","link":"https:\/\/moverdb.com\/pt\/freight-forwarder\/freight-forwarding-uk\/worthing-freight-forwarder\/","title":{"rendered":"1 Melhores empresas de agenciamento de frete de Worthing (2024)"},"content":{"rendered":"<p>A seguir, examinamos os 1 <em>\"melhor\"<\/em> Empresas de Agenciamento de Fretes em Worthing, de um total de 1.<\/p>\n<p>Para saber mais sobre como escolhemos os melhores, consulte nossa se\u00e7\u00e3o de perguntas frequentes no final.<\/p>\n<p><em>Observe que as listagens a seguir n\u00e3o est\u00e3o em nenhuma ordem espec\u00edfica e n\u00e3o estamos fazendo nenhuma recomenda\u00e7\u00e3o para nenhuma empresa em particular.<\/em><\/p>\n<h2>Spicer International Ltd Servi\u00e7os de correio Worthing<\/h2>\n<p><img decoding=\"async\" src=\"https:\/\/moverdb.com\/wp-content\/uploads\/AF1QipOUq_GAzE3wCuLAU_Ci4QSHdFpGBvl9Vneea4ngw426-h240-k-no.jpg\" alt='Spicer International Ltd Servi\u00e7os de correio Worthing' class=\"aligncenter\"><\/p>\n<p><strong>Descri\u00e7\u00e3o da empresa: <\/strong>Bem-vindo \u00e0 Spicer International, seu parceiro de encomendas internacionais.<\/p>\n<p> Com mais de 25 anos de experi\u00eancia na oferta de servi\u00e7os de frete de alta qualidade, constru\u00edmos uma reputa\u00e7\u00e3o invej\u00e1vel.<\/p>\n<p> E n\u00e3o \u00e9 s\u00f3 isso! Tamb\u00e9m oferecemos os melhores servi\u00e7os de armazenamento em West Sussex.<\/p>\n<p> Sempre colocamos nossos clientes em primeiro lugar e garantimos que nosso servi\u00e7o de entrega e coleta atenda e supere suas expectativas.<\/p>\n<p> Portanto, se voc\u00ea tiver necessidades de armazenamento ou quiser enviar uma encomenda para qualquer lugar do pa\u00eds, os especialistas da Spicer International podem oferecer uma solu\u00e7\u00e3o de armazenamento adapt\u00e1vel e cuidar da entrega pontual de sua encomenda.<\/p>\n<p> Para solicitar uma cota\u00e7\u00e3o, por favor, preencha as informa\u00e7\u00f5es em nosso gerador de cota\u00e7\u00f5es.<\/p>\n<p> Chamada <a href=\"https:\/\/moverdb.com\/pt\/moving-to-the-united-states\/\" data-internallinksmanager029f6b8e52c=\"94\" title=\"Mudando-se para os Estados Unidos? 2026 Custos de Vida e Dicas de Reloca\u00e7\u00e3o\">n\u00f3s<\/a> agora ou deixe uma mensagem.<\/p>\n<p><strong>Servi\u00e7os adicionais:<\/strong><\/p>\n<p>Servi\u00e7o de correio eletr\u00f4nico<\/p>\n<p>Empresa de entrega<\/p>\n<p>Instala\u00e7\u00e3o de armazenamento<\/p>\n<p>Armaz\u00e9m<\/p>\n<p>Loja de descontos<\/p>\n<p><strong>Endere\u00e7o:<\/strong> Northbrook Business Park, Units 13-14, Northbrook Rd, Worthing BN14 8PQ<\/p>\n<p><a href=\"http:\/\/www.spicerinternational.com\/\" target=\"_new\" rel=\"noopener\">Site da Spicer International Ltd Courier Services Worthing<\/a><\/p>\n<p><strong>Pontua\u00e7\u00e3o da avalia\u00e7\u00e3o: <\/strong>4.9<br \/> <strong>N\u00famero de avalia\u00e7\u00f5es:<\/strong> 18<br \/><a href=\"https:\/\/www.google.co.uk\/maps?cid=16544897627600685036&#038;hl=en&#038;gl=GB\" target=\"_new\" rel=\"noopener\">Ler resenhas<\/a><\/p>\n<h2>Como escolhemos as melhores empresas de Agenciamento de Fretes de Worthing<\/h2>\n<p>Come\u00e7amos com um conjunto de dados de 1 empresas de agenciamento de carga de Worthing que pudemos encontrar no Google Maps e reduzimos para as 1 melhores.<\/p>\n<p>Para isso, removemos qualquer empresa que:<\/p>\n<ul>\n<li> N\u00e3o tinha um site<\/li>\n<li> N\u00e3o teve cr\u00edticas<\/li>\n<li> Teve uma pontua\u00e7\u00e3o m\u00e9dia de avalia\u00e7\u00e3o abaixo de 2,0<\/li>\n<\/ul>\n<p>Nesse momento, se tiv\u00e9ssemos 17 ou menos forwarders, listar\u00edamos todos eles.<\/p>\n<p>Para as cidades que ficaram com mais de 17 despachantes, fizemos outras revis\u00f5es aumentando a pontua\u00e7\u00e3o de avalia\u00e7\u00e3o exigida (por exemplo, passando de um m\u00ednimo de 2,0 para 4,0) e\/ou aumentando o n\u00famero m\u00ednimo de avalia\u00e7\u00f5es exigidas (por exemplo, passando de pelo menos 1 avalia\u00e7\u00e3o para pelo menos 10).<\/p>\n<p>Observe que usamos apenas dados de avalia\u00e7\u00e3o do Google Maps e n\u00e3o de outros sites de terceiros.<\/p>\n<p>Mais cidades:<\/p>\n<p><a href=\"https:\/\/moverdb.com\/pt\/transitario-de-carga\/freight-forwarding-uk\/llanfyrnach-freight-forwarder\/\">Agente de carga de Llanfyrnach<\/a><br \/><a href=\"https:\/\/moverdb.com\/pt\/transitario-de-carga\/freight-forwarding-uk\/bromley-freight-forwarder\/\">Agente de carga de Bromley<\/a><br \/><a href=\"https:\/\/moverdb.com\/pt\/transitario-de-carga\/freight-forwarding-uk\/colnbrook-slough-freight-forwarder\/\">Agente de carga de Colnbrook Slough<\/a><br \/><a href=\"https:\/\/moverdb.com\/pt\/transitario-de-carga\/freight-forwarding-uk\/selby-freight-forwarder\/\">Agente de carga de Selby<\/a><br \/><a href=\"https:\/\/moverdb.com\/pt\/transitario-de-carga\/freight-forwarding-uk\/cookstown-freight-forwarder\/\">Agente de carga de Cookstown<\/a><\/p>","protected":false},"excerpt":{"rendered":"<p>Below we look at the 1 &#8220;best&#8221; Freight Forwarding companies in Worthing out of 1. To learn more about how we chose the best please consult our FAQ section at the end. Please not the following listings are in no particular order and we are not making any recommendations for any particular company. Spicer International [&hellip;]<\/p>\n","protected":false},"author":1,"featured_media":0,"parent":13427,"menu_order":0,"comment_status":"open","ping_status":"open","template":"","meta":{"_genesis_hide_title":false,"_genesis_hide_breadcrumbs":false,"_genesis_hide_singular_image":false,"_genesis_hide_footer_widgets":false,"_genesis_custom_body_class":"","_genesis_custom_post_class":"","_genesis_layout":"","footnotes":""},"class_list":{"0":"post-14252","1":"page","2":"type-page","3":"status-publish","5":"entry"},"_links":{"self":[{"href":"https:\/\/moverdb.com\/pt\/wp-json\/wp\/v2\/pages\/14252","targetHints":{"allow":["GET"]}}],"collection":[{"href":"https:\/\/moverdb.com\/pt\/wp-json\/wp\/v2\/pages"}],"about":[{"href":"https:\/\/moverdb.com\/pt\/wp-json\/wp\/v2\/types\/page"}],"author":[{"embeddable":true,"href":"https:\/\/moverdb.com\/pt\/wp-json\/wp\/v2\/users\/1"}],"replies":[{"embeddable":true,"href":"https:\/\/moverdb.com\/pt\/wp-json\/wp\/v2\/comments?post=14252"}],"version-history":[{"count":1,"href":"https:\/\/moverdb.com\/pt\/wp-json\/wp\/v2\/pages\/14252\/revisions"}],"predecessor-version":[{"id":15675,"href":"https:\/\/moverdb.com\/pt\/wp-json\/wp\/v2\/pages\/14252\/revisions\/15675"}],"up":[{"embeddable":true,"href":"https:\/\/moverdb.com\/pt\/wp-json\/wp\/v2\/pages\/13427"}],"wp:attachment":[{"href":"https:\/\/moverdb.com\/pt\/wp-json\/wp\/v2\/media?parent=14252"}],"curies":[{"name":"wp","href":"https:\/\/api.w.org\/{rel}","templated":true}]}}