{"id":14177,"date":"2023-11-08T15:55:01","date_gmt":"2023-11-08T15:55:01","guid":{"rendered":"https:\/\/moverdb.com\/freight-forwarder\/freight-forwarding-uk\/salford-freight-forwarder\/"},"modified":"2026-01-08T14:58:30","modified_gmt":"2026-01-08T14:58:30","slug":"salford-freight-forwarder","status":"publish","type":"page","link":"https:\/\/moverdb.com\/pt\/freight-forwarder\/freight-forwarding-uk\/salford-freight-forwarder\/","title":{"rendered":"2 Melhores empresas de agenciamento de frete de Salford (2024)"},"content":{"rendered":"<p>A seguir, examinamos os 2 <em>\"melhor\"<\/em> Empresas de Freight Forwarding em Salford de um total de 4.<\/p>\n<p>Para saber mais sobre como escolhemos os melhores, consulte nossa se\u00e7\u00e3o de perguntas frequentes no final.<\/p>\n<p><em>Observe que as listagens a seguir n\u00e3o est\u00e3o em nenhuma ordem espec\u00edfica e n\u00e3o estamos fazendo nenhuma recomenda\u00e7\u00e3o para nenhuma empresa em particular.<\/em><\/p>\n<h2>Warton Freight Services Northern Ltd<\/h2>\n<p><img decoding=\"async\" src=\"https:\/\/moverdb.com\/wp-content\/uploads\/AF1QipP5vg9UtVRKnaktzJ7hZaMYUqmdNda2n3M2IC0Pw408-h408-k-no.jpg\" alt='Warton Freight Services Northern Ltd' class=\"aligncenter\"><\/p>\n<p><strong>Descri\u00e7\u00e3o da empresa: <\/strong>Nenhum fornecido<\/p>\n<p><strong>Servi\u00e7os adicionais:<\/strong><\/p>\n<p>Nenhum listado<\/p>\n<p><strong>Endere\u00e7o:<\/strong> 9 Worrall St, Salford M5 4TH<\/p>\n<p><a href=\"https:\/\/wartonfreightnorthern.co.uk\/\" target=\"_new\" rel=\"noopener\">Site da Warton Freight Services Northern Ltd<\/a><\/p>\n<p><strong>Pontua\u00e7\u00e3o da avalia\u00e7\u00e3o: <\/strong>4.2<br \/> <strong>N\u00famero de avalia\u00e7\u00f5es:<\/strong> 6<br \/><a href=\"https:\/\/www.google.co.uk\/maps?cid=13341298722638209777&#038;hl=en&#038;gl=GB\" target=\"_new\" rel=\"noopener\">Ler resenhas<\/a><\/p>\n<h2>Conex\u00f5es BSM<\/h2>\n<p><img decoding=\"async\" src=\"https:\/\/moverdb.com\/wp-content\/uploads\/AF1QipPEdmQkHU9nn4ji6Sh3iybPqilGKaZv378SEG1Hw408-h285-k-no.jpg\" alt='Conex\u00f5es BSM' class=\"aligncenter\"><\/p>\n<p><strong>Descri\u00e7\u00e3o da empresa: <\/strong>Uma solu\u00e7\u00e3o completa.<\/p>\n<p> Nossa simp\u00e1tica equipe est\u00e1 aqui para garantir que sua remessa seja feita dentro do prazo e do or\u00e7amento.<\/p>\n<p>A BSM Connections est\u00e1 comprometida com o transporte a\u00e9reo e mar\u00edtimo profissional e se esfor\u00e7a para fornecer servi\u00e7os de excelente qualidade e alta efici\u00eancia aos nossos clientes.<\/p>\n<p> Estabelecemos rela\u00e7\u00f5es de coopera\u00e7\u00e3o de longo prazo com muitas das principais empresas de transporte mar\u00edtimo e a\u00e9reo, de modo que podemos n\u00e3o apenas assegurar um pre\u00e7o favor\u00e1vel, mas tamb\u00e9m garantir a estabilidade das programa\u00e7\u00f5es de transporte e do espa\u00e7o de frete.<\/p>\n<p><strong>Servi\u00e7os adicionais:<\/strong><\/p>\n<p>Nenhum listado<\/p>\n<p><strong>Endere\u00e7o:<\/strong> 21 Whitsun Ave, Salford M7 1AJ<\/p>\n<p><a href=\"https:\/\/www.bsmconnections.com\/\" target=\"_new\" rel=\"noopener\">Site da BSM Connections<\/a><\/p>\n<p><strong>Pontua\u00e7\u00e3o da avalia\u00e7\u00e3o: <\/strong>5<br \/> <strong>N\u00famero de avalia\u00e7\u00f5es:<\/strong> 7<br \/><a href=\"https:\/\/www.google.co.uk\/maps?cid=16767173844370242721&#038;hl=en&#038;gl=GB\" target=\"_new\" rel=\"noopener\">Ler resenhas<\/a><\/p>\n<h2>Como escolhemos as melhores empresas de Agenciamento de Fretes de Salford<\/h2>\n<p>Come\u00e7amos com um conjunto de dados de 4 empresas de agenciamento de carga de Salford que pudemos encontrar no Google Maps e reduzimos para as 2 melhores.<\/p>\n<p>Para isso, removemos qualquer empresa que:<\/p>\n<ul>\n<li> N\u00e3o tinha um site<\/li>\n<li> N\u00e3o teve cr\u00edticas<\/li>\n<li> Teve uma pontua\u00e7\u00e3o m\u00e9dia de avalia\u00e7\u00e3o abaixo de 2,0<\/li>\n<\/ul>\n<p>Nesse momento, se tiv\u00e9ssemos 17 ou menos forwarders, listar\u00edamos todos eles.<\/p>\n<p>Para as cidades que ficaram com mais de 17 despachantes, fizemos outras revis\u00f5es aumentando a pontua\u00e7\u00e3o de avalia\u00e7\u00e3o exigida (por exemplo, passando de um m\u00ednimo de 2,0 para 4,0) e\/ou aumentando o n\u00famero m\u00ednimo de avalia\u00e7\u00f5es exigidas (por exemplo, passando de pelo menos 1 avalia\u00e7\u00e3o para pelo menos 10).<\/p>\n<p>Observe que usamos apenas dados de avalia\u00e7\u00e3o do Google Maps e n\u00e3o de outros sites de terceiros.<\/p>\n<p>Mais cidades:<\/p>\n<p><a href=\"https:\/\/moverdb.com\/pt\/transitario-de-carga\/freight-forwarding-uk\/lichfield-freight-forwarder\/\">Agente de carga de Lichfield<\/a><br \/><a href=\"https:\/\/moverdb.com\/pt\/transitario-de-carga\/freight-forwarding-uk\/castlederg-freight-forwarder\/\">Agente de carga de Castlederg<\/a><br \/><a href=\"https:\/\/moverdb.com\/pt\/transitario-de-carga\/freight-forwarding-uk\/great-blakenham-freight-forwarder\/\">Agente de carga de Great Blakenham<\/a><br \/><a href=\"https:\/\/moverdb.com\/pt\/transitario-de-carga\/freight-forwarding-uk\/bexleyheath-freight-forwarder\/\">Agente de carga de Bexleyheath<\/a><br \/><a href=\"https:\/\/moverdb.com\/pt\/transitario-de-carga\/freight-forwarding-uk\/immingham-freight-forwarder\/\">Agente de carga de Immingham<\/a><\/p>","protected":false},"excerpt":{"rendered":"<p>Below we look at the 2 &#8220;best&#8221; Freight Forwarding companies in Salford out of 4. To learn more about how we chose the best please consult our FAQ section at the end. Please not the following listings are in no particular order and we are not making any recommendations for any particular company. Warton Freight [&hellip;]<\/p>\n","protected":false},"author":1,"featured_media":0,"parent":13427,"menu_order":0,"comment_status":"open","ping_status":"open","template":"","meta":{"_genesis_hide_title":false,"_genesis_hide_breadcrumbs":false,"_genesis_hide_singular_image":false,"_genesis_hide_footer_widgets":false,"_genesis_custom_body_class":"","_genesis_custom_post_class":"","_genesis_layout":"","footnotes":""},"class_list":{"0":"post-14177","1":"page","2":"type-page","3":"status-publish","5":"entry"},"_links":{"self":[{"href":"https:\/\/moverdb.com\/pt\/wp-json\/wp\/v2\/pages\/14177","targetHints":{"allow":["GET"]}}],"collection":[{"href":"https:\/\/moverdb.com\/pt\/wp-json\/wp\/v2\/pages"}],"about":[{"href":"https:\/\/moverdb.com\/pt\/wp-json\/wp\/v2\/types\/page"}],"author":[{"embeddable":true,"href":"https:\/\/moverdb.com\/pt\/wp-json\/wp\/v2\/users\/1"}],"replies":[{"embeddable":true,"href":"https:\/\/moverdb.com\/pt\/wp-json\/wp\/v2\/comments?post=14177"}],"version-history":[{"count":1,"href":"https:\/\/moverdb.com\/pt\/wp-json\/wp\/v2\/pages\/14177\/revisions"}],"predecessor-version":[{"id":15744,"href":"https:\/\/moverdb.com\/pt\/wp-json\/wp\/v2\/pages\/14177\/revisions\/15744"}],"up":[{"embeddable":true,"href":"https:\/\/moverdb.com\/pt\/wp-json\/wp\/v2\/pages\/13427"}],"wp:attachment":[{"href":"https:\/\/moverdb.com\/pt\/wp-json\/wp\/v2\/media?parent=14177"}],"curies":[{"name":"wp","href":"https:\/\/api.w.org\/{rel}","templated":true}]}}