{"id":14118,"date":"2023-11-08T15:54:40","date_gmt":"2023-11-08T15:54:40","guid":{"rendered":"https:\/\/moverdb.com\/freight-forwarder\/freight-forwarding-uk\/bordon-freight-forwarder\/"},"modified":"2026-01-08T14:55:55","modified_gmt":"2026-01-08T14:55:55","slug":"bordon-freight-forwarder","status":"publish","type":"page","link":"https:\/\/moverdb.com\/pt\/freight-forwarder\/freight-forwarding-uk\/bordon-freight-forwarder\/","title":{"rendered":"2 Melhores empresas de agenciamento de carga de Bordon (2024)"},"content":{"rendered":"<p>A seguir, examinamos os 2 <em>\"melhor\"<\/em> Empresas de Agenciamento de Cargas em Bordon de um total de 2.<\/p>\n<p>Para saber mais sobre como escolhemos os melhores, consulte nossa se\u00e7\u00e3o de perguntas frequentes no final.<\/p>\n<p><em>Observe que as listagens a seguir n\u00e3o est\u00e3o em nenhuma ordem espec\u00edfica e n\u00e3o estamos fazendo nenhuma recomenda\u00e7\u00e3o para nenhuma empresa em particular.<\/em><\/p>\n<h2>Mike Watson Transporte<\/h2>\n<p><img decoding=\"async\" src=\"https:\/\/moverdb.com\/wp-content\/uploads\/thumbnailpanoidmUoZfDIiGix8Yk4yJZ35dgcb_clientsearch.gws-prod.gpsw408h240yaw319.jpg\" alt='Mike Watson Transporte' class=\"aligncenter\"><\/p>\n<p><strong>Descri\u00e7\u00e3o da empresa: <\/strong>Nenhum fornecido<\/p>\n<p><strong>Servi\u00e7os adicionais:<\/strong><\/p>\n<p>Nenhum listado<\/p>\n<p><strong>Endere\u00e7o:<\/strong> 47 Woolmer Way, Bordon GU35 9QE<\/p>\n<p><a href=\"http:\/\/www.mikewatsontransport.com\/\" target=\"_new\" rel=\"noopener\">Site da Mike Watson Transport<\/a><\/p>\n<p><strong>Pontua\u00e7\u00e3o da avalia\u00e7\u00e3o: <\/strong>4.2<br \/> <strong>N\u00famero de avalia\u00e7\u00f5es:<\/strong> 10<br \/><a href=\"https:\/\/www.google.co.uk\/maps?cid=11950456683839450167&#038;hl=en&#038;gl=GB\" target=\"_new\" rel=\"noopener\">Ler resenhas<\/a><\/p>\n<h2>Servi\u00e7os silenciosos de agenciamento a\u00e9reo e mar\u00edtimo<\/h2>\n<p><img decoding=\"async\" src=\"https:\/\/moverdb.com\/wp-content\/uploads\/AF1QipMzYn4wSEFsnipntS9CWikFknHJkvtmhzh5xpt_w408-h306-k-no.jpg\" alt='Servi\u00e7os silenciosos de agenciamento a\u00e9reo e mar\u00edtimo' class=\"aligncenter\"><\/p>\n<p><strong>Descri\u00e7\u00e3o da empresa: <\/strong>Prestadores de servi\u00e7os de log\u00edstica.<\/p>\n<p>Courier\/A\u00e9reo\/Mar\u00edtimo\/Rodovi\u00e1rio Mundial<\/p>\n<p><strong>Servi\u00e7os adicionais:<\/strong><\/p>\n<p>Servi\u00e7o de log\u00edstica<\/p>\n<p>M\u00e1quinas de embalagem<\/p>\n<p>Playground<\/p>\n<p>Setor de equipamentos de transporte<\/p>\n<p>Servi\u00e7o de remessa<\/p>\n<p><strong>Endere\u00e7o:<\/strong> Unidade 9F Oakhanger Farm, Bordon GU35 9JA<\/p>\n<p><a href=\"http:\/\/www.silentairandsea.com\/\" target=\"_new\" rel=\"noopener\">Site da Silent Air and Sea Forwarding Services<\/a><\/p>\n<p><strong>Pontua\u00e7\u00e3o da avalia\u00e7\u00e3o: <\/strong>5<br \/> <strong>N\u00famero de avalia\u00e7\u00f5es:<\/strong> 2<br \/><a href=\"https:\/\/www.google.co.uk\/maps?cid=10699139299725913844&#038;hl=en&#038;gl=GB\" target=\"_new\" rel=\"noopener\">Ler resenhas<\/a><\/p>\n<h2>Como escolhemos as melhores empresas de Agenciamento de Fretes da Bordon<\/h2>\n<p>Come\u00e7amos com um conjunto de dados de 2 empresas de agenciamento de carga de Bordon que pudemos encontrar no Google Maps e reduzimos para as 2 melhores.<\/p>\n<p>Para isso, removemos qualquer empresa que:<\/p>\n<ul>\n<li> N\u00e3o tinha um site<\/li>\n<li> N\u00e3o teve cr\u00edticas<\/li>\n<li> Teve uma pontua\u00e7\u00e3o m\u00e9dia de avalia\u00e7\u00e3o abaixo de 2,0<\/li>\n<\/ul>\n<p>Nesse momento, se tiv\u00e9ssemos 17 ou menos forwarders, listar\u00edamos todos eles.<\/p>\n<p>Para as cidades que ficaram com mais de 17 despachantes, fizemos outras revis\u00f5es aumentando a pontua\u00e7\u00e3o de avalia\u00e7\u00e3o exigida (por exemplo, passando de um m\u00ednimo de 2,0 para 4,0) e\/ou aumentando o n\u00famero m\u00ednimo de avalia\u00e7\u00f5es exigidas (por exemplo, passando de pelo menos 1 avalia\u00e7\u00e3o para pelo menos 10).<\/p>\n<p>Observe que usamos apenas dados de avalia\u00e7\u00e3o do Google Maps e n\u00e3o de outros sites de terceiros.<\/p>\n<p>Mais cidades:<\/p>\n<p><a href=\"https:\/\/moverdb.com\/pt\/transitario-de-carga\/freight-forwarding-uk\/pudsey-freight-forwarder\/\">Agente de carga de Pudsey<\/a><br \/><a href=\"https:\/\/moverdb.com\/pt\/transitario-de-carga\/freight-forwarding-uk\/horley-freight-forwarder\/\">Agente de carga de Horley<\/a><br \/><a href=\"https:\/\/moverdb.com\/pt\/transitario-de-carga\/freight-forwarding-uk\/enfield-freight-forwarder\/\">Agente de carga de Enfield<\/a><br \/><a href=\"https:\/\/moverdb.com\/pt\/transitario-de-carga\/freight-forwarding-uk\/sutton-coldfield-freight-forwarder\/\">Agente de carga de Sutton Coldfield<\/a><br \/><a href=\"https:\/\/moverdb.com\/pt\/transitario-de-carga\/freight-forwarding-uk\/redditch-freight-forwarder\/\">Agente de carga de Redditch<\/a><\/p>","protected":false},"excerpt":{"rendered":"<p>Below we look at the 2 &#8220;best&#8221; Freight Forwarding companies in Bordon out of 2. To learn more about how we chose the best please consult our FAQ section at the end. Please not the following listings are in no particular order and we are not making any recommendations for any particular company. Mike Watson [&hellip;]<\/p>\n","protected":false},"author":1,"featured_media":0,"parent":13427,"menu_order":0,"comment_status":"open","ping_status":"open","template":"","meta":{"_genesis_hide_title":false,"_genesis_hide_breadcrumbs":false,"_genesis_hide_singular_image":false,"_genesis_hide_footer_widgets":false,"_genesis_custom_body_class":"","_genesis_custom_post_class":"","_genesis_layout":"","footnotes":""},"class_list":{"0":"post-14118","1":"page","2":"type-page","3":"status-publish","5":"entry"},"_links":{"self":[{"href":"https:\/\/moverdb.com\/pt\/wp-json\/wp\/v2\/pages\/14118","targetHints":{"allow":["GET"]}}],"collection":[{"href":"https:\/\/moverdb.com\/pt\/wp-json\/wp\/v2\/pages"}],"about":[{"href":"https:\/\/moverdb.com\/pt\/wp-json\/wp\/v2\/types\/page"}],"author":[{"embeddable":true,"href":"https:\/\/moverdb.com\/pt\/wp-json\/wp\/v2\/users\/1"}],"replies":[{"embeddable":true,"href":"https:\/\/moverdb.com\/pt\/wp-json\/wp\/v2\/comments?post=14118"}],"version-history":[{"count":1,"href":"https:\/\/moverdb.com\/pt\/wp-json\/wp\/v2\/pages\/14118\/revisions"}],"predecessor-version":[{"id":15705,"href":"https:\/\/moverdb.com\/pt\/wp-json\/wp\/v2\/pages\/14118\/revisions\/15705"}],"up":[{"embeddable":true,"href":"https:\/\/moverdb.com\/pt\/wp-json\/wp\/v2\/pages\/13427"}],"wp:attachment":[{"href":"https:\/\/moverdb.com\/pt\/wp-json\/wp\/v2\/media?parent=14118"}],"curies":[{"name":"wp","href":"https:\/\/api.w.org\/{rel}","templated":true}]}}