{"id":14104,"date":"2023-11-08T15:54:40","date_gmt":"2023-11-08T15:54:40","guid":{"rendered":"https:\/\/moverdb.com\/freight-forwarder\/freight-forwarding-uk\/aldershot-freight-forwarder\/"},"modified":"2026-01-08T14:55:52","modified_gmt":"2026-01-08T14:55:52","slug":"aldershot-freight-forwarder","status":"publish","type":"page","link":"https:\/\/moverdb.com\/pt\/freight-forwarder\/freight-forwarding-uk\/aldershot-freight-forwarder\/","title":{"rendered":"2 Melhores empresas de agenciamento de frete de Aldershot (2024)"},"content":{"rendered":"<p>A seguir, examinamos os 2 <em>\"melhor\"<\/em> Empresas de Freight Forwarding em Aldershot de um total de 3.<\/p>\n<p>Para saber mais sobre como escolhemos os melhores, consulte nossa se\u00e7\u00e3o de perguntas frequentes no final.<\/p>\n<p><em>Observe que as listagens a seguir n\u00e3o est\u00e3o em nenhuma ordem espec\u00edfica e n\u00e3o estamos fazendo nenhuma recomenda\u00e7\u00e3o para nenhuma empresa em particular.<\/em><\/p>\n<h2>TFS Handling (UK) Limited (parte do Trident Group)<\/h2>\n<p><img decoding=\"async\" src=\"https:\/\/moverdb.com\/wp-content\/uploads\/AF1QipMzS3jMHKmQ2smREuWe2wIm7nXARGnAtiycYr09w426-h240-k-no.jpg\" alt='TFS Handling (UK) Limited (parte do Trident Group)' class=\"aligncenter\"><\/p>\n<p><strong>Descri\u00e7\u00e3o da empresa: <\/strong>Servi\u00e7os de encaminhamento e manuseio de frete para <a href=\"https:\/\/moverdb.com\/pt\/moving-to-gibraltar\/\" data-internallinksmanager029f6b8e52c=\"431\" title=\"Est\u00e1 se mudando para Gibraltar? 2026 Custo de vida e dicas de realoca\u00e7\u00e3o\">Gibraltar<\/a>Europa e al\u00e9m; incluindo <a href=\"https:\/\/moverdb.com\/pt\/moving-to-the-uk\/\" data-internallinksmanager029f6b8e52c=\"93\" title=\"Mudando-se para o Reino Unido? 2026 Custos de Vida e Dicas de Reloca\u00e7\u00e3o\">REINO UNIDO<\/a> servi\u00e7os de coleta, servi\u00e7os de manuseio, consolida\u00e7\u00e3o de frete e gerenciamento de frete com mais de 10 anos de experi\u00eancia no setor.<\/p>\n<p>Fornecimento de servi\u00e7os exclusivos de manuseio e agenciamento de frete para a Trident Freight Gibraltar.<\/p>\n<p><strong>Servi\u00e7os adicionais:<\/strong><\/p>\n<p>Dep\u00f3sito alfandeg\u00e1rio<\/p>\n<p>Servi\u00e7o de log\u00edstica<\/p>\n<p>Empresa de entrega<\/p>\n<p><strong>Endere\u00e7o:<\/strong> Unit 8, Elliot Industrial Park, Eastern Rd, Aldershot GU12 4TF<\/p>\n<p><a href=\"http:\/\/www.tfshandling.co.uk\/\" target=\"_new\" rel=\"noopener\">Site da TFS Handling (UK) Limited (parte do Trident Group)<\/a><\/p>\n<p><strong>Pontua\u00e7\u00e3o da avalia\u00e7\u00e3o: <\/strong>4.2<br \/> <strong>N\u00famero de avalia\u00e7\u00f5es:<\/strong> 15<br \/><a href=\"https:\/\/www.google.co.uk\/maps?cid=6518794169491197163&#038;hl=en&#038;gl=GB\" target=\"_new\" rel=\"noopener\">Ler resenhas<\/a><\/p>\n<h2>K R L<\/h2>\n<p><img decoding=\"async\" src=\"https:\/\/moverdb.com\/wp-content\/uploads\/AF1QipPffwS2BVvKUJolrrpP7WQbPmxLpeA7UHd0X2Usw408-h862-k-no.jpg\" alt='K R L' class=\"aligncenter\"><\/p>\n<p><strong>Descri\u00e7\u00e3o da empresa: <\/strong>Nenhum fornecido<\/p>\n<p><strong>Servi\u00e7os adicionais:<\/strong><\/p>\n<p>Nenhum listado<\/p>\n<p><strong>Endere\u00e7o:<\/strong> 3 Eastern Rd, Aldershot GU12 4TD<\/p>\n<p><a href=\"http:\/\/www.kr-l.com\/\" target=\"_new\" rel=\"noopener\">Site da K R L<\/a><\/p>\n<p><strong>Pontua\u00e7\u00e3o da avalia\u00e7\u00e3o: <\/strong>4.2<br \/> <strong>N\u00famero de avalia\u00e7\u00f5es:<\/strong> 20<br \/><a href=\"https:\/\/www.google.co.uk\/maps?cid=10027784705620856978&#038;hl=en&#038;gl=GB\" target=\"_new\" rel=\"noopener\">Ler resenhas<\/a><\/p>\n<h2>Como escolhemos as melhores empresas de Agenciamento de Fretes de Aldershot<\/h2>\n<p>Come\u00e7amos com um conjunto de dados de 3 empresas de agenciamento de carga de Aldershot que pudemos encontrar no Google Maps e reduzimos para as 2 melhores.<\/p>\n<p>Para isso, removemos qualquer empresa que:<\/p>\n<ul>\n<li> N\u00e3o tinha um site<\/li>\n<li> N\u00e3o teve cr\u00edticas<\/li>\n<li> Teve uma pontua\u00e7\u00e3o m\u00e9dia de avalia\u00e7\u00e3o abaixo de 2,0<\/li>\n<\/ul>\n<p>Nesse momento, se tiv\u00e9ssemos 17 ou menos forwarders, listar\u00edamos todos eles.<\/p>\n<p>Para as cidades que ficaram com mais de 17 despachantes, fizemos outras revis\u00f5es aumentando a pontua\u00e7\u00e3o de avalia\u00e7\u00e3o exigida (por exemplo, passando de um m\u00ednimo de 2,0 para 4,0) e\/ou aumentando o n\u00famero m\u00ednimo de avalia\u00e7\u00f5es exigidas (por exemplo, passando de pelo menos 1 avalia\u00e7\u00e3o para pelo menos 10).<\/p>\n<p>Observe que usamos apenas dados de avalia\u00e7\u00e3o do Google Maps e n\u00e3o de outros sites de terceiros.<\/p>\n<p>Mais cidades:<\/p>\n<p><a href=\"https:\/\/moverdb.com\/pt\/transitario-de-carga\/freight-forwarding-uk\/burntwood-freight-forwarder\/\">Agente de carga de Burntwood<\/a><br \/><a href=\"https:\/\/moverdb.com\/pt\/transitario-de-carga\/freight-forwarding-uk\/prescot-freight-forwarder\/\">Agente de carga de Prescot<\/a><br \/><a href=\"https:\/\/moverdb.com\/pt\/transitario-de-carga\/freight-forwarding-uk\/bury-saint-edmunds-freight-forwarder\/\">Agente de carga de Bury Saint Edmunds<\/a><br \/><a href=\"https:\/\/moverdb.com\/pt\/transitario-de-carga\/freight-forwarding-uk\/denny-freight-forwarder\/\">Denny Freight Forwarder<\/a><br \/><a href=\"https:\/\/moverdb.com\/pt\/transitario-de-carga\/freight-forwarding-uk\/bordon-freight-forwarder\/\">Agente de carga de Bordon<\/a><\/p>","protected":false},"excerpt":{"rendered":"<p>Below we look at the 2 &#8220;best&#8221; Freight Forwarding companies in Aldershot out of 3. To learn more about how we chose the best please consult our FAQ section at the end. Please not the following listings are in no particular order and we are not making any recommendations for any particular company. TFS Handling [&hellip;]<\/p>\n","protected":false},"author":1,"featured_media":0,"parent":13427,"menu_order":0,"comment_status":"open","ping_status":"open","template":"","meta":{"_genesis_hide_title":false,"_genesis_hide_breadcrumbs":false,"_genesis_hide_singular_image":false,"_genesis_hide_footer_widgets":false,"_genesis_custom_body_class":"","_genesis_custom_post_class":"","_genesis_layout":"","footnotes":""},"class_list":{"0":"post-14104","1":"page","2":"type-page","3":"status-publish","5":"entry"},"_links":{"self":[{"href":"https:\/\/moverdb.com\/pt\/wp-json\/wp\/v2\/pages\/14104","targetHints":{"allow":["GET"]}}],"collection":[{"href":"https:\/\/moverdb.com\/pt\/wp-json\/wp\/v2\/pages"}],"about":[{"href":"https:\/\/moverdb.com\/pt\/wp-json\/wp\/v2\/types\/page"}],"author":[{"embeddable":true,"href":"https:\/\/moverdb.com\/pt\/wp-json\/wp\/v2\/users\/1"}],"replies":[{"embeddable":true,"href":"https:\/\/moverdb.com\/pt\/wp-json\/wp\/v2\/comments?post=14104"}],"version-history":[{"count":1,"href":"https:\/\/moverdb.com\/pt\/wp-json\/wp\/v2\/pages\/14104\/revisions"}],"predecessor-version":[{"id":15702,"href":"https:\/\/moverdb.com\/pt\/wp-json\/wp\/v2\/pages\/14104\/revisions\/15702"}],"up":[{"embeddable":true,"href":"https:\/\/moverdb.com\/pt\/wp-json\/wp\/v2\/pages\/13427"}],"wp:attachment":[{"href":"https:\/\/moverdb.com\/pt\/wp-json\/wp\/v2\/media?parent=14104"}],"curies":[{"name":"wp","href":"https:\/\/api.w.org\/{rel}","templated":true}]}}