{"id":14043,"date":"2023-11-08T15:54:18","date_gmt":"2023-11-08T15:54:18","guid":{"rendered":"https:\/\/moverdb.com\/freight-forwarder\/freight-forwarding-uk\/wembley-freight-forwarder\/"},"modified":"2026-01-08T14:58:43","modified_gmt":"2026-01-08T14:58:43","slug":"wembley-freight-forwarder","status":"publish","type":"page","link":"https:\/\/moverdb.com\/pt\/freight-forwarder\/freight-forwarding-uk\/wembley-freight-forwarder\/","title":{"rendered":"2 Melhores empresas de agenciamento de frete de Wembley (2024)"},"content":{"rendered":"<p>A seguir, examinamos os 2 <em>\"melhor\"<\/em> Empresas de Freight Forwarding em Wembley, de um total de 8.<\/p>\n<p>Para saber mais sobre como escolhemos os melhores, consulte nossa se\u00e7\u00e3o de perguntas frequentes no final.<\/p>\n<p><em>Observe que as listagens a seguir n\u00e3o est\u00e3o em nenhuma ordem espec\u00edfica e n\u00e3o estamos fazendo nenhuma recomenda\u00e7\u00e3o para nenhuma empresa em particular.<\/em><\/p>\n<h2>Air Cargo Global Qu\u00eania (www.Kenya-AirCargo.com)<\/h2>\n<p><img decoding=\"async\" src=\"https:\/\/moverdb.com\/wp-content\/uploads\/AF1QipOJY_kDodVzmgJtYC-sWixwmPVY3CyvwDW6i-MZw426-h240-k-no.jpg\" alt='Air Cargo Global Qu\u00eania (www.Kenya-AirCargo.com)' class=\"aligncenter\"><\/p>\n<p><strong>Descri\u00e7\u00e3o da empresa: <\/strong>Na Air Cargo Global <a href=\"https:\/\/moverdb.com\/pt\/moving-companies\/moving-companies-kenya\/\" data-internallinksmanager029f6b8e52c=\"305\" title=\"4 melhores empresas de mudan\u00e7a internacional no Qu\u00eania\">Qu\u00eania<\/a> Oferecemos um servi\u00e7o de frete l\u00edder para o Qu\u00eania, que \u00e9 econ\u00f4mico e seguro.<\/p>\n<p> Temos orgulho de fornecer remessas porta a porta para o Qu\u00eania, independentemente de voc\u00ea precisar de carga a\u00e9rea ou mar\u00edtima para seus pertences pessoais, compras on-line, excesso de bagagem ou carga comercial.<\/p>\n<p>Oferecemos:<\/p>\n<p>Carga para o Qu\u00eania<br \/>\nCarga para o Zimb\u00e1bue<br \/>\nCarga para Uganda<br \/>\nCarga para a Som\u00e1lia<br \/>\nCarga para a \u00c1frica<br \/>\nCarga para Ruanda<br \/>\nCarga a\u00e9rea para Angola<br \/>\nCarga a\u00e9rea para <a href=\"https:\/\/moverdb.com\/pt\/moving-companies\/burkina-faso-moving-companies\/\" data-internallinksmanager029f6b8e52c=\"221\" title=\"Melhores Empresas de Mudan\u00e7as Internacionais em Burkina Faso\">Burkina Faso<\/a><br \/>\nCarga a\u00e9rea para Benin<br \/>\nCarga a\u00e9rea para <a href=\"https:\/\/moverdb.com\/pt\/moving-companies\/botswana-moving-companies\/\" data-internallinksmanager029f6b8e52c=\"167\" title=\"As melhores empresas de mudan\u00e7as internacionais do Botsuana\">Botsuana<\/a><br \/>\nCarga a\u00e9rea para a Rep\u00fablica Centro-Africana<br \/>\nCarga a\u00e9rea para a Costa do Marfim<br \/>\nCarga a\u00e9rea para <a href=\"https:\/\/moverdb.com\/pt\/moving-companies\/cameroon-moving-companies\/\" data-internallinksmanager029f6b8e52c=\"222\" title=\"Melhores Empresas de Mudan\u00e7as Internacionais nos Camar\u00f5es\">Camar\u00f5es<\/a><br \/>\nCarga a\u00e9rea para <a href=\"https:\/\/moverdb.com\/pt\/moving-companies\/algeria\/\" data-internallinksmanager029f6b8e52c=\"166\" title=\"3 Melhores Empresas de Mudan\u00e7as Internacionais na Arg\u00e9lia\">Arg\u00e9lia<\/a><br \/>\nCarga a\u00e9rea para <a href=\"https:\/\/moverdb.com\/pt\/moving-companies\/egypt-moving-companies\/\" data-internallinksmanager029f6b8e52c=\"200\" title=\"11 Melhores Empresas de Mudan\u00e7as Internacionais no Egito\">Egito<\/a><br \/>\nCarga a\u00e9rea para o Saara Ocidental<br \/>\nCarga a\u00e9rea para <a href=\"https:\/\/moverdb.com\/pt\/moving-companies\/moving-companies-ethiopia\/\" data-internallinksmanager029f6b8e52c=\"214\" title=\"5 Melhores Empresas de Mudan\u00e7as Internacionais na Eti\u00f3pia\">Eti\u00f3pia<\/a><br \/>\nCarga a\u00e9rea para o Gab\u00e3o<br \/>\nCarga a\u00e9rea para <a href=\"https:\/\/moverdb.com\/pt\/moving-companies\/moving-companies-ghana\/\" data-internallinksmanager029f6b8e52c=\"228\" title=\"2 Melhores Empresas de Mudan\u00e7as Internacionais em Gana\">Gana<\/a><br \/>\nCarga a\u00e9rea para G\u00e2mbia<\/p>\n<p><strong>Servi\u00e7os adicionais:<\/strong><\/p>\n<p>Servi\u00e7o de correio eletr\u00f4nico<\/p>\n<p><strong>Endere\u00e7o:<\/strong> Wembley Park Business Centre, Access, First Way, Wembley HA9 0JD<\/p>\n<p><a href=\"http:\/\/www.kenya-aircargo.com\/\" target=\"_new\" rel=\"noopener\">Site da Air Cargo Global Kenya (www.Kenya-AirCargo.com)<\/a><\/p>\n<p><strong>Pontua\u00e7\u00e3o da avalia\u00e7\u00e3o: <\/strong>4.3<br \/> <strong>N\u00famero de avalia\u00e7\u00f5es:<\/strong> 11<br \/><a href=\"https:\/\/www.google.co.uk\/maps?cid=18136524815790858633&#038;hl=en&#038;gl=GB\" target=\"_new\" rel=\"noopener\">Ler resenhas<\/a><\/p>\n<h2>Arab Africa Cargo Ltd (DHL Express, Carga para o Oriente M\u00e9dio, \u00c1frica)<\/h2>\n<p><img decoding=\"async\" src=\"https:\/\/moverdb.com\/wp-content\/uploads\/AF1QipMecEC7NKx9s8WtQBwD4kH-jRmke_zzboxdmd5-w648-h240-k-no.jpg\" alt='Arab Africa Cargo Ltd (DHL Express, Carga para o Oriente M\u00e9dio, \u00c1frica)' class=\"aligncenter\"><\/p>\n<p><strong>Descri\u00e7\u00e3o da empresa: <\/strong>A Arab Africa Cargo opera um servi\u00e7o r\u00e1pido e seguro de frete a\u00e9reo e DHL Express a partir de <a href=\"https:\/\/moverdb.com\/pt\/moving-to-the-uk\/\" data-internallinksmanager029f6b8e52c=\"93\" title=\"Mudando-se para o Reino Unido? 2026 Custos de Vida e Dicas de Reloca\u00e7\u00e3o\">REINO UNIDO<\/a> e Europa para o Oriente M\u00e9dio, \u00c1frica, \u00c1sia e o resto do mundo.<\/p>\n<p> Oferecemos uma gama de servi\u00e7os totalmente inclusiva em todas as rotas, incluindo expressas e diretas.<\/p>\n<p> Entretanto, quando o tempo n\u00e3o permite, tamb\u00e9m podemos oferecer solu\u00e7\u00f5es alternativas, como servi\u00e7os diferidos e consolidados, para alinhar os custos aos prazos.<\/p>\n<p>Temos ajudado nossos clientes a transportar cargas pessoais e comerciais, seja excesso de bagagem ou paletes, por meio de frete a\u00e9reo para o resto do mundo.<\/p>\n<p>+442030027757<\/p>\n<p><strong>Servi\u00e7os adicionais:<\/strong><\/p>\n<p>Servi\u00e7o de correio eletr\u00f4nico<\/p>\n<p><strong>Endere\u00e7o:<\/strong> Access Business Centre, First Way, Wembley HA9 0JD<\/p>\n<p><a href=\"http:\/\/arabafricacargo.com\/\" target=\"_new\" rel=\"noopener\">Site da Arab Africa Cargo Ltd (DHL Express, Carga para o Oriente M\u00e9dio, \u00c1frica)<\/a><\/p>\n<p><strong>Pontua\u00e7\u00e3o da avalia\u00e7\u00e3o: <\/strong>4.5<br \/> <strong>N\u00famero de avalia\u00e7\u00f5es:<\/strong> 8<br \/><a href=\"https:\/\/www.google.co.uk\/maps?cid=2013360732440905948&#038;hl=en&#038;gl=GB\" target=\"_new\" rel=\"noopener\">Ler resenhas<\/a><\/p>\n<h2>Como escolhemos as melhores empresas de Agenciamento de Fretes de Wembley<\/h2>\n<p>Come\u00e7amos com um conjunto de dados de 8 empresas de agenciamento de carga de Wembley que pudemos encontrar no Google Maps e reduzimos para as 2 melhores.<\/p>\n<p>Para isso, removemos qualquer empresa que:<\/p>\n<ul>\n<li> N\u00e3o tinha um site<\/li>\n<li> N\u00e3o teve cr\u00edticas<\/li>\n<li> Teve uma pontua\u00e7\u00e3o m\u00e9dia de avalia\u00e7\u00e3o abaixo de 2,0<\/li>\n<\/ul>\n<p>Nesse momento, se tiv\u00e9ssemos 17 ou menos forwarders, listar\u00edamos todos eles.<\/p>\n<p>Para as cidades que ficaram com mais de 17 despachantes, fizemos outras revis\u00f5es aumentando a pontua\u00e7\u00e3o de avalia\u00e7\u00e3o exigida (por exemplo, passando de um m\u00ednimo de 2,0 para 4,0) e\/ou aumentando o n\u00famero m\u00ednimo de avalia\u00e7\u00f5es exigidas (por exemplo, passando de pelo menos 1 avalia\u00e7\u00e3o para pelo menos 10).<\/p>\n<p>Observe que usamos apenas dados de avalia\u00e7\u00e3o do Google Maps e n\u00e3o de outros sites de terceiros.<\/p>\n<p>Mais cidades:<\/p>\n<p><a href=\"https:\/\/moverdb.com\/pt\/transitario-de-carga\/freight-forwarding-uk\/hockley-freight-forwarder\/\">Hockley Freight Forwarder<\/a><br \/><a href=\"https:\/\/moverdb.com\/pt\/transitario-de-carga\/freight-forwarding-uk\/fareham-freight-forwarder\/\">Agente de carga de Fareham<\/a><br \/><a href=\"https:\/\/moverdb.com\/pt\/transitario-de-carga\/freight-forwarding-uk\/normanton-freight-forwarder\/\">Normanton Freight Forwarder<\/a><br \/><a href=\"https:\/\/moverdb.com\/pt\/transitario-de-carga\/freight-forwarding-uk\/solihull-freight-forwarder\/\">Agente de carga de Solihull<\/a><br \/><a href=\"https:\/\/moverdb.com\/pt\/transitario-de-carga\/freight-forwarding-uk\/cleckheaton-freight-forwarder\/\">Agente de carga de Cleckheaton<\/a><\/p>","protected":false},"excerpt":{"rendered":"<p>Below we look at the 2 &#8220;best&#8221; Freight Forwarding companies in Wembley out of 8. To learn more about how we chose the best please consult our FAQ section at the end. Please not the following listings are in no particular order and we are not making any recommendations for any particular company. Air Cargo [&hellip;]<\/p>\n","protected":false},"author":1,"featured_media":0,"parent":13427,"menu_order":0,"comment_status":"open","ping_status":"open","template":"","meta":{"_genesis_hide_title":false,"_genesis_hide_breadcrumbs":false,"_genesis_hide_singular_image":false,"_genesis_hide_footer_widgets":false,"_genesis_custom_body_class":"","_genesis_custom_post_class":"","_genesis_layout":"","footnotes":""},"class_list":{"0":"post-14043","1":"page","2":"type-page","3":"status-publish","5":"entry"},"_links":{"self":[{"href":"https:\/\/moverdb.com\/pt\/wp-json\/wp\/v2\/pages\/14043","targetHints":{"allow":["GET"]}}],"collection":[{"href":"https:\/\/moverdb.com\/pt\/wp-json\/wp\/v2\/pages"}],"about":[{"href":"https:\/\/moverdb.com\/pt\/wp-json\/wp\/v2\/types\/page"}],"author":[{"embeddable":true,"href":"https:\/\/moverdb.com\/pt\/wp-json\/wp\/v2\/users\/1"}],"replies":[{"embeddable":true,"href":"https:\/\/moverdb.com\/pt\/wp-json\/wp\/v2\/comments?post=14043"}],"version-history":[{"count":1,"href":"https:\/\/moverdb.com\/pt\/wp-json\/wp\/v2\/pages\/14043\/revisions"}],"predecessor-version":[{"id":15756,"href":"https:\/\/moverdb.com\/pt\/wp-json\/wp\/v2\/pages\/14043\/revisions\/15756"}],"up":[{"embeddable":true,"href":"https:\/\/moverdb.com\/pt\/wp-json\/wp\/v2\/pages\/13427"}],"wp:attachment":[{"href":"https:\/\/moverdb.com\/pt\/wp-json\/wp\/v2\/media?parent=14043"}],"curies":[{"name":"wp","href":"https:\/\/api.w.org\/{rel}","templated":true}]}}