{"id":14034,"date":"2023-11-08T15:53:54","date_gmt":"2023-11-08T15:53:54","guid":{"rendered":"https:\/\/moverdb.com\/freight-forwarder\/freight-forwarding-uk\/newcastle-upon-tyne-freight-forwarder\/"},"modified":"2026-01-08T14:58:11","modified_gmt":"2026-01-08T14:58:11","slug":"newcastle-upon-tyne-freight-forwarder","status":"publish","type":"page","link":"https:\/\/moverdb.com\/pt\/freight-forwarder\/freight-forwarding-uk\/newcastle-upon-tyne-freight-forwarder\/","title":{"rendered":"2 Melhores empresas de agenciamento de carga de Newcastle upon Tyne (2024)"},"content":{"rendered":"<p>A seguir, examinamos os 2 <em>\"melhor\"<\/em> Empresas de Agenciamento de Fretes em Newcastle upon Tyne de um total de 9.<\/p>\n<p>Para saber mais sobre como escolhemos os melhores, consulte nossa se\u00e7\u00e3o de perguntas frequentes no final.<\/p>\n<p><em>Observe que as listagens a seguir n\u00e3o est\u00e3o em nenhuma ordem espec\u00edfica e n\u00e3o estamos fazendo nenhuma recomenda\u00e7\u00e3o para nenhuma empresa em particular.<\/em><\/p>\n<h2>Servi\u00e7os de voo mundiais<\/h2>\n<p><img decoding=\"async\" src=\"\" alt=\"Servi\u00e7os de voo mundiais\" class=\"aligncenter\"><\/p>\n<p><strong>Descri\u00e7\u00e3o da empresa: <\/strong>Nenhum fornecido<\/p>\n<p><strong>Servi\u00e7os adicionais:<\/strong><\/p>\n<p>Nenhum listado<\/p>\n<p><strong>Endere\u00e7o:<\/strong> Aeroporto Internacional de Newcastle, Airport Freightway Freight Village, Woolsington, Newcastle upon Tyne NE13 8BH<\/p>\n<p><a href=\"https:\/\/www.wfs.aero\/\" target=\"_new\" rel=\"noopener\">Site da Worldwide Flight Services<\/a><\/p>\n<p><strong>Pontua\u00e7\u00e3o da avalia\u00e7\u00e3o: <\/strong>4.3<br \/> <strong>N\u00famero de avalia\u00e7\u00f5es:<\/strong> 10<br \/><a href=\"https:\/\/www.google.co.uk\/maps?cid=15607528302162113827&#038;hl=en&#038;gl=GB\" target=\"_new\" rel=\"noopener\">Ler resenhas<\/a><\/p>\n<h2>Servi\u00e7os de exporta\u00e7\u00e3o de est\u00e1dios<\/h2>\n<p><img decoding=\"async\" src=\"https:\/\/moverdb.com\/wp-content\/uploads\/AF1QipNbJpafx0rQLiLxsp-PicBp0f6XDpvl3c9HG6kw408-h271-k-no.jpg\" alt='Servi\u00e7os de exporta\u00e7\u00e3o de est\u00e1dios' class=\"aligncenter\"><\/p>\n<p><strong>Descri\u00e7\u00e3o da empresa: <\/strong>A Stadium Export Services fornece um servi\u00e7o de exporta\u00e7\u00e3o abrangente, oferecendo tudo, desde embalagens sob medida para exporta\u00e7\u00e3o at\u00e9 v\u00e1rias solu\u00e7\u00f5es de remessa.<\/p>\n<p> Combinamos nossa experi\u00eancia de longa data em fretes com um conjunto de servi\u00e7os de frete adaptados \u00e0s suas necessidades de remessa.<\/p>\n<p> Nossa simp\u00e1tica equipe o ajudar\u00e1 em todas as etapas do processo, eliminando o fardo do agenciamento de cargas.<\/p>\n<p> Temos uma equipe experiente de design, embalagem e remessa pronta para fornecer uma solu\u00e7\u00e3o segura, robusta e econ\u00f4mica, garantindo que seus itens cheguem ao destino sempre em perfeitas condi\u00e7\u00f5es.<\/p>\n<p>Precisa armazenar mercadorias pesadas? A Stadium Export Services oferece espa\u00e7o de armazenamento em armaz\u00e9m seguro e protegido no Nordeste.<\/p>\n<p><strong>Servi\u00e7os adicionais:<\/strong><\/p>\n<p>Despachante aduaneiro<\/p>\n<p>Empresa de embalagens<\/p>\n<p>Empreiteiros e servi\u00e7os de embalagem<\/p>\n<p>Servi\u00e7o de remessa<\/p>\n<p>Instala\u00e7\u00e3o de armazenamento<\/p>\n<p>Armaz\u00e9m<\/p>\n<p><strong>Endere\u00e7o:<\/strong> Longrigg, Swalwell, Newcastle upon Tyne NE16 3AS<\/p>\n<p><a href=\"http:\/\/www.stadiumexport.co.uk\/\" target=\"_new\" rel=\"noopener\">Site dos servi\u00e7os de exporta\u00e7\u00e3o da Stadium<\/a><\/p>\n<p><strong>Pontua\u00e7\u00e3o da avalia\u00e7\u00e3o: <\/strong>5<br \/> <strong>N\u00famero de avalia\u00e7\u00f5es:<\/strong> 10<br \/><a href=\"https:\/\/www.google.co.uk\/maps?cid=11505822617303750695&#038;hl=en&#038;gl=GB\" target=\"_new\" rel=\"noopener\">Ler resenhas<\/a><\/p>\n<h2>Como escolhemos as melhores empresas de Agenciamento de Fretes de Newcastle upon Tyne<\/h2>\n<p>Come\u00e7amos com um conjunto de dados de 9 empresas de agenciamento de carga de Newcastle upon Tyne que pudemos encontrar no Google Maps e reduzimos para as 2 melhores.<\/p>\n<p>Para isso, removemos qualquer empresa que:<\/p>\n<ul>\n<li> N\u00e3o tinha um site<\/li>\n<li> N\u00e3o teve cr\u00edticas<\/li>\n<li> Teve uma pontua\u00e7\u00e3o m\u00e9dia de avalia\u00e7\u00e3o abaixo de 2,0<\/li>\n<\/ul>\n<p>Nesse momento, se tiv\u00e9ssemos 17 ou menos forwarders, listar\u00edamos todos eles.<\/p>\n<p>Para as cidades que ficaram com mais de 17 despachantes, fizemos outras revis\u00f5es aumentando a pontua\u00e7\u00e3o de avalia\u00e7\u00e3o exigida (por exemplo, passando de um m\u00ednimo de 2,0 para 4,0) e\/ou aumentando o n\u00famero m\u00ednimo de avalia\u00e7\u00f5es exigidas (por exemplo, passando de pelo menos 1 avalia\u00e7\u00e3o para pelo menos 10).<\/p>\n<p>Observe que usamos apenas dados de avalia\u00e7\u00e3o do Google Maps e n\u00e3o de outros sites de terceiros.<\/p>\n<p>Mais cidades:<\/p>\n<p><a href=\"https:\/\/moverdb.com\/pt\/transitario-de-carga\/freight-forwarding-uk\/great-yarmouth-freight-forwarder\/\">Agente de carga de Great Yarmouth<\/a><br \/><a href=\"https:\/\/moverdb.com\/pt\/transitario-de-carga\/freight-forwarding-uk\/newport-freight-forwarder\/\">Agente de carga de Newport<\/a><br \/><a href=\"https:\/\/moverdb.com\/pt\/transitario-de-carga\/freight-forwarding-uk\/wembley-freight-forwarder\/\">Agente de carga de Wembley<\/a><br \/><a href=\"https:\/\/moverdb.com\/pt\/transitario-de-carga\/freight-forwarding-uk\/hockley-freight-forwarder\/\">Hockley Freight Forwarder<\/a><br \/><a href=\"https:\/\/moverdb.com\/pt\/transitario-de-carga\/freight-forwarding-uk\/fareham-freight-forwarder\/\">Agente de carga de Fareham<\/a><\/p>","protected":false},"excerpt":{"rendered":"<p>Below we look at the 2 &#8220;best&#8221; Freight Forwarding companies in Newcastle upon Tyne out of 9. To learn more about how we chose the best please consult our FAQ section at the end. Please not the following listings are in no particular order and we are not making any recommendations for any particular company. [&hellip;]<\/p>\n","protected":false},"author":1,"featured_media":0,"parent":13427,"menu_order":0,"comment_status":"open","ping_status":"open","template":"","meta":{"_genesis_hide_title":false,"_genesis_hide_breadcrumbs":false,"_genesis_hide_singular_image":false,"_genesis_hide_footer_widgets":false,"_genesis_custom_body_class":"","_genesis_custom_post_class":"","_genesis_layout":"","footnotes":""},"class_list":{"0":"post-14034","1":"page","2":"type-page","3":"status-publish","5":"entry"},"_links":{"self":[{"href":"https:\/\/moverdb.com\/pt\/wp-json\/wp\/v2\/pages\/14034","targetHints":{"allow":["GET"]}}],"collection":[{"href":"https:\/\/moverdb.com\/pt\/wp-json\/wp\/v2\/pages"}],"about":[{"href":"https:\/\/moverdb.com\/pt\/wp-json\/wp\/v2\/types\/page"}],"author":[{"embeddable":true,"href":"https:\/\/moverdb.com\/pt\/wp-json\/wp\/v2\/users\/1"}],"replies":[{"embeddable":true,"href":"https:\/\/moverdb.com\/pt\/wp-json\/wp\/v2\/comments?post=14034"}],"version-history":[{"count":1,"href":"https:\/\/moverdb.com\/pt\/wp-json\/wp\/v2\/pages\/14034\/revisions"}],"predecessor-version":[{"id":15729,"href":"https:\/\/moverdb.com\/pt\/wp-json\/wp\/v2\/pages\/14034\/revisions\/15729"}],"up":[{"embeddable":true,"href":"https:\/\/moverdb.com\/pt\/wp-json\/wp\/v2\/pages\/13427"}],"wp:attachment":[{"href":"https:\/\/moverdb.com\/pt\/wp-json\/wp\/v2\/media?parent=14034"}],"curies":[{"name":"wp","href":"https:\/\/api.w.org\/{rel}","templated":true}]}}