{"id":14001,"date":"2023-11-08T15:53:54","date_gmt":"2023-11-08T15:53:54","guid":{"rendered":"https:\/\/moverdb.com\/freight-forwarder\/freight-forwarding-uk\/middlesbrough-freight-forwarder\/"},"modified":"2026-01-08T13:17:38","modified_gmt":"2026-01-08T13:17:38","slug":"middlesbrough-freight-forwarder","status":"publish","type":"page","link":"https:\/\/moverdb.com\/pt\/freight-forwarder\/freight-forwarding-uk\/middlesbrough-freight-forwarder\/","title":{"rendered":"3 Melhores empresas de agenciamento de carga de Middlesbrough (2024)"},"content":{"rendered":"<p>A seguir, examinamos os 3 <em>\"melhor\"<\/em> Empresas de Freight Forwarding em Middlesbrough de um total de 6.<\/p>\n<p>Para saber mais sobre como escolhemos os melhores, consulte nossa se\u00e7\u00e3o de perguntas frequentes no final.<\/p>\n<p><em>Observe que as listagens a seguir n\u00e3o est\u00e3o em nenhuma ordem espec\u00edfica e n\u00e3o estamos fazendo nenhuma recomenda\u00e7\u00e3o para nenhuma empresa em particular.<\/em><\/p>\n<div id=\"ez-toc-container\" class=\"ez-toc-v2_0_82_2 ez-toc-wrap-left counter-hierarchy ez-toc-counter ez-toc-transparent ez-toc-container-direction\">\n<div class=\"ez-toc-title-container\">\n<p class=\"ez-toc-title\" style=\"cursor:inherit\">Se\u00e7\u00f5es<\/p>\n<span class=\"ez-toc-title-toggle\"><a href=\"#\" class=\"ez-toc-pull-right ez-toc-btn ez-toc-btn-xs ez-toc-btn-default ez-toc-toggle\" aria-label=\"Alternar tabela de conte\u00fado\"><span class=\"ez-toc-js-icon-con\"><span class=\"\"><span class=\"eztoc-hide\" style=\"display:none;\">Alternar<\/span><span class=\"ez-toc-icon-toggle-span\"><svg style=\"fill: #999;color:#999\" xmlns=\"http:\/\/www.w3.org\/2000\/svg\" class=\"list-377408\" width=\"20px\" height=\"20px\" viewbox=\"0 0 24 24\" fill=\"none\"><path d=\"M6 6H4v2h2V6zm14 0H8v2h12V6zM4 11h2v2H4v-2zm16 0H8v2h12v-2zM4 16h2v2H4v-2zm16 0H8v2h12v-2z\" fill=\"currentColor\"><\/path><\/svg><svg style=\"fill: #999;color:#999\" class=\"arrow-unsorted-368013\" xmlns=\"http:\/\/www.w3.org\/2000\/svg\" width=\"10px\" height=\"10px\" viewbox=\"0 0 24 24\" version=\"1.2\" baseprofile=\"tiny\"><path d=\"M18.2 9.3l-6.2-6.3-6.2 6.3c-.2.2-.3.4-.3.7s.1.5.3.7c.2.2.4.3.7.3h11c.3 0 .5-.1.7-.3.2-.2.3-.5.3-.7s-.1-.5-.3-.7zM5.8 14.7l6.2 6.3 6.2-6.3c.2-.2.3-.5.3-.7s-.1-.5-.3-.7c-.2-.2-.4-.3-.7-.3h-11c-.3 0-.5.1-.7.3-.2.2-.3.5-.3.7s.1.5.3.7z\"\/><\/svg><\/span><\/span><\/span><\/a><\/span><\/div>\n<nav><ul class='ez-toc-list ez-toc-list-level-1 eztoc-toggle-hide-by-default' ><li class='ez-toc-page-1 ez-toc-heading-level-2'><a class=\"ez-toc-link ez-toc-heading-1\" href=\"https:\/\/moverdb.com\/pt\/freight-forwarder\/freight-forwarding-uk\/middlesbrough-freight-forwarder\/#InstaCargo_Ltd\" >InstaCargo Ltd<\/a><\/li><li class='ez-toc-page-1 ez-toc-heading-level-2'><a class=\"ez-toc-link ez-toc-heading-2\" href=\"https:\/\/moverdb.com\/pt\/freight-forwarder\/freight-forwarding-uk\/middlesbrough-freight-forwarder\/#Evolution_Forwarding\" >Encaminhamento de Evolu\u00e7\u00e3o<\/a><\/li><li class='ez-toc-page-1 ez-toc-heading-level-2'><a class=\"ez-toc-link ez-toc-heading-3\" href=\"https:\/\/moverdb.com\/pt\/freight-forwarder\/freight-forwarding-uk\/middlesbrough-freight-forwarder\/#Johnson_Partners_Ltd\" >Johnson Partners Ltd<\/a><\/li><li class='ez-toc-page-1 ez-toc-heading-level-2'><a class=\"ez-toc-link ez-toc-heading-4\" href=\"https:\/\/moverdb.com\/pt\/freight-forwarder\/freight-forwarding-uk\/middlesbrough-freight-forwarder\/#How_we_picked_the_best_Middlesbrough_Freight_Forwarding_Companies\" >Como escolhemos as melhores empresas de Freight Forwarding de Middlesbrough<\/a><\/li><\/ul><\/nav><\/div>\n<h2><span class=\"ez-toc-section\" id=\"InstaCargo_Ltd\"><\/span>InstaCargo Ltd<span class=\"ez-toc-section-end\"><\/span><\/h2>\n<p><img decoding=\"async\" src=\"https:\/\/moverdb.com\/wp-content\/uploads\/thumbnailpanoidBdnaOper1igm1iTb8bZB7Acb_clientsearch.gws-prod.gpsw408h240yaw39.jpg\" alt='InstaCargo Ltd' class=\"aligncenter\"><\/p>\n<p><strong>Descri\u00e7\u00e3o da empresa: <\/strong>Aqui na InstaCargo Ltd, temos o compromisso de fornecer servi\u00e7os log\u00edsticos para QUALQUER PESSOA, EM QUALQUER LUGAR, para QUALQUER COISA!<br \/>\nQUALQUER UM<br \/>\nSeja voc\u00ea uma grande organiza\u00e7\u00e3o ou uma pequena empresa, que esteja come\u00e7ando ou que tenha uma remessa \u00fanica, entre em contato com <a href=\"https:\/\/moverdb.com\/pt\/moving-to-the-united-states\/\" data-internallinksmanager029f6b8e52c=\"94\" title=\"Mudando-se para os Estados Unidos? 2026 Custos de Vida e Dicas de Reloca\u00e7\u00e3o\">n\u00f3s<\/a>.<\/p>\n<p> Temos as op\u00e7\u00f5es para voc\u00ea!<br \/>\nEM QUALQUER LUGAR<br \/>\nNenhum local est\u00e1 fora dos limites.<\/p>\n<p> Nossas conex\u00f5es globais possibilitam todas as coletas e entregas.<\/p>\n<p>QUALQUER COISA<br \/>\nDe pequenos pacotes de courier a cargas fora do padr\u00e3o, cargas de projeto, remessas de cont\u00eaineres e transporte expresso, estamos aqui esperando, felizes em ajudar!<\/p>\n<p><strong>Servi\u00e7os adicionais:<\/strong><\/p>\n<p>Nenhum listado<\/p>\n<p><strong>Endere\u00e7o:<\/strong> Unit 3A High Force Rd, Riverside Park Industrial Estate, Middlesbrough TS2 1RH<\/p>\n<p><a href=\"http:\/\/www.instacargoltd.co.uk\/\" target=\"_new\" rel=\"noopener\">Site da InstaCargo Ltd<\/a><\/p>\n<p><strong>Pontua\u00e7\u00e3o da avalia\u00e7\u00e3o: <\/strong>5<br \/> <strong>N\u00famero de avalia\u00e7\u00f5es:<\/strong> 3<br \/><a href=\"https:\/\/www.google.co.uk\/maps?cid=543061409013876172&#038;hl=en&#038;gl=GB\" target=\"_new\" rel=\"noopener\">Ler resenhas<\/a><\/p>\n<h2><span class=\"ez-toc-section\" id=\"Evolution_Forwarding\"><\/span>Encaminhamento de Evolu\u00e7\u00e3o<span class=\"ez-toc-section-end\"><\/span><\/h2>\n<p><img decoding=\"async\" src=\"https:\/\/moverdb.com\/wp-content\/uploads\/AF1QipNuCGpKcw506tRyB0Uk8-31EOk0wcVd0SSwcQHBw408-h544-k-no.jpg\" alt='Encaminhamento de Evolu\u00e7\u00e3o' class=\"aligncenter\"><\/p>\n<p><strong>Descri\u00e7\u00e3o da empresa: <\/strong>Nenhum fornecido<\/p>\n<p><strong>Servi\u00e7os adicionais:<\/strong><\/p>\n<p>Consultor de com\u00e9rcio internacional<\/p>\n<p>Empreiteiros e servi\u00e7os de embalagem<\/p>\n<p>Loja de suprimentos de embalagens<\/p>\n<p>Empresa de entrega<\/p>\n<p>Servi\u00e7o de transporte<\/p>\n<p><strong>Endere\u00e7o:<\/strong> Skippers Lane Industrial Estate, 37 Metcalfe Rd, Middlesbrough TS6 6PT<\/p>\n<p><a href=\"http:\/\/www.evolutionforwarding.com\/\" target=\"_new\" rel=\"noopener\">Site da Evolution Forwarding<\/a><\/p>\n<p><strong>Pontua\u00e7\u00e3o da avalia\u00e7\u00e3o: <\/strong>5<br \/> <strong>N\u00famero de avalia\u00e7\u00f5es:<\/strong> 1<br \/><a href=\"https:\/\/www.google.co.uk\/maps?cid=10721676880161420298&#038;hl=en&#038;gl=GB\" target=\"_new\" rel=\"noopener\">Ler resenhas<\/a><\/p>\n<h2><span class=\"ez-toc-section\" id=\"Johnson_Partners_Ltd\"><\/span>Johnson Partners Ltd<span class=\"ez-toc-section-end\"><\/span><\/h2>\n<p><img decoding=\"async\" src=\"https:\/\/moverdb.com\/wp-content\/uploads\/AF1QipMpELKdZQijzhOo-vvsfD7BqNjFLknQWjB18Tqvw408-h306-k-no.jpg\" alt='Johnson Partners Ltd' class=\"aligncenter\"><\/p>\n<p><strong>Descri\u00e7\u00e3o da empresa: <\/strong>Fundada em 2004, a Johnson Partners estabeleceu como meta oferecer um servi\u00e7o de Freight Forwarding pessoal, profissional e competente.<\/p>\n<p> Ao cuidar de todos os requisitos de remessa e encaminhamento, permitimos que os clientes se concentrem em seus neg\u00f3cios principais.<\/p>\n<p>Trabalhando com empresas multinacionais e pequenas empresas, nossos clientes confiam em n\u00f3s para cuidar de suas cargas valiosas.<\/p>\n<p> Temos experi\u00eancia no manuseio de remessas fora do padr\u00e3o, cargas anormais e cargas de projeto, trabalhando com os clientes desde os est\u00e1gios de planejamento at\u00e9 a conclus\u00e3o.<\/p>\n<p>#teamjpl<\/p>\n<p><strong>Servi\u00e7os adicionais:<\/strong><\/p>\n<p>Empresa de entrega<\/p>\n<p><strong>Endere\u00e7o:<\/strong> 7 River Court, Brighouse Business Village, Brighouse Road, Middlesbrough TS2 1RT<\/p>\n<p><a href=\"http:\/\/www.johnsonpartners.co.uk\/\" target=\"_new\" rel=\"noopener\">Site da Johnson Partners Ltd<\/a><\/p>\n<p><strong>Pontua\u00e7\u00e3o da avalia\u00e7\u00e3o: <\/strong>5<br \/> <strong>N\u00famero de avalia\u00e7\u00f5es:<\/strong> 7<br \/><a href=\"https:\/\/www.google.co.uk\/maps?cid=17648057514071181519&#038;hl=en&#038;gl=GB\" target=\"_new\" rel=\"noopener\">Ler resenhas<\/a><\/p>\n<h2><span class=\"ez-toc-section\" id=\"How_we_picked_the_best_Middlesbrough_Freight_Forwarding_Companies\"><\/span>Como escolhemos as melhores empresas de Freight Forwarding de Middlesbrough<span class=\"ez-toc-section-end\"><\/span><\/h2>\n<p>Come\u00e7amos com um conjunto de dados de 6 empresas de agenciamento de carga de Middlesbrough que pudemos encontrar no Google Maps e reduzimos para as 3 melhores.<\/p>\n<p>Para isso, removemos qualquer empresa que:<\/p>\n<ul>\n<li> N\u00e3o tinha um site<\/li>\n<li> N\u00e3o teve cr\u00edticas<\/li>\n<li> Teve uma pontua\u00e7\u00e3o m\u00e9dia de avalia\u00e7\u00e3o abaixo de 2,0<\/li>\n<\/ul>\n<p>Nesse momento, se tiv\u00e9ssemos 17 ou menos forwarders, listar\u00edamos todos eles.<\/p>\n<p>Para as cidades que ficaram com mais de 17 despachantes, fizemos outras revis\u00f5es aumentando a pontua\u00e7\u00e3o de avalia\u00e7\u00e3o exigida (por exemplo, passando de um m\u00ednimo de 2,0 para 4,0) e\/ou aumentando o n\u00famero m\u00ednimo de avalia\u00e7\u00f5es exigidas (por exemplo, passando de pelo menos 1 avalia\u00e7\u00e3o para pelo menos 10).<\/p>\n<p>Observe que usamos apenas dados de avalia\u00e7\u00e3o do Google Maps e n\u00e3o de outros sites de terceiros.<\/p>\n<p>Mais cidades:<\/p>\n<p><a href=\"https:\/\/moverdb.com\/pt\/transitario-de-carga\/freight-forwarding-uk\/hessle-freight-forwarder\/\">Agente de carga de Hessle<\/a><br \/><a href=\"https:\/\/moverdb.com\/pt\/transitario-de-carga\/freight-forwarding-uk\/newtownabbey-freight-forwarder\/\">Agente de carga de Newtownabbey<\/a><br \/><a href=\"https:\/\/moverdb.com\/pt\/transitario-de-carga\/freight-forwarding-uk\/preston-freight-forwarder\/\">Preston Freight Forwarder<\/a><br \/><a href=\"https:\/\/moverdb.com\/pt\/transitario-de-carga\/freight-forwarding-uk\/skelmersdale-freight-forwarder\/\">Agente de carga de Skelmersdale<\/a><br \/><a href=\"https:\/\/moverdb.com\/pt\/transitario-de-carga\/freight-forwarding-uk\/walsall-freight-forwarder\/\">Agente de carga de Walsall<\/a><\/p>","protected":false},"excerpt":{"rendered":"<p>Below we look at the 3 &#8220;best&#8221; Freight Forwarding companies in Middlesbrough out of 6. To learn more about how we chose the best please consult our FAQ section at the end. Please not the following listings are in no particular order and we are not making any recommendations for any particular company. InstaCargo Ltd [&hellip;]<\/p>\n","protected":false},"author":1,"featured_media":0,"parent":13427,"menu_order":0,"comment_status":"open","ping_status":"open","template":"","meta":{"_genesis_hide_title":false,"_genesis_hide_breadcrumbs":false,"_genesis_hide_singular_image":false,"_genesis_hide_footer_widgets":false,"_genesis_custom_body_class":"","_genesis_custom_post_class":"","_genesis_layout":"","footnotes":""},"class_list":{"0":"post-14001","1":"page","2":"type-page","3":"status-publish","5":"entry"},"_links":{"self":[{"href":"https:\/\/moverdb.com\/pt\/wp-json\/wp\/v2\/pages\/14001","targetHints":{"allow":["GET"]}}],"collection":[{"href":"https:\/\/moverdb.com\/pt\/wp-json\/wp\/v2\/pages"}],"about":[{"href":"https:\/\/moverdb.com\/pt\/wp-json\/wp\/v2\/types\/page"}],"author":[{"embeddable":true,"href":"https:\/\/moverdb.com\/pt\/wp-json\/wp\/v2\/users\/1"}],"replies":[{"embeddable":true,"href":"https:\/\/moverdb.com\/pt\/wp-json\/wp\/v2\/comments?post=14001"}],"version-history":[{"count":1,"href":"https:\/\/moverdb.com\/pt\/wp-json\/wp\/v2\/pages\/14001\/revisions"}],"predecessor-version":[{"id":15771,"href":"https:\/\/moverdb.com\/pt\/wp-json\/wp\/v2\/pages\/14001\/revisions\/15771"}],"up":[{"embeddable":true,"href":"https:\/\/moverdb.com\/pt\/wp-json\/wp\/v2\/pages\/13427"}],"wp:attachment":[{"href":"https:\/\/moverdb.com\/pt\/wp-json\/wp\/v2\/media?parent=14001"}],"curies":[{"name":"wp","href":"https:\/\/api.w.org\/{rel}","templated":true}]}}