{"id":13969,"date":"2023-11-08T15:53:54","date_gmt":"2023-11-08T15:53:54","guid":{"rendered":"https:\/\/moverdb.com\/freight-forwarder\/freight-forwarding-uk\/iver-freight-forwarder\/"},"modified":"2026-01-08T13:17:35","modified_gmt":"2026-01-08T13:17:35","slug":"iver-freight-forwarder","status":"publish","type":"page","link":"https:\/\/moverdb.com\/pt\/freight-forwarder\/freight-forwarding-uk\/iver-freight-forwarder\/","title":{"rendered":"3 Melhores empresas de agenciamento de carga de Iver (2024)"},"content":{"rendered":"<p>A seguir, examinamos os 3 <em>\"melhor\"<\/em> Empresas de Agenciamento de Cargas em Iver de um total de 7.<\/p>\n<p>Para saber mais sobre como escolhemos os melhores, consulte nossa se\u00e7\u00e3o de perguntas frequentes no final.<\/p>\n<p><em>Observe que as listagens a seguir n\u00e3o est\u00e3o em nenhuma ordem espec\u00edfica e n\u00e3o estamos fazendo nenhuma recomenda\u00e7\u00e3o para nenhuma empresa em particular.<\/em><\/p>\n<div id=\"ez-toc-container\" class=\"ez-toc-v2_0_82_2 ez-toc-wrap-left counter-hierarchy ez-toc-counter ez-toc-transparent ez-toc-container-direction\">\n<div class=\"ez-toc-title-container\">\n<p class=\"ez-toc-title\" style=\"cursor:inherit\">Se\u00e7\u00f5es<\/p>\n<span class=\"ez-toc-title-toggle\"><a href=\"#\" class=\"ez-toc-pull-right ez-toc-btn ez-toc-btn-xs ez-toc-btn-default ez-toc-toggle\" aria-label=\"Alternar tabela de conte\u00fado\"><span class=\"ez-toc-js-icon-con\"><span class=\"\"><span class=\"eztoc-hide\" style=\"display:none;\">Alternar<\/span><span class=\"ez-toc-icon-toggle-span\"><svg style=\"fill: #999;color:#999\" xmlns=\"http:\/\/www.w3.org\/2000\/svg\" class=\"list-377408\" width=\"20px\" height=\"20px\" viewbox=\"0 0 24 24\" fill=\"none\"><path d=\"M6 6H4v2h2V6zm14 0H8v2h12V6zM4 11h2v2H4v-2zm16 0H8v2h12v-2zM4 16h2v2H4v-2zm16 0H8v2h12v-2z\" fill=\"currentColor\"><\/path><\/svg><svg style=\"fill: #999;color:#999\" class=\"arrow-unsorted-368013\" xmlns=\"http:\/\/www.w3.org\/2000\/svg\" width=\"10px\" height=\"10px\" viewbox=\"0 0 24 24\" version=\"1.2\" baseprofile=\"tiny\"><path d=\"M18.2 9.3l-6.2-6.3-6.2 6.3c-.2.2-.3.4-.3.7s.1.5.3.7c.2.2.4.3.7.3h11c.3 0 .5-.1.7-.3.2-.2.3-.5.3-.7s-.1-.5-.3-.7zM5.8 14.7l6.2 6.3 6.2-6.3c.2-.2.3-.5.3-.7s-.1-.5-.3-.7c-.2-.2-.4-.3-.7-.3h-11c-.3 0-.5.1-.7.3-.2.2-.3.5-.3.7s.1.5.3.7z\"\/><\/svg><\/span><\/span><\/span><\/a><\/span><\/div>\n<nav><ul class='ez-toc-list ez-toc-list-level-1 eztoc-toggle-hide-by-default' ><li class='ez-toc-page-1 ez-toc-heading-level-2'><a class=\"ez-toc-link ez-toc-heading-1\" href=\"https:\/\/moverdb.com\/pt\/freight-forwarder\/freight-forwarding-uk\/iver-freight-forwarder\/#Clarity_Cargo_Limited\" >Clarity Cargo Limited<\/a><\/li><li class='ez-toc-page-1 ez-toc-heading-level-2'><a class=\"ez-toc-link ez-toc-heading-2\" href=\"https:\/\/moverdb.com\/pt\/freight-forwarder\/freight-forwarding-uk\/iver-freight-forwarder\/#Telenet_Global_Logistics\" >Log\u00edstica Global da Telenet<\/a><\/li><li class='ez-toc-page-1 ez-toc-heading-level-2'><a class=\"ez-toc-link ez-toc-heading-3\" href=\"https:\/\/moverdb.com\/pt\/freight-forwarder\/freight-forwarding-uk\/iver-freight-forwarder\/#Rhodes_Freight_Services_Ltd\" >Rhodes Freight Services Ltd<\/a><\/li><li class='ez-toc-page-1 ez-toc-heading-level-2'><a class=\"ez-toc-link ez-toc-heading-4\" href=\"https:\/\/moverdb.com\/pt\/freight-forwarder\/freight-forwarding-uk\/iver-freight-forwarder\/#How_we_picked_the_best_Iver_Freight_Forwarding_Companies\" >Como escolhemos as melhores empresas de Agenciamento de Fretes de Iver<\/a><\/li><\/ul><\/nav><\/div>\n<h2><span class=\"ez-toc-section\" id=\"Clarity_Cargo_Limited\"><\/span>Clarity Cargo Limited<span class=\"ez-toc-section-end\"><\/span><\/h2>\n<p><img decoding=\"async\" src=\"https:\/\/moverdb.com\/wp-content\/uploads\/AF1QipP0oec1jy_H0NUSuZWNhSBk7JlRXh_oWLGNdgDew408-h290-k-no.jpg\" alt='Clarity Cargo Limited' class=\"aligncenter\"><\/p>\n<p><strong>Descri\u00e7\u00e3o da empresa: <\/strong>O Clarity Cargo Limited \u00e9 um produto Daily <a href=\"https:\/\/moverdb.com\/pt\/moving-to-ireland\/\" data-internallinksmanager029f6b8e52c=\"320\" title=\"Est\u00e1 se mudando para a Irlanda? 2026 Custo de vida e dicas de realoca\u00e7\u00e3o\">Irlanda<\/a> e European Express Pallet Transport Service em Londres.<\/p>\n<p> Nosso servi\u00e7o de log\u00edstica oferece entregas 24 horas para a Irlanda.<\/p>\n<p> Com o sistema de rastreamento inteligente de nossos ve\u00edculos e equipamentos de \u00faltima gera\u00e7\u00e3o, fornecemos entrega expressa segura e programada em muitos pa\u00edses europeus.<\/p>\n<p> A Clarity Cargo lhe oferece a melhor op\u00e7\u00e3o para garantir o melhor servi\u00e7o para sua base de clientes.<\/p>\n<p> Obtenha os benef\u00edcios de nossos servi\u00e7os internos completos de desembara\u00e7o aduaneiro e entregas expressas de paletes no sul da Irlanda e na Europa.<\/p>\n<p> Aumente suas vendas no mercado expandido da Irlanda com nossa distribui\u00e7\u00e3o expressa de paletes r\u00e1pida, conveniente e acess\u00edvel.<\/p>\n<p> Cada remessa movimentada \u00e9 rastreada pelo sistema de rastreamento Clarity, garantindo uma movimenta\u00e7\u00e3o din\u00e2mica em seu nome.<\/p>\n<p><strong>Servi\u00e7os adicionais:<\/strong><\/p>\n<p>Empresa de entrega<\/p>\n<p>Servi\u00e7o de transporte<\/p>\n<p><strong>Endere\u00e7o:<\/strong> Unit 2a, 2b The Ridgeway, Iver SL0 9JQ<\/p>\n<p><a href=\"https:\/\/www.claritycargo.com\/\" target=\"_new\" rel=\"noopener\">Site da Clarity Cargo Limited<\/a><\/p>\n<p><strong>Pontua\u00e7\u00e3o da avalia\u00e7\u00e3o: <\/strong>5<br \/> <strong>N\u00famero de avalia\u00e7\u00f5es:<\/strong> 38<br \/><a href=\"https:\/\/www.google.co.uk\/maps?cid=10874642115702949340&#038;hl=en&#038;gl=GB\" target=\"_new\" rel=\"noopener\">Ler resenhas<\/a><\/p>\n<h2><span class=\"ez-toc-section\" id=\"Telenet_Global_Logistics\"><\/span>Log\u00edstica Global da Telenet<span class=\"ez-toc-section-end\"><\/span><\/h2>\n<p><img decoding=\"async\" src=\"https:\/\/moverdb.com\/wp-content\/uploads\/AF1QipP01RnwujXm0lb4sGEMlj-Z0U8VyKPrXUu2x8Yw408-h306-k-no.jpg\" alt='Log\u00edstica Global da Telenet' class=\"aligncenter\"><\/p>\n<p><strong>Descri\u00e7\u00e3o da empresa: <\/strong>Nenhum fornecido<\/p>\n<p><strong>Servi\u00e7os adicionais:<\/strong><\/p>\n<p>Servi\u00e7o de log\u00edstica<\/p>\n<p><strong>Endere\u00e7o:<\/strong> 3B Ridgeway, Iver SL0 9JQ<\/p>\n<p><a href=\"https:\/\/www.telenetlogistics.com\/\" target=\"_new\" rel=\"noopener\">Site da Telenet Global Logistics<\/a><\/p>\n<p><strong>Pontua\u00e7\u00e3o da avalia\u00e7\u00e3o: <\/strong>4.6<br \/> <strong>N\u00famero de avalia\u00e7\u00f5es:<\/strong> 11<br \/><a href=\"https:\/\/www.google.co.uk\/maps?cid=11765667240663478835&#038;hl=en&#038;gl=GB\" target=\"_new\" rel=\"noopener\">Ler resenhas<\/a><\/p>\n<h2><span class=\"ez-toc-section\" id=\"Rhodes_Freight_Services_Ltd\"><\/span>Rhodes Freight Services Ltd<span class=\"ez-toc-section-end\"><\/span><\/h2>\n<p><img decoding=\"async\" src=\"https:\/\/moverdb.com\/wp-content\/uploads\/AF1QipMm9i5CRGZADeaNZzwze_5aBudBPSQnsvLjIlzYw408-h272-k-no.jpg\" alt='Rhodes Freight Services Ltd' class=\"aligncenter\"><\/p>\n<p><strong>Descri\u00e7\u00e3o da empresa: <\/strong>A Rhodes Freight Services LTD tem fornecido transporte com controle de temperatura no setor de <a href=\"https:\/\/moverdb.com\/pt\/moving-to-the-uk\/\" data-internallinksmanager029f6b8e52c=\"93\" title=\"Mudando-se para o Reino Unido? 2026 Custos de Vida e Dicas de Reloca\u00e7\u00e3o\">REINO UNIDO<\/a> e Europa desde 1992.<\/p>\n<p>Somos uma empresa familiar com grandes valores e padr\u00f5es fundamentais.<\/p>\n<p>Criada a partir de um come\u00e7o humilde, com trabalho \u00e1rduo e honestidade.<\/p>\n<p> Sempre nos concentramos em nossos clientes e em como podemos aliviar qualquer \u00f4nus para eles e seus clientes, fornecendo o melhor servi\u00e7o poss\u00edvel de frete com temperatura controlada no Reino Unido.<\/p>\n<p>Funcionamos 24 horas por dia, 7 dias por semana.<\/p>\n<p> Nossos servi\u00e7os mais populares s\u00e3o:<\/p>\n<p>Transporte dedicado<br \/>\nFrete a\u00e9reo de produtos perec\u00edveis no Reino Unido e na Europa<br \/>\nArmazenamento e estocagem<br \/>\nDistribui\u00e7\u00e3o com controle de temperatura no Reino Unido<br \/>\nTransporte aeroportu\u00e1rio na Europa<br \/>\nFrete a\u00e9reo na Europa e no Reino Unido<br \/>\nArmazenamento com temperatura controlada<br \/>\nGr\u00e1ficos, cota\u00e7\u00f5es, relat\u00f3rios<\/p>\n<p><strong>Servi\u00e7os adicionais:<\/strong><\/p>\n<p>Nenhum listado<\/p>\n<p><strong>Endere\u00e7o:<\/strong> 3c, Ridgeway Distribution Centre, Ridgeway, Iver SL0 9JQ<\/p>\n<p><a href=\"http:\/\/www.rhodesfreightservices.co.uk\/\" target=\"_new\" rel=\"noopener\">Site da Rhodes Freight Services Ltd<\/a><\/p>\n<p><strong>Pontua\u00e7\u00e3o da avalia\u00e7\u00e3o: <\/strong>4.5<br \/> <strong>N\u00famero de avalia\u00e7\u00f5es:<\/strong> 21<br \/><a href=\"https:\/\/www.google.co.uk\/maps?cid=13537297874661650619&#038;hl=en&#038;gl=GB\" target=\"_new\" rel=\"noopener\">Ler resenhas<\/a><\/p>\n<h2><span class=\"ez-toc-section\" id=\"How_we_picked_the_best_Iver_Freight_Forwarding_Companies\"><\/span>Como escolhemos as melhores empresas de Agenciamento de Fretes de Iver<span class=\"ez-toc-section-end\"><\/span><\/h2>\n<p>Come\u00e7amos com um conjunto de dados de 7 empresas de agenciamento de carga de Iver que pudemos encontrar no Google Maps e reduzimos para as 3 melhores.<\/p>\n<p>Para isso, removemos qualquer empresa que:<\/p>\n<ul>\n<li> N\u00e3o tinha um site<\/li>\n<li> N\u00e3o teve cr\u00edticas<\/li>\n<li> Teve uma pontua\u00e7\u00e3o m\u00e9dia de avalia\u00e7\u00e3o abaixo de 2,0<\/li>\n<\/ul>\n<p>Nesse momento, se tiv\u00e9ssemos 17 ou menos forwarders, listar\u00edamos todos eles.<\/p>\n<p>Para as cidades que ficaram com mais de 17 despachantes, fizemos outras revis\u00f5es aumentando a pontua\u00e7\u00e3o de avalia\u00e7\u00e3o exigida (por exemplo, passando de um m\u00ednimo de 2,0 para 4,0) e\/ou aumentando o n\u00famero m\u00ednimo de avalia\u00e7\u00f5es exigidas (por exemplo, passando de pelo menos 1 avalia\u00e7\u00e3o para pelo menos 10).<\/p>\n<p>Observe que usamos apenas dados de avalia\u00e7\u00e3o do Google Maps e n\u00e3o de outros sites de terceiros.<\/p>\n<p>Mais cidades:<\/p>\n<p><a href=\"https:\/\/moverdb.com\/pt\/transitario-de-carga\/freight-forwarding-uk\/nuneaton-freight-forwarder\/\">Agente de carga de Nuneaton<\/a><br \/><a href=\"https:\/\/moverdb.com\/pt\/transitario-de-carga\/freight-forwarding-uk\/belvedere-freight-forwarder\/\">Belvedere Freight Forwarder<\/a><br \/><a href=\"https:\/\/moverdb.com\/pt\/transitario-de-carga\/freight-forwarding-uk\/portsmouth-freight-forwarder\/\">Agente de carga de Portsmouth<\/a><br \/><a href=\"https:\/\/moverdb.com\/pt\/transitario-de-carga\/freight-forwarding-uk\/dagenham-freight-forwarder\/\">Agente de carga de Dagenham<\/a><br \/><a href=\"https:\/\/moverdb.com\/pt\/transitario-de-carga\/freight-forwarding-uk\/renfrew-freight-forwarder\/\">Agente de carga de Renfrew<\/a><\/p>","protected":false},"excerpt":{"rendered":"<p>Below we look at the 3 &#8220;best&#8221; Freight Forwarding companies in Iver out of 7. To learn more about how we chose the best please consult our FAQ section at the end. Please not the following listings are in no particular order and we are not making any recommendations for any particular company. Clarity Cargo [&hellip;]<\/p>\n","protected":false},"author":1,"featured_media":0,"parent":13427,"menu_order":0,"comment_status":"open","ping_status":"open","template":"","meta":{"_genesis_hide_title":false,"_genesis_hide_breadcrumbs":false,"_genesis_hide_singular_image":false,"_genesis_hide_footer_widgets":false,"_genesis_custom_body_class":"","_genesis_custom_post_class":"","_genesis_layout":"","footnotes":""},"class_list":{"0":"post-13969","1":"page","2":"type-page","3":"status-publish","5":"entry"},"_links":{"self":[{"href":"https:\/\/moverdb.com\/pt\/wp-json\/wp\/v2\/pages\/13969","targetHints":{"allow":["GET"]}}],"collection":[{"href":"https:\/\/moverdb.com\/pt\/wp-json\/wp\/v2\/pages"}],"about":[{"href":"https:\/\/moverdb.com\/pt\/wp-json\/wp\/v2\/types\/page"}],"author":[{"embeddable":true,"href":"https:\/\/moverdb.com\/pt\/wp-json\/wp\/v2\/users\/1"}],"replies":[{"embeddable":true,"href":"https:\/\/moverdb.com\/pt\/wp-json\/wp\/v2\/comments?post=13969"}],"version-history":[{"count":1,"href":"https:\/\/moverdb.com\/pt\/wp-json\/wp\/v2\/pages\/13969\/revisions"}],"predecessor-version":[{"id":15769,"href":"https:\/\/moverdb.com\/pt\/wp-json\/wp\/v2\/pages\/13969\/revisions\/15769"}],"up":[{"embeddable":true,"href":"https:\/\/moverdb.com\/pt\/wp-json\/wp\/v2\/pages\/13427"}],"wp:attachment":[{"href":"https:\/\/moverdb.com\/pt\/wp-json\/wp\/v2\/media?parent=13969"}],"curies":[{"name":"wp","href":"https:\/\/api.w.org\/{rel}","templated":true}]}}