{"id":13965,"date":"2023-11-08T15:53:26","date_gmt":"2023-11-08T15:53:26","guid":{"rendered":"https:\/\/moverdb.com\/freight-forwarder\/freight-forwarding-uk\/northampton-freight-forwarder\/"},"modified":"2026-01-08T13:17:40","modified_gmt":"2026-01-08T13:17:40","slug":"northampton-freight-forwarder","status":"publish","type":"page","link":"https:\/\/moverdb.com\/pt\/freight-forwarder\/freight-forwarding-uk\/northampton-freight-forwarder\/","title":{"rendered":"3 Melhores empresas de agenciamento de carga de Northampton (2024)"},"content":{"rendered":"<p>A seguir, examinamos os 3 <em>\"melhor\"<\/em> Empresas de Freight Forwarding em Northampton de um total de 6.<\/p>\n<p>Para saber mais sobre como escolhemos os melhores, consulte nossa se\u00e7\u00e3o de perguntas frequentes no final.<\/p>\n<p><em>Observe que as listagens a seguir n\u00e3o est\u00e3o em nenhuma ordem espec\u00edfica e n\u00e3o estamos fazendo nenhuma recomenda\u00e7\u00e3o para nenhuma empresa em particular.<\/em><\/p>\n<div id=\"ez-toc-container\" class=\"ez-toc-v2_0_82_2 ez-toc-wrap-left counter-hierarchy ez-toc-counter ez-toc-transparent ez-toc-container-direction\">\n<div class=\"ez-toc-title-container\">\n<p class=\"ez-toc-title\" style=\"cursor:inherit\">Se\u00e7\u00f5es<\/p>\n<span class=\"ez-toc-title-toggle\"><a href=\"#\" class=\"ez-toc-pull-right ez-toc-btn ez-toc-btn-xs ez-toc-btn-default ez-toc-toggle\" aria-label=\"Alternar tabela de conte\u00fado\"><span class=\"ez-toc-js-icon-con\"><span class=\"\"><span class=\"eztoc-hide\" style=\"display:none;\">Alternar<\/span><span class=\"ez-toc-icon-toggle-span\"><svg style=\"fill: #999;color:#999\" xmlns=\"http:\/\/www.w3.org\/2000\/svg\" class=\"list-377408\" width=\"20px\" height=\"20px\" viewbox=\"0 0 24 24\" fill=\"none\"><path d=\"M6 6H4v2h2V6zm14 0H8v2h12V6zM4 11h2v2H4v-2zm16 0H8v2h12v-2zM4 16h2v2H4v-2zm16 0H8v2h12v-2z\" fill=\"currentColor\"><\/path><\/svg><svg style=\"fill: #999;color:#999\" class=\"arrow-unsorted-368013\" xmlns=\"http:\/\/www.w3.org\/2000\/svg\" width=\"10px\" height=\"10px\" viewbox=\"0 0 24 24\" version=\"1.2\" baseprofile=\"tiny\"><path d=\"M18.2 9.3l-6.2-6.3-6.2 6.3c-.2.2-.3.4-.3.7s.1.5.3.7c.2.2.4.3.7.3h11c.3 0 .5-.1.7-.3.2-.2.3-.5.3-.7s-.1-.5-.3-.7zM5.8 14.7l6.2 6.3 6.2-6.3c.2-.2.3-.5.3-.7s-.1-.5-.3-.7c-.2-.2-.4-.3-.7-.3h-11c-.3 0-.5.1-.7.3-.2.2-.3.5-.3.7s.1.5.3.7z\"\/><\/svg><\/span><\/span><\/span><\/a><\/span><\/div>\n<nav><ul class='ez-toc-list ez-toc-list-level-1 eztoc-toggle-hide-by-default' ><li class='ez-toc-page-1 ez-toc-heading-level-2'><a class=\"ez-toc-link ez-toc-heading-1\" href=\"https:\/\/moverdb.com\/pt\/freight-forwarder\/freight-forwarding-uk\/northampton-freight-forwarder\/#TransGlobal_Freight_Management_ltd\" >TransGlobal Freight Management ltd<\/a><\/li><li class='ez-toc-page-1 ez-toc-heading-level-2'><a class=\"ez-toc-link ez-toc-heading-2\" href=\"https:\/\/moverdb.com\/pt\/freight-forwarder\/freight-forwarding-uk\/northampton-freight-forwarder\/#Eclipse_Worldwide_Ltd\" >Eclipse Worldwide Ltd<\/a><\/li><li class='ez-toc-page-1 ez-toc-heading-level-2'><a class=\"ez-toc-link ez-toc-heading-3\" href=\"https:\/\/moverdb.com\/pt\/freight-forwarder\/freight-forwarding-uk\/northampton-freight-forwarder\/#Ziegler_Group_Uk\" >Grupo Ziegler Reino Unido<\/a><\/li><li class='ez-toc-page-1 ez-toc-heading-level-2'><a class=\"ez-toc-link ez-toc-heading-4\" href=\"https:\/\/moverdb.com\/pt\/freight-forwarder\/freight-forwarding-uk\/northampton-freight-forwarder\/#How_we_picked_the_best_Northampton_Freight_Forwarding_Companies\" >Como escolhemos as melhores empresas de Agenciamento de Fretes de Northampton<\/a><\/li><\/ul><\/nav><\/div>\n<h2><span class=\"ez-toc-section\" id=\"TransGlobal_Freight_Management_ltd\"><\/span>TransGlobal Freight Management ltd<span class=\"ez-toc-section-end\"><\/span><\/h2>\n<p><img decoding=\"async\" src=\"https:\/\/moverdb.com\/wp-content\/uploads\/AF1QipPMjJWNC6CEBk1olQJxLXNMxOZ3q8187o3SKGVhw408-h306-k-no.jpg\" alt='TransGlobal Freight Management ltd' class=\"aligncenter\"><\/p>\n<p><strong>Descri\u00e7\u00e3o da empresa: <\/strong>A clipse Worldwide \u00e9 uma organiza\u00e7\u00e3o de agenciamento de frete internacional constru\u00edda sobre uma base s\u00f3lida de honestidade, confiabilidade e integridade.<\/p>\n<p>A independ\u00eancia \u00e9 nosso ponto forte, moldando nossos servi\u00e7os globais de importa\u00e7\u00e3o, exporta\u00e7\u00e3o, armazenagem e log\u00edstica de acordo com suas necessidades exclusivas.<\/p>\n<p><strong>Servi\u00e7os adicionais:<\/strong><\/p>\n<p>Servi\u00e7o de distribui\u00e7\u00e3o<\/p>\n<p>Armaz\u00e9m<\/p>\n<p><strong>Endere\u00e7o:<\/strong> 2 Lodge Way, Lodge Farm Industrial Estate, Northampton NN5 7US<\/p>\n<p><a href=\"https:\/\/www.trans-global.com\/\" target=\"_new\" rel=\"noopener\">Site da TransGlobal Freight Management ltd<\/a><\/p>\n<p><strong>Pontua\u00e7\u00e3o da avalia\u00e7\u00e3o: <\/strong>3.7<br \/> <strong>N\u00famero de avalia\u00e7\u00f5es:<\/strong> 7<br \/><a href=\"https:\/\/www.google.co.uk\/maps?cid=491267887230410260&#038;hl=en&#038;gl=GB\" target=\"_new\" rel=\"noopener\">Ler resenhas<\/a><\/p>\n<h2><span class=\"ez-toc-section\" id=\"Eclipse_Worldwide_Ltd\"><\/span>Eclipse Worldwide Ltd<span class=\"ez-toc-section-end\"><\/span><\/h2>\n<p><img decoding=\"async\" src=\"https:\/\/moverdb.com\/wp-content\/uploads\/AF1QipMjqq27z27bUaEruYFTLdLh_Z9KIZR6Ct5GtEHfw408-h306-k-no.jpg\" alt='Eclipse Worldwide Ltd' class=\"aligncenter\"><\/p>\n<p><strong>Descri\u00e7\u00e3o da empresa: <\/strong>Nenhum fornecido<\/p>\n<p><strong>Servi\u00e7os adicionais:<\/strong><\/p>\n<p>Servi\u00e7o de log\u00edstica<\/p>\n<p>Armaz\u00e9m<\/p>\n<p><strong>Endere\u00e7o:<\/strong> Lodge Way, Lodge Farm Industrial Estate, Northampton NN5 7US<\/p>\n<p><a href=\"https:\/\/eclipseworldwide.co.uk\/\" target=\"_new\" rel=\"noopener\">Site da Eclipse Worldwide Ltd<\/a><\/p>\n<p><strong>Pontua\u00e7\u00e3o da avalia\u00e7\u00e3o: <\/strong>4.9<br \/> <strong>N\u00famero de avalia\u00e7\u00f5es:<\/strong> 19<br \/><a href=\"https:\/\/www.google.co.uk\/maps?cid=8741588176792319501&#038;hl=en&#038;gl=GB\" target=\"_new\" rel=\"noopener\">Ler resenhas<\/a><\/p>\n<h2><span class=\"ez-toc-section\" id=\"Ziegler_Group_Uk\"><\/span>Grupo Ziegler Reino Unido<span class=\"ez-toc-section-end\"><\/span><\/h2>\n<p><img decoding=\"async\" src=\"https:\/\/moverdb.com\/wp-content\/uploads\/thumbnailpanoidLk7wb1xiMX9RTEuqKfNsCAcb_clientsearch.gws-prod.gpsw408h240yaw163.jpg\" alt='Grupo Ziegler Reino Unido' class=\"aligncenter\"><\/p>\n<p><strong>Descri\u00e7\u00e3o da empresa: <\/strong>Nenhum fornecido<\/p>\n<p><strong>Servi\u00e7os adicionais:<\/strong><\/p>\n<p>Nenhum listado<\/p>\n<p><strong>Endere\u00e7o:<\/strong> Falcon House, 1 Sketty Cl, Northampton NN4 7PL<\/p>\n<p><a href=\"https:\/\/www.zieglergroup.com\/en-gb\/\" target=\"_new\" rel=\"noopener\">Site do Grupo Ziegler no Reino Unido<\/a><\/p>\n<p><strong>Pontua\u00e7\u00e3o da avalia\u00e7\u00e3o: <\/strong>5<br \/> <strong>N\u00famero de avalia\u00e7\u00f5es:<\/strong> 1<br \/><a href=\"https:\/\/www.google.co.uk\/maps?cid=9294444141090723868&#038;hl=en&#038;gl=GB\" target=\"_new\" rel=\"noopener\">Ler resenhas<\/a><\/p>\n<h2><span class=\"ez-toc-section\" id=\"How_we_picked_the_best_Northampton_Freight_Forwarding_Companies\"><\/span>Como escolhemos as melhores empresas de Agenciamento de Fretes de Northampton<span class=\"ez-toc-section-end\"><\/span><\/h2>\n<p>Come\u00e7amos com um conjunto de dados de 6 empresas de agenciamento de carga de Northampton que pudemos encontrar pelo Google Maps e reduzimos para as 3 melhores.<\/p>\n<p>Para isso, removemos qualquer empresa que:<\/p>\n<ul>\n<li> N\u00e3o tinha um site<\/li>\n<li> N\u00e3o teve cr\u00edticas<\/li>\n<li> Teve uma pontua\u00e7\u00e3o m\u00e9dia de avalia\u00e7\u00e3o abaixo de 2,0<\/li>\n<\/ul>\n<p>Nesse momento, se tiv\u00e9ssemos 17 ou menos forwarders, listar\u00edamos todos eles.<\/p>\n<p>Para as cidades que ficaram com mais de 17 despachantes, fizemos outras revis\u00f5es aumentando a pontua\u00e7\u00e3o de avalia\u00e7\u00e3o exigida (por exemplo, passando de um m\u00ednimo de 2,0 para 4,0) e\/ou aumentando o n\u00famero m\u00ednimo de avalia\u00e7\u00f5es exigidas (por exemplo, passando de pelo menos 1 avalia\u00e7\u00e3o para pelo menos 10).<\/p>\n<p>Observe que usamos apenas dados de avalia\u00e7\u00e3o do Google Maps e n\u00e3o de outros sites de terceiros.<\/p>\n<p>Mais cidades:<\/p>\n<p><a href=\"https:\/\/moverdb.com\/pt\/transitario-de-carga\/freight-forwarding-uk\/iver-freight-forwarder\/\">Agente de carga de Iver<\/a><br \/><a href=\"https:\/\/moverdb.com\/pt\/transitario-de-carga\/freight-forwarding-uk\/nuneaton-freight-forwarder\/\">Agente de carga de Nuneaton<\/a><br \/><a href=\"https:\/\/moverdb.com\/pt\/transitario-de-carga\/freight-forwarding-uk\/belvedere-freight-forwarder\/\">Belvedere Freight Forwarder<\/a><br \/><a href=\"https:\/\/moverdb.com\/pt\/transitario-de-carga\/freight-forwarding-uk\/portsmouth-freight-forwarder\/\">Agente de carga de Portsmouth<\/a><br \/><a href=\"https:\/\/moverdb.com\/pt\/transitario-de-carga\/freight-forwarding-uk\/dagenham-freight-forwarder\/\">Agente de carga de Dagenham<\/a><\/p>","protected":false},"excerpt":{"rendered":"<p>Below we look at the 3 &#8220;best&#8221; Freight Forwarding companies in Northampton out of 6. To learn more about how we chose the best please consult our FAQ section at the end. Please not the following listings are in no particular order and we are not making any recommendations for any particular company. TransGlobal Freight [&hellip;]<\/p>\n","protected":false},"author":1,"featured_media":0,"parent":13427,"menu_order":0,"comment_status":"open","ping_status":"open","template":"","meta":{"_genesis_hide_title":false,"_genesis_hide_breadcrumbs":false,"_genesis_hide_singular_image":false,"_genesis_hide_footer_widgets":false,"_genesis_custom_body_class":"","_genesis_custom_post_class":"","_genesis_layout":"","footnotes":""},"class_list":{"0":"post-13965","1":"page","2":"type-page","3":"status-publish","5":"entry"},"_links":{"self":[{"href":"https:\/\/moverdb.com\/pt\/wp-json\/wp\/v2\/pages\/13965","targetHints":{"allow":["GET"]}}],"collection":[{"href":"https:\/\/moverdb.com\/pt\/wp-json\/wp\/v2\/pages"}],"about":[{"href":"https:\/\/moverdb.com\/pt\/wp-json\/wp\/v2\/types\/page"}],"author":[{"embeddable":true,"href":"https:\/\/moverdb.com\/pt\/wp-json\/wp\/v2\/users\/1"}],"replies":[{"embeddable":true,"href":"https:\/\/moverdb.com\/pt\/wp-json\/wp\/v2\/comments?post=13965"}],"version-history":[{"count":1,"href":"https:\/\/moverdb.com\/pt\/wp-json\/wp\/v2\/pages\/13965\/revisions"}],"predecessor-version":[{"id":15773,"href":"https:\/\/moverdb.com\/pt\/wp-json\/wp\/v2\/pages\/13965\/revisions\/15773"}],"up":[{"embeddable":true,"href":"https:\/\/moverdb.com\/pt\/wp-json\/wp\/v2\/pages\/13427"}],"wp:attachment":[{"href":"https:\/\/moverdb.com\/pt\/wp-json\/wp\/v2\/media?parent=13965"}],"curies":[{"name":"wp","href":"https:\/\/api.w.org\/{rel}","templated":true}]}}