{"id":13934,"date":"2023-11-08T15:53:26","date_gmt":"2023-11-08T15:53:26","guid":{"rendered":"https:\/\/moverdb.com\/freight-forwarder\/freight-forwarding-uk\/heywood-freight-forwarder\/"},"modified":"2026-01-08T13:17:31","modified_gmt":"2026-01-08T13:17:31","slug":"heywood-freight-forwarder","status":"publish","type":"page","link":"https:\/\/moverdb.com\/pt\/freight-forwarder\/freight-forwarding-uk\/heywood-freight-forwarder\/","title":{"rendered":"3 Melhores empresas de agenciamento de carga de Heywood (2024)"},"content":{"rendered":"<p>A seguir, examinamos os 3 <em>\"melhor\"<\/em> Empresas de Agenciamento de Cargas em Heywood de um total de 3.<\/p>\n<p>Para saber mais sobre como escolhemos os melhores, consulte nossa se\u00e7\u00e3o de perguntas frequentes no final.<\/p>\n<p><em>Observe que as listagens a seguir n\u00e3o est\u00e3o em nenhuma ordem espec\u00edfica e n\u00e3o estamos fazendo nenhuma recomenda\u00e7\u00e3o para nenhuma empresa em particular.<\/em><\/p>\n<div id=\"ez-toc-container\" class=\"ez-toc-v2_0_82_2 ez-toc-wrap-left counter-hierarchy ez-toc-counter ez-toc-transparent ez-toc-container-direction\">\n<div class=\"ez-toc-title-container\">\n<p class=\"ez-toc-title\" style=\"cursor:inherit\">Se\u00e7\u00f5es<\/p>\n<span class=\"ez-toc-title-toggle\"><a href=\"#\" class=\"ez-toc-pull-right ez-toc-btn ez-toc-btn-xs ez-toc-btn-default ez-toc-toggle\" aria-label=\"Alternar tabela de conte\u00fado\"><span class=\"ez-toc-js-icon-con\"><span class=\"\"><span class=\"eztoc-hide\" style=\"display:none;\">Alternar<\/span><span class=\"ez-toc-icon-toggle-span\"><svg style=\"fill: #999;color:#999\" xmlns=\"http:\/\/www.w3.org\/2000\/svg\" class=\"list-377408\" width=\"20px\" height=\"20px\" viewbox=\"0 0 24 24\" fill=\"none\"><path d=\"M6 6H4v2h2V6zm14 0H8v2h12V6zM4 11h2v2H4v-2zm16 0H8v2h12v-2zM4 16h2v2H4v-2zm16 0H8v2h12v-2z\" fill=\"currentColor\"><\/path><\/svg><svg style=\"fill: #999;color:#999\" class=\"arrow-unsorted-368013\" xmlns=\"http:\/\/www.w3.org\/2000\/svg\" width=\"10px\" height=\"10px\" viewbox=\"0 0 24 24\" version=\"1.2\" baseprofile=\"tiny\"><path d=\"M18.2 9.3l-6.2-6.3-6.2 6.3c-.2.2-.3.4-.3.7s.1.5.3.7c.2.2.4.3.7.3h11c.3 0 .5-.1.7-.3.2-.2.3-.5.3-.7s-.1-.5-.3-.7zM5.8 14.7l6.2 6.3 6.2-6.3c.2-.2.3-.5.3-.7s-.1-.5-.3-.7c-.2-.2-.4-.3-.7-.3h-11c-.3 0-.5.1-.7.3-.2.2-.3.5-.3.7s.1.5.3.7z\"\/><\/svg><\/span><\/span><\/span><\/a><\/span><\/div>\n<nav><ul class='ez-toc-list ez-toc-list-level-1 eztoc-toggle-hide-by-default' ><li class='ez-toc-page-1 ez-toc-heading-level-2'><a class=\"ez-toc-link ez-toc-heading-1\" href=\"https:\/\/moverdb.com\/pt\/freight-forwarder\/freight-forwarding-uk\/heywood-freight-forwarder\/#ITD_Global_Head_Office\" >Sede global da ITD<\/a><\/li><li class='ez-toc-page-1 ez-toc-heading-level-2'><a class=\"ez-toc-link ez-toc-heading-2\" href=\"https:\/\/moverdb.com\/pt\/freight-forwarder\/freight-forwarding-uk\/heywood-freight-forwarder\/#Ital_Logistics_Limited\" >Ital Logistics Limited<\/a><\/li><li class='ez-toc-page-1 ez-toc-heading-level-2'><a class=\"ez-toc-link ez-toc-heading-3\" href=\"https:\/\/moverdb.com\/pt\/freight-forwarder\/freight-forwarding-uk\/heywood-freight-forwarder\/#Uniexpress_Ltd\" >Uniexpress Ltd<\/a><\/li><li class='ez-toc-page-1 ez-toc-heading-level-2'><a class=\"ez-toc-link ez-toc-heading-4\" href=\"https:\/\/moverdb.com\/pt\/freight-forwarder\/freight-forwarding-uk\/heywood-freight-forwarder\/#How_we_picked_the_best_Heywood_Freight_Forwarding_Companies\" >Como escolhemos as melhores empresas de agenciamento de carga de Heywood<\/a><\/li><\/ul><\/nav><\/div>\n<h2><span class=\"ez-toc-section\" id=\"ITD_Global_Head_Office\"><\/span>Sede global da ITD<span class=\"ez-toc-section-end\"><\/span><\/h2>\n<p><img decoding=\"async\" src=\"https:\/\/moverdb.com\/wp-content\/uploads\/AF1QipNrIAOK1pecyCJuhvNkN5Kl6uFxDNLuH-T9Ee2qw470-h240-k-no.jpg\" alt='Sede global da ITD' class=\"aligncenter\"><\/p>\n<p><strong>Descri\u00e7\u00e3o da empresa: <\/strong>A ITD Global oferece servi\u00e7os de courier internacional, servi\u00e7os confi\u00e1veis de frete a\u00e9reo expresso ou econ\u00f4mico, permitindo que voc\u00ea importe ou exporte seus produtos de forma mais eficiente e econ\u00f4mica, entregando suas remessas em qualquer lugar do mundo, quando e onde voc\u00ea precisar.<\/p>\n<p> A ITD tamb\u00e9m oferece solu\u00e7\u00f5es de entrega de encomendas para com\u00e9rcio eletr\u00f4nico, fornecendo uma plataforma integrada de com\u00e9rcio eletr\u00f4nico com os recursos necess\u00e1rios para uma entrega tranquila, melhor feedback do cliente e maior efici\u00eancia.<\/p>\n<p><strong>Servi\u00e7os adicionais:<\/strong><\/p>\n<p>Servi\u00e7o de correio eletr\u00f4nico<\/p>\n<p>Ag\u00eancia de com\u00e9rcio eletr\u00f4nico<\/p>\n<p>Empresa de entrega<\/p>\n<p><strong>Endere\u00e7o:<\/strong> Unit A, Birch Industrial Park, Whittle Ln, Heywood OL10 2SX<\/p>\n<p><a href=\"http:\/\/www.itdglobal.com\/\" target=\"_new\" rel=\"noopener\">Site da sede global da ITD<\/a><\/p>\n<p><strong>Pontua\u00e7\u00e3o da avalia\u00e7\u00e3o: <\/strong>3.9<br \/> <strong>N\u00famero de avalia\u00e7\u00f5es:<\/strong> 34<br \/><a href=\"https:\/\/www.google.co.uk\/maps?cid=6159889693986751776&#038;hl=en&#038;gl=GB\" target=\"_new\" rel=\"noopener\">Ler resenhas<\/a><\/p>\n<h2><span class=\"ez-toc-section\" id=\"Ital_Logistics_Limited\"><\/span>Ital Logistics Limited<span class=\"ez-toc-section-end\"><\/span><\/h2>\n<p><img decoding=\"async\" src=\"https:\/\/moverdb.com\/wp-content\/uploads\/AF1QipMCZ7lxoxZMg4LNZI1lLbAimTIjJq0mm-y4Ko2fw408-h306-k-no.jpg\" alt='Ital Logistics Limited' class=\"aligncenter\"><\/p>\n<p><strong>Descri\u00e7\u00e3o da empresa: <\/strong><br \/>\nA ITAL Logistics \u00e9 uma empresa de frete brit\u00e2nica com sabor italiano.<\/p>\n<p> A empresa come\u00e7ou se especializando no transporte de cargas entre os Estados Unidos e a Europa. <a href=\"https:\/\/moverdb.com\/pt\/moving-to-the-uk\/\" data-internallinksmanager029f6b8e52c=\"93\" title=\"Mudando-se para o Reino Unido? 2026 Custos de Vida e Dicas de Reloca\u00e7\u00e3o\">REINO UNIDO<\/a> e <a href=\"https:\/\/moverdb.com\/pt\/moving-to-italy\/\" data-internallinksmanager029f6b8e52c=\"346\" title=\"Est\u00e1 se mudando para a It\u00e1lia? 2026 Custo de vida e dicas de realoca\u00e7\u00e3o\">It\u00e1lia<\/a>mas, desde ent\u00e3o, expandiu seu servi\u00e7o para incluir <a href=\"https:\/\/moverdb.com\/pt\/moving-to-spain\/\" data-internallinksmanager029f6b8e52c=\"266\" title=\"Mudando-se para a Espanha? 2026 Custos de Vida e Dicas de Reloca\u00e7\u00e3o\">Espanha<\/a>, <a href=\"https:\/\/moverdb.com\/pt\/moving-to-greece\/\" data-internallinksmanager029f6b8e52c=\"353\" title=\"Est\u00e1 se mudando para a Gr\u00e9cia? 2026 Custo de vida e dicas de realoca\u00e7\u00e3o\">Gr\u00e9cia<\/a>, <a href=\"https:\/\/moverdb.com\/pt\/moving-to-portugal\/\" data-internallinksmanager029f6b8e52c=\"316\" title=\"Est\u00e1 se mudando para Portugal? 2026 Custo de vida e dicas de realoca\u00e7\u00e3o\">Portugal<\/a>e v\u00e1rios pa\u00edses da Europa Central, Ocidental e Oriental.<\/p>\n<p> A ITAL Logistics oferece transporte de carga semanal programado e acelerado (dentro de 48 horas).<\/p>\n<p> Ela tamb\u00e9m tem experi\u00eancia no transporte de produtos perigosos, como produtos qu\u00edmicos.<\/p>\n<p><strong>Servi\u00e7os adicionais:<\/strong><\/p>\n<p>Empresa de entrega<\/p>\n<p><strong>Endere\u00e7o:<\/strong> Unit 1, Birch Business Park, Whittle Ln, Heywood OL10 2SX<\/p>\n<p><a href=\"http:\/\/www.ital-logistics.com\/\" target=\"_new\" rel=\"noopener\">Site da Ital Logistics Limited<\/a><\/p>\n<p><strong>Pontua\u00e7\u00e3o da avalia\u00e7\u00e3o: <\/strong>4<br \/> <strong>N\u00famero de avalia\u00e7\u00f5es:<\/strong> 92<br \/><a href=\"https:\/\/www.google.co.uk\/maps?cid=3298825447208770271&#038;hl=en&#038;gl=GB\" target=\"_new\" rel=\"noopener\">Ler resenhas<\/a><\/p>\n<h2><span class=\"ez-toc-section\" id=\"Uniexpress_Ltd\"><\/span>Uniexpress Ltd<span class=\"ez-toc-section-end\"><\/span><\/h2>\n<p><img decoding=\"async\" src=\"\" alt=\"Uniexpress Ltd\" class=\"aligncenter\"><\/p>\n<p><strong>Descri\u00e7\u00e3o da empresa: <\/strong>Nenhum fornecido<\/p>\n<p><strong>Servi\u00e7os adicionais:<\/strong><\/p>\n<p>Nenhum listado<\/p>\n<p><strong>Endere\u00e7o:<\/strong> heywood distribution park, Unit B4 3&amp;4, Heywood OL10 2TT<\/p>\n<p><a href=\"https:\/\/uniexpress.co.uk\/\" target=\"_new\" rel=\"noopener\">Site da Uniexpress Ltd<\/a><\/p>\n<p><strong>Pontua\u00e7\u00e3o da avalia\u00e7\u00e3o: <\/strong>5<br \/> <strong>N\u00famero de avalia\u00e7\u00f5es:<\/strong> 1<br \/><a href=\"https:\/\/www.google.co.uk\/maps?cid=12989075388009781764&#038;hl=en&#038;gl=GB\" target=\"_new\" rel=\"noopener\">Ler resenhas<\/a><\/p>\n<h2><span class=\"ez-toc-section\" id=\"How_we_picked_the_best_Heywood_Freight_Forwarding_Companies\"><\/span>Como escolhemos as melhores empresas de agenciamento de carga de Heywood<span class=\"ez-toc-section-end\"><\/span><\/h2>\n<p>Come\u00e7amos com um conjunto de dados de 3 empresas de agenciamento de carga de Heywood que pudemos encontrar pelo Google Maps e reduzimos para as 3 melhores.<\/p>\n<p>Para isso, removemos qualquer empresa que:<\/p>\n<ul>\n<li> N\u00e3o tinha um site<\/li>\n<li> N\u00e3o teve cr\u00edticas<\/li>\n<li> Teve uma pontua\u00e7\u00e3o m\u00e9dia de avalia\u00e7\u00e3o abaixo de 2,0<\/li>\n<\/ul>\n<p>Nesse momento, se tiv\u00e9ssemos 17 ou menos forwarders, listar\u00edamos todos eles.<\/p>\n<p>Para as cidades que ficaram com mais de 17 despachantes, fizemos outras revis\u00f5es aumentando a pontua\u00e7\u00e3o de avalia\u00e7\u00e3o exigida (por exemplo, passando de um m\u00ednimo de 2,0 para 4,0) e\/ou aumentando o n\u00famero m\u00ednimo de avalia\u00e7\u00f5es exigidas (por exemplo, passando de pelo menos 1 avalia\u00e7\u00e3o para pelo menos 10).<\/p>\n<p>Observe que usamos apenas dados de avalia\u00e7\u00e3o do Google Maps e n\u00e3o de outros sites de terceiros.<\/p>\n<p>Mais cidades:<\/p>\n<p><a href=\"https:\/\/moverdb.com\/pt\/transitario-de-carga\/freight-forwarding-uk\/edinburgh-freight-forwarder\/\">Agente de carga de Edimburgo<\/a><br \/><a href=\"https:\/\/moverdb.com\/pt\/transitario-de-carga\/freight-forwarding-uk\/wakefield-freight-forwarder\/\">Agente de carga de Wakefield<\/a><br \/><a href=\"https:\/\/moverdb.com\/pt\/transitario-de-carga\/freight-forwarding-uk\/christchurch-freight-forwarder\/\">Agente de carga de Christchurch<\/a><br \/><a href=\"https:\/\/moverdb.com\/pt\/transitario-de-carga\/freight-forwarding-uk\/braintree-freight-forwarder\/\">Agente de carga de Braintree<\/a><br \/><a href=\"https:\/\/moverdb.com\/pt\/transitario-de-carga\/freight-forwarding-uk\/ilford-freight-forwarder\/\">Agente de carga de Ilford<\/a><\/p>","protected":false},"excerpt":{"rendered":"<p>Below we look at the 3 &#8220;best&#8221; Freight Forwarding companies in Heywood out of 3. To learn more about how we chose the best please consult our FAQ section at the end. Please not the following listings are in no particular order and we are not making any recommendations for any particular company. ITD Global [&hellip;]<\/p>\n","protected":false},"author":1,"featured_media":0,"parent":13427,"menu_order":0,"comment_status":"open","ping_status":"open","template":"","meta":{"_genesis_hide_title":false,"_genesis_hide_breadcrumbs":false,"_genesis_hide_singular_image":false,"_genesis_hide_footer_widgets":false,"_genesis_custom_body_class":"","_genesis_custom_post_class":"","_genesis_layout":"","footnotes":""},"class_list":{"0":"post-13934","1":"page","2":"type-page","3":"status-publish","5":"entry"},"_links":{"self":[{"href":"https:\/\/moverdb.com\/pt\/wp-json\/wp\/v2\/pages\/13934","targetHints":{"allow":["GET"]}}],"collection":[{"href":"https:\/\/moverdb.com\/pt\/wp-json\/wp\/v2\/pages"}],"about":[{"href":"https:\/\/moverdb.com\/pt\/wp-json\/wp\/v2\/types\/page"}],"author":[{"embeddable":true,"href":"https:\/\/moverdb.com\/pt\/wp-json\/wp\/v2\/users\/1"}],"replies":[{"embeddable":true,"href":"https:\/\/moverdb.com\/pt\/wp-json\/wp\/v2\/comments?post=13934"}],"version-history":[{"count":1,"href":"https:\/\/moverdb.com\/pt\/wp-json\/wp\/v2\/pages\/13934\/revisions"}],"predecessor-version":[{"id":15767,"href":"https:\/\/moverdb.com\/pt\/wp-json\/wp\/v2\/pages\/13934\/revisions\/15767"}],"up":[{"embeddable":true,"href":"https:\/\/moverdb.com\/pt\/wp-json\/wp\/v2\/pages\/13427"}],"wp:attachment":[{"href":"https:\/\/moverdb.com\/pt\/wp-json\/wp\/v2\/media?parent=13934"}],"curies":[{"name":"wp","href":"https:\/\/api.w.org\/{rel}","templated":true}]}}