{"id":13921,"date":"2023-11-08T15:53:26","date_gmt":"2023-11-08T15:53:26","guid":{"rendered":"https:\/\/moverdb.com\/freight-forwarder\/freight-forwarding-uk\/luton-freight-forwarder\/"},"modified":"2026-01-08T13:17:52","modified_gmt":"2026-01-08T13:17:52","slug":"luton-freight-forwarder","status":"publish","type":"page","link":"https:\/\/moverdb.com\/pt\/freight-forwarder\/freight-forwarding-uk\/luton-freight-forwarder\/","title":{"rendered":"4 Melhores empresas de agenciamento de carga de Luton (2024)"},"content":{"rendered":"<p>A seguir, examinamos os 4 <em>\"melhor\"<\/em> Empresas de Freight Forwarding em Luton de um total de 11.<\/p>\n<p>Para saber mais sobre como escolhemos os melhores, consulte nossa se\u00e7\u00e3o de perguntas frequentes no final.<\/p>\n<p><em>Observe que as listagens a seguir n\u00e3o est\u00e3o em nenhuma ordem espec\u00edfica e n\u00e3o estamos fazendo nenhuma recomenda\u00e7\u00e3o para nenhuma empresa em particular.<\/em><\/p>\n<div id=\"ez-toc-container\" class=\"ez-toc-v2_0_82_2 ez-toc-wrap-left counter-hierarchy ez-toc-counter ez-toc-transparent ez-toc-container-direction\">\n<div class=\"ez-toc-title-container\">\n<p class=\"ez-toc-title\" style=\"cursor:inherit\">Se\u00e7\u00f5es<\/p>\n<span class=\"ez-toc-title-toggle\"><a href=\"#\" class=\"ez-toc-pull-right ez-toc-btn ez-toc-btn-xs ez-toc-btn-default ez-toc-toggle\" aria-label=\"Alternar tabela de conte\u00fado\"><span class=\"ez-toc-js-icon-con\"><span class=\"\"><span class=\"eztoc-hide\" style=\"display:none;\">Alternar<\/span><span class=\"ez-toc-icon-toggle-span\"><svg style=\"fill: #999;color:#999\" xmlns=\"http:\/\/www.w3.org\/2000\/svg\" class=\"list-377408\" width=\"20px\" height=\"20px\" viewbox=\"0 0 24 24\" fill=\"none\"><path d=\"M6 6H4v2h2V6zm14 0H8v2h12V6zM4 11h2v2H4v-2zm16 0H8v2h12v-2zM4 16h2v2H4v-2zm16 0H8v2h12v-2z\" fill=\"currentColor\"><\/path><\/svg><svg style=\"fill: #999;color:#999\" class=\"arrow-unsorted-368013\" xmlns=\"http:\/\/www.w3.org\/2000\/svg\" width=\"10px\" height=\"10px\" viewbox=\"0 0 24 24\" version=\"1.2\" baseprofile=\"tiny\"><path d=\"M18.2 9.3l-6.2-6.3-6.2 6.3c-.2.2-.3.4-.3.7s.1.5.3.7c.2.2.4.3.7.3h11c.3 0 .5-.1.7-.3.2-.2.3-.5.3-.7s-.1-.5-.3-.7zM5.8 14.7l6.2 6.3 6.2-6.3c.2-.2.3-.5.3-.7s-.1-.5-.3-.7c-.2-.2-.4-.3-.7-.3h-11c-.3 0-.5.1-.7.3-.2.2-.3.5-.3.7s.1.5.3.7z\"\/><\/svg><\/span><\/span><\/span><\/a><\/span><\/div>\n<nav><ul class='ez-toc-list ez-toc-list-level-1 eztoc-toggle-hide-by-default' ><li class='ez-toc-page-1 ez-toc-heading-level-2'><a class=\"ez-toc-link ez-toc-heading-1\" href=\"https:\/\/moverdb.com\/pt\/freight-forwarder\/freight-forwarding-uk\/luton-freight-forwarder\/#Jobyco_Limited\" >Jobyco Limited<\/a><\/li><li class='ez-toc-page-1 ez-toc-heading-level-2'><a class=\"ez-toc-link ez-toc-heading-2\" href=\"https:\/\/moverdb.com\/pt\/freight-forwarder\/freight-forwarding-uk\/luton-freight-forwarder\/#F_M_Transport\" >F M Transporte<\/a><\/li><li class='ez-toc-page-1 ez-toc-heading-level-2'><a class=\"ez-toc-link ez-toc-heading-3\" href=\"https:\/\/moverdb.com\/pt\/freight-forwarder\/freight-forwarding-uk\/luton-freight-forwarder\/#CCT_Logistics_Ltd\" >CCT Logistics Ltd<\/a><\/li><li class='ez-toc-page-1 ez-toc-heading-level-2'><a class=\"ez-toc-link ez-toc-heading-4\" href=\"https:\/\/moverdb.com\/pt\/freight-forwarder\/freight-forwarding-uk\/luton-freight-forwarder\/#Ocean_and_Air_Logistics\" >Log\u00edstica mar\u00edtima e a\u00e9rea<\/a><\/li><li class='ez-toc-page-1 ez-toc-heading-level-2'><a class=\"ez-toc-link ez-toc-heading-5\" href=\"https:\/\/moverdb.com\/pt\/freight-forwarder\/freight-forwarding-uk\/luton-freight-forwarder\/#How_we_picked_the_best_Luton_Freight_Forwarding_Companies\" >Como escolhemos as melhores empresas de agenciamento de frete de Luton<\/a><\/li><\/ul><\/nav><\/div>\n<h2><span class=\"ez-toc-section\" id=\"Jobyco_Limited\"><\/span>Jobyco Limited<span class=\"ez-toc-section-end\"><\/span><\/h2>\n<p><img decoding=\"async\" src=\"https:\/\/moverdb.com\/wp-content\/uploads\/AF1QipN9oiP5a_k0i2PHPvVcd5bw7xm5KcM1vB5S_yXgw408-h544-k-no.jpg\" alt='Jobyco Limited' class=\"aligncenter\"><\/p>\n<p><strong>Descri\u00e7\u00e3o da empresa: <\/strong>Nenhum fornecido<\/p>\n<p><strong>Servi\u00e7os adicionais:<\/strong><\/p>\n<p>Nenhum listado<\/p>\n<p><strong>Endere\u00e7o:<\/strong> Unit 2 &amp; 3, Bay Close, Progress Way, Luton LU4 9UP<\/p>\n<p><a href=\"http:\/\/www.jobycodirect.com\/\" target=\"_new\" rel=\"noopener\">Site da Jobyco Limited<\/a><\/p>\n<p><strong>Pontua\u00e7\u00e3o da avalia\u00e7\u00e3o: <\/strong>4.1<br \/> <strong>N\u00famero de avalia\u00e7\u00f5es:<\/strong> 704<br \/><a href=\"https:\/\/www.google.co.uk\/maps?cid=4860547861126460355&#038;hl=en&#038;gl=GB\" target=\"_new\" rel=\"noopener\">Ler resenhas<\/a><\/p>\n<h2><span class=\"ez-toc-section\" id=\"F_M_Transport\"><\/span>F M Transporte<span class=\"ez-toc-section-end\"><\/span><\/h2>\n<p><img decoding=\"async\" src=\"https:\/\/moverdb.com\/wp-content\/uploads\/thumbnailpanoidqx_tU37hfdJCU-NJC14xRAcb_clientsearch.gws-prod.gpsw408h240yaw190.jpg\" alt='F M Transporte' class=\"aligncenter\"><\/p>\n<p><strong>Descri\u00e7\u00e3o da empresa: <\/strong>Nenhum fornecido<\/p>\n<p><strong>Servi\u00e7os adicionais:<\/strong><\/p>\n<p>Servi\u00e7o de escolta de transporte<\/p>\n<p>Servi\u00e7o de transporte<\/p>\n<p><strong>Endere\u00e7o:<\/strong> 100 Wingate Rd, Maidenhall, Luton LU4 8PY<\/p>\n<p><a href=\"http:\/\/www.fmtransport.co.uk\/\" target=\"_new\" rel=\"noopener\">Site da F M Transport<\/a><\/p>\n<p><strong>Pontua\u00e7\u00e3o da avalia\u00e7\u00e3o: <\/strong>5<br \/> <strong>N\u00famero de avalia\u00e7\u00f5es:<\/strong> 1<br \/><a href=\"https:\/\/www.google.co.uk\/maps?cid=13286416263036992620&#038;hl=en&#038;gl=GB\" target=\"_new\" rel=\"noopener\">Ler resenhas<\/a><\/p>\n<h2><span class=\"ez-toc-section\" id=\"CCT_Logistics_Ltd\"><\/span>CCT Logistics Ltd<span class=\"ez-toc-section-end\"><\/span><\/h2>\n<p><img decoding=\"async\" src=\"https:\/\/moverdb.com\/wp-content\/uploads\/thumbnailpanoidkhY4bzRrtS0iRRkOUtKKXQcb_clientsearch.gws-prod.gpsw408h240yaw35.jpg\" alt='CCT Logistics Ltd' class=\"aligncenter\"><\/p>\n<p><strong>Descri\u00e7\u00e3o da empresa: <\/strong>Nenhum fornecido<\/p>\n<p><strong>Servi\u00e7os adicionais:<\/strong><\/p>\n<p>Nenhum listado<\/p>\n<p><strong>Endere\u00e7o:<\/strong> 8a, AW House, 6-8 Stuart St, Luton LU1 2SJ<\/p>\n<p><a href=\"https:\/\/cctinternational.co.uk\/contact\/\" target=\"_new\" rel=\"noopener\">Site da CCT Logistics Ltd<\/a><\/p>\n<p><strong>Pontua\u00e7\u00e3o da avalia\u00e7\u00e3o: <\/strong>5<br \/> <strong>N\u00famero de avalia\u00e7\u00f5es:<\/strong> 1<br \/><a href=\"https:\/\/www.google.co.uk\/maps?cid=16195687394429780754&#038;hl=en&#038;gl=GB\" target=\"_new\" rel=\"noopener\">Ler resenhas<\/a><\/p>\n<h2><span class=\"ez-toc-section\" id=\"Ocean_and_Air_Logistics\"><\/span>Log\u00edstica mar\u00edtima e a\u00e9rea<span class=\"ez-toc-section-end\"><\/span><\/h2>\n<p><img decoding=\"async\" src=\"https:\/\/moverdb.com\/wp-content\/uploads\/AF1QipPHC-x3qnuvhjzmmP4PgOJ7-Z_cbhWU2KPcXQjw493-h240-k-no.jpg\" alt='Log\u00edstica mar\u00edtima e a\u00e9rea' class=\"aligncenter\"><\/p>\n<p><strong>Descri\u00e7\u00e3o da empresa: <\/strong>A Ocean and Air Logistics \u00e9 uma empresa de log\u00edstica de servi\u00e7o completo que oferece cobertura global.<\/p>\n<p> Fornecemos servi\u00e7os de log\u00edstica de ponta a ponta, entregando sua remessa por via a\u00e9rea e mar\u00edtima em qualquer lugar do mundo.<\/p>\n<p><strong>Servi\u00e7os adicionais:<\/strong><\/p>\n<p>Fabricante de portas<\/p>\n<p>Empresa de entrega<\/p>\n<p>Servi\u00e7o de remessa<\/p>\n<p><a href=\"https:\/\/moverdb.com\/pt\/car-transport-shipping\/\" data-internallinksmanager029f6b8e52c=\"2\" title=\"2026 Cota\u00e7\u00f5es de transporte internacional de carros e envio de ve\u00edculos\">Envio de ve\u00edculos<\/a> agente<\/p>\n<p><strong>Endere\u00e7o:<\/strong> Park Avenue Industrial Estate, Unit H13, Sundon Park Rd, Luton LU3 3BP<\/p>\n<p><a href=\"https:\/\/www.oandalogistics.com\/\" target=\"_new\" rel=\"noopener\">Site de log\u00edstica mar\u00edtima e a\u00e9rea<\/a><\/p>\n<p><strong>Pontua\u00e7\u00e3o da avalia\u00e7\u00e3o: <\/strong>4.9<br \/> <strong>N\u00famero de avalia\u00e7\u00f5es:<\/strong> 41<br \/><a href=\"https:\/\/www.google.co.uk\/maps?cid=16368748798191736538&#038;hl=en&#038;gl=GB\" target=\"_new\" rel=\"noopener\">Ler resenhas<\/a><\/p>\n<h2><span class=\"ez-toc-section\" id=\"How_we_picked_the_best_Luton_Freight_Forwarding_Companies\"><\/span>Como escolhemos as melhores empresas de agenciamento de frete de Luton<span class=\"ez-toc-section-end\"><\/span><\/h2>\n<p>Come\u00e7amos com um conjunto de dados de 11 empresas de agenciamento de carga de Luton que pudemos encontrar no Google Maps e reduzimos para as 4 melhores.<\/p>\n<p>Para isso, removemos qualquer empresa que:<\/p>\n<ul>\n<li> N\u00e3o tinha um site<\/li>\n<li> N\u00e3o teve cr\u00edticas<\/li>\n<li> Teve uma pontua\u00e7\u00e3o m\u00e9dia de avalia\u00e7\u00e3o abaixo de 2,0<\/li>\n<\/ul>\n<p>Nesse momento, se tiv\u00e9ssemos 17 ou menos forwarders, listar\u00edamos todos eles.<\/p>\n<p>Para as cidades que ficaram com mais de 17 despachantes, fizemos outras revis\u00f5es aumentando a pontua\u00e7\u00e3o de avalia\u00e7\u00e3o exigida (por exemplo, passando de um m\u00ednimo de 2,0 para 4,0) e\/ou aumentando o n\u00famero m\u00ednimo de avalia\u00e7\u00f5es exigidas (por exemplo, passando de pelo menos 1 avalia\u00e7\u00e3o para pelo menos 10).<\/p>\n<p>Observe que usamos apenas dados de avalia\u00e7\u00e3o do Google Maps e n\u00e3o de outros sites de terceiros.<\/p>\n<p>Mais cidades:<\/p>\n<p><a href=\"https:\/\/moverdb.com\/pt\/transitario-de-carga\/freight-forwarding-uk\/milton-keynes-freight-forwarder\/\">Agente de carga de Milton Keynes<\/a><br \/><a href=\"https:\/\/moverdb.com\/pt\/transitario-de-carga\/freight-forwarding-uk\/aberdeen-freight-forwarder\/\">Agente de carga de Aberdeen<\/a><br \/><a href=\"https:\/\/moverdb.com\/pt\/transitario-de-carga\/freight-forwarding-uk\/heywood-freight-forwarder\/\">Heywood Freight Forwarder<\/a><br \/><a href=\"https:\/\/moverdb.com\/pt\/transitario-de-carga\/freight-forwarding-uk\/edinburgh-freight-forwarder\/\">Agente de carga de Edimburgo<\/a><br \/><a href=\"https:\/\/moverdb.com\/pt\/transitario-de-carga\/freight-forwarding-uk\/wakefield-freight-forwarder\/\">Agente de carga de Wakefield<\/a><\/p>","protected":false},"excerpt":{"rendered":"<p>Below we look at the 4 &#8220;best&#8221; Freight Forwarding companies in Luton out of 11. To learn more about how we chose the best please consult our FAQ section at the end. Please not the following listings are in no particular order and we are not making any recommendations for any particular company. Jobyco Limited [&hellip;]<\/p>\n","protected":false},"author":1,"featured_media":0,"parent":13427,"menu_order":0,"comment_status":"open","ping_status":"open","template":"","meta":{"_genesis_hide_title":false,"_genesis_hide_breadcrumbs":false,"_genesis_hide_singular_image":false,"_genesis_hide_footer_widgets":false,"_genesis_custom_body_class":"","_genesis_custom_post_class":"","_genesis_layout":"","footnotes":""},"class_list":{"0":"post-13921","1":"page","2":"type-page","3":"status-publish","5":"entry"},"_links":{"self":[{"href":"https:\/\/moverdb.com\/pt\/wp-json\/wp\/v2\/pages\/13921","targetHints":{"allow":["GET"]}}],"collection":[{"href":"https:\/\/moverdb.com\/pt\/wp-json\/wp\/v2\/pages"}],"about":[{"href":"https:\/\/moverdb.com\/pt\/wp-json\/wp\/v2\/types\/page"}],"author":[{"embeddable":true,"href":"https:\/\/moverdb.com\/pt\/wp-json\/wp\/v2\/users\/1"}],"replies":[{"embeddable":true,"href":"https:\/\/moverdb.com\/pt\/wp-json\/wp\/v2\/comments?post=13921"}],"version-history":[{"count":1,"href":"https:\/\/moverdb.com\/pt\/wp-json\/wp\/v2\/pages\/13921\/revisions"}],"predecessor-version":[{"id":15785,"href":"https:\/\/moverdb.com\/pt\/wp-json\/wp\/v2\/pages\/13921\/revisions\/15785"}],"up":[{"embeddable":true,"href":"https:\/\/moverdb.com\/pt\/wp-json\/wp\/v2\/pages\/13427"}],"wp:attachment":[{"href":"https:\/\/moverdb.com\/pt\/wp-json\/wp\/v2\/media?parent=13921"}],"curies":[{"name":"wp","href":"https:\/\/api.w.org\/{rel}","templated":true}]}}