{"id":13872,"date":"2023-11-08T15:52:42","date_gmt":"2023-11-08T15:52:42","guid":{"rendered":"https:\/\/moverdb.com\/freight-forwarder\/freight-forwarding-uk\/wolverhampton-freight-forwarder\/"},"modified":"2026-01-08T13:18:06","modified_gmt":"2026-01-08T13:18:06","slug":"wolverhampton-freight-forwarder","status":"publish","type":"page","link":"https:\/\/moverdb.com\/pt\/freight-forwarder\/freight-forwarding-uk\/wolverhampton-freight-forwarder\/","title":{"rendered":"5 Melhores Empresas de Agenciamento de Fretes de Wolverhampton (2024)"},"content":{"rendered":"<p>A seguir, examinamos os 5 <em>\"melhor\"<\/em> Empresas de Freight Forwarding em Wolverhampton de um total de 13.<\/p>\n<p>Para saber mais sobre como escolhemos os melhores, consulte nossa se\u00e7\u00e3o de perguntas frequentes no final.<\/p>\n<p><em>Observe que as listagens a seguir n\u00e3o est\u00e3o em nenhuma ordem espec\u00edfica e n\u00e3o estamos fazendo nenhuma recomenda\u00e7\u00e3o para nenhuma empresa em particular.<\/em><\/p>\n<div id=\"ez-toc-container\" class=\"ez-toc-v2_0_82_2 ez-toc-wrap-left counter-hierarchy ez-toc-counter ez-toc-transparent ez-toc-container-direction\">\n<div class=\"ez-toc-title-container\">\n<p class=\"ez-toc-title\" style=\"cursor:inherit\">Se\u00e7\u00f5es<\/p>\n<span class=\"ez-toc-title-toggle\"><a href=\"#\" class=\"ez-toc-pull-right ez-toc-btn ez-toc-btn-xs ez-toc-btn-default ez-toc-toggle\" aria-label=\"Alternar tabela de conte\u00fado\"><span class=\"ez-toc-js-icon-con\"><span class=\"\"><span class=\"eztoc-hide\" style=\"display:none;\">Alternar<\/span><span class=\"ez-toc-icon-toggle-span\"><svg style=\"fill: #999;color:#999\" xmlns=\"http:\/\/www.w3.org\/2000\/svg\" class=\"list-377408\" width=\"20px\" height=\"20px\" viewbox=\"0 0 24 24\" fill=\"none\"><path d=\"M6 6H4v2h2V6zm14 0H8v2h12V6zM4 11h2v2H4v-2zm16 0H8v2h12v-2zM4 16h2v2H4v-2zm16 0H8v2h12v-2z\" fill=\"currentColor\"><\/path><\/svg><svg style=\"fill: #999;color:#999\" class=\"arrow-unsorted-368013\" xmlns=\"http:\/\/www.w3.org\/2000\/svg\" width=\"10px\" height=\"10px\" viewbox=\"0 0 24 24\" version=\"1.2\" baseprofile=\"tiny\"><path d=\"M18.2 9.3l-6.2-6.3-6.2 6.3c-.2.2-.3.4-.3.7s.1.5.3.7c.2.2.4.3.7.3h11c.3 0 .5-.1.7-.3.2-.2.3-.5.3-.7s-.1-.5-.3-.7zM5.8 14.7l6.2 6.3 6.2-6.3c.2-.2.3-.5.3-.7s-.1-.5-.3-.7c-.2-.2-.4-.3-.7-.3h-11c-.3 0-.5.1-.7.3-.2.2-.3.5-.3.7s.1.5.3.7z\"\/><\/svg><\/span><\/span><\/span><\/a><\/span><\/div>\n<nav><ul class='ez-toc-list ez-toc-list-level-1 eztoc-toggle-hide-by-default' ><li class='ez-toc-page-1 ez-toc-heading-level-2'><a class=\"ez-toc-link ez-toc-heading-1\" href=\"https:\/\/moverdb.com\/pt\/freight-forwarder\/freight-forwarding-uk\/wolverhampton-freight-forwarder\/#Global_Freight_Group\" >Grupo Global Freight<\/a><\/li><li class='ez-toc-page-1 ez-toc-heading-level-2'><a class=\"ez-toc-link ez-toc-heading-2\" href=\"https:\/\/moverdb.com\/pt\/freight-forwarder\/freight-forwarding-uk\/wolverhampton-freight-forwarder\/#Gordian_Knot_Forwarding_Ltd\" >Gordian Knot Forwarding Ltd<\/a><\/li><li class='ez-toc-page-1 ez-toc-heading-level-2'><a class=\"ez-toc-link ez-toc-heading-3\" href=\"https:\/\/moverdb.com\/pt\/freight-forwarder\/freight-forwarding-uk\/wolverhampton-freight-forwarder\/#EDS_Worldwide\" >EDS Mundial<\/a><\/li><li class='ez-toc-page-1 ez-toc-heading-level-2'><a class=\"ez-toc-link ez-toc-heading-4\" href=\"https:\/\/moverdb.com\/pt\/freight-forwarder\/freight-forwarding-uk\/wolverhampton-freight-forwarder\/#A_W_Baxter_Ltd_Global_Logistics_Export_Packing\" >A W Baxter Ltd Log\u00edstica Global e Embalagem para Exporta\u00e7\u00e3o<\/a><\/li><li class='ez-toc-page-1 ez-toc-heading-level-2'><a class=\"ez-toc-link ez-toc-heading-5\" href=\"https:\/\/moverdb.com\/pt\/freight-forwarder\/freight-forwarding-uk\/wolverhampton-freight-forwarder\/#Cannon_Freight_Ltd\" >Cannon Freight Ltd<\/a><\/li><li class='ez-toc-page-1 ez-toc-heading-level-2'><a class=\"ez-toc-link ez-toc-heading-6\" href=\"https:\/\/moverdb.com\/pt\/freight-forwarder\/freight-forwarding-uk\/wolverhampton-freight-forwarder\/#How_we_picked_the_best_Wolverhampton_Freight_Forwarding_Companies\" >Como escolhemos as melhores empresas de Freight Forwarding de Wolverhampton<\/a><\/li><\/ul><\/nav><\/div>\n<h2><span class=\"ez-toc-section\" id=\"Global_Freight_Group\"><\/span>Grupo Global Freight<span class=\"ez-toc-section-end\"><\/span><\/h2>\n<p><img decoding=\"async\" src=\"https:\/\/moverdb.com\/wp-content\/uploads\/thumbnailpanoidgilO1TAU5gsqNx2fZ4JQOwcb_clientsearch.gws-prod.gpsw408h240yaw28.jpg\" alt='Grupo Global Freight' class=\"aligncenter\"><\/p>\n<p><strong>Descri\u00e7\u00e3o da empresa: <\/strong>Nenhum fornecido<\/p>\n<p><strong>Servi\u00e7os adicionais:<\/strong><\/p>\n<p>Nenhum listado<\/p>\n<p><strong>Endere\u00e7o:<\/strong> 13 Mount Rd, Penn, Wolverhampton WV4 5SN<\/p>\n<p><a href=\"http:\/\/www.globalfreightnet.org\/\" target=\"_new\" rel=\"noopener\">Site do Global Freight Group<\/a><\/p>\n<p><strong>Pontua\u00e7\u00e3o da avalia\u00e7\u00e3o: <\/strong>5<br \/> <strong>N\u00famero de avalia\u00e7\u00f5es:<\/strong> 1<br \/><a href=\"https:\/\/www.google.co.uk\/maps?cid=10354043475015102805&#038;hl=en&#038;gl=GB\" target=\"_new\" rel=\"noopener\">Ler resenhas<\/a><\/p>\n<h2><span class=\"ez-toc-section\" id=\"Gordian_Knot_Forwarding_Ltd\"><\/span>Gordian Knot Forwarding Ltd<span class=\"ez-toc-section-end\"><\/span><\/h2>\n<p><img decoding=\"async\" src=\"https:\/\/moverdb.com\/wp-content\/uploads\/thumbnailpanoidtMkuxBVYv2GT81yzklnblAcb_clientsearch.gws-prod.gpsw408h240yaw67.jpg\" alt='Gordian Knot Forwarding Ltd' class=\"aligncenter\"><\/p>\n<p><strong>Descri\u00e7\u00e3o da empresa: <\/strong>Internacional <a href=\"https:\/\/moverdb.com\/pt\/freight-forwarder\/\" data-internallinksmanager029f6b8e52c=\"17\" title=\"Freight Forwarder &amp; NVOCC International Cost &amp; Companies Guide\">Freight Forwarder<\/a> Especialista em frete mar\u00edtimo e agente geral de desembara\u00e7o aduaneiro para todas as importa\u00e7\u00f5es e exporta\u00e7\u00f5es por meio de <a href=\"https:\/\/moverdb.com\/pt\/moving-to-the-uk\/\" data-internallinksmanager029f6b8e52c=\"93\" title=\"Mudando-se para o Reino Unido? 2026 Custos de Vida e Dicas de Reloca\u00e7\u00e3o\">REINO UNIDO<\/a> fronteiras.<\/p>\n<p><strong>Servi\u00e7os adicionais:<\/strong><\/p>\n<p>Despachante aduaneiro<\/p>\n<p>Consultor alfandeg\u00e1rio<\/p>\n<p><strong>Endere\u00e7o:<\/strong> K4, The Chubb Buildings, Fryer St, Wolverhampton WV1 1HT<\/p>\n<p><a href=\"http:\/\/www.gordianknotforwarding.co.uk\/\" target=\"_new\" rel=\"noopener\">Site da Gordian Knot Forwarding Ltd<\/a><\/p>\n<p><strong>Pontua\u00e7\u00e3o da avalia\u00e7\u00e3o: <\/strong>5<br \/> <strong>N\u00famero de avalia\u00e7\u00f5es:<\/strong> 1<br \/><a href=\"https:\/\/www.google.co.uk\/maps?cid=13729101083555532931&#038;hl=en&#038;gl=GB\" target=\"_new\" rel=\"noopener\">Ler resenhas<\/a><\/p>\n<h2><span class=\"ez-toc-section\" id=\"EDS_Worldwide\"><\/span>EDS Mundial<span class=\"ez-toc-section-end\"><\/span><\/h2>\n<p><img decoding=\"async\" src=\"https:\/\/moverdb.com\/wp-content\/uploads\/thumbnailpanoidSBDynZ8fOIxau-AzsEjOHwcb_clientsearch.gws-prod.gpsw408h240yaw53.jpg\" alt='EDS Mundial' class=\"aligncenter\"><\/p>\n<p><strong>Descri\u00e7\u00e3o da empresa: <\/strong>Nenhum fornecido<\/p>\n<p><strong>Servi\u00e7os adicionais:<\/strong><\/p>\n<p>Empresa de entrega<\/p>\n<p><strong>Endere\u00e7o:<\/strong> Henry House, Enterprise Dr, Four Ashes, Wolverhampton WV10 7DF<\/p>\n<p><a href=\"http:\/\/www.edsworldwide.co.uk\/\" target=\"_new\" rel=\"noopener\">Site da EDS Worldwide<\/a><\/p>\n<p><strong>Pontua\u00e7\u00e3o da avalia\u00e7\u00e3o: <\/strong>3<br \/> <strong>N\u00famero de avalia\u00e7\u00f5es:<\/strong> 2<br \/><a href=\"https:\/\/www.google.co.uk\/maps?cid=16746980420673499521&#038;hl=en&#038;gl=GB\" target=\"_new\" rel=\"noopener\">Ler resenhas<\/a><\/p>\n<h2><span class=\"ez-toc-section\" id=\"A_W_Baxter_Ltd_Global_Logistics_Export_Packing\"><\/span>A W Baxter Ltd Log\u00edstica Global e Embalagem para Exporta\u00e7\u00e3o<span class=\"ez-toc-section-end\"><\/span><\/h2>\n<p><img decoding=\"async\" src=\"https:\/\/moverdb.com\/wp-content\/uploads\/AF1QipMxK_NhkjocyRR6Gi048ZqMxF6H-IKAt3YKkYgMw426-h240-k-no.jpg\" alt='A W Baxter Ltd Log\u00edstica Global e Embalagem para Exporta\u00e7\u00e3o' class=\"aligncenter\"><\/p>\n<p><strong>Descri\u00e7\u00e3o da empresa: <\/strong>Fundada em 1992, crescemos e nos tornamos a solu\u00e7\u00e3o completa de log\u00edstica, seja fornecendo servi\u00e7os de embalagem para exporta\u00e7\u00e3o sob medida, frete ou armazenamento, sempre entregamos.<\/p>\n<p>Desde o in\u00edcio, constru\u00edmos uma reputa\u00e7\u00e3o de confiabilidade e excel\u00eancia no setor de log\u00edstica, fornecendo fabrica\u00e7\u00e3o de caixas de exporta\u00e7\u00e3o, carga e descarga de cont\u00eaineres, frete global e projetos turnkey.<\/p>\n<p>Como uma empresa familiar independente, temos o conhecimento, a experi\u00eancia e a determina\u00e7\u00e3o para tornar cada trabalho flex\u00edvel e pessoal.<\/p>\n<p> Embora possamos cobrir o globo e ter contratos para gerenciar em todo o mundo, ainda permanecemos com nossos valores fundamentais de parceria e satisfa\u00e7\u00e3o.<\/p>\n<p><strong>Servi\u00e7os adicionais:<\/strong><\/p>\n<p>Empreiteiros e servi\u00e7os de embalagem<\/p>\n<p>Empresa de entrega<\/p>\n<p>Servi\u00e7o de escolta de transporte<\/p>\n<p>Servi\u00e7o de transporte<\/p>\n<p><strong>Endere\u00e7o:<\/strong> Unit 4, Dock Meadow Industrial Estate, Lanesfield Dr, Lanesfield, Wolverhampton WV4 6LE<\/p>\n<p><a href=\"http:\/\/www.baxtersgroup.com\/\" target=\"_new\" rel=\"noopener\">Site de log\u00edstica global e embalagem para exporta\u00e7\u00e3o da A W Baxter Ltd<\/a><\/p>\n<p><strong>Pontua\u00e7\u00e3o da avalia\u00e7\u00e3o: <\/strong>3.2<br \/> <strong>N\u00famero de avalia\u00e7\u00f5es:<\/strong> 5<br \/><a href=\"https:\/\/www.google.co.uk\/maps?cid=13010859982753556877&#038;hl=en&#038;gl=GB\" target=\"_new\" rel=\"noopener\">Ler resenhas<\/a><\/p>\n<h2><span class=\"ez-toc-section\" id=\"Cannon_Freight_Ltd\"><\/span>Cannon Freight Ltd<span class=\"ez-toc-section-end\"><\/span><\/h2>\n<p><img decoding=\"async\" src=\"https:\/\/moverdb.com\/wp-content\/uploads\/thumbnailpanoidfUGljhP4o_tarxv2fhVBiQcb_clientsearch.gws-prod.gpsw408h240yaw78.jpg\" alt='Cannon Freight Ltd' class=\"aligncenter\"><\/p>\n<p><strong>Descri\u00e7\u00e3o da empresa: <\/strong>Nenhum fornecido<\/p>\n<p><strong>Servi\u00e7os adicionais:<\/strong><\/p>\n<p>Nenhum listado<\/p>\n<p><strong>Endere\u00e7o:<\/strong> Wulfrun Self Storage, Cooper St, Wolverhampton WV2 2JL<\/p>\n<p><a href=\"https:\/\/www.cannonfreight.co.uk\/\" target=\"_new\" rel=\"noopener\">Site da Cannon Freight Ltd<\/a><\/p>\n<p><strong>Pontua\u00e7\u00e3o da avalia\u00e7\u00e3o: <\/strong>3<br \/> <strong>N\u00famero de avalia\u00e7\u00f5es:<\/strong> 3<br \/><a href=\"https:\/\/www.google.co.uk\/maps?cid=6788104322717129461&#038;hl=en&#038;gl=GB\" target=\"_new\" rel=\"noopener\">Ler resenhas<\/a><\/p>\n<h2><span class=\"ez-toc-section\" id=\"How_we_picked_the_best_Wolverhampton_Freight_Forwarding_Companies\"><\/span>Como escolhemos as melhores empresas de Freight Forwarding de Wolverhampton<span class=\"ez-toc-section-end\"><\/span><\/h2>\n<p>Come\u00e7amos com um conjunto de dados de 13 empresas de agenciamento de carga de Wolverhampton que pudemos encontrar no Google Maps e reduzimos para as 5 melhores.<\/p>\n<p>Para isso, removemos qualquer empresa que:<\/p>\n<ul>\n<li> N\u00e3o tinha um site<\/li>\n<li> N\u00e3o teve cr\u00edticas<\/li>\n<li> Teve uma pontua\u00e7\u00e3o m\u00e9dia de avalia\u00e7\u00e3o abaixo de 2,0<\/li>\n<\/ul>\n<p>Nesse momento, se tiv\u00e9ssemos 17 ou menos forwarders, listar\u00edamos todos eles.<\/p>\n<p>Para as cidades que ficaram com mais de 17 despachantes, fizemos outras revis\u00f5es aumentando a pontua\u00e7\u00e3o de avalia\u00e7\u00e3o exigida (por exemplo, passando de um m\u00ednimo de 2,0 para 4,0) e\/ou aumentando o n\u00famero m\u00ednimo de avalia\u00e7\u00f5es exigidas (por exemplo, passando de pelo menos 1 avalia\u00e7\u00e3o para pelo menos 10).<\/p>\n<p>Observe que usamos apenas dados de avalia\u00e7\u00e3o do Google Maps e n\u00e3o de outros sites de terceiros.<\/p>\n<p>Mais cidades:<\/p>\n<p><a href=\"https:\/\/moverdb.com\/pt\/transitario-de-carga\/freight-forwarding-uk\/rainham-freight-forwarder\/\">Agente de carga de Rainham<\/a><br \/><a href=\"https:\/\/moverdb.com\/pt\/transitario-de-carga\/freight-forwarding-uk\/gravesend-freight-forwarder\/\">Agente de carga de Gravesend<\/a><br \/><a href=\"https:\/\/moverdb.com\/pt\/transitario-de-carga\/freight-forwarding-uk\/harrow-freight-forwarder\/\">Agente de carga de Harrow<\/a><br \/><a href=\"https:\/\/moverdb.com\/pt\/transitario-de-carga\/freight-forwarding-uk\/nottingham-freight-forwarder\/\">Agente de carga de Nottingham<\/a><br \/><a href=\"https:\/\/moverdb.com\/pt\/transitario-de-carga\/freight-forwarding-uk\/rotherham-freight-forwarder\/\">Agente de carga de Rotherham<\/a><\/p>","protected":false},"excerpt":{"rendered":"<p>Below we look at the 5 &#8220;best&#8221; Freight Forwarding companies in Wolverhampton out of 13. To learn more about how we chose the best please consult our FAQ section at the end. Please not the following listings are in no particular order and we are not making any recommendations for any particular company. Global Freight [&hellip;]<\/p>\n","protected":false},"author":1,"featured_media":0,"parent":13427,"menu_order":0,"comment_status":"open","ping_status":"open","template":"","meta":{"_genesis_hide_title":false,"_genesis_hide_breadcrumbs":false,"_genesis_hide_singular_image":false,"_genesis_hide_footer_widgets":false,"_genesis_custom_body_class":"","_genesis_custom_post_class":"","_genesis_layout":"","footnotes":""},"class_list":{"0":"post-13872","1":"page","2":"type-page","3":"status-publish","5":"entry"},"_links":{"self":[{"href":"https:\/\/moverdb.com\/pt\/wp-json\/wp\/v2\/pages\/13872","targetHints":{"allow":["GET"]}}],"collection":[{"href":"https:\/\/moverdb.com\/pt\/wp-json\/wp\/v2\/pages"}],"about":[{"href":"https:\/\/moverdb.com\/pt\/wp-json\/wp\/v2\/types\/page"}],"author":[{"embeddable":true,"href":"https:\/\/moverdb.com\/pt\/wp-json\/wp\/v2\/users\/1"}],"replies":[{"embeddable":true,"href":"https:\/\/moverdb.com\/pt\/wp-json\/wp\/v2\/comments?post=13872"}],"version-history":[{"count":1,"href":"https:\/\/moverdb.com\/pt\/wp-json\/wp\/v2\/pages\/13872\/revisions"}],"predecessor-version":[{"id":15796,"href":"https:\/\/moverdb.com\/pt\/wp-json\/wp\/v2\/pages\/13872\/revisions\/15796"}],"up":[{"embeddable":true,"href":"https:\/\/moverdb.com\/pt\/wp-json\/wp\/v2\/pages\/13427"}],"wp:attachment":[{"href":"https:\/\/moverdb.com\/pt\/wp-json\/wp\/v2\/media?parent=13872"}],"curies":[{"name":"wp","href":"https:\/\/api.w.org\/{rel}","templated":true}]}}