{"id":13813,"date":"2023-11-08T15:52:42","date_gmt":"2023-11-08T15:52:42","guid":{"rendered":"https:\/\/moverdb.com\/freight-forwarder\/freight-forwarding-uk\/grays-freight-forwarder\/"},"modified":"2026-01-08T13:18:14","modified_gmt":"2026-01-08T13:18:14","slug":"grays-freight-forwarder","status":"publish","type":"page","link":"https:\/\/moverdb.com\/pt\/freight-forwarder\/freight-forwarding-uk\/grays-freight-forwarder\/","title":{"rendered":"8 Melhores empresas de agenciamento de carga de Grays (2024)"},"content":{"rendered":"<p>A seguir, examinamos os 8 <em>\"melhor\"<\/em> Empresas de Agenciamento de Cargas em Grays de um total de 15.<\/p>\n<p>Para saber mais sobre como escolhemos os melhores, consulte nossa se\u00e7\u00e3o de perguntas frequentes no final.<\/p>\n<p><em>Observe que as listagens a seguir n\u00e3o est\u00e3o em nenhuma ordem espec\u00edfica e n\u00e3o estamos fazendo nenhuma recomenda\u00e7\u00e3o para nenhuma empresa em particular.<\/em><\/p>\n<div id=\"ez-toc-container\" class=\"ez-toc-v2_0_82_2 ez-toc-wrap-left counter-hierarchy ez-toc-counter ez-toc-transparent ez-toc-container-direction\">\n<div class=\"ez-toc-title-container\">\n<p class=\"ez-toc-title\" style=\"cursor:inherit\">Se\u00e7\u00f5es<\/p>\n<span class=\"ez-toc-title-toggle\"><a href=\"#\" class=\"ez-toc-pull-right ez-toc-btn ez-toc-btn-xs ez-toc-btn-default ez-toc-toggle\" aria-label=\"Alternar tabela de conte\u00fado\"><span class=\"ez-toc-js-icon-con\"><span class=\"\"><span class=\"eztoc-hide\" style=\"display:none;\">Alternar<\/span><span class=\"ez-toc-icon-toggle-span\"><svg style=\"fill: #999;color:#999\" xmlns=\"http:\/\/www.w3.org\/2000\/svg\" class=\"list-377408\" width=\"20px\" height=\"20px\" viewbox=\"0 0 24 24\" fill=\"none\"><path d=\"M6 6H4v2h2V6zm14 0H8v2h12V6zM4 11h2v2H4v-2zm16 0H8v2h12v-2zM4 16h2v2H4v-2zm16 0H8v2h12v-2z\" fill=\"currentColor\"><\/path><\/svg><svg style=\"fill: #999;color:#999\" class=\"arrow-unsorted-368013\" xmlns=\"http:\/\/www.w3.org\/2000\/svg\" width=\"10px\" height=\"10px\" viewbox=\"0 0 24 24\" version=\"1.2\" baseprofile=\"tiny\"><path d=\"M18.2 9.3l-6.2-6.3-6.2 6.3c-.2.2-.3.4-.3.7s.1.5.3.7c.2.2.4.3.7.3h11c.3 0 .5-.1.7-.3.2-.2.3-.5.3-.7s-.1-.5-.3-.7zM5.8 14.7l6.2 6.3 6.2-6.3c.2-.2.3-.5.3-.7s-.1-.5-.3-.7c-.2-.2-.4-.3-.7-.3h-11c-.3 0-.5.1-.7.3-.2.2-.3.5-.3.7s.1.5.3.7z\"\/><\/svg><\/span><\/span><\/span><\/a><\/span><\/div>\n<nav><ul class='ez-toc-list ez-toc-list-level-1 eztoc-toggle-hide-by-default' ><li class='ez-toc-page-1 ez-toc-heading-level-2'><a class=\"ez-toc-link ez-toc-heading-1\" href=\"https:\/\/moverdb.com\/pt\/freight-forwarder\/freight-forwarding-uk\/grays-freight-forwarder\/#Silver_Wolf\" >Lobo de Prata<\/a><\/li><li class='ez-toc-page-1 ez-toc-heading-level-2'><a class=\"ez-toc-link ez-toc-heading-2\" href=\"https:\/\/moverdb.com\/pt\/freight-forwarder\/freight-forwarding-uk\/grays-freight-forwarder\/#Samamiah_Shipping_Enterprise_Limited\" >Samamiah (Shipping) Enterprise Limited<\/a><\/li><li class='ez-toc-page-1 ez-toc-heading-level-2'><a class=\"ez-toc-link ez-toc-heading-3\" href=\"https:\/\/moverdb.com\/pt\/freight-forwarder\/freight-forwarding-uk\/grays-freight-forwarder\/#Geeomotayo_CoLtd\" >Geeomotayo Co.Ltd<\/a><\/li><li class='ez-toc-page-1 ez-toc-heading-level-2'><a class=\"ez-toc-link ez-toc-heading-4\" href=\"https:\/\/moverdb.com\/pt\/freight-forwarder\/freight-forwarding-uk\/grays-freight-forwarder\/#EMS_Ltd\" >EMS Ltd<\/a><\/li><li class='ez-toc-page-1 ez-toc-heading-level-2'><a class=\"ez-toc-link ez-toc-heading-5\" href=\"https:\/\/moverdb.com\/pt\/freight-forwarder\/freight-forwarding-uk\/grays-freight-forwarder\/#Crayford_Freight_Services\" >Servi\u00e7os de frete de Crayford<\/a><\/li><li class='ez-toc-page-1 ez-toc-heading-level-2'><a class=\"ez-toc-link ez-toc-heading-6\" href=\"https:\/\/moverdb.com\/pt\/freight-forwarder\/freight-forwarding-uk\/grays-freight-forwarder\/#Executive_Freight_Services\" >Servi\u00e7os de frete executivo<\/a><\/li><li class='ez-toc-page-1 ez-toc-heading-level-2'><a class=\"ez-toc-link ez-toc-heading-7\" href=\"https:\/\/moverdb.com\/pt\/freight-forwarder\/freight-forwarding-uk\/grays-freight-forwarder\/#Cargocare_Ltd\" >Cargocare Ltd.<\/a><\/li><li class='ez-toc-page-1 ez-toc-heading-level-2'><a class=\"ez-toc-link ez-toc-heading-8\" href=\"https:\/\/moverdb.com\/pt\/freight-forwarder\/freight-forwarding-uk\/grays-freight-forwarder\/#Cargocare_Ltd-2\" >Cargocare Ltd<\/a><\/li><li class='ez-toc-page-1 ez-toc-heading-level-2'><a class=\"ez-toc-link ez-toc-heading-9\" href=\"https:\/\/moverdb.com\/pt\/freight-forwarder\/freight-forwarding-uk\/grays-freight-forwarder\/#How_we_picked_the_best_Grays_Freight_Forwarding_Companies\" >Como escolhemos as melhores empresas de Agenciamento de Fretes de Grays<\/a><\/li><\/ul><\/nav><\/div>\n<h2><span class=\"ez-toc-section\" id=\"Silver_Wolf\"><\/span>Lobo de Prata<span class=\"ez-toc-section-end\"><\/span><\/h2>\n<p><img decoding=\"async\" src=\"https:\/\/moverdb.com\/wp-content\/uploads\/AF1QipOwBHBg95mRqvrGHU1nev11wyr1hePio8H0fbgLw408-h306-k-no.jpg\" alt='Lobo de Prata' class=\"aligncenter\"><\/p>\n<p><strong>Descri\u00e7\u00e3o da empresa: <\/strong>Nenhum fornecido<\/p>\n<p><strong>Servi\u00e7os adicionais:<\/strong><\/p>\n<p>Empresa de entrega<\/p>\n<p><strong>Endere\u00e7o:<\/strong> Merrydale Works, Linford Rd, Grays RM16 4LQ<\/p>\n<p><a href=\"https:\/\/www.silverwolfuk.com\/\" target=\"_new\" rel=\"noopener\">Site da Silver Wolf<\/a><\/p>\n<p><strong>Pontua\u00e7\u00e3o da avalia\u00e7\u00e3o: <\/strong>3.8<br \/> <strong>N\u00famero de avalia\u00e7\u00f5es:<\/strong> 16<br \/><a href=\"https:\/\/www.google.co.uk\/maps?cid=12674753108185969697&#038;hl=en&#038;gl=GB\" target=\"_new\" rel=\"noopener\">Ler resenhas<\/a><\/p>\n<h2><span class=\"ez-toc-section\" id=\"Samamiah_Shipping_Enterprise_Limited\"><\/span>Samamiah (Shipping) Enterprise Limited<span class=\"ez-toc-section-end\"><\/span><\/h2>\n<p><img decoding=\"async\" src=\"https:\/\/moverdb.com\/wp-content\/uploads\/AF1QipP3TyvyAu4RqcIr1OEX7EzDsczQmAeFd5Y59-vZw408-h263-k-no.png\" alt='Samamiah (Shipping) Enterprise Limited' class=\"aligncenter\"><\/p>\n<p><strong>Descri\u00e7\u00e3o da empresa: <\/strong>Nenhum fornecido<\/p>\n<p><strong>Servi\u00e7os adicionais:<\/strong><\/p>\n<p>Nenhum listado<\/p>\n<p><strong>Endere\u00e7o:<\/strong> Motherwell Way, Grays RM20 3XD<\/p>\n<p><a href=\"https:\/\/www.samamiahshipping.co.uk\/\" target=\"_new\" rel=\"noopener\">Site da Samamiah (Shipping) Enterprise Limited<\/a><\/p>\n<p><strong>Pontua\u00e7\u00e3o da avalia\u00e7\u00e3o: <\/strong>4.4<br \/> <strong>N\u00famero de avalia\u00e7\u00f5es:<\/strong> 148<br \/><a href=\"https:\/\/www.google.co.uk\/maps?cid=5212766095198324838&#038;hl=en&#038;gl=GB\" target=\"_new\" rel=\"noopener\">Ler resenhas<\/a><\/p>\n<h2><span class=\"ez-toc-section\" id=\"Geeomotayo_CoLtd\"><\/span>Geeomotayo Co.Ltd<span class=\"ez-toc-section-end\"><\/span><\/h2>\n<p><img decoding=\"async\" src=\"https:\/\/moverdb.com\/wp-content\/uploads\/AF1QipO6WAM0Mn9cadACStLkMj6ffJ3E3Q2NCJmOWWVPw426-h240-k-no.jpg\" alt='Geeomotayo Co.Ltd' class=\"aligncenter\"><\/p>\n<p><strong>Descri\u00e7\u00e3o da empresa: <\/strong>Nenhum fornecido<\/p>\n<p><strong>Servi\u00e7os adicionais:<\/strong><\/p>\n<p>Servi\u00e7o de remessa<\/p>\n<p>Armaz\u00e9m<\/p>\n<p><strong>Endere\u00e7o:<\/strong> 14 Orsett Rd, Grays RM17 5DL<\/p>\n<p><a href=\"http:\/\/www.geeomotayo.com\/\" target=\"_new\" rel=\"noopener\">Site da Geeomotayo Co.Ltd<\/a><\/p>\n<p><strong>Pontua\u00e7\u00e3o da avalia\u00e7\u00e3o: <\/strong>4.3<br \/> <strong>N\u00famero de avalia\u00e7\u00f5es:<\/strong> 41<br \/><a href=\"https:\/\/www.google.co.uk\/maps?cid=18200971829374470871&#038;hl=en&#038;gl=GB\" target=\"_new\" rel=\"noopener\">Ler resenhas<\/a><\/p>\n<h2><span class=\"ez-toc-section\" id=\"EMS_Ltd\"><\/span>EMS Ltd<span class=\"ez-toc-section-end\"><\/span><\/h2>\n<p><img decoding=\"async\" src=\"https:\/\/moverdb.com\/wp-content\/uploads\/AF1QipM0Ab0hh1QqX4U9QEcuZQIpzxuhdlSKmGrhRRPew408-h306-k-no.jpg\" alt='EMS Ltd' class=\"aligncenter\"><\/p>\n<p><strong>Descri\u00e7\u00e3o da empresa: <\/strong>Nenhum fornecido<\/p>\n<p><strong>Servi\u00e7os adicionais:<\/strong><\/p>\n<p>Loja de computadores<\/p>\n<p><strong>Endere\u00e7o:<\/strong> STAR INDUSTRIAL EST, UNIT 1, 3A AND YARD 4A, St Johns Rd, Chadwell St Mary, Grays RM16 4AT<\/p>\n<p><a href=\"http:\/\/www.ems-ltd.co.uk\/\" target=\"_new\" rel=\"noopener\">Site da EMS Ltd<\/a><\/p>\n<p><strong>Pontua\u00e7\u00e3o da avalia\u00e7\u00e3o: <\/strong>4.2<br \/> <strong>N\u00famero de avalia\u00e7\u00f5es:<\/strong> 29<br \/><a href=\"https:\/\/www.google.co.uk\/maps?cid=5354803582162291429&#038;hl=en&#038;gl=GB\" target=\"_new\" rel=\"noopener\">Ler resenhas<\/a><\/p>\n<h2><span class=\"ez-toc-section\" id=\"Crayford_Freight_Services\"><\/span>Servi\u00e7os de frete de Crayford<span class=\"ez-toc-section-end\"><\/span><\/h2>\n<p><img decoding=\"async\" src=\"https:\/\/moverdb.com\/wp-content\/uploads\/AF1QipNWCuqG_d3IU5he1y-4mB1hVpSJCqXsxsqll5ksw408-h306-k-no.jpg\" alt='Servi\u00e7os de frete de Crayford' class=\"aligncenter\"><\/p>\n<p><strong>Descri\u00e7\u00e3o da empresa: <\/strong>Nenhum fornecido<\/p>\n<p><strong>Servi\u00e7os adicionais:<\/strong><\/p>\n<p>Nenhum listado<\/p>\n<p><strong>Endere\u00e7o:<\/strong> Globe Ind Est, Towers Rd, Grays RM17 6SU<\/p>\n<p><a href=\"https:\/\/www.crayfordfreight.co.uk\/\" target=\"_new\" rel=\"noopener\">Site da Crayford Freight Services<\/a><\/p>\n<p><strong>Pontua\u00e7\u00e3o da avalia\u00e7\u00e3o: <\/strong>3.4<br \/> <strong>N\u00famero de avalia\u00e7\u00f5es:<\/strong> 27<br \/><a href=\"https:\/\/www.google.co.uk\/maps?cid=11088928095877990323&#038;hl=en&#038;gl=GB\" target=\"_new\" rel=\"noopener\">Ler resenhas<\/a><\/p>\n<h2><span class=\"ez-toc-section\" id=\"Executive_Freight_Services\"><\/span>Servi\u00e7os de frete executivo<span class=\"ez-toc-section-end\"><\/span><\/h2>\n<p><img decoding=\"async\" src=\"https:\/\/moverdb.com\/wp-content\/uploads\/thumbnailpanoidK71iJkR7tWjyeMWZkL_DFQcb_clientsearch.gws-prod.gpsw408h240yaw194.jpg\" alt='Servi\u00e7os de frete executivo' class=\"aligncenter\"><\/p>\n<p><strong>Descri\u00e7\u00e3o da empresa: <\/strong>Nenhum fornecido<\/p>\n<p><strong>Servi\u00e7os adicionais:<\/strong><\/p>\n<p>Nenhum listado<\/p>\n<p><strong>Endere\u00e7o:<\/strong> Rectory Rd, Grays RM17 6SU<\/p>\n<p><a href=\"https:\/\/www.executivefreightservices.co.uk\/\" target=\"_new\" rel=\"noopener\">Site da Executive Freight Services<\/a><\/p>\n<p><strong>Pontua\u00e7\u00e3o da avalia\u00e7\u00e3o: <\/strong>5<br \/> <strong>N\u00famero de avalia\u00e7\u00f5es:<\/strong> 1<br \/><a href=\"https:\/\/www.google.co.uk\/maps?cid=5738270938062984851&#038;hl=en&#038;gl=GB\" target=\"_new\" rel=\"noopener\">Ler resenhas<\/a><\/p>\n<h2><span class=\"ez-toc-section\" id=\"Cargocare_Ltd\"><\/span>Cargocare Ltd.<span class=\"ez-toc-section-end\"><\/span><\/h2>\n<p><img decoding=\"async\" src=\"https:\/\/moverdb.com\/wp-content\/uploads\/AF1QipPJ02JMSmpT6qTapziO3xF5F4IB5HTTZPWbaDgFw572-h240-k-no.jpg\" alt='Cargocare Ltd.' class=\"aligncenter\"><\/p>\n<p><strong>Descri\u00e7\u00e3o da empresa: <\/strong>Tendo operado servi\u00e7os di\u00e1rios de frete entre a <a href=\"https:\/\/moverdb.com\/pt\/moving-to-the-uk\/\" data-internallinksmanager029f6b8e52c=\"93\" title=\"Mudando-se para o Reino Unido? 2026 Custos de Vida e Dicas de Reloca\u00e7\u00e3o\">REINO UNIDO<\/a> e <a href=\"https:\/\/moverdb.com\/pt\/moving-to-ireland\/\" data-internallinksmanager029f6b8e52c=\"320\" title=\"Est\u00e1 se mudando para a Irlanda? 2026 Custo de vida e dicas de realoca\u00e7\u00e3o\">Irlanda<\/a> h\u00e1 35 anos, podemos dizer com confian\u00e7a que nossa experi\u00eancia nesse mercado \u00e9 inigual\u00e1vel.<\/p>\n<p><strong>Servi\u00e7os adicionais:<\/strong><\/p>\n<p>Empresa de entrega<\/p>\n<p><strong>Endere\u00e7o:<\/strong> 5c Oliver Rd, Grays RM20 3ED<\/p>\n<p><a href=\"http:\/\/www.cargocare.ie\/\" target=\"_new\" rel=\"noopener\">Site da Cargocare Ltd.<\/a><\/p>\n<p><strong>Pontua\u00e7\u00e3o da avalia\u00e7\u00e3o: <\/strong>3.3<br \/> <strong>N\u00famero de avalia\u00e7\u00f5es:<\/strong> 3<br \/><a href=\"https:\/\/www.google.co.uk\/maps?cid=12832113494116930077&#038;hl=en&#038;gl=GB\" target=\"_new\" rel=\"noopener\">Ler resenhas<\/a><\/p>\n<h2><span class=\"ez-toc-section\" id=\"Cargocare_Ltd-2\"><\/span>Cargocare Ltd<span class=\"ez-toc-section-end\"><\/span><\/h2>\n<p><img decoding=\"async\" src=\"\" alt=\"Cargocare Ltd\" class=\"aligncenter\"><\/p>\n<p><strong>Descri\u00e7\u00e3o da empresa: <\/strong>Nenhum fornecido<\/p>\n<p><strong>Servi\u00e7os adicionais:<\/strong><\/p>\n<p>Nenhum listado<\/p>\n<p><strong>Endere\u00e7o:<\/strong> Unit 11D, Cliffside Industrial Estate, Grays RM17 5XR<\/p>\n<p><a href=\"http:\/\/www.cargocare.ie\/\" target=\"_new\" rel=\"noopener\">Site da Cargocare Ltd<\/a><\/p>\n<p><strong>Pontua\u00e7\u00e3o da avalia\u00e7\u00e3o: <\/strong>4.5<br \/> <strong>N\u00famero de avalia\u00e7\u00f5es:<\/strong> 2<br \/><a href=\"https:\/\/www.google.co.uk\/maps?cid=11744220962966604689&#038;hl=en&#038;gl=GB\" target=\"_new\" rel=\"noopener\">Ler resenhas<\/a><\/p>\n<h2><span class=\"ez-toc-section\" id=\"How_we_picked_the_best_Grays_Freight_Forwarding_Companies\"><\/span>Como escolhemos as melhores empresas de Agenciamento de Fretes de Grays<span class=\"ez-toc-section-end\"><\/span><\/h2>\n<p>Come\u00e7amos com um conjunto de dados de 15 empresas de agenciamento de carga em Grays que pudemos encontrar no Google Maps e reduzimos para as 8 melhores.<\/p>\n<p>Para isso, removemos qualquer empresa que:<\/p>\n<ul>\n<li> N\u00e3o tinha um site<\/li>\n<li> N\u00e3o teve cr\u00edticas<\/li>\n<li> Teve uma pontua\u00e7\u00e3o m\u00e9dia de avalia\u00e7\u00e3o abaixo de 2,0<\/li>\n<\/ul>\n<p>Nesse momento, se tiv\u00e9ssemos 17 ou menos forwarders, listar\u00edamos todos eles.<\/p>\n<p>Para as cidades que ficaram com mais de 17 despachantes, fizemos outras revis\u00f5es aumentando a pontua\u00e7\u00e3o de avalia\u00e7\u00e3o exigida (por exemplo, passando de um m\u00ednimo de 2,0 para 4,0) e\/ou aumentando o n\u00famero m\u00ednimo de avalia\u00e7\u00f5es exigidas (por exemplo, passando de pelo menos 1 avalia\u00e7\u00e3o para pelo menos 10).<\/p>\n<p>Observe que usamos apenas dados de avalia\u00e7\u00e3o do Google Maps e n\u00e3o de outros sites de terceiros.<\/p>\n<p>Mais cidades:<\/p>\n<p><a href=\"https:\/\/moverdb.com\/pt\/transitario-de-carga\/freight-forwarding-uk\/sunbury-on-thames-freight-forwarder\/\">Agente de carga de Sunbury-on-Thames<\/a><br \/><a href=\"https:\/\/moverdb.com\/pt\/transitario-de-carga\/freight-forwarding-uk\/hull-freight-forwarder\/\">Agente de carga de casco<\/a><br \/><a href=\"https:\/\/moverdb.com\/pt\/transitario-de-carga\/freight-forwarding-uk\/witham-freight-forwarder\/\">Witham Freight Forwarder<\/a><br \/><a href=\"https:\/\/moverdb.com\/pt\/transitario-de-carga\/freight-forwarding-uk\/paisley-freight-forwarder\/\">Agente de carga de Paisley<\/a><br \/><a href=\"https:\/\/moverdb.com\/pt\/transitario-de-carga\/freight-forwarding-uk\/tamworth-freight-forwarder\/\">Agente de carga de Tamworth<\/a><\/p>","protected":false},"excerpt":{"rendered":"<p>Below we look at the 8 &#8220;best&#8221; Freight Forwarding companies in Grays out of 15. To learn more about how we chose the best please consult our FAQ section at the end. Please not the following listings are in no particular order and we are not making any recommendations for any particular company. Silver Wolf [&hellip;]<\/p>\n","protected":false},"author":1,"featured_media":0,"parent":13427,"menu_order":0,"comment_status":"open","ping_status":"open","template":"","meta":{"_genesis_hide_title":false,"_genesis_hide_breadcrumbs":false,"_genesis_hide_singular_image":false,"_genesis_hide_footer_widgets":false,"_genesis_custom_body_class":"","_genesis_custom_post_class":"","_genesis_layout":"","footnotes":""},"class_list":{"0":"post-13813","1":"page","2":"type-page","3":"status-publish","5":"entry"},"_links":{"self":[{"href":"https:\/\/moverdb.com\/pt\/wp-json\/wp\/v2\/pages\/13813","targetHints":{"allow":["GET"]}}],"collection":[{"href":"https:\/\/moverdb.com\/pt\/wp-json\/wp\/v2\/pages"}],"about":[{"href":"https:\/\/moverdb.com\/pt\/wp-json\/wp\/v2\/types\/page"}],"author":[{"embeddable":true,"href":"https:\/\/moverdb.com\/pt\/wp-json\/wp\/v2\/users\/1"}],"replies":[{"embeddable":true,"href":"https:\/\/moverdb.com\/pt\/wp-json\/wp\/v2\/comments?post=13813"}],"version-history":[{"count":1,"href":"https:\/\/moverdb.com\/pt\/wp-json\/wp\/v2\/pages\/13813\/revisions"}],"predecessor-version":[{"id":15804,"href":"https:\/\/moverdb.com\/pt\/wp-json\/wp\/v2\/pages\/13813\/revisions\/15804"}],"up":[{"embeddable":true,"href":"https:\/\/moverdb.com\/pt\/wp-json\/wp\/v2\/pages\/13427"}],"wp:attachment":[{"href":"https:\/\/moverdb.com\/pt\/wp-json\/wp\/v2\/media?parent=13813"}],"curies":[{"name":"wp","href":"https:\/\/api.w.org\/{rel}","templated":true}]}}