{"id":13788,"date":"2023-11-08T15:52:42","date_gmt":"2023-11-08T15:52:42","guid":{"rendered":"https:\/\/moverdb.com\/freight-forwarder\/freight-forwarding-uk\/staines-freight-forwarder\/"},"modified":"2026-01-08T13:18:16","modified_gmt":"2026-01-08T13:18:16","slug":"staines-freight-forwarder","status":"publish","type":"page","link":"https:\/\/moverdb.com\/pt\/freight-forwarder\/freight-forwarding-uk\/staines-freight-forwarder\/","title":{"rendered":"8 Melhores empresas de agenciamento de carga de Staines (2024)"},"content":{"rendered":"<p>A seguir, examinamos os 8 <em>\"melhor\"<\/em> Empresas de Freight Forwarding em Staines de um total de 16.<\/p>\n<p>Para saber mais sobre como escolhemos os melhores, consulte nossa se\u00e7\u00e3o de perguntas frequentes no final.<\/p>\n<p><em>Observe que as listagens a seguir n\u00e3o est\u00e3o em nenhuma ordem espec\u00edfica e n\u00e3o estamos fazendo nenhuma recomenda\u00e7\u00e3o para nenhuma empresa em particular.<\/em><\/p>\n<div id=\"ez-toc-container\" class=\"ez-toc-v2_0_82_2 ez-toc-wrap-left counter-hierarchy ez-toc-counter ez-toc-transparent ez-toc-container-direction\">\n<div class=\"ez-toc-title-container\">\n<p class=\"ez-toc-title\" style=\"cursor:inherit\">Se\u00e7\u00f5es<\/p>\n<span class=\"ez-toc-title-toggle\"><a href=\"#\" class=\"ez-toc-pull-right ez-toc-btn ez-toc-btn-xs ez-toc-btn-default ez-toc-toggle\" aria-label=\"Alternar tabela de conte\u00fado\"><span class=\"ez-toc-js-icon-con\"><span class=\"\"><span class=\"eztoc-hide\" style=\"display:none;\">Alternar<\/span><span class=\"ez-toc-icon-toggle-span\"><svg style=\"fill: #999;color:#999\" xmlns=\"http:\/\/www.w3.org\/2000\/svg\" class=\"list-377408\" width=\"20px\" height=\"20px\" viewbox=\"0 0 24 24\" fill=\"none\"><path d=\"M6 6H4v2h2V6zm14 0H8v2h12V6zM4 11h2v2H4v-2zm16 0H8v2h12v-2zM4 16h2v2H4v-2zm16 0H8v2h12v-2z\" fill=\"currentColor\"><\/path><\/svg><svg style=\"fill: #999;color:#999\" class=\"arrow-unsorted-368013\" xmlns=\"http:\/\/www.w3.org\/2000\/svg\" width=\"10px\" height=\"10px\" viewbox=\"0 0 24 24\" version=\"1.2\" baseprofile=\"tiny\"><path d=\"M18.2 9.3l-6.2-6.3-6.2 6.3c-.2.2-.3.4-.3.7s.1.5.3.7c.2.2.4.3.7.3h11c.3 0 .5-.1.7-.3.2-.2.3-.5.3-.7s-.1-.5-.3-.7zM5.8 14.7l6.2 6.3 6.2-6.3c.2-.2.3-.5.3-.7s-.1-.5-.3-.7c-.2-.2-.4-.3-.7-.3h-11c-.3 0-.5.1-.7.3-.2.2-.3.5-.3.7s.1.5.3.7z\"\/><\/svg><\/span><\/span><\/span><\/a><\/span><\/div>\n<nav><ul class='ez-toc-list ez-toc-list-level-1 eztoc-toggle-hide-by-default' ><li class='ez-toc-page-1 ez-toc-heading-level-2'><a class=\"ez-toc-link ez-toc-heading-1\" href=\"https:\/\/moverdb.com\/pt\/freight-forwarder\/freight-forwarding-uk\/staines-freight-forwarder\/#CargoPro_Limited\" >CargoPro Limited<\/a><\/li><li class='ez-toc-page-1 ez-toc-heading-level-2'><a class=\"ez-toc-link ez-toc-heading-2\" href=\"https:\/\/moverdb.com\/pt\/freight-forwarder\/freight-forwarding-uk\/staines-freight-forwarder\/#Santova_Logistics\" >Santova Logistics<\/a><\/li><li class='ez-toc-page-1 ez-toc-heading-level-2'><a class=\"ez-toc-link ez-toc-heading-3\" href=\"https:\/\/moverdb.com\/pt\/freight-forwarder\/freight-forwarding-uk\/staines-freight-forwarder\/#TRICO_INTERNATIONAL_Shipping_Ltd\" >TRICO INTERNATIONAL Shipping Ltd<\/a><\/li><li class='ez-toc-page-1 ez-toc-heading-level-2'><a class=\"ez-toc-link ez-toc-heading-4\" href=\"https:\/\/moverdb.com\/pt\/freight-forwarder\/freight-forwarding-uk\/staines-freight-forwarder\/#Wexco_Cargo_G_S_S_A\" >Wexco Cargo G S S A<\/a><\/li><li class='ez-toc-page-1 ez-toc-heading-level-2'><a class=\"ez-toc-link ez-toc-heading-5\" href=\"https:\/\/moverdb.com\/pt\/freight-forwarder\/freight-forwarding-uk\/staines-freight-forwarder\/#Mentfield_UK_Ltd\" >Mentfield UK Ltd<\/a><\/li><li class='ez-toc-page-1 ez-toc-heading-level-2'><a class=\"ez-toc-link ez-toc-heading-6\" href=\"https:\/\/moverdb.com\/pt\/freight-forwarder\/freight-forwarding-uk\/staines-freight-forwarder\/#PSP_Worldwide_Logistics_London\" >PSP Worldwide Logistics Londres<\/a><\/li><li class='ez-toc-page-1 ez-toc-heading-level-2'><a class=\"ez-toc-link ez-toc-heading-7\" href=\"https:\/\/moverdb.com\/pt\/freight-forwarder\/freight-forwarding-uk\/staines-freight-forwarder\/#dnata_City_Unit_1\" >dnata City Unidade 1<\/a><\/li><li class='ez-toc-page-1 ez-toc-heading-level-2'><a class=\"ez-toc-link ez-toc-heading-8\" href=\"https:\/\/moverdb.com\/pt\/freight-forwarder\/freight-forwarding-uk\/staines-freight-forwarder\/#IdrisMans_Transit\" >Tr\u00e2nsito IdrisMans<\/a><\/li><li class='ez-toc-page-1 ez-toc-heading-level-2'><a class=\"ez-toc-link ez-toc-heading-9\" href=\"https:\/\/moverdb.com\/pt\/freight-forwarder\/freight-forwarding-uk\/staines-freight-forwarder\/#How_we_picked_the_best_Staines_Freight_Forwarding_Companies\" >Como escolhemos as melhores empresas de agenciamento de frete de Staines<\/a><\/li><\/ul><\/nav><\/div>\n<h2><span class=\"ez-toc-section\" id=\"CargoPro_Limited\"><\/span>CargoPro Limited<span class=\"ez-toc-section-end\"><\/span><\/h2>\n<p><img decoding=\"async\" src=\"https:\/\/moverdb.com\/wp-content\/uploads\/thumbnailpanoid8eZ03x04DAxtcvndHkNXHgcb_clientsearch.gws-prod.gpsw408h240yaw156.jpg\" alt='CargoPro Limited' class=\"aligncenter\"><\/p>\n<p><strong>Descri\u00e7\u00e3o da empresa: <\/strong>Nenhum fornecido<\/p>\n<p><strong>Servi\u00e7os adicionais:<\/strong><\/p>\n<p>Nenhum listado<\/p>\n<p><strong>Endere\u00e7o:<\/strong> Cargo House, 1 The Mallards, Staines TW18 2TB<\/p>\n<p><a href=\"https:\/\/www.cargopro.co.uk\/\" target=\"_new\" rel=\"noopener\">Site da CargoPro Limited<\/a><\/p>\n<p><strong>Pontua\u00e7\u00e3o da avalia\u00e7\u00e3o: <\/strong>5<br \/> <strong>N\u00famero de avalia\u00e7\u00f5es:<\/strong> 2<br \/><a href=\"https:\/\/www.google.co.uk\/maps?cid=16856630503006872933&#038;hl=en&#038;gl=GB\" target=\"_new\" rel=\"noopener\">Ler resenhas<\/a><\/p>\n<h2><span class=\"ez-toc-section\" id=\"Santova_Logistics\"><\/span>Santova Logistics<span class=\"ez-toc-section-end\"><\/span><\/h2>\n<p><img decoding=\"async\" src=\"https:\/\/moverdb.com\/wp-content\/uploads\/thumbnailpanoidf4e0Huub_cPG2grVooambgcb_clientsearch.gws-prod.gpsw408h240yaw126.jpg\" alt='Santova Logistics' class=\"aligncenter\"><\/p>\n<p><strong>Descri\u00e7\u00e3o da empresa: <\/strong>Nenhum fornecido<\/p>\n<p><strong>Servi\u00e7os adicionais:<\/strong><\/p>\n<p>Nenhum listado<\/p>\n<p><strong>Endere\u00e7o:<\/strong> Centurion House, London Rd, Staines TW18 4AX<\/p>\n<p><a href=\"http:\/\/www.santova.com\/\" target=\"_new\" rel=\"noopener\">Site da Santova Logistics<\/a><\/p>\n<p><strong>Pontua\u00e7\u00e3o da avalia\u00e7\u00e3o: <\/strong>5<br \/> <strong>N\u00famero de avalia\u00e7\u00f5es:<\/strong> 1<br \/><a href=\"https:\/\/www.google.co.uk\/maps?cid=7182348770038663337&#038;hl=en&#038;gl=GB\" target=\"_new\" rel=\"noopener\">Ler resenhas<\/a><\/p>\n<h2><span class=\"ez-toc-section\" id=\"TRICO_INTERNATIONAL_Shipping_Ltd\"><\/span>TRICO INTERNATIONAL Shipping Ltd<span class=\"ez-toc-section-end\"><\/span><\/h2>\n<p><img decoding=\"async\" src=\"https:\/\/moverdb.com\/wp-content\/uploads\/AF1QipNEdVhhScL5vWrWmX5JQbRfv6acPNHQ_oOKGX0ww408-h306-k-no.jpg\" alt='TRICO INTERNATIONAL Shipping Ltd' class=\"aligncenter\"><\/p>\n<p><strong>Descri\u00e7\u00e3o da empresa: <\/strong>Door to Door Sri Lanka, <a href=\"https:\/\/moverdb.com\/pt\/moving-to-indonesia\/\" data-internallinksmanager029f6b8e52c=\"375\" title=\"Est\u00e1 se mudando para a Indon\u00e9sia? 2026 Custo de vida e dicas de realoca\u00e7\u00e3o\">Indon\u00e9sia<\/a>, Malesia, <a href=\"https:\/\/moverdb.com\/pt\/car-transport-shipping\/\" data-internallinksmanager029f6b8e52c=\"2\" title=\"2026 Cota\u00e7\u00f5es de transporte internacional de carros e envio de ve\u00edculos\">Transporte de carros<\/a> para Sri Lanka, Cargo, Box send to Sri Lanka, Worldwide cargo<br \/>\nRemessa de carro para Sri Lanka, Indon\u00e9sia, Mal\u00e1sia, Carga, Envio de caixa para Sri Lanka, Carga mundial<\/p>\n<p><strong>Servi\u00e7os adicionais:<\/strong><\/p>\n<p>Servi\u00e7o de log\u00edstica<\/p>\n<p><strong>Endere\u00e7o:<\/strong> 215-217 London Rd, Staines TW18 4HL<\/p>\n<p><a href=\"https:\/\/www.tricointernational.co.uk\/\" target=\"_new\" rel=\"noopener\">Site da TRICO INTERNATIONAL Shipping Ltd<\/a><\/p>\n<p><strong>Pontua\u00e7\u00e3o da avalia\u00e7\u00e3o: <\/strong>4.2<br \/> <strong>N\u00famero de avalia\u00e7\u00f5es:<\/strong> 68<br \/><a href=\"https:\/\/www.google.co.uk\/maps?cid=2311709322253237962&#038;hl=en&#038;gl=GB\" target=\"_new\" rel=\"noopener\">Ler resenhas<\/a><\/p>\n<h2><span class=\"ez-toc-section\" id=\"Wexco_Cargo_G_S_S_A\"><\/span>Wexco Cargo G S S A<span class=\"ez-toc-section-end\"><\/span><\/h2>\n<p><img decoding=\"async\" src=\"https:\/\/moverdb.com\/wp-content\/uploads\/thumbnailpanoidchtGyotiXJtBW7PWsx-RZAcb_clientsearch.gws-prod.gpsw408h240yaw119.jpg\" alt='Wexco Cargo G S S A' class=\"aligncenter\"><\/p>\n<p><strong>Descri\u00e7\u00e3o da empresa: <\/strong>Nenhum fornecido<\/p>\n<p><strong>Servi\u00e7os adicionais:<\/strong><\/p>\n<p>Nenhum listado<\/p>\n<p><strong>Endere\u00e7o:<\/strong> Northumberland Cl, Stanwell, Lancaster, Staines TW14 0NG<\/p>\n<p><a href=\"http:\/\/www.gsawexco.com\/\" target=\"_new\" rel=\"noopener\">Site da Wexco Cargo G S S A<\/a><\/p>\n<p><strong>Pontua\u00e7\u00e3o da avalia\u00e7\u00e3o: <\/strong>5<br \/> <strong>N\u00famero de avalia\u00e7\u00f5es:<\/strong> 1<br \/><a href=\"https:\/\/www.google.co.uk\/maps?cid=13240279529537870685&#038;hl=en&#038;gl=GB\" target=\"_new\" rel=\"noopener\">Ler resenhas<\/a><\/p>\n<h2><span class=\"ez-toc-section\" id=\"Mentfield_UK_Ltd\"><\/span>Mentfield UK Ltd<span class=\"ez-toc-section-end\"><\/span><\/h2>\n<p><img decoding=\"async\" src=\"https:\/\/moverdb.com\/wp-content\/uploads\/AF1QipPr_CDY0MPinM-tHNmPhZIq_3MzYfu06YoST3dIw426-h240-k-no.jpg\" alt='Mentfield UK Ltd' class=\"aligncenter\"><\/p>\n<p><strong>Descri\u00e7\u00e3o da empresa: <\/strong>Nenhum fornecido<\/p>\n<p><strong>Servi\u00e7os adicionais:<\/strong><\/p>\n<p>Nenhum listado<\/p>\n<p><strong>Endere\u00e7o:<\/strong> Long Ln, Stanwell, Staines TW19 7AU<\/p>\n<p><a href=\"http:\/\/www.mentfield.com\/\" target=\"_new\" rel=\"noopener\">Site da Mentfield UK Ltd<\/a><\/p>\n<p><strong>Pontua\u00e7\u00e3o da avalia\u00e7\u00e3o: <\/strong>3.6<br \/> <strong>N\u00famero de avalia\u00e7\u00f5es:<\/strong> 52<br \/><a href=\"https:\/\/www.google.co.uk\/maps?cid=8326872892032297862&#038;hl=en&#038;gl=GB\" target=\"_new\" rel=\"noopener\">Ler resenhas<\/a><\/p>\n<h2><span class=\"ez-toc-section\" id=\"PSP_Worldwide_Logistics_London\"><\/span>PSP Worldwide Logistics Londres<span class=\"ez-toc-section-end\"><\/span><\/h2>\n<p><img decoding=\"async\" src=\"https:\/\/moverdb.com\/wp-content\/uploads\/AF1QipMCftB0G0cnX3BVtGynXf0hKlZVpssnN-JooHgTw426-h240-k-no.jpg\" alt='PSP Worldwide Logistics Londres' class=\"aligncenter\"><\/p>\n<p><strong>Descri\u00e7\u00e3o da empresa: <\/strong>Nos anos que se seguiram \u00e0 sua funda\u00e7\u00e3o em 2003, a equipe da PSP de Londres desenvolveu servi\u00e7os de agenciamento de carga, desembara\u00e7o alfandeg\u00e1rio e armazenagem de alta qualidade em sua localiza\u00e7\u00e3o estrat\u00e9gica em Heathrow e construiu uma base de clientes grande e fiel, em uma variedade de setores verticais, enquanto continuava a trabalhar em estreita colabora\u00e7\u00e3o com os colegas de Hampshire.<\/p>\n<p>Como somos credenciados como AEO pelo HMRC e estamos autorizados a manusear e transportar as cargas mais perigosas e exigentes, temos a experi\u00eancia, os recursos e a capacidade de dar suporte \u00e0s cadeias de suprimentos globais mais complexas<\/p>\n<p><strong>Servi\u00e7os adicionais:<\/strong><\/p>\n<p>Nenhum listado<\/p>\n<p><strong>Endere\u00e7o:<\/strong> 46 Church St, Staines TW18 4XR<\/p>\n<p><a href=\"https:\/\/www.psplondon.com\/\" target=\"_new\" rel=\"noopener\">Site da PSP Worldwide Logistics em Londres<\/a><\/p>\n<p><strong>Pontua\u00e7\u00e3o da avalia\u00e7\u00e3o: <\/strong>5<br \/> <strong>N\u00famero de avalia\u00e7\u00f5es:<\/strong> 4<br \/><a href=\"https:\/\/www.google.co.uk\/maps?cid=1483888657385951061&#038;hl=en&#038;gl=GB\" target=\"_new\" rel=\"noopener\">Ler resenhas<\/a><\/p>\n<h2><span class=\"ez-toc-section\" id=\"dnata_City_Unit_1\"><\/span>dnata City Unidade 1<span class=\"ez-toc-section-end\"><\/span><\/h2>\n<p><img decoding=\"async\" src=\"https:\/\/moverdb.com\/wp-content\/uploads\/AF1QipNgc-yDhDB3RQ3VDDs7fdVHhvuYScKidotBR4VHw408-h306-k-no.jpg\" alt='dnata City Unidade 1' class=\"aligncenter\"><\/p>\n<p><strong>Descri\u00e7\u00e3o da empresa: <\/strong>Nenhum fornecido<\/p>\n<p><strong>Servi\u00e7os adicionais:<\/strong><\/p>\n<p>Nenhum listado<\/p>\n<p><strong>Endere\u00e7o:<\/strong> Northumberland Close, Stanwell, Staines TW19 7LN<\/p>\n<p><a href=\"http:\/\/www.dnata.co.uk\/\" target=\"_new\" rel=\"noopener\">Site da dnata City Unit 1<\/a><\/p>\n<p><strong>Pontua\u00e7\u00e3o da avalia\u00e7\u00e3o: <\/strong>3.7<br \/> <strong>N\u00famero de avalia\u00e7\u00f5es:<\/strong> 216<br \/><a href=\"https:\/\/www.google.co.uk\/maps?cid=5796627990768086424&#038;hl=en&#038;gl=GB\" target=\"_new\" rel=\"noopener\">Ler resenhas<\/a><\/p>\n<h2><span class=\"ez-toc-section\" id=\"IdrisMans_Transit\"><\/span>Tr\u00e2nsito IdrisMans<span class=\"ez-toc-section-end\"><\/span><\/h2>\n<p><img decoding=\"async\" src=\"https:\/\/moverdb.com\/wp-content\/uploads\/AF1QipOiZ12ya1hGttcaGjLFU_i3Ox5MQXDss4okGoLHw408-h306-k-no.jpg\" alt='Tr\u00e2nsito IdrisMans' class=\"aligncenter\"><\/p>\n<p><strong>Descri\u00e7\u00e3o da empresa: <\/strong>IdrisMans \u00e9 um prestigiado <a href=\"https:\/\/moverdb.com\/pt\/freight-forwarder\/\" data-internallinksmanager029f6b8e52c=\"17\" title=\"Freight Forwarder &amp; NVOCC International Cost &amp; Companies Guide\">Freight Forwarder<\/a> A empresa de despachantes aduaneiros &amp; Customs Broker tem muitos anos de experi\u00eancia e uma abordagem profissional em tudo o que faz.<\/p>\n<p>Planejamos e coordenamos as movimenta\u00e7\u00f5es comerciais, incluindo as formalidades alfandeg\u00e1rias de importa\u00e7\u00e3o e exporta\u00e7\u00e3o de mercadorias, juntamente com o transporte INTL de e para pa\u00edses estrangeiros na Am\u00e9rica, Oceania, \u00c1sia, Europa e \u00c1frica.<\/p>\n<p>A IdrisMans \u00e9 uma empresa de prest\u00edgio de comissionamento de transporte e em Douane com grande profissionalismo e experi\u00eancia.<\/p>\n<p>Planejamos e coordenamos as transa\u00e7\u00f5es comerciais que envolvem a importa\u00e7\u00e3o e a exporta\u00e7\u00e3o de mercadorias, bem como os tr\u00e2mites burocr\u00e1ticos do transporte internacional para o destino e a proced\u00eancia dos pa\u00edses estrangeiros \u00c1sia Am\u00e9rica Ocidental \u00c1frica Europa<\/p>\n<p><strong>Servi\u00e7os adicionais:<\/strong><\/p>\n<p>Servi\u00e7o de cont\u00eaineres<\/p>\n<p>Despachante aduaneiro<\/p>\n<p>Servi\u00e7o de log\u00edstica<\/p>\n<p><a href=\"https:\/\/moverdb.com\/pt\/international-removals\/\" data-internallinksmanager029f6b8e52c=\"27\" title=\"36 melhores empresas de mudan\u00e7as internacionais no Reino Unido\">Empresa de mudan\u00e7as<\/a><\/p>\n<p>Companhia Ferrovi\u00e1ria<\/p>\n<p>Servi\u00e7o de remessa<\/p>\n<p>Servi\u00e7o de transporte<\/p>\n<p>Empresa de caminh\u00f5es<\/p>\n<p>Agente de transporte de ve\u00edculos<\/p>\n<p><strong>Endere\u00e7o:<\/strong> 231 London Rd, Staines TW18 4HR<\/p>\n<p><a href=\"https:\/\/www.idrismans.com\/\" target=\"_new\" rel=\"noopener\">Site da IdrisMans Transit<\/a><\/p>\n<p><strong>Pontua\u00e7\u00e3o da avalia\u00e7\u00e3o: <\/strong>5<br \/> <strong>N\u00famero de avalia\u00e7\u00f5es:<\/strong> 7<br \/><a href=\"https:\/\/www.google.co.uk\/maps?cid=12834209287575934406&#038;hl=en&#038;gl=GB\" target=\"_new\" rel=\"noopener\">Ler resenhas<\/a><\/p>\n<h2><span class=\"ez-toc-section\" id=\"How_we_picked_the_best_Staines_Freight_Forwarding_Companies\"><\/span>Como escolhemos as melhores empresas de agenciamento de frete de Staines<span class=\"ez-toc-section-end\"><\/span><\/h2>\n<p>Come\u00e7amos com um conjunto de dados de 16 empresas de agenciamento de carga de Staines que pudemos encontrar pelo Google Maps e reduzimos para as 8 melhores.<\/p>\n<p>Para isso, removemos qualquer empresa que:<\/p>\n<ul>\n<li> N\u00e3o tinha um site<\/li>\n<li> N\u00e3o teve cr\u00edticas<\/li>\n<li> Teve uma pontua\u00e7\u00e3o m\u00e9dia de avalia\u00e7\u00e3o abaixo de 2,0<\/li>\n<\/ul>\n<p>Nesse momento, se tiv\u00e9ssemos 17 ou menos forwarders, listar\u00edamos todos eles.<\/p>\n<p>Para as cidades que ficaram com mais de 17 despachantes, fizemos outras revis\u00f5es aumentando a pontua\u00e7\u00e3o de avalia\u00e7\u00e3o exigida (por exemplo, passando de um m\u00ednimo de 2,0 para 4,0) e\/ou aumentando o n\u00famero m\u00ednimo de avalia\u00e7\u00f5es exigidas (por exemplo, passando de pelo menos 1 avalia\u00e7\u00e3o para pelo menos 10).<\/p>\n<p>Observe que usamos apenas dados de avalia\u00e7\u00e3o do Google Maps e n\u00e3o de outros sites de terceiros.<\/p>\n<p>Mais cidades:<\/p>\n<p><a href=\"https:\/\/moverdb.com\/pt\/transitario-de-carga\/freight-forwarding-uk\/leicester-freight-forwarder\/\">Agente de carga de Leicester<\/a><br \/><a href=\"https:\/\/moverdb.com\/pt\/transitario-de-carga\/freight-forwarding-uk\/dartford-freight-forwarder\/\">Agente de carga de Dartford<\/a><br \/><a href=\"https:\/\/moverdb.com\/pt\/transitario-de-carga\/freight-forwarding-uk\/grays-freight-forwarder\/\">Agente de carga de Grays<\/a><br \/><a href=\"https:\/\/moverdb.com\/pt\/transitario-de-carga\/freight-forwarding-uk\/sunbury-on-thames-freight-forwarder\/\">Agente de carga de Sunbury-on-Thames<\/a><br \/><a href=\"https:\/\/moverdb.com\/pt\/transitario-de-carga\/freight-forwarding-uk\/hull-freight-forwarder\/\">Agente de carga de casco<\/a><\/p>","protected":false},"excerpt":{"rendered":"<p>Below we look at the 8 &#8220;best&#8221; Freight Forwarding companies in Staines out of 16. To learn more about how we chose the best please consult our FAQ section at the end. Please not the following listings are in no particular order and we are not making any recommendations for any particular company. CargoPro Limited [&hellip;]<\/p>\n","protected":false},"author":1,"featured_media":0,"parent":13427,"menu_order":0,"comment_status":"open","ping_status":"open","template":"","meta":{"_genesis_hide_title":false,"_genesis_hide_breadcrumbs":false,"_genesis_hide_singular_image":false,"_genesis_hide_footer_widgets":false,"_genesis_custom_body_class":"","_genesis_custom_post_class":"","_genesis_layout":"","footnotes":""},"class_list":{"0":"post-13788","1":"page","2":"type-page","3":"status-publish","5":"entry"},"_links":{"self":[{"href":"https:\/\/moverdb.com\/pt\/wp-json\/wp\/v2\/pages\/13788","targetHints":{"allow":["GET"]}}],"collection":[{"href":"https:\/\/moverdb.com\/pt\/wp-json\/wp\/v2\/pages"}],"about":[{"href":"https:\/\/moverdb.com\/pt\/wp-json\/wp\/v2\/types\/page"}],"author":[{"embeddable":true,"href":"https:\/\/moverdb.com\/pt\/wp-json\/wp\/v2\/users\/1"}],"replies":[{"embeddable":true,"href":"https:\/\/moverdb.com\/pt\/wp-json\/wp\/v2\/comments?post=13788"}],"version-history":[{"count":1,"href":"https:\/\/moverdb.com\/pt\/wp-json\/wp\/v2\/pages\/13788\/revisions"}],"predecessor-version":[{"id":15806,"href":"https:\/\/moverdb.com\/pt\/wp-json\/wp\/v2\/pages\/13788\/revisions\/15806"}],"up":[{"embeddable":true,"href":"https:\/\/moverdb.com\/pt\/wp-json\/wp\/v2\/pages\/13427"}],"wp:attachment":[{"href":"https:\/\/moverdb.com\/pt\/wp-json\/wp\/v2\/media?parent=13788"}],"curies":[{"name":"wp","href":"https:\/\/api.w.org\/{rel}","templated":true}]}}