{"id":13691,"date":"2023-11-08T15:51:25","date_gmt":"2023-11-08T15:51:25","guid":{"rendered":"https:\/\/moverdb.com\/freight-forwarder\/freight-forwarding-uk\/leeds-freight-forwarder\/"},"modified":"2026-01-08T14:55:31","modified_gmt":"2026-01-08T14:55:31","slug":"leeds-freight-forwarder","status":"publish","type":"page","link":"https:\/\/moverdb.com\/pt\/freight-forwarder\/freight-forwarding-uk\/leeds-freight-forwarder\/","title":{"rendered":"11 melhores empresas de agenciamento de carga de Leeds (2024)"},"content":{"rendered":"<p>A seguir, examinamos os 11 <em>\"melhor\"<\/em> Empresas de Freight Forwarding em <a href=\"\" data-internallinksmanager029f6b8e52c=\"48\" title=\"Leeds\">Leeds<\/a> de 28.<\/p>\n<p>Para saber mais sobre como escolhemos os melhores, consulte nossa se\u00e7\u00e3o de perguntas frequentes no final.<\/p>\n<p><em>Observe que as listagens a seguir n\u00e3o est\u00e3o em nenhuma ordem espec\u00edfica e n\u00e3o estamos fazendo nenhuma recomenda\u00e7\u00e3o para nenhuma empresa em particular.<\/em><\/p>\n<div id=\"ez-toc-container\" class=\"ez-toc-v2_0_82_2 ez-toc-wrap-left counter-hierarchy ez-toc-counter ez-toc-transparent ez-toc-container-direction\">\n<div class=\"ez-toc-title-container\">\n<p class=\"ez-toc-title\" style=\"cursor:inherit\">Se\u00e7\u00f5es<\/p>\n<span class=\"ez-toc-title-toggle\"><a href=\"#\" class=\"ez-toc-pull-right ez-toc-btn ez-toc-btn-xs ez-toc-btn-default ez-toc-toggle\" aria-label=\"Alternar tabela de conte\u00fado\"><span class=\"ez-toc-js-icon-con\"><span class=\"\"><span class=\"eztoc-hide\" style=\"display:none;\">Alternar<\/span><span class=\"ez-toc-icon-toggle-span\"><svg style=\"fill: #999;color:#999\" xmlns=\"http:\/\/www.w3.org\/2000\/svg\" class=\"list-377408\" width=\"20px\" height=\"20px\" viewbox=\"0 0 24 24\" fill=\"none\"><path d=\"M6 6H4v2h2V6zm14 0H8v2h12V6zM4 11h2v2H4v-2zm16 0H8v2h12v-2zM4 16h2v2H4v-2zm16 0H8v2h12v-2z\" fill=\"currentColor\"><\/path><\/svg><svg style=\"fill: #999;color:#999\" class=\"arrow-unsorted-368013\" xmlns=\"http:\/\/www.w3.org\/2000\/svg\" width=\"10px\" height=\"10px\" viewbox=\"0 0 24 24\" version=\"1.2\" baseprofile=\"tiny\"><path d=\"M18.2 9.3l-6.2-6.3-6.2 6.3c-.2.2-.3.4-.3.7s.1.5.3.7c.2.2.4.3.7.3h11c.3 0 .5-.1.7-.3.2-.2.3-.5.3-.7s-.1-.5-.3-.7zM5.8 14.7l6.2 6.3 6.2-6.3c.2-.2.3-.5.3-.7s-.1-.5-.3-.7c-.2-.2-.4-.3-.7-.3h-11c-.3 0-.5.1-.7.3-.2.2-.3.5-.3.7s.1.5.3.7z\"\/><\/svg><\/span><\/span><\/span><\/a><\/span><\/div>\n<nav><ul class='ez-toc-list ez-toc-list-level-1 eztoc-toggle-hide-by-default' ><li class='ez-toc-page-1 ez-toc-heading-level-2'><a class=\"ez-toc-link ez-toc-heading-1\" href=\"https:\/\/moverdb.com\/pt\/freight-forwarder\/freight-forwarding-uk\/leeds-freight-forwarder\/#Stagefreight_Ltd\" >Stagefreight Ltd<\/a><\/li><li class='ez-toc-page-1 ez-toc-heading-level-2'><a class=\"ez-toc-link ez-toc-heading-2\" href=\"https:\/\/moverdb.com\/pt\/freight-forwarder\/freight-forwarding-uk\/leeds-freight-forwarder\/#Noahs_Ark_to_Southern_Africa\" >Arca de No\u00e9 no sul da \u00c1frica<\/a><\/li><li class='ez-toc-page-1 ez-toc-heading-level-2'><a class=\"ez-toc-link ez-toc-heading-3\" href=\"https:\/\/moverdb.com\/pt\/freight-forwarder\/freight-forwarding-uk\/leeds-freight-forwarder\/#Tudor_International_Freight_Limited\" >Tudor International Freight Limited<\/a><\/li><li class='ez-toc-page-1 ez-toc-heading-level-2'><a class=\"ez-toc-link ez-toc-heading-4\" href=\"https:\/\/moverdb.com\/pt\/freight-forwarder\/freight-forwarding-uk\/leeds-freight-forwarder\/#Kuehne_Nagel_Ltd\" >Kuehne &amp; Nagel Ltd<\/a><\/li><li class='ez-toc-page-1 ez-toc-heading-level-2'><a class=\"ez-toc-link ez-toc-heading-5\" href=\"https:\/\/moverdb.com\/pt\/freight-forwarder\/freight-forwarding-uk\/leeds-freight-forwarder\/#Quality_Freight_Services_Ltd\" >Quality Freight Services Ltd<\/a><\/li><li class='ez-toc-page-1 ez-toc-heading-level-2'><a class=\"ez-toc-link ez-toc-heading-6\" href=\"https:\/\/moverdb.com\/pt\/freight-forwarder\/freight-forwarding-uk\/leeds-freight-forwarder\/#Fusion_Freight_Ltd\" >Fusion Freight Ltd<\/a><\/li><li class='ez-toc-page-1 ez-toc-heading-level-2'><a class=\"ez-toc-link ez-toc-heading-7\" href=\"https:\/\/moverdb.com\/pt\/freight-forwarder\/freight-forwarding-uk\/leeds-freight-forwarder\/#Carry_Cargo_International_Freight_Forwarders\" >Carry Cargo Agentes de carga internacionais<\/a><\/li><li class='ez-toc-page-1 ez-toc-heading-level-2'><a class=\"ez-toc-link ez-toc-heading-8\" href=\"https:\/\/moverdb.com\/pt\/freight-forwarder\/freight-forwarding-uk\/leeds-freight-forwarder\/#Global_Freight_Managment\" >Gerenciamento global de frete<\/a><\/li><li class='ez-toc-page-1 ez-toc-heading-level-2'><a class=\"ez-toc-link ez-toc-heading-9\" href=\"https:\/\/moverdb.com\/pt\/freight-forwarder\/freight-forwarding-uk\/leeds-freight-forwarder\/#NF_Global_Logistics_Ltd\" >NF Global Logistics Ltd<\/a><\/li><li class='ez-toc-page-1 ez-toc-heading-level-2'><a class=\"ez-toc-link ez-toc-heading-10\" href=\"https:\/\/moverdb.com\/pt\/freight-forwarder\/freight-forwarding-uk\/leeds-freight-forwarder\/#Viamaster_International_Limited\" >Viamaster International Limited<\/a><\/li><li class='ez-toc-page-1 ez-toc-heading-level-2'><a class=\"ez-toc-link ez-toc-heading-11\" href=\"https:\/\/moverdb.com\/pt\/freight-forwarder\/freight-forwarding-uk\/leeds-freight-forwarder\/#Trafertir_Group\" >Grupo Trafertir<\/a><\/li><li class='ez-toc-page-1 ez-toc-heading-level-2'><a class=\"ez-toc-link ez-toc-heading-12\" href=\"https:\/\/moverdb.com\/pt\/freight-forwarder\/freight-forwarding-uk\/leeds-freight-forwarder\/#How_we_picked_the_best_Leeds_Freight_Forwarding_Companies\" >Como escolhemos as melhores empresas de Agenciamento de Fretes de Leeds<\/a><\/li><\/ul><\/nav><\/div>\n<h2><span class=\"ez-toc-section\" id=\"Stagefreight_Ltd\"><\/span>Stagefreight Ltd<span class=\"ez-toc-section-end\"><\/span><\/h2>\n<p><img decoding=\"async\" src=\"https:\/\/moverdb.com\/wp-content\/uploads\/thumbnailpanoidsJktWw5RLAFUCA7lS3M8gQcb_clientsearch.gws-prod.gpsw408h240yaw224.jpg\" alt='Stagefreight Ltd' class=\"aligncenter\"><\/p>\n<p><strong>Descri\u00e7\u00e3o da empresa: <\/strong>Nenhum fornecido<\/p>\n<p><strong>Servi\u00e7os adicionais:<\/strong><\/p>\n<p>Nenhum listado<\/p>\n<p><strong>Endere\u00e7o:<\/strong> 8 Evanston Ave, Burley, Leeds LS4 2HR<\/p>\n<p><a href=\"http:\/\/www.stagefreight.com\/\" target=\"_new\" rel=\"noopener\">Site da Stagefreight Ltd<\/a><\/p>\n<p><strong>Pontua\u00e7\u00e3o da avalia\u00e7\u00e3o: <\/strong>4.7<br \/> <strong>N\u00famero de avalia\u00e7\u00f5es:<\/strong> 27<br \/><a href=\"https:\/\/www.google.co.uk\/maps?cid=9757600350515855313&#038;hl=en&#038;gl=GB\" target=\"_new\" rel=\"noopener\">Ler resenhas<\/a><\/p>\n<h2><span class=\"ez-toc-section\" id=\"Noahs_Ark_to_Southern_Africa\"><\/span>Arca de No\u00e9 no sul da \u00c1frica<span class=\"ez-toc-section-end\"><\/span><\/h2>\n<p><img decoding=\"async\" src=\"https:\/\/moverdb.com\/wp-content\/uploads\/AF1QipMvthLpRPbuH16UhBntAk7oZDa1ogf8hWs_8nhPw408-h306-k-no.jpg\" alt='No\u00e9's ark to southern africa\" class=\"aligncenter\"><\/p>\n<p><strong>Descri\u00e7\u00e3o da empresa: <\/strong>Nenhum fornecido<\/p>\n<p><strong>Servi\u00e7os adicionais:<\/strong><\/p>\n<p>Nenhum listado<\/p>\n<p><strong>Endere\u00e7o:<\/strong> 72 Nowell Mount, Harehills, Leeds LS9 6JH<\/p>\n<p><a href=\"https:\/\/noahsarktosouthernafrica.com\/\" target=\"_new\" rel=\"noopener\">Site da Arca de No\u00e9 para o sul da \u00c1frica<\/a><\/p>\n<p><strong>Pontua\u00e7\u00e3o da avalia\u00e7\u00e3o: <\/strong>5<br \/> <strong>N\u00famero de avalia\u00e7\u00f5es:<\/strong> 1<br \/><a href=\"https:\/\/www.google.co.uk\/maps?cid=16036025965323173007&#038;hl=en&#038;gl=GB\" target=\"_new\" rel=\"noopener\">Ler resenhas<\/a><\/p>\n<h2><span class=\"ez-toc-section\" id=\"Tudor_International_Freight_Limited\"><\/span>Tudor International Freight Limited<span class=\"ez-toc-section-end\"><\/span><\/h2>\n<p><img decoding=\"async\" src=\"https:\/\/moverdb.com\/wp-content\/uploads\/AF1QipMREhEK80k6eJRKoCmQbGise92eKOEQmH6Eb_Ghw408-h272-k-no.jpg\" alt='Tudor International Freight Limited' class=\"aligncenter\"><\/p>\n<p><strong>Descri\u00e7\u00e3o da empresa: <\/strong>A Tudor International Freight \u00e9 uma empresa familiar independente <a href=\"https:\/\/moverdb.com\/pt\/freight-forwarder\/\" data-internallinksmanager029f6b8e52c=\"17\" title=\"Freight Forwarder &amp; NVOCC International Cost &amp; Companies Guide\">agente de cargas<\/a> com status AEO, uma marca de pipa reconhecida internacionalmente.<\/p>\n<p> Fornecemos um servi\u00e7o sob medida para empresas e indiv\u00edduos que precisam de transporte internacional de cargas.<\/p>\n<p>Nossa equipe din\u00e2mica e entusiasmada tem 30 anos de experi\u00eancia no transporte de cargas valiosas em todo o mundo, sejam elas equipamentos especializados, cargas perigosas, cargas superdimensionadas, excesso de bagagem ou pertences pessoais valiosos.<\/p>\n<p> Podemos enviar cargas de qualquer tamanho para qualquer lugar do mundo de forma r\u00e1pida, segura e confi\u00e1vel.<\/p>\n<p>Temos uma rede mundial estabelecida de contatos de frete que permite <a href=\"https:\/\/moverdb.com\/pt\/moving-to-the-united-states\/\" data-internallinksmanager029f6b8e52c=\"94\" title=\"Mudando-se para os Estados Unidos? 2026 Custos de Vida e Dicas de Reloca\u00e7\u00e3o\">n\u00f3s<\/a> para oferecer a voc\u00ea uma experi\u00eancia verdadeiramente pessoal.<\/p>\n<p> Voc\u00ea lidar\u00e1 com o mesmo membro da equipe durante todo o tempo, oferecendo um servi\u00e7o confi\u00e1vel e f\u00e1cil de usar.<\/p>\n<p><strong>Servi\u00e7os adicionais:<\/strong><\/p>\n<p>Servi\u00e7o de log\u00edstica<\/p>\n<p>Servi\u00e7o de remessa<\/p>\n<p><strong>Endere\u00e7o:<\/strong> Low Hall, Parque Empresarial, Low Hall Rd, Horsforth, Leeds LS18 4EF<\/p>\n<p><a href=\"http:\/\/www.tudorfreight.com\/\" target=\"_new\" rel=\"noopener\">Site da Tudor International Freight Limited<\/a><\/p>\n<p><strong>Pontua\u00e7\u00e3o da avalia\u00e7\u00e3o: <\/strong>4.4<br \/> <strong>N\u00famero de avalia\u00e7\u00f5es:<\/strong> 44<br \/><a href=\"https:\/\/www.google.co.uk\/maps?cid=8487732839538556092&#038;hl=en&#038;gl=GB\" target=\"_new\" rel=\"noopener\">Ler resenhas<\/a><\/p>\n<h2><span class=\"ez-toc-section\" id=\"Kuehne_Nagel_Ltd\"><\/span>Kuehne &amp; Nagel Ltd<span class=\"ez-toc-section-end\"><\/span><\/h2>\n<p><img decoding=\"async\" src=\"https:\/\/moverdb.com\/wp-content\/uploads\/AF1QipP0zPGPwk7_marPNKRstoWkUfYjwaclwZGsPf4Lw408-h726-k-no.jpg\" alt='Kuehne &amp; Nagel Ltd' class=\"aligncenter\"><\/p>\n<p><strong>Descri\u00e7\u00e3o da empresa: <\/strong>Nenhum fornecido<\/p>\n<p><strong>Servi\u00e7os adicionais:<\/strong><\/p>\n<p>Nenhum listado<\/p>\n<p><strong>Endere\u00e7o:<\/strong> 1, Colton Mill, Bullerthorpe Ln, Colton, Leeds LS15 9JN<\/p>\n<p><a href=\"https:\/\/uk.kuehne-nagel.com\/\" target=\"_new\" rel=\"noopener\">Site da Kuehne &amp; Nagel Ltd<\/a><\/p>\n<p><strong>Pontua\u00e7\u00e3o da avalia\u00e7\u00e3o: <\/strong>5<br \/> <strong>N\u00famero de avalia\u00e7\u00f5es:<\/strong> 4<br \/><a href=\"https:\/\/www.google.co.uk\/maps?cid=3787922263189969010&#038;hl=en&#038;gl=GB\" target=\"_new\" rel=\"noopener\">Ler resenhas<\/a><\/p>\n<h2><span class=\"ez-toc-section\" id=\"Quality_Freight_Services_Ltd\"><\/span>Quality Freight Services Ltd<span class=\"ez-toc-section-end\"><\/span><\/h2>\n<p><img decoding=\"async\" src=\"https:\/\/moverdb.com\/wp-content\/uploads\/thumbnailpanoidBof9WTiHN4fkDqkDKk1hZwcb_clientsearch.gws-prod.gpsw408h240yaw334.jpg\" alt='Quality Freight Services Ltd' class=\"aligncenter\"><\/p>\n<p><strong>Descri\u00e7\u00e3o da empresa: <\/strong>Nenhum fornecido<\/p>\n<p><strong>Servi\u00e7os adicionais:<\/strong><\/p>\n<p>Nenhum listado<\/p>\n<p><strong>Endere\u00e7o:<\/strong> Suite E, Priestley House, 170 Elland Rd, Beeston, Leeds LS11 8BU<\/p>\n<p><a href=\"http:\/\/www.qualityfreight.co.uk\/\" target=\"_new\" rel=\"noopener\">Site da Quality Freight Services Ltd<\/a><\/p>\n<p><strong>Pontua\u00e7\u00e3o da avalia\u00e7\u00e3o: <\/strong>5<br \/> <strong>N\u00famero de avalia\u00e7\u00f5es:<\/strong> 2<br \/><a href=\"https:\/\/www.google.co.uk\/maps?cid=8608667554999515229&#038;hl=en&#038;gl=GB\" target=\"_new\" rel=\"noopener\">Ler resenhas<\/a><\/p>\n<h2><span class=\"ez-toc-section\" id=\"Fusion_Freight_Ltd\"><\/span>Fusion Freight Ltd<span class=\"ez-toc-section-end\"><\/span><\/h2>\n<p><img decoding=\"async\" src=\"https:\/\/moverdb.com\/wp-content\/uploads\/AF1QipPDMcV52CQ0kWzpt4GgAJSOLEn8NrVjmocyG5zmw408-h725-k-no.jpg\" alt='Fusion Freight Ltd' class=\"aligncenter\"><\/p>\n<p><strong>Descri\u00e7\u00e3o da empresa: <\/strong>Nenhum fornecido<\/p>\n<p><strong>Servi\u00e7os adicionais:<\/strong><\/p>\n<p>Nenhum listado<\/p>\n<p><strong>Endere\u00e7o:<\/strong> Unit 3, Kingsmark Court, Intercity Way, Leeds LS13 4PN<\/p>\n<p><a href=\"http:\/\/www.fusionfreight.com\/\" target=\"_new\" rel=\"noopener\">Site da Fusion Freight Ltd<\/a><\/p>\n<p><strong>Pontua\u00e7\u00e3o da avalia\u00e7\u00e3o: <\/strong>4.5<br \/> <strong>N\u00famero de avalia\u00e7\u00f5es:<\/strong> 17<br \/><a href=\"https:\/\/www.google.co.uk\/maps?cid=15920323368237844885&#038;hl=en&#038;gl=GB\" target=\"_new\" rel=\"noopener\">Ler resenhas<\/a><\/p>\n<h2><span class=\"ez-toc-section\" id=\"Carry_Cargo_International_Freight_Forwarders\"><\/span>Carry Cargo Agentes de carga internacionais<span class=\"ez-toc-section-end\"><\/span><\/h2>\n<p><img decoding=\"async\" src=\"https:\/\/moverdb.com\/wp-content\/uploads\/thumbnailpanoideABAuGLLncylD8Ubd7Rk2Qcb_clientsearch.gws-prod.gpsw408h240yaw122.jpg\" alt='Carry Cargo Agentes de carga internacionais' class=\"aligncenter\"><\/p>\n<p><strong>Descri\u00e7\u00e3o da empresa: <\/strong>Nossa miss\u00e3o \u00e9 ter a excel\u00eancia como padr\u00e3o e o conhecimento e a ambi\u00e7\u00e3o para ter sucesso.<\/p>\n<p>Temos o compromisso de fornecer a melhor solu\u00e7\u00e3o para transportar sua carga da origem ao destino com seguran\u00e7a, dentro do prazo e do or\u00e7amento.<\/p>\n<p>Na Carry Cargo, entendemos que o valor da sua carga \u00e9 importante para voc\u00ea, n\u00e3o apenas medido em dinheiro, mas em tempo, emo\u00e7\u00e3o e consequ\u00eancias.<\/p>\n<p> N\u00f3s o mantemos informado desde a fase de cota\u00e7\u00e3o at\u00e9 a entrega, rastreando sua carga por meio de tecnologia atualizada, para que voc\u00ea tenha total tranquilidade.<\/p>\n<p><strong>Servi\u00e7os adicionais:<\/strong><\/p>\n<p>Servi\u00e7o de log\u00edstica<\/p>\n<p>Servi\u00e7o de remessa<\/p>\n<p><strong>Endere\u00e7o:<\/strong> Ricketts House, Stourton Business Park, Wakefield Rd, Leeds LS10 1DS<\/p>\n<p><a href=\"https:\/\/www.carrycargo.com\/\" target=\"_new\" rel=\"noopener\">Site da Carry Cargo International Freight Forwarders<\/a><\/p>\n<p><strong>Pontua\u00e7\u00e3o da avalia\u00e7\u00e3o: <\/strong>4.6<br \/> <strong>N\u00famero de avalia\u00e7\u00f5es:<\/strong> 10<br \/><a href=\"https:\/\/www.google.co.uk\/maps?cid=18213844545272113774&#038;hl=en&#038;gl=GB\" target=\"_new\" rel=\"noopener\">Ler resenhas<\/a><\/p>\n<h2><span class=\"ez-toc-section\" id=\"Global_Freight_Managment\"><\/span>Gerenciamento global de frete<span class=\"ez-toc-section-end\"><\/span><\/h2>\n<p><img decoding=\"async\" src=\"https:\/\/moverdb.com\/wp-content\/uploads\/AF1QipPkyTG4iVgIl4OSeFHzId74vxXlYbQcBnkU_Jg-w427-h240-k-no.png\" alt='Gerenciamento global de frete' class=\"aligncenter\"><\/p>\n<p><strong>Descri\u00e7\u00e3o da empresa: <\/strong>organiza\u00e7\u00e3o l\u00edder mundial em log\u00edstica e agenciamento de cargas<\/p>\n<p><strong>Servi\u00e7os adicionais:<\/strong><\/p>\n<p>Nenhum listado<\/p>\n<p><strong>Endere\u00e7o:<\/strong> High St, Yeadon, Leeds LS19 7PP<\/p>\n<p><a href=\"http:\/\/www.gfmonline.co.uk\/\" target=\"_new\" rel=\"noopener\">Site da Global Freight Managment<\/a><\/p>\n<p><strong>Pontua\u00e7\u00e3o da avalia\u00e7\u00e3o: <\/strong>2.3<br \/> <strong>N\u00famero de avalia\u00e7\u00f5es:<\/strong> 6<br \/><a href=\"https:\/\/www.google.co.uk\/maps?cid=656515835401224958&#038;hl=en&#038;gl=GB\" target=\"_new\" rel=\"noopener\">Ler resenhas<\/a><\/p>\n<h2><span class=\"ez-toc-section\" id=\"NF_Global_Logistics_Ltd\"><\/span>NF Global Logistics Ltd<span class=\"ez-toc-section-end\"><\/span><\/h2>\n<p><img decoding=\"async\" src=\"https:\/\/moverdb.com\/wp-content\/uploads\/AF1QipOAcyJQVzFwLxPJmR6iWwjyM1ma2yGwCyCe5ioTw408-h544-k-no.jpg\" alt='NF Global Logistics Ltd' class=\"aligncenter\"><\/p>\n<p><strong>Descri\u00e7\u00e3o da empresa: <\/strong>Servi\u00e7os de agenciamento de frete<\/p>\n<p><strong>Servi\u00e7os adicionais:<\/strong><\/p>\n<p>Armaz\u00e9m<\/p>\n<p><strong>Endere\u00e7o:<\/strong> Hawthorne Court, 7, Howley Park Rd, Morley LS27 0FD<\/p>\n<p><a href=\"http:\/\/www.nfglobal.co.uk\/\" target=\"_new\" rel=\"noopener\">Site da NF Global Logistics Ltd<\/a><\/p>\n<p><strong>Pontua\u00e7\u00e3o da avalia\u00e7\u00e3o: <\/strong>4.9<br \/> <strong>N\u00famero de avalia\u00e7\u00f5es:<\/strong> 7<br \/><a href=\"https:\/\/www.google.co.uk\/maps?cid=9198514970112206911&#038;hl=en&#038;gl=GB\" target=\"_new\" rel=\"noopener\">Ler resenhas<\/a><\/p>\n<h2><span class=\"ez-toc-section\" id=\"Viamaster_International_Limited\"><\/span>Viamaster International Limited<span class=\"ez-toc-section-end\"><\/span><\/h2>\n<p><img decoding=\"async\" src=\"https:\/\/moverdb.com\/wp-content\/uploads\/AF1QipPV1p95eNeHZw3qrswKb6XlZYsUHa_zWFSTY-SJw408-h272-k-no.jpg\" alt='Viamaster International Limited' class=\"aligncenter\"><\/p>\n<p><strong>Descri\u00e7\u00e3o da empresa: <\/strong>Servi\u00e7os confi\u00e1veis de frete internacional e log\u00edstica - flex\u00edveis, amig\u00e1veis e confi\u00e1veis.<\/p>\n<p> Transporte rodovi\u00e1rio, mar\u00edtimo e a\u00e9reo abrangente e econ\u00f4mico em que voc\u00ea pode confiar, sempre.<\/p>\n<p><strong>Servi\u00e7os adicionais:<\/strong><\/p>\n<p>Servi\u00e7o de log\u00edstica<\/p>\n<p><strong>Endere\u00e7o:<\/strong> Unit 10, 27 Industrial Estate, Bruntcliffe Ave, Morley, Leeds LS27 0LL<\/p>\n<p><a href=\"http:\/\/www.viamaster-intl.com\/\" target=\"_new\" rel=\"noopener\">Site da Viamaster International Limited<\/a><\/p>\n<p><strong>Pontua\u00e7\u00e3o da avalia\u00e7\u00e3o: <\/strong>4.4<br \/> <strong>N\u00famero de avalia\u00e7\u00f5es:<\/strong> 74<br \/><a href=\"https:\/\/www.google.co.uk\/maps?cid=18239256683452347988&#038;hl=en&#038;gl=GB\" target=\"_new\" rel=\"noopener\">Ler resenhas<\/a><\/p>\n<h2><span class=\"ez-toc-section\" id=\"Trafertir_Group\"><\/span>Grupo Trafertir<span class=\"ez-toc-section-end\"><\/span><\/h2>\n<p><img decoding=\"async\" src=\"https:\/\/moverdb.com\/wp-content\/uploads\/AF1QipOtPY6q4N7snJ6vm-KJ7gdS1xe8UbTP4Q7SC-Qxw408-h306-k-no.jpg\" alt='Grupo Trafertir' class=\"aligncenter\"><\/p>\n<p><strong>Descri\u00e7\u00e3o da empresa: <\/strong>Nenhum fornecido<\/p>\n<p><strong>Servi\u00e7os adicionais:<\/strong><\/p>\n<p>Empresa de entrega<\/p>\n<p><strong>Endere\u00e7o:<\/strong> Unit 4, Towngate Business Centre, Cross Green Vale, Leeds LS9 0SJ<\/p>\n<p><a href=\"http:\/\/www.trafertir.com\/\" target=\"_new\" rel=\"noopener\">Site do Grupo Trafertir<\/a><\/p>\n<p><strong>Pontua\u00e7\u00e3o da avalia\u00e7\u00e3o: <\/strong>4.5<br \/> <strong>N\u00famero de avalia\u00e7\u00f5es:<\/strong> 6<br \/><a href=\"https:\/\/www.google.co.uk\/maps?cid=9097938560071127250&#038;hl=en&#038;gl=GB\" target=\"_new\" rel=\"noopener\">Ler resenhas<\/a><\/p>\n<h2><span class=\"ez-toc-section\" id=\"How_we_picked_the_best_Leeds_Freight_Forwarding_Companies\"><\/span>Como escolhemos as melhores empresas de Agenciamento de Fretes de Leeds<span class=\"ez-toc-section-end\"><\/span><\/h2>\n<p>Come\u00e7amos com um conjunto de dados de 28 empresas de agenciamento de carga de Leeds que pudemos encontrar no Google Maps e reduzimos para as 11 melhores.<\/p>\n<p>Para isso, removemos qualquer empresa que:<\/p>\n<ul>\n<li> N\u00e3o tinha um site<\/li>\n<li> N\u00e3o teve cr\u00edticas<\/li>\n<li> Teve uma pontua\u00e7\u00e3o m\u00e9dia de avalia\u00e7\u00e3o abaixo de 2,0<\/li>\n<\/ul>\n<p>Nesse momento, se tiv\u00e9ssemos 17 ou menos forwarders, listar\u00edamos todos eles.<\/p>\n<p>Para as cidades que ficaram com mais de 17 despachantes, fizemos outras revis\u00f5es aumentando a pontua\u00e7\u00e3o de avalia\u00e7\u00e3o exigida (por exemplo, passando de um m\u00ednimo de 2,0 para 4,0) e\/ou aumentando o n\u00famero m\u00ednimo de avalia\u00e7\u00f5es exigidas (por exemplo, passando de pelo menos 1 avalia\u00e7\u00e3o para pelo menos 10).<\/p>\n<p>Observe que usamos apenas dados de avalia\u00e7\u00e3o do Google Maps e n\u00e3o de outros sites de terceiros.<\/p>\n<p>Mais cidades:<\/p>\n<p><a href=\"https:\/\/moverdb.com\/pt\/transitario-de-carga\/freight-forwarding-uk\/belfast-freight-forwarder\/\">Agente de carga de Belfast<\/a><br \/><a href=\"https:\/\/moverdb.com\/pt\/transitario-de-carga\/freight-forwarding-uk\/hayes-freight-forwarder\/\">Hayes Freight Forwarder<\/a><br \/><a href=\"https:\/\/moverdb.com\/pt\/transitario-de-carga\/freight-forwarding-uk\/bradford-freight-forwarder\/\">Agente de carga de Bradford<\/a><br \/><a href=\"https:\/\/moverdb.com\/pt\/transitario-de-carga\/freight-forwarding-uk\/derby-freight-forwarder\/\">Agente de carga de Derby<\/a><br \/><a href=\"https:\/\/moverdb.com\/pt\/transitario-de-carga\/freight-forwarding-uk\/southall-freight-forwarder\/\">Agente de carga de Southall<\/a><\/p>","protected":false},"excerpt":{"rendered":"<p>Below we look at the 11 &#8220;best&#8221; Freight Forwarding companies in Leeds out of 28. To learn more about how we chose the best please consult our FAQ section at the end. Please not the following listings are in no particular order and we are not making any recommendations for any particular company. Stagefreight Ltd [&hellip;]<\/p>\n","protected":false},"author":1,"featured_media":0,"parent":13427,"menu_order":0,"comment_status":"open","ping_status":"open","template":"","meta":{"_genesis_hide_title":false,"_genesis_hide_breadcrumbs":false,"_genesis_hide_singular_image":false,"_genesis_hide_footer_widgets":false,"_genesis_custom_body_class":"","_genesis_custom_post_class":"","_genesis_layout":"","footnotes":""},"class_list":{"0":"post-13691","1":"page","2":"type-page","3":"status-publish","5":"entry"},"_links":{"self":[{"href":"https:\/\/moverdb.com\/pt\/wp-json\/wp\/v2\/pages\/13691","targetHints":{"allow":["GET"]}}],"collection":[{"href":"https:\/\/moverdb.com\/pt\/wp-json\/wp\/v2\/pages"}],"about":[{"href":"https:\/\/moverdb.com\/pt\/wp-json\/wp\/v2\/types\/page"}],"author":[{"embeddable":true,"href":"https:\/\/moverdb.com\/pt\/wp-json\/wp\/v2\/users\/1"}],"replies":[{"embeddable":true,"href":"https:\/\/moverdb.com\/pt\/wp-json\/wp\/v2\/comments?post=13691"}],"version-history":[{"count":1,"href":"https:\/\/moverdb.com\/pt\/wp-json\/wp\/v2\/pages\/13691\/revisions"}],"predecessor-version":[{"id":15684,"href":"https:\/\/moverdb.com\/pt\/wp-json\/wp\/v2\/pages\/13691\/revisions\/15684"}],"up":[{"embeddable":true,"href":"https:\/\/moverdb.com\/pt\/wp-json\/wp\/v2\/pages\/13427"}],"wp:attachment":[{"href":"https:\/\/moverdb.com\/pt\/wp-json\/wp\/v2\/media?parent=13691"}],"curies":[{"name":"wp","href":"https:\/\/api.w.org\/{rel}","templated":true}]}}