{"id":11807,"date":"2023-09-11T13:19:11","date_gmt":"2023-09-11T13:19:11","guid":{"rendered":"https:\/\/moverdb.com\/?page_id=11807"},"modified":"2026-01-08T14:46:00","modified_gmt":"2026-01-08T14:46:00","slug":"money-transfer-template","status":"publish","type":"page","link":"https:\/\/moverdb.com\/pt\/international-money-transfer-services\/money-transfer-template\/","title":{"rendered":"{{mpg_company_1}} vs {{mpg_company_2}}: Compara\u00e7\u00e3o de taxas e avalia\u00e7\u00f5es"},"content":{"rendered":"<p>Tanto {{mpg_company_1}} quanto {{mpg_company_2}} s\u00e3o populares <a href=\"https:\/\/moverdb.com\/pt\/international-money-transfer-services\/\" data-internallinksmanager029f6b8e52c=\"239\" title=\"11 melhores servi\u00e7os de transfer\u00eancia internacional de dinheiro em 2026\">servi\u00e7os de transfer\u00eancia internacional de dinheiro<\/a>. Mas qual deles \u00e9 o melhor?<\/p>\n\n\n\n<p>A seguir, comparamos as taxas e as avalia\u00e7\u00f5es.<\/p>\n\n\n\n<div id=\"ez-toc-container\" class=\"ez-toc-v2_0_82_2 ez-toc-wrap-left counter-hierarchy ez-toc-counter ez-toc-transparent ez-toc-container-direction\">\n<div class=\"ez-toc-title-container\">\n<p class=\"ez-toc-title\" style=\"cursor:inherit\">Se\u00e7\u00f5es<\/p>\n<span class=\"ez-toc-title-toggle\"><a href=\"#\" class=\"ez-toc-pull-right ez-toc-btn ez-toc-btn-xs ez-toc-btn-default ez-toc-toggle\" aria-label=\"Alternar tabela de conte\u00fado\"><span class=\"ez-toc-js-icon-con\"><span class=\"\"><span class=\"eztoc-hide\" style=\"display:none;\">Alternar<\/span><span class=\"ez-toc-icon-toggle-span\"><svg style=\"fill: #999;color:#999\" xmlns=\"http:\/\/www.w3.org\/2000\/svg\" class=\"list-377408\" width=\"20px\" height=\"20px\" viewbox=\"0 0 24 24\" fill=\"none\"><path d=\"M6 6H4v2h2V6zm14 0H8v2h12V6zM4 11h2v2H4v-2zm16 0H8v2h12v-2zM4 16h2v2H4v-2zm16 0H8v2h12v-2z\" fill=\"currentColor\"><\/path><\/svg><svg style=\"fill: #999;color:#999\" class=\"arrow-unsorted-368013\" xmlns=\"http:\/\/www.w3.org\/2000\/svg\" width=\"10px\" height=\"10px\" viewbox=\"0 0 24 24\" version=\"1.2\" baseprofile=\"tiny\"><path d=\"M18.2 9.3l-6.2-6.3-6.2 6.3c-.2.2-.3.4-.3.7s.1.5.3.7c.2.2.4.3.7.3h11c.3 0 .5-.1.7-.3.2-.2.3-.5.3-.7s-.1-.5-.3-.7zM5.8 14.7l6.2 6.3 6.2-6.3c.2-.2.3-.5.3-.7s-.1-.5-.3-.7c-.2-.2-.4-.3-.7-.3h-11c-.3 0-.5.1-.7.3-.2.2-.3.5-.3.7s.1.5.3.7z\"\/><\/svg><\/span><\/span><\/span><\/a><\/span><\/div>\n<nav><ul class='ez-toc-list ez-toc-list-level-1 eztoc-toggle-hide-by-default' ><li class='ez-toc-page-1 ez-toc-heading-level-2'><a class=\"ez-toc-link ez-toc-heading-1\" href=\"https:\/\/moverdb.com\/pt\/international-money-transfer-services\/money-transfer-template\/#Fees\" >Taxas<\/a><\/li><li class='ez-toc-page-1 ez-toc-heading-level-2'><a class=\"ez-toc-link ez-toc-heading-2\" href=\"https:\/\/moverdb.com\/pt\/international-money-transfer-services\/money-transfer-template\/#Reviews\" >Coment\u00e1rios<\/a><\/li><li class='ez-toc-page-1 ez-toc-heading-level-2'><a class=\"ez-toc-link ez-toc-heading-3\" href=\"https:\/\/moverdb.com\/pt\/international-money-transfer-services\/money-transfer-template\/#Features\" >Recursos<\/a><\/li><li class='ez-toc-page-1 ez-toc-heading-level-2'><a class=\"ez-toc-link ez-toc-heading-4\" href=\"https:\/\/moverdb.com\/pt\/international-money-transfer-services\/money-transfer-template\/#Company_Comparison\" >Compara\u00e7\u00e3o de empresas<\/a><\/li><li class='ez-toc-page-1 ez-toc-heading-level-2'><a class=\"ez-toc-link ez-toc-heading-5\" href=\"https:\/\/moverdb.com\/pt\/international-money-transfer-services\/money-transfer-template\/#mpg_company_1_Pros_Cons\" >{{mpg_company_1}} Pr\u00f3s e contras<\/a><ul class='ez-toc-list-level-3' ><li class='ez-toc-heading-level-3'><a class=\"ez-toc-link ez-toc-heading-6\" href=\"https:\/\/moverdb.com\/pt\/international-money-transfer-services\/money-transfer-template\/#mpg_company_1_Pros\" >{{mpg_company_1}} Pr\u00f3s<\/a><\/li><li class='ez-toc-page-1 ez-toc-heading-level-3'><a class=\"ez-toc-link ez-toc-heading-7\" href=\"https:\/\/moverdb.com\/pt\/international-money-transfer-services\/money-transfer-template\/#mpg_company_1_Cons\" >{{mpg_company_1}} Contras<\/a><\/li><\/ul><\/li><li class='ez-toc-page-1 ez-toc-heading-level-2'><a class=\"ez-toc-link ez-toc-heading-8\" href=\"https:\/\/moverdb.com\/pt\/international-money-transfer-services\/money-transfer-template\/#mpg_company_2_Pros_Cons\" >{{mpg_company_2}} Pr\u00f3s e contras<\/a><ul class='ez-toc-list-level-3' ><li class='ez-toc-heading-level-3'><a class=\"ez-toc-link ez-toc-heading-9\" href=\"https:\/\/moverdb.com\/pt\/international-money-transfer-services\/money-transfer-template\/#mpg_company_2_Pros\" >{{mpg_company_2}} Pr\u00f3s<\/a><\/li><li class='ez-toc-page-1 ez-toc-heading-level-3'><a class=\"ez-toc-link ez-toc-heading-10\" href=\"https:\/\/moverdb.com\/pt\/international-money-transfer-services\/money-transfer-template\/#mpg_company_2_Cons\" >{{mpg_company_2}} Contras<\/a><\/li><\/ul><\/li><\/ul><\/nav><\/div>\n<h2 class=\"wp-block-heading\"><span class=\"ez-toc-section\" id=\"Fees\"><\/span>Taxas<span class=\"ez-toc-section-end\"><\/span><\/h2>\n\n\n\n<figure class=\"wp-block-table\"><table><tbody><tr><td><\/td><td><strong><a href=\"\/pt\/{{mpg_url_1}}\/\" rel=\"nofollow\">{{mpg_company_1}}<\/a><\/strong><\/td><td><strong><a href=\"\/pt\/{{mpg_url_2}}\/\" rel=\"nofollow\">{{mpg_company_2}}<\/a><\/strong><\/td><\/tr><tr><td><strong>P\u00e1gina inicial<\/strong><\/td><td><a href=\"\/pt\/{{mpg_url_1}}\/\" rel=\"nofollow\"><img decoding=\"async\" src=\"{{mpg_image_url_1}}\"><\/a><\/td><td><a href=\"\/pt\/{{mpg_url_2}}\/\" rel=\"nofollow\"><img decoding=\"async\" src=\"{{mpg_image_url_2}}\"><\/a><\/td><\/tr><tr><td><strong>Taxa de transfer\u00eancia<\/strong><\/td><td>{{mpg_transfer_fee_1}}<\/td><td>{{mpg_transfer_fee_2}}<\/td><\/tr><tr><td><strong>Margem de c\u00e2mbio m\u00e9dia<\/strong><\/td><td>{{mpg_average_exchange_rate_markup_1}}<\/td><td>{{mpg_average_exchange_rate_markup_2}}<\/td><\/tr><tr><td><strong>Valor m\u00ednimo de transfer\u00eancia<\/strong><\/td><td>{{mpg_minimum_transfer_amount_1}}<\/td><td>{{mpg_minimum_transfer_amount_2}}<\/td><\/tr><tr><td><strong>Montante m\u00e1ximo de transfer\u00eancia<\/strong><\/td><td>{{mpg_maximum_transfer_amount_1}}<\/td><td>{{mpg_maximum_transfer_amount_2}}<\/td><\/tr><\/tbody><\/table><figcaption class=\"wp-element-caption\"><em>Todas as informa\u00e7\u00f5es foram extra\u00eddas do site de cada empresa, mas foram alteradas desde ent\u00e3o.<\/em> <\/figcaption><\/figure>\n\n\n<div class=\"cg-box-layout-seven    cg-orange\"  data-bottom-arrow=\"true\"><div class=\"cg-our-top-pick\">Servi\u00e7o de Transfer\u00eancia de Dinheiro mais bem avaliado<\/div><div class=\"cg-layout-row\"><div class=\"cg-layout-img\"><a href=\"https:\/\/www.currenciesdirect.com\/aff\/v1\/moverdb.php\" target=\"_blank\" rel=\"nofollow noopener\" class=\"cg-aff-link\" data-post-title=\"Currencies Direct\" data-aff-link=\"https:\/\/www.currenciesdirect.com\/aff\/v1\/moverdb.php\" data-post-type=\"box\" data-post-id=\"153684\"><img decoding=\"async\" src=\"https:\/\/moverdb.com\/wp-content\/uploads\/currencies-direct-1.png\" class=\"cg-img-1\" alt=\"Moedas Diretas\"><\/a><\/div><div class=\"cg-layout-content\"><div class=\"cg-text\"><p><span style=\"font-size: 14pt;\"><strong><a href=\"https:\/\/moverdb.com\/pt\/international-money-transfer-services\/currencies-direct-review\/\" data-internallinksmanager029f6b8e52c=\"237\" title=\"Currencies Direct International Money Transfer Review 2026\">Moedas Diretas<\/a> <\/strong>s\u00e3o os melhores classificados do Servi\u00e7o Internacional de Transfer\u00eancia de Dinheiro em nossa lista.<\/span><\/p><ul><li><span style=\"font-size: 14pt;\"><strong>4,9 de 5 <\/strong>no Trustpilot com base em mais de 8.000 revis\u00f5es &nbsp;<\/span><\/li><li><span style=\"font-size: 14pt;\"><strong>Sem taxas de transfer\u00eancia<\/strong><\/span><\/li><li><span style=\"font-size: 14pt;\">Taxas de bancarrota<\/span><\/li><li><span style=\"font-size: 14pt;\">Servi\u00e7o premiado<\/span><\/li><li><span style=\"font-size: 14pt;\"><strong>Oferta exclusiva de cart\u00e3o presente Amazon<\/strong> para usu\u00e1rios do MoverDB.com&nbsp;<\/span><\/li><\/ul><\/div><div class=\"cg-lc-button\"><span class='cta-copy'><a href=\"https:\/\/www.currenciesdirect.com\/aff\/v1\/moverdb.php\" class=\"cg-one-button cg-btn cg-red  cg-aff-link cg-btn-lg\" data-post-id=\"153684\" data-post-type=\"box\" data-aff-link=\"https:\/\/www.currenciesdirect.com\/aff\/v1\/moverdb.php\" data-style=\"default\" data-post-title=\"Currencies Direct\" data-extra=\"arrow\" style=\"\" target=\"\" rel=\"nofollow noopener\">Obtenha um or\u00e7amento gratuito agora!<\/a><\/span><\/span><\/div><\/div><div class=\"cg-bottom-arrow\"><\/div><\/div><\/div>\n\n\n\n\n\n<p><\/p>\n\n\n\n<h2 class=\"wp-block-heading\"><span class=\"ez-toc-section\" id=\"Reviews\"><\/span>Coment\u00e1rios<span class=\"ez-toc-section-end\"><\/span><\/h2>\n\n\n\n<figure class=\"wp-block-table\"><table><tbody><tr><td><\/td><td><strong><a href=\"\/pt\/{{mpg_url_1}}\/\" rel=\"nofollow\">{{mpg_company_1}}<\/a><\/strong><\/td><td><strong><a href=\"\/pt\/{{mpg_url_2}}\/\" rel=\"nofollow\">{{mpg_company_2}}<\/a><\/strong><\/td><\/tr><tr><td><strong>Classifica\u00e7\u00e3o do piloto de confian\u00e7a<\/strong><\/td><td><a href=\"\/pt\/{{mpg_truspilot_url_1}}\/\" target=\"_new\" rel=\"noopener\">{{mpg_trustpilot_rating_1}}<\/a><\/td><td><a href=\"\/pt\/{{mpg_truspilot_url_2}}\/\" target=\"_new\" rel=\"noopener\">{{mpg_trustpilot_rating_2}}<\/a><\/td><\/tr><tr><td><strong>N\u00famero de avalia\u00e7\u00f5es da Trustpilot<\/strong><\/td><td>{{mpg_trustpilot_number_of_reviews_1}}<\/td><td>{{mpg_trustpilot_number_of_reviews_2}}<\/td><\/tr><tr><td><strong>Classifica\u00e7\u00e3o de aplicativos iOS<\/strong><\/td><td><a href=\"\/pt\/{{mpg_ios_app_url_1}}\/\" target=\"_new\" rel=\"noopener\">{{mpg_ios_app_rating_1}}<\/a><\/td><td><a href=\"\/pt\/{{mpg_ios_app_url_2}}\/\" target=\"_new\" rel=\"noopener\">{{mpg_ios_app_rating_2}}<\/a><\/td><\/tr><tr><td><strong>N\u00famero de avalia\u00e7\u00f5es de aplicativos iOS<\/strong><\/td><td>{{mpg_ios_app_number_of_reviews_1}}<\/td><td>{{mpg_ios_app_number_of_reviews_2}}<\/td><\/tr><tr><td><strong>Classifica\u00e7\u00e3o de aplicativos Android<\/strong><\/td><td><a href=\"\/pt\/{{mpg_android_app_url_1}}\/\" target=\"_new\" rel=\"noopener\">{{mpg_android_app_rating_1}}<\/a><\/td><td><a href=\"\/pt\/{{mpg_android_app_url_2}}\/\" target=\"_new\" rel=\"noopener\">{{mpg_android_app_rating_2}}<\/a><\/td><\/tr><tr><td>N\u00famero de avalia\u00e7\u00f5es de aplicativos Android<\/td><td>{{mpg_android_app_number_of_reviews_1}}<\/td><td>{{mpg_android_app_number_of_reviews_2}}<\/td><\/tr><\/tbody><\/table><figcaption class=\"wp-element-caption\"><em>Dados extra\u00eddos de sites relevantes no momento da publica\u00e7\u00e3o. <\/em><\/figcaption><\/figure>\n\n\n\n<p><\/p>\n\n\n\n<h2 class=\"wp-block-heading\"><span class=\"ez-toc-section\" id=\"Features\"><\/span>Recursos<span class=\"ez-toc-section-end\"><\/span><\/h2>\n\n\n\n<figure class=\"wp-block-table\"><table><tbody><tr><td><\/td><td><strong><a href=\"\/pt\/{{mpg_url_1}}\/\" rel=\"nofollow\">{{mpg_company_1}}<\/a><\/strong><\/td><td><strong><a href=\"\/pt\/{{mpg_url_2}}\/\" rel=\"nofollow\">{{mpg_company_2}}<\/a><\/strong><\/td><\/tr><tr><td><strong>Transfer\u00eancias de aplicativos<\/strong><\/td><td>{{mpg_app_transfers_1}}<\/td><td>{{mpg_app_transfers_2}}<\/td><\/tr><tr><td><strong>Transfer\u00eancias on-line<\/strong><\/td><td>{{mpg_online_transfers_1}}<\/td><td>{{mpg_online_transfers_2}}<\/td><\/tr><tr><td><strong>Transfer\u00eancias telef\u00f4nicas<\/strong><\/td><td>{{mpg_phone_transfers_1}}<\/td><td>{{mpg_phone_transfers_2}}<\/td><\/tr><tr><td><strong>Transfer\u00eancias presenciais<\/strong><\/td><td>{{mpg_in-person_transfers_1}}<\/td><td>{{mpg_in-person_transfers_2}}<\/td><\/tr><tr><td><strong>Pa\u00edses dispon\u00edveis<\/strong><\/td><td>{{mpg_available_countries_1}}<\/td><td>{{mpg_available_countries_2}}<\/td><\/tr><tr><td><strong>N\u00famero de moedas<\/strong><\/td><td>{{mpg_number_of_currencies_1}}<\/td><td>{{mpg_number_of_currencies_2}}<\/td><\/tr><tr><td><strong>Formas de pagamento<\/strong><\/td><td>{{mpg_payment_methods_1}}<\/td><td>{{mpg_payment_methods_2}}<\/td><\/tr><tr><td><strong>M\u00e9todos de recebimento<\/strong><\/td><td>{{mpg_receiving_methods_1}}<\/td><td>{{mpg_receiving_methods_2}}<\/td><\/tr><tr><td><strong>Op\u00e7\u00e3o de retirada de dinheiro<\/strong><\/td><td>{{mpg_cash_pickup_option_1}}<\/td><td>{{mpg_cash_pickup_option_2}}<\/td><\/tr><tr><td><strong>Flexibilidade de pagamentos<\/strong><\/td><td>{{mpg_payments_flexibility_1}}<\/td><td>{{mpg_payments_flexibility_2}}<\/td><\/tr><tr><td><strong>Idiomas suportados<\/strong><\/td><td>{{mpg_supported_languages_1}}<\/td><td>{{mpg_supported_languages_2}}<\/td><\/tr><tr><td><strong>Velocidade de transfer\u00eancia<\/strong><\/td><td>{{mpg_transfer_speed_1}}<\/td><td>{{mpg_transfer_speed_2}}<\/td><\/tr><tr><td><strong>Revendedor Dedicado<\/strong><\/td><td>{{mpg_dedicated_dealer_1}}<\/td><td>{{mpg_dedicated_dealer_2}}<\/td><\/tr><tr><td><strong>Cota\u00e7\u00e3o personalizada instant\u00e2nea<\/strong><\/td><td>{{mpg_instant_custom_quote_1}}<\/td><td>{{mpg_instant_custom_quote_2}}<\/td><\/tr><tr><td><strong>Caracter\u00edsticas comerciais<\/strong><\/td><td>{{mpg_business_features_1}}<\/td><td>{{mpg_business_features_2}}<\/td><\/tr><tr><td><strong>Cart\u00e3o de d\u00e9bito<\/strong><\/td><td>{{mpg_debit_card_1}}<\/td><td>{{mpg_debit_card_2}}<\/td><\/tr><tr><td><strong>Pol\u00edtica de cancelamento<\/strong><\/td><td>{{mpg_cancellation_policy_1}}<\/td><td>{{mpg_cancellation_policy_2}}<\/td><\/tr><tr><td><strong>Adequa\u00e7\u00e3o<\/strong><\/td><td>{{mpg_suitability_1}}<\/td><td>{{mpg_suitability_2}}<\/td><\/tr><\/tbody><\/table><\/figure>\n\n\n<div class=\"cg-box-layout-seven    cg-orange\"  data-bottom-arrow=\"true\"><div class=\"cg-our-top-pick\">Servi\u00e7o de Transfer\u00eancia de Dinheiro mais bem avaliado<\/div><div class=\"cg-layout-row\"><div class=\"cg-layout-img\"><a href=\"https:\/\/www.currenciesdirect.com\/aff\/v1\/moverdb.php\" target=\"_blank\" rel=\"nofollow noopener\" class=\"cg-aff-link\" data-post-title=\"Currencies Direct\" data-aff-link=\"https:\/\/www.currenciesdirect.com\/aff\/v1\/moverdb.php\" data-post-type=\"box\" data-post-id=\"153684\"><img decoding=\"async\" src=\"https:\/\/moverdb.com\/wp-content\/uploads\/currencies-direct-1.png\" class=\"cg-img-1\" alt=\"Moedas Diretas\"><\/a><\/div><div class=\"cg-layout-content\"><div class=\"cg-text\"><p><span style=\"font-size: 14pt;\"><strong>Moedas Diretas <\/strong>s\u00e3o os melhores classificados do Servi\u00e7o Internacional de Transfer\u00eancia de Dinheiro em nossa lista.<\/span><\/p><ul><li><span style=\"font-size: 14pt;\"><strong>4,9 de 5 <\/strong>no Trustpilot com base em mais de 8.000 revis\u00f5es &nbsp;<\/span><\/li><li><span style=\"font-size: 14pt;\"><strong>Sem taxas de transfer\u00eancia<\/strong><\/span><\/li><li><span style=\"font-size: 14pt;\">Taxas de bancarrota<\/span><\/li><li><span style=\"font-size: 14pt;\">Servi\u00e7o premiado<\/span><\/li><li><span style=\"font-size: 14pt;\"><strong>Oferta exclusiva de cart\u00e3o presente Amazon<\/strong> para usu\u00e1rios do MoverDB.com&nbsp;<\/span><\/li><\/ul><\/div><div class=\"cg-lc-button\"><span class='cta-copy'><a href=\"https:\/\/www.currenciesdirect.com\/aff\/v1\/moverdb.php\" class=\"cg-one-button cg-btn cg-red  cg-aff-link cg-btn-lg\" data-post-id=\"153684\" data-post-type=\"box\" data-aff-link=\"https:\/\/www.currenciesdirect.com\/aff\/v1\/moverdb.php\" data-style=\"default\" data-post-title=\"Currencies Direct\" data-extra=\"arrow\" style=\"\" target=\"\" rel=\"nofollow noopener\">Obtenha um or\u00e7amento gratuito agora!<\/a><\/span><\/span><\/div><\/div><div class=\"cg-bottom-arrow\"><\/div><\/div><\/div>\n\n\n\n\n\n<h2 class=\"wp-block-heading\"><span class=\"ez-toc-section\" id=\"Company_Comparison\"><\/span>Compara\u00e7\u00e3o de empresas<span class=\"ez-toc-section-end\"><\/span><\/h2>\n\n\n\n<figure class=\"wp-block-table\"><table><tbody><tr><td><\/td><td><strong><a href=\"\/pt\/{{mpg_url_1}}\/\" rel=\"nofollow\">{{mpg_company_1}}<\/a><\/strong><\/td><td><strong><a href=\"https:\/\/moverdb.com\/wp-admin\/%7B%7Bmpg_url_2%7D%7D\">{{mpg_company_2}}<\/a><\/strong><\/td><\/tr><tr><td><strong>Ano de funda\u00e7\u00e3o<\/strong><\/td><td>{{mpg_yead_founded_1}}<\/td><td>{{mpg_yead_founded_2}}<\/td><\/tr><tr><td><strong>Sede social<\/strong><\/td><td>{{mpg_headquarters_1}}<\/td><td>{{mpg_headquarters_2}}<\/td><\/tr><tr><td><strong>Outros locais de escrit\u00f3rios<\/strong><\/td><td>{{mpg_other_office_locations_1}}<\/td><td>{{mpg_other_office_locations_2}}<\/td><\/tr><tr><td><strong>Volume anual de negocia\u00e7\u00e3o<\/strong><\/td><td>{{mpg_annual_trading_volume_1}}<\/td><td>{{mpg_annual_trading_volume_2}}<\/td><\/tr><tr><td><strong>N\u00famero de funcion\u00e1rios<\/strong><\/td><td>{{mpg_number_of_employees_1}}<\/td><td>{{mpg_number_of_employees_2}}<\/td><\/tr><tr><td><strong>N\u00famero de clientes<\/strong><\/td><td>{{mpg_number_of_clients_1}}<\/td><td>{{mpg_number_of_clients_2}}<\/td><\/tr><tr><td><strong>Institui\u00e7\u00f5es reguladoras<\/strong><\/td><td>{{mpg_regulatory_institution_1}}<\/td><td>{{mpg_regulatory_institution_2}}<\/td><\/tr><tr><td><strong>Pr\u00eamios<\/strong><\/td><td>{{mpg_awards_1}}<\/td><td>{{mpg_awards_2}}<\/td><\/tr><\/tbody><\/table><figcaption class=\"wp-element-caption\"><em>Dados extra\u00eddos dos sites da empresa e de outros sites de terceiros. Acreditava-se que eram precisos no momento da publica\u00e7\u00e3o, mas podem ter mudado desde ent\u00e3o.<\/em><\/figcaption><\/figure>\n\n\n\n<h2 class=\"wp-block-heading\"><span class=\"ez-toc-section\" id=\"mpg_company_1_Pros_Cons\"><\/span>{{mpg_company_1}} Pr\u00f3s e contras<span class=\"ez-toc-section-end\"><\/span><\/h2>\n\n\n\n<p><a href=\"\/pt\/{{mpg_url_1}}\/\" rel=\"nofollow\"><img decoding=\"async\" src=\"{{mpg_image_url_1}}\"><\/a><\/p>\n\n\n\n<h3 class=\"wp-block-heading\" style=\"color: green\"><span class=\"ez-toc-section\" id=\"mpg_company_1_Pros\"><\/span>{{mpg_company_1}} Pr\u00f3s<span class=\"ez-toc-section-end\"><\/span><\/h3>\n\n\n\n<p>{{mpg_pros_1}}<\/p>\n\n\n\n<h3 class=\"wp-block-heading\" style=\"color: red\"><span class=\"ez-toc-section\" id=\"mpg_company_1_Cons\"><\/span>{{mpg_company_1}} Contras<span class=\"ez-toc-section-end\"><\/span><\/h3>\n\n\n\n<p>{{mpg_cons_1}}<\/p>\n\n\n\n<h2 class=\"wp-block-heading\"><span class=\"ez-toc-section\" id=\"mpg_company_2_Pros_Cons\"><\/span>{{mpg_company_2}} Pr\u00f3s e contras<span class=\"ez-toc-section-end\"><\/span><\/h2>\n\n\n\n<p><a href=\"\/pt\/{{mpg_url_2}}\/\" rel=\"nofollow\"><img decoding=\"async\" src=\"{{mpg_image_url_2}}\"><\/a><\/p>\n\n\n\n<h3 class=\"wp-block-heading\" style=\"color: green\"><span class=\"ez-toc-section\" id=\"mpg_company_2_Pros\"><\/span>{{mpg_company_2}} Pr\u00f3s<span class=\"ez-toc-section-end\"><\/span><\/h3>\n\n\n\n<p>{{mpg_pros_2}}<\/p>\n\n\n\n<h3 class=\"wp-block-heading\" style=\"color: red\"><span class=\"ez-toc-section\" id=\"mpg_company_2_Cons\"><\/span>{{mpg_company_2}} Contras<span class=\"ez-toc-section-end\"><\/span><\/h3>\n\n\n\n<p>{{mpg_cons_2}}<\/p>\n\n\n<div class=\"cg-box-layout-seven    cg-orange\"  data-bottom-arrow=\"true\"><div class=\"cg-our-top-pick\">Servi\u00e7o de Transfer\u00eancia de Dinheiro mais bem avaliado<\/div><div class=\"cg-layout-row\"><div class=\"cg-layout-img\"><a href=\"https:\/\/www.currenciesdirect.com\/aff\/v1\/moverdb.php\" target=\"_blank\" rel=\"nofollow noopener\" class=\"cg-aff-link\" data-post-title=\"Currencies Direct\" data-aff-link=\"https:\/\/www.currenciesdirect.com\/aff\/v1\/moverdb.php\" data-post-type=\"box\" data-post-id=\"153684\"><img decoding=\"async\" src=\"https:\/\/moverdb.com\/wp-content\/uploads\/currencies-direct-1.png\" class=\"cg-img-1\" alt=\"Moedas Diretas\"><\/a><\/div><div class=\"cg-layout-content\"><div class=\"cg-text\"><p><span style=\"font-size: 14pt;\"><strong>Moedas Diretas <\/strong>s\u00e3o os melhores classificados do Servi\u00e7o Internacional de Transfer\u00eancia de Dinheiro em nossa lista.<\/span><\/p><ul><li><span style=\"font-size: 14pt;\"><strong>4,9 de 5 <\/strong>no Trustpilot com base em mais de 8.000 revis\u00f5es &nbsp;<\/span><\/li><li><span style=\"font-size: 14pt;\"><strong>Sem taxas de transfer\u00eancia<\/strong><\/span><\/li><li><span style=\"font-size: 14pt;\">Taxas de bancarrota<\/span><\/li><li><span style=\"font-size: 14pt;\">Servi\u00e7o premiado<\/span><\/li><li><span style=\"font-size: 14pt;\"><strong>Oferta exclusiva de cart\u00e3o presente Amazon<\/strong> para usu\u00e1rios do MoverDB.com&nbsp;<\/span><\/li><\/ul><\/div><div class=\"cg-lc-button\"><span class='cta-copy'><a href=\"https:\/\/www.currenciesdirect.com\/aff\/v1\/moverdb.php\" class=\"cg-one-button cg-btn cg-red  cg-aff-link cg-btn-lg\" data-post-id=\"153684\" data-post-type=\"box\" data-aff-link=\"https:\/\/www.currenciesdirect.com\/aff\/v1\/moverdb.php\" data-style=\"default\" data-post-title=\"Currencies Direct\" data-extra=\"arrow\" style=\"\" target=\"\" rel=\"nofollow noopener\">Obtenha um or\u00e7amento gratuito agora!<\/a><\/span><\/span><\/div><\/div><div class=\"cg-bottom-arrow\"><\/div><\/div><\/div>\n\n\n\n\n<\/p>\n<p>Veja mais compara\u00e7\u00f5es:<\/p>\n<p>{{mpg_link}}<\/p>\n\n\n<p><\/p>","protected":false},"excerpt":{"rendered":"<p>Both {{mpg_company_1}} and {{mpg_company_2}} are popular international money transfer services. But which one is better? Below we compare them on their fees and reviews. Fees {{mpg_company_1}} {{mpg_company_2}} Homepage Transfer Fee {{mpg_transfer_fee_1}} {{mpg_transfer_fee_2}} Average Exchange Rate Markup {{mpg_average_exchange_rate_markup_1}} {{mpg_average_exchange_rate_markup_2}} Minimum Transfer Amount {{mpg_minimum_transfer_amount_1}} {{mpg_minimum_transfer_amount_2}} Maximum Transfer Amount {{mpg_maximum_transfer_amount_1}} {{mpg_maximum_transfer_amount_2}} All information taken from each company&#8217;s website, [&hellip;]<\/p>\n","protected":false},"author":1,"featured_media":0,"parent":7319,"menu_order":0,"comment_status":"closed","ping_status":"closed","template":"","meta":{"_genesis_hide_title":false,"_genesis_hide_breadcrumbs":false,"_genesis_hide_singular_image":false,"_genesis_hide_footer_widgets":false,"_genesis_custom_body_class":"","_genesis_custom_post_class":"","_genesis_layout":"","footnotes":""},"class_list":{"0":"post-11807","1":"page","2":"type-page","3":"status-publish","5":"entry"},"_links":{"self":[{"href":"https:\/\/moverdb.com\/pt\/wp-json\/wp\/v2\/pages\/11807","targetHints":{"allow":["GET"]}}],"collection":[{"href":"https:\/\/moverdb.com\/pt\/wp-json\/wp\/v2\/pages"}],"about":[{"href":"https:\/\/moverdb.com\/pt\/wp-json\/wp\/v2\/types\/page"}],"author":[{"embeddable":true,"href":"https:\/\/moverdb.com\/pt\/wp-json\/wp\/v2\/users\/1"}],"replies":[{"embeddable":true,"href":"https:\/\/moverdb.com\/pt\/wp-json\/wp\/v2\/comments?post=11807"}],"version-history":[{"count":27,"href":"https:\/\/moverdb.com\/pt\/wp-json\/wp\/v2\/pages\/11807\/revisions"}],"predecessor-version":[{"id":15503,"href":"https:\/\/moverdb.com\/pt\/wp-json\/wp\/v2\/pages\/11807\/revisions\/15503"}],"up":[{"embeddable":true,"href":"https:\/\/moverdb.com\/pt\/wp-json\/wp\/v2\/pages\/7319"}],"wp:attachment":[{"href":"https:\/\/moverdb.com\/pt\/wp-json\/wp\/v2\/media?parent=11807"}],"curies":[{"name":"wp","href":"https:\/\/api.w.org\/{rel}","templated":true}]}}