{"id":11668,"date":"2023-11-29T10:49:05","date_gmt":"2023-11-29T10:49:05","guid":{"rendered":"https:\/\/moverdb.com\/?page_id=11668"},"modified":"2026-01-08T15:29:30","modified_gmt":"2026-01-08T15:29:30","slug":"moving-companies-us-texas","status":"publish","type":"page","link":"https:\/\/moverdb.com\/pt\/moving-companies\/moving-companies-us-texas\/","title":{"rendered":"7 melhores empresas de mudan\u00e7as internacionais no Texas"},"content":{"rendered":"<p>Planejar uma mudan\u00e7a pode ser um momento estressante, ent\u00e3o por que n\u00e3o pedir a ajuda de um <a href=\"https:\/\/moverdb.com\/pt\/moving-companies\/\" data-internallinksmanager029f6b8e52c=\"79\" title=\"As 25 maiores empresas de mudan\u00e7as internacionais on-line\">empresa de mudan\u00e7as<\/a> para esclarecer sua carga? Eles podem ajudar no planejamento, embalar seus pertences e providenciar o transporte, al\u00e9m de lidar com a alf\u00e2ndega em caso de mudan\u00e7a internacional. Abaixo, compilamos uma lista de <a href=\"https:\/\/moverdb.com\/pt\/moving-to-the-united-states\/moving-to-texas\/\" data-internallinksmanager029f6b8e52c=\"397\" title=\"Mudan\u00e7a para o Texas? 2026 Custo de vida e dicas de realoca\u00e7\u00e3o\">Texas<\/a> sediada em <a href=\"https:\/\/moverdb.com\/pt\/international-removals\/\" data-internallinksmanager029f6b8e52c=\"27\" title=\"36 melhores empresas de mudan\u00e7as internacionais no Reino Unido\">empresas de mudan\u00e7as<\/a> que s\u00e3o membros do <a href=\"https:\/\/moverdb.com\/pt\/iam\/\" data-internallinksmanager029f6b8e52c=\"23\" title=\"Associa\u00e7\u00e3o Internacional de Remotores (IAM) Explicado\">Associa\u00e7\u00e3o Internacional de Movers<\/a> (IAM) e\/ou <a href=\"https:\/\/moverdb.com\/pt\/fidi-faim\/\" data-internallinksmanager029f6b8e52c=\"16\" title=\"FIDI &amp; FAIM (FIDI Accredited International Mover) Explicado\">FIDI<\/a> Credenciado pela International Mover (FAIM), que poderia ajud\u00e1-lo com sua mudan\u00e7a.<\/p>\n<div id=\"ez-toc-container\" class=\"ez-toc-v2_0_83 ez-toc-wrap-left counter-hierarchy ez-toc-counter ez-toc-transparent ez-toc-container-direction\">\n<div class=\"ez-toc-title-container\">\n<p class=\"ez-toc-title\" style=\"cursor:inherit\">Se\u00e7\u00f5es<\/p>\n<span class=\"ez-toc-title-toggle\"><a href=\"#\" class=\"ez-toc-pull-right ez-toc-btn ez-toc-btn-xs ez-toc-btn-default ez-toc-toggle\" aria-label=\"Alternar tabela de conte\u00fado\"><span class=\"ez-toc-js-icon-con\"><span class=\"\"><span class=\"eztoc-hide\" style=\"display:none;\">Alternar<\/span><span class=\"ez-toc-icon-toggle-span\"><svg style=\"fill: #999;color:#999\" xmlns=\"http:\/\/www.w3.org\/2000\/svg\" class=\"list-377408\" width=\"20px\" height=\"20px\" viewbox=\"0 0 24 24\" fill=\"none\"><path d=\"M6 6H4v2h2V6zm14 0H8v2h12V6zM4 11h2v2H4v-2zm16 0H8v2h12v-2zM4 16h2v2H4v-2zm16 0H8v2h12v-2z\" fill=\"currentColor\"><\/path><\/svg><svg style=\"fill: #999;color:#999\" class=\"arrow-unsorted-368013\" xmlns=\"http:\/\/www.w3.org\/2000\/svg\" width=\"10px\" height=\"10px\" viewbox=\"0 0 24 24\" version=\"1.2\" baseprofile=\"tiny\"><path d=\"M18.2 9.3l-6.2-6.3-6.2 6.3c-.2.2-.3.4-.3.7s.1.5.3.7c.2.2.4.3.7.3h11c.3 0 .5-.1.7-.3.2-.2.3-.5.3-.7s-.1-.5-.3-.7zM5.8 14.7l6.2 6.3 6.2-6.3c.2-.2.3-.5.3-.7s-.1-.5-.3-.7c-.2-.2-.4-.3-.7-.3h-11c-.3 0-.5.1-.7.3-.2.2-.3.5-.3.7s.1.5.3.7z\"\/><\/svg><\/span><\/span><\/span><\/a><\/span><\/div>\n<nav><ul class='ez-toc-list ez-toc-list-level-1 eztoc-toggle-hide-by-default' ><li class='ez-toc-page-1 ez-toc-heading-level-2'><a class=\"ez-toc-link ez-toc-heading-1\" href=\"https:\/\/moverdb.com\/pt\/moving-companies\/moving-companies-us-texas\/#1_A-1_Freeman_Moving_Group\" >1. A-1 Freeman Moving Group<\/a><\/li><li class='ez-toc-page-1 ez-toc-heading-level-2'><a class=\"ez-toc-link ez-toc-heading-2\" href=\"https:\/\/moverdb.com\/pt\/moving-companies\/moving-companies-us-texas\/#2_Central_Transportation_Systems\" >2. Sistemas centrais de transporte<\/a><\/li><li class='ez-toc-page-1 ez-toc-heading-level-2'><a class=\"ez-toc-link ez-toc-heading-3\" href=\"https:\/\/moverdb.com\/pt\/moving-companies\/moving-companies-us-texas\/#3_Daryl_Flood_Moving_Storage\" >3. Daryl Flood Moving &amp; Storage<\/a><\/li><li class='ez-toc-page-1 ez-toc-heading-level-2'><a class=\"ez-toc-link ez-toc-heading-4\" href=\"https:\/\/moverdb.com\/pt\/moving-companies\/moving-companies-us-texas\/#4_Firefighters_Finest_Moving_Storage\" >4. Firefighter's Finest Moving &amp; Storage<\/a><\/li><li class='ez-toc-page-1 ez-toc-heading-level-2'><a class=\"ez-toc-link ez-toc-heading-5\" href=\"https:\/\/moverdb.com\/pt\/moving-companies\/moving-companies-us-texas\/#5_Scobey_Moving_Storage\" >5. Scobey Moving &amp; Storage<\/a><\/li><li class='ez-toc-page-1 ez-toc-heading-level-2'><a class=\"ez-toc-link ez-toc-heading-6\" href=\"https:\/\/moverdb.com\/pt\/moving-companies\/moving-companies-us-texas\/#6_Trans_Global_Auto_Logistics\" >6. Trans Global Auto Logistics<\/a><\/li><li class='ez-toc-page-1 ez-toc-heading-level-2'><a class=\"ez-toc-link ez-toc-heading-7\" href=\"https:\/\/moverdb.com\/pt\/moving-companies\/moving-companies-us-texas\/#7_Transportation_Worldwide\" >7. Transporte em todo o mundo<\/a><\/li><\/ul><\/nav><\/div>\n<h2><span class=\"ez-toc-section\" id=\"1_A-1_Freeman_Moving_Group\"><\/span><strong>1. A-1 Freeman Moving Group<\/strong><span class=\"ez-toc-section-end\"><\/span><\/h2>\n<p><img loading=\"lazy\" decoding=\"async\" class=\"alignnone size-full wp-image-11236\" src=\"https:\/\/moverdb.com\/wp-content\/uploads\/A1-Freeman-Moving-Group-international-moving-company.png\" alt=\"A1 Freeman Moving Group empresa de mudan\u00e7as internacionais\" width=\"1440\" height=\"675\" data-wp-pid=\"11236\" srcset=\"https:\/\/moverdb.com\/wp-content\/uploads\/A1-Freeman-Moving-Group-international-moving-company.png 1440w, https:\/\/moverdb.com\/wp-content\/uploads\/A1-Freeman-Moving-Group-international-moving-company-300x141.png 300w, https:\/\/moverdb.com\/wp-content\/uploads\/A1-Freeman-Moving-Group-international-moving-company-1024x480.png 1024w, https:\/\/moverdb.com\/wp-content\/uploads\/A1-Freeman-Moving-Group-international-moving-company-18x8.png 18w, https:\/\/moverdb.com\/wp-content\/uploads\/A1-Freeman-Moving-Group-international-moving-company-600x281.png 600w\" sizes=\"auto, (max-width: 1440px) 100vw, 1440px\" \/><\/p>\n<ul>\n<li>Mudan\u00e7as locais e de longa dist\u00e2ncia<\/li>\n<li>Movimentos internacionais<\/li>\n<li>Mudan\u00e7as residenciais<\/li>\n<li>Movimentos comerciais<\/li>\n<li>Mudan\u00e7as corporativas<\/li>\n<li>Suporte antes da mudan\u00e7a<\/li>\n<li>Op\u00e7\u00f5es de embalagem<\/li>\n<li>Desembara\u00e7o aduaneiro<\/li>\n<li>Transporte de ve\u00edculos<\/li>\n<li>Instala\u00e7\u00f5es de armazenamento<\/li>\n<\/ul>\n<p>O A-1 Freeman Moving Group \u00e9 uma empresa de mudan\u00e7as, realoca\u00e7\u00e3o e transporte fundada em 1974, com 12 unidades em todo o pa\u00eds. <a href=\"https:\/\/moverdb.com\/pt\/moving-to-the-united-states\/\" data-internallinksmanager029f6b8e52c=\"94\" title=\"Mudando-se para os Estados Unidos? 2026 Custos de Vida e Dicas de Reloca\u00e7\u00e3o\">US<\/a> incluindo seis no Texas em <a href=\"https:\/\/moverdb.com\/pt\/moving-to-dallas\/\" data-internallinksmanager029f6b8e52c=\"41\" title=\"Mudando-se para Dallas? 2026 Custos de Vida e Dicas de Reloca\u00e7\u00e3o\">Dallas<\/a>, El Paso, <a href=\"https:\/\/moverdb.com\/pt\/moving-to-houston\/\" data-internallinksmanager029f6b8e52c=\"47\" title=\"Mudando-se para Houston? 2026 Custos de Vida e Dicas de Reloca\u00e7\u00e3o\">Houston<\/a>San Antonio, Wichita Falls e Nolanville. Eles s\u00e3o um agente da North American Van Lines, o que lhes proporciona uma rede de agentes de mudan\u00e7a com os quais trabalhar. Eles s\u00e3o membros da IAM com 33 anos de experi\u00eancia.<\/p>\n<p>O A-1 Freeman Moving Group oferece um or\u00e7amento gratuito e apoio no planejamento pr\u00e9vio. Eles t\u00eam equipes totalmente treinadas e capacitadas que prestam servi\u00e7os de embalagem profissionais e personalizados com op\u00e7\u00f5es de servi\u00e7o completo de embalagem, embalagem somente para itens fr\u00e1geis e op\u00e7\u00f5es de auto-embalagem.<\/p>\n<p>Website: <a href=\"https:\/\/www.a-1freeman.com\/\" target=\"_blank\" rel=\"noopener\">https:\/\/www.a-1freeman.com\/<\/a><\/p>\n<h2><span class=\"ez-toc-section\" id=\"2_Central_Transportation_Systems\"><\/span><strong>2. Sistemas centrais de transporte<\/strong><span class=\"ez-toc-section-end\"><\/span><\/h2>\n<p><img loading=\"lazy\" decoding=\"async\" class=\"alignnone size-full wp-image-11283\" src=\"https:\/\/moverdb.com\/wp-content\/uploads\/Central-Transportation-Systems-international-moving-company.png\" alt=\"Empresa de mudan\u00e7as internacionais Central Transportation Systems\" width=\"1440\" height=\"676\" data-wp-pid=\"11283\" srcset=\"https:\/\/moverdb.com\/wp-content\/uploads\/Central-Transportation-Systems-international-moving-company.png 1440w, https:\/\/moverdb.com\/wp-content\/uploads\/Central-Transportation-Systems-international-moving-company-300x141.png 300w, https:\/\/moverdb.com\/wp-content\/uploads\/Central-Transportation-Systems-international-moving-company-1024x481.png 1024w, https:\/\/moverdb.com\/wp-content\/uploads\/Central-Transportation-Systems-international-moving-company-18x8.png 18w, https:\/\/moverdb.com\/wp-content\/uploads\/Central-Transportation-Systems-international-moving-company-600x282.png 600w\" sizes=\"auto, (max-width: 1440px) 100vw, 1440px\" \/><\/p>\n<ul>\n<li>Mudan\u00e7as locais e de longa dist\u00e2ncia<\/li>\n<li>Movimentos internacionais<\/li>\n<li>Mudan\u00e7as residenciais<\/li>\n<li>Movimentos comerciais<\/li>\n<li>Servi\u00e7o porta-a-porta<\/li>\n<li>Coordenadores de mudan\u00e7a dedicados<\/li>\n<li>Servi\u00e7o de embalagem<\/li>\n<li>Desembara\u00e7o aduaneiro<\/li>\n<li>Cobertura de seguro contra todos os riscos<\/li>\n<li>Armazenamento de curto e longo prazo<\/li>\n<\/ul>\n<p>A Central Transportation Systems \u00e9 uma empresa de mudan\u00e7as e armazenamento com unidades em El Paso, Austin, Killeen e Waco. Eles s\u00e3o agentes da United Van Lines e t\u00eam uma rede profissional de parcerias que fornecem log\u00edstica de terceiros e os auxiliam na presta\u00e7\u00e3o de seus servi\u00e7os. Eles s\u00e3o membros da IAM com 96 anos de experi\u00eancia.<\/p>\n<p>A Central Transportation Systems oferece servi\u00e7os de mudan\u00e7a porta a porta com um coordenador de mudan\u00e7a qualificado que criar\u00e1 um plano de mudan\u00e7a personalizado para atender \u00e0s suas necessidades e ao seu or\u00e7amento. Eles oferecem servi\u00e7o completo de mudan\u00e7as com uma equipe qualificada de transportadores para embalar e encaixotar seus pertences com per\u00edcia e cuidar do desembara\u00e7o aduaneiro.<\/p>\n<p>Website: <a href=\"http:\/\/www.centralsystems.com\" target=\"_blank\" rel=\"noopener\">http:\/\/www.centralsystems.com<\/a><\/p>\n<h2><span class=\"ez-toc-section\" id=\"3_Daryl_Flood_Moving_Storage\"><\/span><strong>3. Daryl Flood Moving &amp; Storage<\/strong><span class=\"ez-toc-section-end\"><\/span><\/h2>\n<p><img loading=\"lazy\" decoding=\"async\" class=\"alignnone size-full wp-image-11303\" src=\"https:\/\/moverdb.com\/wp-content\/uploads\/Daryl-Flood-Moving-Storage-international-moving-company.png\" alt=\"Daryl Flood Moving &amp; Storage empresa de mudan\u00e7as internacionais\" width=\"1440\" height=\"675\" data-wp-pid=\"11303\" srcset=\"https:\/\/moverdb.com\/wp-content\/uploads\/Daryl-Flood-Moving-Storage-international-moving-company.png 1440w, https:\/\/moverdb.com\/wp-content\/uploads\/Daryl-Flood-Moving-Storage-international-moving-company-300x141.png 300w, https:\/\/moverdb.com\/wp-content\/uploads\/Daryl-Flood-Moving-Storage-international-moving-company-1024x480.png 1024w, https:\/\/moverdb.com\/wp-content\/uploads\/Daryl-Flood-Moving-Storage-international-moving-company-18x8.png 18w, https:\/\/moverdb.com\/wp-content\/uploads\/Daryl-Flood-Moving-Storage-international-moving-company-600x281.png 600w\" sizes=\"auto, (max-width: 1440px) 100vw, 1440px\" \/><\/p>\n<ul>\n<li>Mudan\u00e7as locais e de longa dist\u00e2ncia<\/li>\n<li>Movimentos internacionais<\/li>\n<li>Mudan\u00e7as residenciais<\/li>\n<li>Mudan\u00e7as de escrit\u00f3rio<\/li>\n<li>Coordenador dedicado a mudan\u00e7as internacionais<\/li>\n<li>Servi\u00e7o porta-a-porta<\/li>\n<li>Servi\u00e7o de embalagem<\/li>\n<li>Apoio alfandeg\u00e1rio<\/li>\n<li>Servi\u00e7os de assentamento<\/li>\n<li>Servi\u00e7os de armazenamento seguro<\/li>\n<\/ul>\n<p>A Daryl Flood Moving &amp; Storage \u00e9 uma empresa de mudan\u00e7as formada em 1982, com unidades em Austin e Dallas, <a href=\"https:\/\/moverdb.com\/pt\/moving-to-fort-worth\/\" data-internallinksmanager029f6b8e52c=\"45\" title=\"Mudando-se para Fort Worth? 2026 Custos de Vida e Dicas de Reloca\u00e7\u00e3o\">Fort Worth<\/a>Houston e San Antonio. Eles s\u00e3o agentes da Mayflower Van Lines, o que lhes d\u00e1 uma rede mais ampla de empresas de mudan\u00e7a com as quais trabalhar nos EUA para prestar seus servi\u00e7os. Eles s\u00e3o credenciados pela FIDI.<\/p>\n<p>A Daryl Flood Moving &amp; Storage oferece servi\u00e7os de mudan\u00e7a porta a porta personalizados com op\u00e7\u00f5es de servi\u00e7o completo ou de embalagem DIY (fa\u00e7a voc\u00ea mesmo). Eles oferecem equipes de mudan\u00e7a profissionais treinadas e avaliadas que podem embalar total ou parcialmente seus pertences usando materiais de embalagem de alta qualidade. Eles oferecem servi\u00e7os de acomoda\u00e7\u00e3o, inclusive busca de casas e escolas, orienta\u00e7\u00e3o e acomoda\u00e7\u00e3o tempor\u00e1ria.<\/p>\n<p>Website: <a href=\"http:\/\/www.darylflood.com\" target=\"_blank\" rel=\"noopener\">http:\/\/www.darylflood.com<\/a><\/p>\n<h2><span class=\"ez-toc-section\" id=\"4_Firefighters_Finest_Moving_Storage\"><\/span><strong>4. Firefighter's Finest Moving &amp; Storage<\/strong><span class=\"ez-toc-section-end\"><\/span><\/h2>\n<p><img loading=\"lazy\" decoding=\"async\" class=\"alignnone size-full wp-image-11320\" src=\"https:\/\/moverdb.com\/wp-content\/uploads\/Firefightings-Finest-Moving-Storage-international-moving-company.png\" alt=\"Firefightings Finest Moving &amp; Storage empresa de mudan\u00e7as internacionais\" width=\"1440\" height=\"676\" data-wp-pid=\"11320\" srcset=\"https:\/\/moverdb.com\/wp-content\/uploads\/Firefightings-Finest-Moving-Storage-international-moving-company.png 1440w, https:\/\/moverdb.com\/wp-content\/uploads\/Firefightings-Finest-Moving-Storage-international-moving-company-300x141.png 300w, https:\/\/moverdb.com\/wp-content\/uploads\/Firefightings-Finest-Moving-Storage-international-moving-company-1024x481.png 1024w, https:\/\/moverdb.com\/wp-content\/uploads\/Firefightings-Finest-Moving-Storage-international-moving-company-18x8.png 18w, https:\/\/moverdb.com\/wp-content\/uploads\/Firefightings-Finest-Moving-Storage-international-moving-company-600x282.png 600w\" sizes=\"auto, (max-width: 1440px) 100vw, 1440px\" \/><\/p>\n<ul>\n<li>Mudan\u00e7as locais<\/li>\n<li>Movimentos de longa dist\u00e2ncia<\/li>\n<li>Mudan\u00e7as dom\u00e9sticas<\/li>\n<li>Movimentos comerciais<\/li>\n<li>Estimativa gratuita<\/li>\n<li>Servi\u00e7o de embalagem<\/li>\n<li>Organiza\u00e7\u00e3o do transporte<\/li>\n<li>Manuseio de belas artes e antiguidades<\/li>\n<li>Servi\u00e7o de desembalagem<\/li>\n<li>Armazenamento a longo e curto prazo<\/li>\n<\/ul>\n<p>A Firefighting's Finest Moving &amp; Storage \u00e9 uma empresa de mudan\u00e7as fundada em 2001 por dois bombeiros fora de servi\u00e7o, que se expandiu para ter unidades em Fort Worth, Dallas, Houston e Austin. Eles s\u00e3o membros da IAM com 19 anos de experi\u00eancia, o que lhes proporciona uma rede de empresas de mudan\u00e7as com as quais trabalhar.<\/p>\n<p>A Firefighting's Finest Moving &amp; Storage oferece um servi\u00e7o gratuito de <a href=\"https:\/\/moverdb.com\/pt\/quotes\/\" data-internallinksmanager029f6b8e52c=\"26\" title=\"Cota\u00e7\u00f5es de Mudan\u00e7as Internacionais: 12 Perguntas a Fazer ao seu Mover\">or\u00e7amento em movimento<\/a> e eles o ajudar\u00e3o a planejar sua mudan\u00e7a. Eles t\u00eam equipes de mudan\u00e7a profissionais de alta qualidade que fornecer\u00e3o acolchoamento, filme stretch, carrinhos e outros equipamentos para proteger seus itens em tr\u00e2nsito, especialmente os fr\u00e1geis.<\/p>\n<p>Website: <a href=\"http:\/\/www.firefightermovers.com\" target=\"_blank\" rel=\"noopener\">http:\/\/www.firefightermovers.com<\/a><\/p>\n<h2><span class=\"ez-toc-section\" id=\"5_Scobey_Moving_Storage\"><\/span><strong>5. Scobey Moving &amp; Storage<\/strong><span class=\"ez-toc-section-end\"><\/span><\/h2>\n<p><img loading=\"lazy\" decoding=\"async\" class=\"alignnone size-full wp-image-11436\" src=\"https:\/\/moverdb.com\/wp-content\/uploads\/Scobey-Moving-Storage-international-moving-company.png\" alt=\"Empresa de mudan\u00e7as internacionais Scobey Moving &amp; Storage\" width=\"1440\" height=\"675\" data-wp-pid=\"11436\" srcset=\"https:\/\/moverdb.com\/wp-content\/uploads\/Scobey-Moving-Storage-international-moving-company.png 1440w, https:\/\/moverdb.com\/wp-content\/uploads\/Scobey-Moving-Storage-international-moving-company-300x141.png 300w, https:\/\/moverdb.com\/wp-content\/uploads\/Scobey-Moving-Storage-international-moving-company-1024x480.png 1024w, https:\/\/moverdb.com\/wp-content\/uploads\/Scobey-Moving-Storage-international-moving-company-18x8.png 18w, https:\/\/moverdb.com\/wp-content\/uploads\/Scobey-Moving-Storage-international-moving-company-600x281.png 600w\" sizes=\"auto, (max-width: 1440px) 100vw, 1440px\" \/><\/p>\n<ul>\n<li>Mudan\u00e7as locais e de longa dist\u00e2ncia<\/li>\n<li>Movimentos internacionais<\/li>\n<li>Mudan\u00e7as dom\u00e9sticas<\/li>\n<li>Movimentos comerciais<\/li>\n<li>Mudan\u00e7as militares e governamentais<\/li>\n<li>Servi\u00e7os personalizados<\/li>\n<li>Movimentos de servi\u00e7o completo<\/li>\n<li>Escolha de op\u00e7\u00f5es de embalagem<\/li>\n<li>Rastreamento de embarque<\/li>\n<li>Armazenamento de curto e longo prazo<\/li>\n<\/ul>\n<p>A Scobey Moving &amp; Storage \u00e9 uma empresa de servi\u00e7os de mudan\u00e7a com unidades em Killeen, El Paso e San Antonio. Eles s\u00e3o afiliados \u00e0 Mayflower Transit e t\u00eam uma rede diversificada de empresas de mudan\u00e7a para apoi\u00e1-los no fornecimento de servi\u00e7os de mudan\u00e7a e armazenamento. A empresa \u00e9 membro da IAM e tem 110 anos de experi\u00eancia.<\/p>\n<p>A Scobey Moving &amp; Storage oferece uma pesquisa presencial ou virtual para avaliar suas necessidades de mudan\u00e7a e fornecer um or\u00e7amento. Eles oferecem uma variedade de servi\u00e7os de embalagem ou op\u00e7\u00f5es de auto-embalagem. Eles oferecem um servi\u00e7o de mudan\u00e7a porta a porta personalizado com um coordenador de mudan\u00e7a para dar suporte a voc\u00ea. Oferecem servi\u00e7os de embalagem com engradados personalizados e cobertura total do valor de reposi\u00e7\u00e3o.<\/p>\n<p>Website: <a href=\"http:\/\/www.scobeymoving.com\/\" target=\"_blank\" rel=\"noopener\">http:\/\/www.scobeymoving.com\/<\/a><\/p>\n<h2><span class=\"ez-toc-section\" id=\"6_Trans_Global_Auto_Logistics\"><\/span><strong>6. Trans Global Auto Logistics<\/strong><span class=\"ez-toc-section-end\"><\/span><\/h2>\n<p><img loading=\"lazy\" decoding=\"async\" class=\"alignnone size-full wp-image-11459\" src=\"https:\/\/moverdb.com\/wp-content\/uploads\/Trans-Global-Auto-Logistics-international-moving-company.png\" alt=\"Trans Global Auto Logistics empresa de mudan\u00e7as internacionais\" width=\"1440\" height=\"655\" data-wp-pid=\"11459\" srcset=\"https:\/\/moverdb.com\/wp-content\/uploads\/Trans-Global-Auto-Logistics-international-moving-company.png 1440w, https:\/\/moverdb.com\/wp-content\/uploads\/Trans-Global-Auto-Logistics-international-moving-company-300x136.png 300w, https:\/\/moverdb.com\/wp-content\/uploads\/Trans-Global-Auto-Logistics-international-moving-company-1024x466.png 1024w, https:\/\/moverdb.com\/wp-content\/uploads\/Trans-Global-Auto-Logistics-international-moving-company-18x8.png 18w, https:\/\/moverdb.com\/wp-content\/uploads\/Trans-Global-Auto-Logistics-international-moving-company-600x273.png 600w\" sizes=\"auto, (max-width: 1440px) 100vw, 1440px\" \/><\/p>\n<ul>\n<li>Movimentos nacionais<\/li>\n<li>Movimentos internacionais<\/li>\n<li>Mudan\u00e7as dom\u00e9sticas<\/li>\n<li>Movimentos comerciais<\/li>\n<li>Transporte de carros<\/li>\n<li>Transporte de barco<\/li>\n<li>Transporte de equipamentos pesados<\/li>\n<li>Op\u00e7\u00e3o de transporte aberto ou fechado<\/li>\n<li>Carga terrestre, a\u00e9rea e mar\u00edtima<\/li>\n<li>Desembara\u00e7o aduaneiro<\/li>\n<\/ul>\n<p>A Trans Global Auto Logistics \u00e9 uma empresa de log\u00edstica automotiva e de produtos pesados <a href=\"https:\/\/moverdb.com\/pt\/shipping-companies\/\" data-internallinksmanager029f6b8e52c=\"4\" title=\"As 10 maiores empresas de transporte mar\u00edtimo internacional de cont\u00eaineres\">empresa de navega\u00e7\u00e3o<\/a> que seja um transportador comum n\u00e3o propriet\u00e1rio de embarca\u00e7\u00e3o licenciado e segurado (<a href=\"https:\/\/moverdb.com\/pt\/freight-forwarder\/\" data-internallinksmanager029f6b8e52c=\"17\" title=\"Freight Forwarder &amp; NVOCC International Cost &amp; Companies Guide\">NVOCC<\/a>) que tem filiais em Arlington, Orlando e Charleston, <a href=\"https:\/\/moverdb.com\/pt\/moving-to-the-united-states\/moving-to-new-jersey\/\" data-internallinksmanager029f6b8e52c=\"417\" title=\"Mudan\u00e7a para Nova Jersey? 2026 Custo de vida e dicas de realoca\u00e7\u00e3o\">Nova Jersey<\/a> e Savannah. Eles tamb\u00e9m oferecem apenas transporte de bens dom\u00e9sticos. Eles s\u00e3o membros da IAM.<\/p>\n<p>A Trans Global Auto Logistics oferece uma cota\u00e7\u00e3o gratuita para transportar sua carga e seus especialistas em transporte trabalhar\u00e3o com voc\u00ea para entender suas necessidades e fornecer uma estimativa precisa. Eles podem transportar uma variedade de ve\u00edculos, desde carros cl\u00e1ssicos at\u00e9 barcos e equipamentos industriais pesados, com op\u00e7\u00f5es de transporte aberto ou fechado.<\/p>\n<p>Website: <a href=\"http:\/\/www.tgal.us\" target=\"_blank\" rel=\"noopener\">http:\/\/www.tgal.us<\/a><\/p>\n<h2><span class=\"ez-toc-section\" id=\"7_Transportation_Worldwide\"><\/span><strong>7. Transporte em todo o mundo<\/strong><span class=\"ez-toc-section-end\"><\/span><\/h2>\n<p><img loading=\"lazy\" decoding=\"async\" class=\"alignnone size-full wp-image-11460\" src=\"https:\/\/moverdb.com\/wp-content\/uploads\/Transportation-Worldwide-international-moving-company.png\" alt=\"Transportation Worldwide empresa de mudan\u00e7as internacionais\" width=\"1440\" height=\"654\" data-wp-pid=\"11460\" srcset=\"https:\/\/moverdb.com\/wp-content\/uploads\/Transportation-Worldwide-international-moving-company.png 1440w, https:\/\/moverdb.com\/wp-content\/uploads\/Transportation-Worldwide-international-moving-company-300x136.png 300w, https:\/\/moverdb.com\/wp-content\/uploads\/Transportation-Worldwide-international-moving-company-1024x465.png 1024w, https:\/\/moverdb.com\/wp-content\/uploads\/Transportation-Worldwide-international-moving-company-18x8.png 18w, https:\/\/moverdb.com\/wp-content\/uploads\/Transportation-Worldwide-international-moving-company-600x273.png 600w\" sizes=\"auto, (max-width: 1440px) 100vw, 1440px\" \/><\/p>\n<ul>\n<li>Movimentos nacionais<\/li>\n<li>Movimentos internacionais<\/li>\n<li>Mudan\u00e7as dom\u00e9sticas<\/li>\n<li>Mudan\u00e7as corporativas<\/li>\n<li>Ponto \u00fanico de contato<\/li>\n<li>Gerenciamento de mudan\u00e7as<\/li>\n<li>Rastreamento de embarque<\/li>\n<li>Apoio alfandeg\u00e1rio<\/li>\n<li>Armazenamento seguro<\/li>\n<\/ul>\n<p>A Transportation Worldwide \u00e9 uma empresa de realoca\u00e7\u00e3o e transporte com mais de 30 anos de experi\u00eancia e est\u00e1 sediada em Katy. A empresa oferece servi\u00e7os de mudan\u00e7a internacional para mais de 135 pa\u00edses em todo o mundo, em parceria com relacionamentos cuidadosamente desenvolvidos. A empresa \u00e9 membro da IAM, com 36 anos de experi\u00eancia, e \u00e9 credenciada pela FIDI.<\/p>\n<p>A Transportation Worldwide oferece suporte a pessoas que est\u00e3o se mudando e a empresas que est\u00e3o realocando seus funcion\u00e1rios, o que pode incluir assist\u00eancia com pol\u00edticas, an\u00e1lise de or\u00e7amento e monitoramento do progresso de v\u00e1rias mudan\u00e7as e relat\u00f3rios sobre elas. A empresa oferece suporte a empresas de mudan\u00e7as internacionais com sua riqueza de conhecimento e experi\u00eancia em mudan\u00e7as para diversos pa\u00edses.<\/p>\n<p>Website: <a href=\"https:\/\/www.twwmove.com\/\" target=\"_blank\" rel=\"noopener\">https:\/\/www.twwmove.com\/<\/a><\/p>","protected":false},"excerpt":{"rendered":"<p>Planning a move can be a stressful time, so why not enlist the help of a moving company to enlighten your load? They can assist with the planning, can pack your belongings and arrange transportation as well as deal with customs if moving internationally. Below we have compiled a list of Texas based removal companies [&hellip;]<\/p>\n","protected":false},"author":4,"featured_media":11236,"parent":190,"menu_order":0,"comment_status":"closed","ping_status":"closed","template":"","meta":{"_genesis_hide_title":false,"_genesis_hide_breadcrumbs":false,"_genesis_hide_singular_image":false,"_genesis_hide_footer_widgets":false,"_genesis_custom_body_class":"","_genesis_custom_post_class":"","_genesis_layout":"","footnotes":""},"class_list":{"0":"post-11668","1":"page","2":"type-page","3":"status-publish","4":"has-post-thumbnail","6":"entry"},"_links":{"self":[{"href":"https:\/\/moverdb.com\/pt\/wp-json\/wp\/v2\/pages\/11668","targetHints":{"allow":["GET"]}}],"collection":[{"href":"https:\/\/moverdb.com\/pt\/wp-json\/wp\/v2\/pages"}],"about":[{"href":"https:\/\/moverdb.com\/pt\/wp-json\/wp\/v2\/types\/page"}],"author":[{"embeddable":true,"href":"https:\/\/moverdb.com\/pt\/wp-json\/wp\/v2\/users\/4"}],"replies":[{"embeddable":true,"href":"https:\/\/moverdb.com\/pt\/wp-json\/wp\/v2\/comments?post=11668"}],"version-history":[{"count":2,"href":"https:\/\/moverdb.com\/pt\/wp-json\/wp\/v2\/pages\/11668\/revisions"}],"predecessor-version":[{"id":11670,"href":"https:\/\/moverdb.com\/pt\/wp-json\/wp\/v2\/pages\/11668\/revisions\/11670"}],"up":[{"embeddable":true,"href":"https:\/\/moverdb.com\/pt\/wp-json\/wp\/v2\/pages\/190"}],"wp:featuredmedia":[{"embeddable":true,"href":"https:\/\/moverdb.com\/pt\/wp-json\/wp\/v2\/media\/11236"}],"wp:attachment":[{"href":"https:\/\/moverdb.com\/pt\/wp-json\/wp\/v2\/media?parent=11668"}],"curies":[{"name":"wp","href":"https:\/\/api.w.org\/{rel}","templated":true}]}}