{"id":11666,"date":"2023-11-29T10:31:41","date_gmt":"2023-11-29T10:31:41","guid":{"rendered":"https:\/\/moverdb.com\/?page_id=11666"},"modified":"2026-01-08T15:24:27","modified_gmt":"2026-01-08T15:24:27","slug":"moving-companies-us-tennessee","status":"publish","type":"page","link":"https:\/\/moverdb.com\/pt\/moving-companies\/moving-companies-us-tennessee\/","title":{"rendered":"3 melhores empresas de mudan\u00e7as internacionais no Tennessee"},"content":{"rendered":"<p>Est\u00e1 planejando uma mudan\u00e7a? Ent\u00e3o, contrate os servi\u00e7os de um <a href=\"https:\/\/moverdb.com\/pt\/moving-companies\/\" data-internallinksmanager029f6b8e52c=\"79\" title=\"As 25 maiores empresas de mudan\u00e7as internacionais on-line\">empresa de mudan\u00e7as<\/a> pode realmente ajudar a aliviar a carga de trabalho. Eles podem ajudar a planejar a mudan\u00e7a, providenciar o transporte, embalar os pertences e lidar com a alf\u00e2ndega em mudan\u00e7as internacionais. Abaixo, compilamos uma lista de <a href=\"https:\/\/moverdb.com\/pt\/moving-to-the-united-states\/moving-to-tennessee\/\" data-internallinksmanager029f6b8e52c=\"406\" title=\"Mudan\u00e7a para o Tennessee? 2026 Custo de vida e dicas de realoca\u00e7\u00e3o\">Tennessee<\/a> sediada em <a href=\"https:\/\/moverdb.com\/pt\/international-removals\/\" data-internallinksmanager029f6b8e52c=\"27\" title=\"36 melhores empresas de mudan\u00e7as internacionais no Reino Unido\">empresas de mudan\u00e7as<\/a> que s\u00e3o membros do <a href=\"https:\/\/moverdb.com\/pt\/iam\/\" data-internallinksmanager029f6b8e52c=\"23\" title=\"Associa\u00e7\u00e3o Internacional de Remotores (IAM) Explicado\">Associa\u00e7\u00e3o Internacional de Movers<\/a> (IAM) e\/ou <a href=\"https:\/\/moverdb.com\/pt\/fidi-faim\/\" data-internallinksmanager029f6b8e52c=\"16\" title=\"FIDI &amp; FAIM (FIDI Accredited International Mover) Explicado\">FIDI<\/a> Credenciado pela International Mover (FAIM) que poderia ajud\u00e1-lo em sua mudan\u00e7a.<\/p>\n<h2><strong>1. Apex Moving &amp; Storage<\/strong><\/h2>\n<p><img loading=\"lazy\" decoding=\"async\" class=\"alignnone size-full wp-image-11256\" src=\"https:\/\/moverdb.com\/wp-content\/uploads\/Apex-Moving-Storage-international-moving-company.png\" alt=\"Empresa de mudan\u00e7as internacionais Apex Moving &amp; Storage\" width=\"1440\" height=\"680\" data-wp-pid=\"11256\" srcset=\"https:\/\/moverdb.com\/wp-content\/uploads\/Apex-Moving-Storage-international-moving-company.png 1440w, https:\/\/moverdb.com\/wp-content\/uploads\/Apex-Moving-Storage-international-moving-company-300x142.png 300w, https:\/\/moverdb.com\/wp-content\/uploads\/Apex-Moving-Storage-international-moving-company-1024x484.png 1024w, https:\/\/moverdb.com\/wp-content\/uploads\/Apex-Moving-Storage-international-moving-company-18x9.png 18w, https:\/\/moverdb.com\/wp-content\/uploads\/Apex-Moving-Storage-international-moving-company-600x283.png 600w\" sizes=\"auto, (max-width: 1440px) 100vw, 1440px\" \/><\/p>\n<ul>\n<li>Mudan\u00e7as locais e de longa dist\u00e2ncia<\/li>\n<li>Movimentos internacionais<\/li>\n<li>Mudan\u00e7as residenciais<\/li>\n<li>Movimentos comerciais<\/li>\n<li>Mudan\u00e7as corporativas<\/li>\n<li>Servi\u00e7o de embalagem completa<\/li>\n<li>Provid\u00eancias de transporte<\/li>\n<li>Desembara\u00e7o aduaneiro<\/li>\n<li>Tecnologia de rastreamento de caminh\u00f5es<\/li>\n<li>Servi\u00e7os de armazenagem<\/li>\n<\/ul>\n<p>A Apex Moving &amp; Storage \u00e9 uma empresa de mudan\u00e7as fundada em 1972 e sediada em Antioch. Eles s\u00e3o um agente Atlas Interstate, o que os conecta a uma rede internacional de transportadores profissionais para apoi\u00e1-los. Eles s\u00e3o membros da IAM com 45 anos de experi\u00eancia.<\/p>\n<p>A Apex Moving &amp; Storage atende a mudan\u00e7as de pequeno a grande porte e pode criar op\u00e7\u00f5es econ\u00f4micas para atender a todas as necessidades. Eles oferecem servi\u00e7os de mudan\u00e7a porta a porta com uma consulta antes da mudan\u00e7a e um coordenador de mudan\u00e7a pessoal ser\u00e1 designado para ajud\u00e1-lo. Eles oferecem um servi\u00e7o completo de embalagem e providenciam o transporte com libera\u00e7\u00e3o alfandeg\u00e1ria em caso de mudan\u00e7a para o exterior.<\/p>\n<p>Website: <a href=\"http:\/\/www.apexmoving.com\/\" target=\"_blank\" rel=\"noopener\">http:\/\/www.apexmoving.com\/<\/a><\/p>\n<h2><strong>2. Elizabeth's Moving Service<\/strong><\/h2>\n<p><img loading=\"lazy\" decoding=\"async\" class=\"alignnone size-full wp-image-11315\" src=\"https:\/\/moverdb.com\/wp-content\/uploads\/Elizabeths-Moving-Service-international-moving-company.png\" alt=\"Elizabeths Moving Service empresa de mudan\u00e7as internacionais\" width=\"1440\" height=\"675\" data-wp-pid=\"11315\" srcset=\"https:\/\/moverdb.com\/wp-content\/uploads\/Elizabeths-Moving-Service-international-moving-company.png 1440w, https:\/\/moverdb.com\/wp-content\/uploads\/Elizabeths-Moving-Service-international-moving-company-300x141.png 300w, https:\/\/moverdb.com\/wp-content\/uploads\/Elizabeths-Moving-Service-international-moving-company-1024x480.png 1024w, https:\/\/moverdb.com\/wp-content\/uploads\/Elizabeths-Moving-Service-international-moving-company-18x8.png 18w, https:\/\/moverdb.com\/wp-content\/uploads\/Elizabeths-Moving-Service-international-moving-company-600x281.png 600w\" sizes=\"auto, (max-width: 1440px) 100vw, 1440px\" \/><\/p>\n<ul>\n<li>Mudan\u00e7as locais<\/li>\n<li>Movimentos de longa dist\u00e2ncia<\/li>\n<li>Mudan\u00e7as dom\u00e9sticas<\/li>\n<li>Mudan\u00e7as comerciais e de escrit\u00f3rios<\/li>\n<li>Plano de mudan\u00e7a personalizado<\/li>\n<li>Servi\u00e7o de embalagem<\/li>\n<li>Provid\u00eancias de transporte<\/li>\n<li>Instala\u00e7\u00e3o de eletrodom\u00e9sticos<\/li>\n<li>Manuseio de belas artes<\/li>\n<li>Instala\u00e7\u00f5es de armazenamento seguras<\/li>\n<\/ul>\n<p>A Elizabeth's Moving Service \u00e9 uma empresa de mudan\u00e7as e armazenamento sediada em Chattanooga. Eles s\u00e3o membros da IAM com seis anos de experi\u00eancia, o que lhes d\u00e1 uma rede de agentes de mudan\u00e7a com quem trabalhar para prestar servi\u00e7os fora de suas \u00e1reas de opera\u00e7\u00e3o.<\/p>\n<p>O Elizabeth's Moving Service oferece uma pesquisa em casa para fornecer um or\u00e7amento preciso. Eles oferecem servi\u00e7o completo de mudan\u00e7as, no qual embalam e enviam seus pertences para mudan\u00e7as locais, de longa dist\u00e2ncia e internacionais. Eles oferecem servi\u00e7os de embalagem de alta qualidade com empacotadores treinados que proteger\u00e3o seus pertences em tr\u00e2nsito, o que inclui caixas de madeira para itens fr\u00e1geis e prote\u00e7\u00e3o de sua casa durante a mudan\u00e7a.<\/p>\n<p>Website: <a href=\"http:\/\/www.elizabethsmoving.com\" target=\"_blank\" rel=\"noopener\">http:\/\/www.elizabethsmoving.com<\/a><\/p>\n<h2><strong>3. Empresa de transfer\u00eancia de alambique<\/strong><\/h2>\n<p><img loading=\"lazy\" decoding=\"async\" class=\"alignnone size-full wp-image-11449\" src=\"https:\/\/moverdb.com\/wp-content\/uploads\/Still-Transfer-Company-international-moving-company.png\" alt=\"Still Transfer Company empresa de mudan\u00e7as internacionais\" width=\"1440\" height=\"677\" data-wp-pid=\"11449\" srcset=\"https:\/\/moverdb.com\/wp-content\/uploads\/Still-Transfer-Company-international-moving-company.png 1440w, https:\/\/moverdb.com\/wp-content\/uploads\/Still-Transfer-Company-international-moving-company-300x141.png 300w, https:\/\/moverdb.com\/wp-content\/uploads\/Still-Transfer-Company-international-moving-company-1024x481.png 1024w, https:\/\/moverdb.com\/wp-content\/uploads\/Still-Transfer-Company-international-moving-company-18x8.png 18w, https:\/\/moverdb.com\/wp-content\/uploads\/Still-Transfer-Company-international-moving-company-600x282.png 600w\" sizes=\"auto, (max-width: 1440px) 100vw, 1440px\" \/><\/p>\n<ul>\n<li>Mudan\u00e7as locais e de longa dist\u00e2ncia<\/li>\n<li>Movimentos internacionais<\/li>\n<li>Mudan\u00e7as residenciais<\/li>\n<li>Mudan\u00e7as comerciais e de escrit\u00f3rio<\/li>\n<li>Servi\u00e7o de embalagem<\/li>\n<li>Provid\u00eancias de transporte<\/li>\n<li>Despachos aduaneiros<\/li>\n<li>Movimentos de instrumentos musicais<\/li>\n<li>Armazenamento seguro de curto e longo prazo<\/li>\n<\/ul>\n<p>A Still Transfer Company \u00e9 uma empresa de mudan\u00e7as e agenciamento de cargas fundada em 1928 e sediada em Kingsport. Ela \u00e9 membro da IAM, com 95 anos de experi\u00eancia, o que lhe proporciona uma rede mundial de empresas de mudan\u00e7as com as quais trabalha para prestar servi\u00e7os.<\/p>\n<p>A Still Transfer Company oferece servi\u00e7os de mudan\u00e7a de pequeno e grande porte para mudan\u00e7as locais, de longa dist\u00e2ncia e internacionais para mudan\u00e7as residenciais, comerciais, de escrit\u00f3rio e industriais. Eles oferecem servi\u00e7os de mudan\u00e7a e embalagem para transportar seus pertences com seguran\u00e7a para o seu destino e tamb\u00e9m oferecem servi\u00e7os de despachante aduaneiro. Eles tamb\u00e9m oferecem instala\u00e7\u00f5es de armazenamento seguro de curto ou longo prazo.<\/p>\n<p>Website: <a href=\"http:\/\/www.stilltransfer.net\" target=\"_blank\" rel=\"noopener\">http:\/\/www.stilltransfer.net<\/a><\/p>","protected":false},"excerpt":{"rendered":"<p>Are you planning a move? Then engaging the services of a moving company could really help ease the workload. They can assist with planning your move, transportation arrangements, packing your belongings and handling customs on international moves. Below we have compiled a list of Tennessee based removal companies that are members of the International Association [&hellip;]<\/p>\n","protected":false},"author":4,"featured_media":11256,"parent":190,"menu_order":0,"comment_status":"closed","ping_status":"closed","template":"","meta":{"_genesis_hide_title":false,"_genesis_hide_breadcrumbs":false,"_genesis_hide_singular_image":false,"_genesis_hide_footer_widgets":false,"_genesis_custom_body_class":"","_genesis_custom_post_class":"","_genesis_layout":"","footnotes":""},"class_list":{"0":"post-11666","1":"page","2":"type-page","3":"status-publish","4":"has-post-thumbnail","6":"entry"},"_links":{"self":[{"href":"https:\/\/moverdb.com\/pt\/wp-json\/wp\/v2\/pages\/11666","targetHints":{"allow":["GET"]}}],"collection":[{"href":"https:\/\/moverdb.com\/pt\/wp-json\/wp\/v2\/pages"}],"about":[{"href":"https:\/\/moverdb.com\/pt\/wp-json\/wp\/v2\/types\/page"}],"author":[{"embeddable":true,"href":"https:\/\/moverdb.com\/pt\/wp-json\/wp\/v2\/users\/4"}],"replies":[{"embeddable":true,"href":"https:\/\/moverdb.com\/pt\/wp-json\/wp\/v2\/comments?post=11666"}],"version-history":[{"count":1,"href":"https:\/\/moverdb.com\/pt\/wp-json\/wp\/v2\/pages\/11666\/revisions"}],"predecessor-version":[{"id":11667,"href":"https:\/\/moverdb.com\/pt\/wp-json\/wp\/v2\/pages\/11666\/revisions\/11667"}],"up":[{"embeddable":true,"href":"https:\/\/moverdb.com\/pt\/wp-json\/wp\/v2\/pages\/190"}],"wp:featuredmedia":[{"embeddable":true,"href":"https:\/\/moverdb.com\/pt\/wp-json\/wp\/v2\/media\/11256"}],"wp:attachment":[{"href":"https:\/\/moverdb.com\/pt\/wp-json\/wp\/v2\/media?parent=11666"}],"curies":[{"name":"wp","href":"https:\/\/api.w.org\/{rel}","templated":true}]}}