{"id":11661,"date":"2023-11-29T10:50:19","date_gmt":"2023-11-29T10:50:19","guid":{"rendered":"https:\/\/moverdb.com\/?page_id=11661"},"modified":"2026-01-08T15:29:26","modified_gmt":"2026-01-08T15:29:26","slug":"moving-companies-us-sterling","status":"publish","type":"page","link":"https:\/\/moverdb.com\/pt\/moving-companies\/moving-companies-us-sterling\/","title":{"rendered":"6 Melhores empresas de mudan\u00e7as internacionais em Sterling"},"content":{"rendered":"<p>A mudan\u00e7a pode ser um momento de muito trabalho, portanto, obter ajuda pode realmente aliviar a carga. Voc\u00ea pode contratar um <a href=\"https:\/\/moverdb.com\/pt\/moving-companies\/\" data-internallinksmanager029f6b8e52c=\"79\" title=\"As 25 maiores empresas de mudan\u00e7as internacionais on-line\">empresa de mudan\u00e7as<\/a> para ajudar com uma s\u00e9rie de tarefas de mudan\u00e7a, incluindo o planejamento da mudan\u00e7a, a embalagem dos itens, a organiza\u00e7\u00e3o do transporte e o tratamento de qualquer documenta\u00e7\u00e3o alfandeg\u00e1ria. Abaixo, compilamos uma lista de empresas sediadas em Sterling <a href=\"https:\/\/moverdb.com\/pt\/international-removals\/\" data-internallinksmanager029f6b8e52c=\"27\" title=\"36 melhores empresas de mudan\u00e7as internacionais no Reino Unido\">empresas de mudan\u00e7as<\/a> que s\u00e3o membros do <a href=\"https:\/\/moverdb.com\/pt\/iam\/\" data-internallinksmanager029f6b8e52c=\"23\" title=\"Associa\u00e7\u00e3o Internacional de Remotores (IAM) Explicado\">Associa\u00e7\u00e3o Internacional de Movers<\/a> (IAM) e\/ou <a href=\"https:\/\/moverdb.com\/pt\/fidi-faim\/\" data-internallinksmanager029f6b8e52c=\"16\" title=\"FIDI &amp; FAIM (FIDI Accredited International Mover) Explicado\">FIDI<\/a> Credenciado pela International Mover (FAIM) que poderia ajud\u00e1-lo em sua mudan\u00e7a.<\/p>\n<div id=\"ez-toc-container\" class=\"ez-toc-v2_0_83 ez-toc-wrap-left counter-hierarchy ez-toc-counter ez-toc-transparent ez-toc-container-direction\">\n<div class=\"ez-toc-title-container\">\n<p class=\"ez-toc-title\" style=\"cursor:inherit\">Se\u00e7\u00f5es<\/p>\n<span class=\"ez-toc-title-toggle\"><a href=\"#\" class=\"ez-toc-pull-right ez-toc-btn ez-toc-btn-xs ez-toc-btn-default ez-toc-toggle\" aria-label=\"Alternar tabela de conte\u00fado\"><span class=\"ez-toc-js-icon-con\"><span class=\"\"><span class=\"eztoc-hide\" style=\"display:none;\">Alternar<\/span><span class=\"ez-toc-icon-toggle-span\"><svg style=\"fill: #999;color:#999\" xmlns=\"http:\/\/www.w3.org\/2000\/svg\" class=\"list-377408\" width=\"20px\" height=\"20px\" viewbox=\"0 0 24 24\" fill=\"none\"><path d=\"M6 6H4v2h2V6zm14 0H8v2h12V6zM4 11h2v2H4v-2zm16 0H8v2h12v-2zM4 16h2v2H4v-2zm16 0H8v2h12v-2z\" fill=\"currentColor\"><\/path><\/svg><svg style=\"fill: #999;color:#999\" class=\"arrow-unsorted-368013\" xmlns=\"http:\/\/www.w3.org\/2000\/svg\" width=\"10px\" height=\"10px\" viewbox=\"0 0 24 24\" version=\"1.2\" baseprofile=\"tiny\"><path d=\"M18.2 9.3l-6.2-6.3-6.2 6.3c-.2.2-.3.4-.3.7s.1.5.3.7c.2.2.4.3.7.3h11c.3 0 .5-.1.7-.3.2-.2.3-.5.3-.7s-.1-.5-.3-.7zM5.8 14.7l6.2 6.3 6.2-6.3c.2-.2.3-.5.3-.7s-.1-.5-.3-.7c-.2-.2-.4-.3-.7-.3h-11c-.3 0-.5.1-.7.3-.2.2-.3.5-.3.7s.1.5.3.7z\"\/><\/svg><\/span><\/span><\/span><\/a><\/span><\/div>\n<nav><ul class='ez-toc-list ez-toc-list-level-1 eztoc-toggle-hide-by-default' ><li class='ez-toc-page-1 ez-toc-heading-level-2'><a class=\"ez-toc-link ez-toc-heading-1\" href=\"https:\/\/moverdb.com\/pt\/moving-companies\/moving-companies-us-sterling\/#1_Brauns_International\" >1. Brauns International<\/a><\/li><li class='ez-toc-page-1 ez-toc-heading-level-2'><a class=\"ez-toc-link ez-toc-heading-2\" href=\"https:\/\/moverdb.com\/pt\/moving-companies\/moving-companies-us-sterling\/#2_DN_Van_Lines\" >2. DN Van Lines<\/a><\/li><li class='ez-toc-page-1 ez-toc-heading-level-2'><a class=\"ez-toc-link ez-toc-heading-3\" href=\"https:\/\/moverdb.com\/pt\/moving-companies\/moving-companies-us-sterling\/#3_JK_Moving_Services\" >3. Servi\u00e7os de mudan\u00e7a JK<\/a><\/li><li class='ez-toc-page-1 ez-toc-heading-level-2'><a class=\"ez-toc-link ez-toc-heading-4\" href=\"https:\/\/moverdb.com\/pt\/moving-companies\/moving-companies-us-sterling\/#4_Laing_International\" >4. Laing International<\/a><\/li><li class='ez-toc-page-1 ez-toc-heading-level-2'><a class=\"ez-toc-link ez-toc-heading-5\" href=\"https:\/\/moverdb.com\/pt\/moving-companies\/moving-companies-us-sterling\/#5_RelogistiX\" >5. RelogistiX<\/a><\/li><li class='ez-toc-page-1 ez-toc-heading-level-2'><a class=\"ez-toc-link ez-toc-heading-6\" href=\"https:\/\/moverdb.com\/pt\/moving-companies\/moving-companies-us-sterling\/#6_Star_Moving_Solutions\" >6. Star Moving Solutions<\/a><\/li><\/ul><\/nav><\/div>\n<h2><span class=\"ez-toc-section\" id=\"1_Brauns_International\"><\/span><strong>1. Brauns International<\/strong><span class=\"ez-toc-section-end\"><\/span><\/h2>\n<p><img loading=\"lazy\" decoding=\"async\" class=\"alignnone size-full wp-image-7421\" src=\"https:\/\/moverdb.com\/wp-content\/uploads\/Brauns-International-moving-company.png\" alt=\"Empresa de mudan\u00e7as Brauns International\" width=\"1440\" height=\"683\" data-wp-pid=\"7421\" srcset=\"https:\/\/moverdb.com\/wp-content\/uploads\/Brauns-International-moving-company.png 1440w, https:\/\/moverdb.com\/wp-content\/uploads\/Brauns-International-moving-company-300x142.png 300w, https:\/\/moverdb.com\/wp-content\/uploads\/Brauns-International-moving-company-1024x486.png 1024w, https:\/\/moverdb.com\/wp-content\/uploads\/Brauns-International-moving-company-18x9.png 18w, https:\/\/moverdb.com\/wp-content\/uploads\/Brauns-International-moving-company-600x285.png 600w\" sizes=\"auto, (max-width: 1440px) 100vw, 1440px\" \/><\/p>\n<ul>\n<li>Movimentos locais e nacionais<\/li>\n<li>Movimentos internacionais<\/li>\n<li>Mudan\u00e7as dom\u00e9sticas<\/li>\n<li>Movimentos corporativos<\/li>\n<li>Consultor de mudan\u00e7a pessoal<\/li>\n<li>Servi\u00e7o de embalagem<\/li>\n<li>Transporte por caminh\u00e3o, a\u00e9reo e mar\u00edtimo<\/li>\n<li>Prepara\u00e7\u00e3o de documentos<\/li>\n<li>Seguros<\/li>\n<li>Servi\u00e7os de armazenagem<\/li>\n<\/ul>\n<p>A Brauns International \u00e9 uma empresa internacional de mudan\u00e7as e armazenamento estabelecida em 1992 em <a href=\"https:\/\/moverdb.com\/pt\/moving-to-the-united-states\/moving-to-virginia\/\" data-internallinksmanager029f6b8e52c=\"442\" title=\"Mudan\u00e7a para a Virg\u00ednia? 2026 Custo de vida e dicas de realoca\u00e7\u00e3o\">Virg\u00ednia<\/a>e opera a partir de Sterling. Eles t\u00eam uma rede de agentes parceiros em todo o mundo com os quais trabalham para prestar servi\u00e7os de mudan\u00e7a internacionalmente. A empresa \u00e9 membro da IAM e tem 31 anos de experi\u00eancia.<\/p>\n<p>A Brauns International oferece um servi\u00e7o de mudan\u00e7a sob medida com um Personal Move Consultant que coordenar\u00e1 todos os aspectos de sua mudan\u00e7a. Eles oferecem um servi\u00e7o de empacotamento com a mais alta qualidade de embalagem e acondicionamento para proteger seus pertences. Eles organizar\u00e3o e acompanhar\u00e3o o transporte de seus pertences e preencher\u00e3o e compilar\u00e3o toda a papelada e documenta\u00e7\u00e3o para o desembara\u00e7o aduaneiro.<\/p>\n<p>Website: <a href=\"https:\/\/www.braunsusa.com\/\" target=\"_blank\" rel=\"noopener\">https:\/\/www.braunsusa.com\/<\/a><\/p>\n<h2><span class=\"ez-toc-section\" id=\"2_DN_Van_Lines\"><\/span><strong>2. DN Van Lines<\/strong><span class=\"ez-toc-section-end\"><\/span><\/h2>\n<p><img loading=\"lazy\" decoding=\"async\" class=\"alignnone size-full wp-image-11307\" src=\"https:\/\/moverdb.com\/wp-content\/uploads\/DN-Van-Lines-international-moving-company.png\" alt=\"DN Van Lines empresa de mudan\u00e7as internacionais\" width=\"1440\" height=\"670\" data-wp-pid=\"11307\" srcset=\"https:\/\/moverdb.com\/wp-content\/uploads\/DN-Van-Lines-international-moving-company.png 1440w, https:\/\/moverdb.com\/wp-content\/uploads\/DN-Van-Lines-international-moving-company-300x140.png 300w, https:\/\/moverdb.com\/wp-content\/uploads\/DN-Van-Lines-international-moving-company-1024x476.png 1024w, https:\/\/moverdb.com\/wp-content\/uploads\/DN-Van-Lines-international-moving-company-18x8.png 18w, https:\/\/moverdb.com\/wp-content\/uploads\/DN-Van-Lines-international-moving-company-600x279.png 600w\" sizes=\"auto, (max-width: 1440px) 100vw, 1440px\" \/><\/p>\n<ul>\n<li>Movimentos locais e interestaduais<\/li>\n<li>Movimentos de longa dist\u00e2ncia<\/li>\n<li>Mudan\u00e7as residenciais<\/li>\n<li>Mudan\u00e7as comerciais e de escrit\u00f3rios<\/li>\n<li>Coordenador de mudan\u00e7a dedicado<\/li>\n<li>Servi\u00e7o de embalagem<\/li>\n<li>Gerenciamento detalhado do invent\u00e1rio<\/li>\n<li>Provid\u00eancias de transporte<\/li>\n<li>Rastreamento de embarque<\/li>\n<li>Armazenamento seguro de curto e longo prazo<\/li>\n<\/ul>\n<p>A DN Van Lines \u00e9 uma empresa de mudan\u00e7as e armazenamento fundada em 2001, com unidades em Sterling, <a href=\"https:\/\/moverdb.com\/pt\/moving-to-the-united-states\/moving-to-florida\/\" data-internallinksmanager029f6b8e52c=\"331\" title=\"Mudan\u00e7a para a Fl\u00f3rida? 2026 Custo de vida e dicas de realoca\u00e7\u00e3o\">Fl\u00f3rida<\/a> e <a href=\"https:\/\/moverdb.com\/pt\/moving-to-the-united-states\/moving-to-massachusetts\/\" data-internallinksmanager029f6b8e52c=\"412\" title=\"Est\u00e1 se mudando para Massachusetts? 2026 Custo de vida e dicas de realoca\u00e7\u00e3o\">Massachusetts<\/a>. Eles s\u00e3o membros da IAM com 20 anos de experi\u00eancia, o que lhes d\u00e1 acesso a uma rede internacional de agentes de mudan\u00e7a.<\/p>\n<p>A DN Van Lines oferece uma pesquisa virtual ou em casa para estimar o volume de sua mudan\u00e7a e fornece um coordenador de mudan\u00e7a dedicado. Eles oferecem um servi\u00e7o de embalagem que utiliza equipes treinadas para embalar seus itens com seguran\u00e7a e produzir um invent\u00e1rio detalhado que ser\u00e1 armazenado com seguran\u00e7a no sistema deles. Eles providenciar\u00e3o o transporte de seus itens at\u00e9 o destino e as remessas ser\u00e3o rastreadas por GPS.<\/p>\n<p>Website: <a href=\"https:\/\/dnvanlines.com\/\" target=\"_blank\" rel=\"noopener\">https:\/\/dnvanlines.com\/<\/a><\/p>\n<h2><span class=\"ez-toc-section\" id=\"3_JK_Moving_Services\"><\/span><strong>3. Servi\u00e7os de mudan\u00e7a JK<\/strong><span class=\"ez-toc-section-end\"><\/span><\/h2>\n<p><img loading=\"lazy\" decoding=\"async\" class=\"alignnone size-full wp-image-11662\" src=\"https:\/\/moverdb.com\/wp-content\/uploads\/JK-Moving-Services-international-moving-company.png\" alt=\"JK Moving Services empresa de mudan\u00e7as internacionais\" width=\"1440\" height=\"678\" data-wp-pid=\"11662\" srcset=\"https:\/\/moverdb.com\/wp-content\/uploads\/JK-Moving-Services-international-moving-company.png 1440w, https:\/\/moverdb.com\/wp-content\/uploads\/JK-Moving-Services-international-moving-company-300x141.png 300w, https:\/\/moverdb.com\/wp-content\/uploads\/JK-Moving-Services-international-moving-company-1024x482.png 1024w, https:\/\/moverdb.com\/wp-content\/uploads\/JK-Moving-Services-international-moving-company-18x8.png 18w, https:\/\/moverdb.com\/wp-content\/uploads\/JK-Moving-Services-international-moving-company-600x283.png 600w\" sizes=\"auto, (max-width: 1440px) 100vw, 1440px\" \/><\/p>\n<ul>\n<li>Mudan\u00e7as locais e de longa dist\u00e2ncia<\/li>\n<li>Movimentos internacionais<\/li>\n<li>Mudan\u00e7as residenciais<\/li>\n<li>Movimentos comerciais<\/li>\n<li>Servi\u00e7o porta-a-porta<\/li>\n<li>Gerente de mudan\u00e7as dedicado<\/li>\n<li>Servi\u00e7o de embalagem<\/li>\n<li>Frete de caminh\u00e3o, ferrovi\u00e1rio, mar\u00edtimo e a\u00e9reo<\/li>\n<li>Desembara\u00e7o aduaneiro<\/li>\n<li>Armazenamento seguro<\/li>\n<\/ul>\n<p>A JK Moving Services \u00e9 uma empresa de realoca\u00e7\u00e3o e log\u00edstica que atua h\u00e1 mais de 40 anos e tem unidades em Sterling, <a href=\"https:\/\/moverdb.com\/pt\/moving-to-the-united-states\/moving-to-maryland\/\" data-internallinksmanager029f6b8e52c=\"467\" title=\"Est\u00e1 se mudando para Maryland? 2024 Custo de vida e dicas de realoca\u00e7\u00e3o\">Maryland<\/a> e Washington. Eles t\u00eam uma rede global abrangente de mudan\u00e7as para apoi\u00e1-los na presta\u00e7\u00e3o de servi\u00e7os internacionais. A empresa \u00e9 membro da IAM, com 44 anos de experi\u00eancia, e \u00e9 credenciada pela FIDI.<\/p>\n<p>A JK Moving Services oferece servi\u00e7os de mudan\u00e7a porta a porta para clientes residenciais e comerciais com um gerente de mudan\u00e7a dedicado que coordena toda a log\u00edstica. Eles fornecem profissionais treinados que embalam e carregam seus itens com seguran\u00e7a e, na entrega, descarregam e desembalam os itens.<\/p>\n<p>Website: <a href=\"https:\/\/www.jkmoving.com\/\" target=\"_blank\" rel=\"noopener\">https:\/\/www.jkmoving.com\/<\/a><\/p>\n<h2><span class=\"ez-toc-section\" id=\"4_Laing_International\"><\/span><strong>4. Laing International<\/strong><span class=\"ez-toc-section-end\"><\/span><\/h2>\n<p><img loading=\"lazy\" decoding=\"async\" class=\"alignnone size-full wp-image-11361\" src=\"https:\/\/moverdb.com\/wp-content\/uploads\/Laing-International-moving-company.png\" alt=\"Empresa de mudan\u00e7as Laing International\" width=\"1440\" height=\"681\" data-wp-pid=\"11361\" srcset=\"https:\/\/moverdb.com\/wp-content\/uploads\/Laing-International-moving-company.png 1440w, https:\/\/moverdb.com\/wp-content\/uploads\/Laing-International-moving-company-300x142.png 300w, https:\/\/moverdb.com\/wp-content\/uploads\/Laing-International-moving-company-1024x484.png 1024w, https:\/\/moverdb.com\/wp-content\/uploads\/Laing-International-moving-company-18x9.png 18w, https:\/\/moverdb.com\/wp-content\/uploads\/Laing-International-moving-company-600x284.png 600w\" sizes=\"auto, (max-width: 1440px) 100vw, 1440px\" \/><\/p>\n<ul>\n<li>Servi\u00e7os de frete local<\/li>\n<li>Frete internacional<\/li>\n<li>Bens individuais<\/li>\n<li>Bens comerciais<\/li>\n<li>Gerenciamento de remessas<\/li>\n<li>Servi\u00e7o de embalagem<\/li>\n<li>Engradado<\/li>\n<li>Provid\u00eancias de transporte<\/li>\n<li>Desembara\u00e7o aduaneiro<\/li>\n<li>Seguros<\/li>\n<\/ul>\n<p>A Laing International \u00e9 um despachante aduaneiro e <a href=\"https:\/\/moverdb.com\/pt\/freight-forwarder\/\" data-internallinksmanager029f6b8e52c=\"17\" title=\"Freight Forwarder &amp; NVOCC International Cost &amp; Companies Guide\">agente de cargas<\/a> com sede em Sterling e Maryland, fundada em 1979. Eles s\u00e3o membros da IAM com 44 anos de experi\u00eancia, o que lhes proporciona uma rede internacional de empresas para apoi\u00e1-los na presta\u00e7\u00e3o de seus servi\u00e7os em todo o mundo.<\/p>\n<p>A Laing International \u00e9 especialista em corretagem alfandeg\u00e1ria e agenciamento de frete, com o objetivo de reduzir atrasos e economizar seu dinheiro na movimenta\u00e7\u00e3o de seus bens local ou internacionalmente. Eles oferecem servi\u00e7os de transporte local e servi\u00e7os de frete a\u00e9reo, incluindo embalagem e encaixotamento seguro de seus itens com seguro inclu\u00eddo. Eles tamb\u00e9m cuidam do desembara\u00e7o alfandeg\u00e1rio para a transfer\u00eancia de suas mercadorias entre pa\u00edses.<\/p>\n<p>Website: <a href=\"http:\/\/www.lainginternational.com\/\" target=\"_blank\" rel=\"noopener\">http:\/\/www.lainginternational.com\/<\/a><\/p>\n<h2><span class=\"ez-toc-section\" id=\"5_RelogistiX\"><\/span><strong>5. RelogistiX<\/strong><span class=\"ez-toc-section-end\"><\/span><\/h2>\n<p><img loading=\"lazy\" decoding=\"async\" class=\"alignnone size-full wp-image-11663\" src=\"https:\/\/moverdb.com\/wp-content\/uploads\/Relogistix-international-moving-company.png\" alt=\"Empresa de mudan\u00e7as internacionais Relogistix\" width=\"1440\" height=\"680\" data-wp-pid=\"11663\" srcset=\"https:\/\/moverdb.com\/wp-content\/uploads\/Relogistix-international-moving-company.png 1440w, https:\/\/moverdb.com\/wp-content\/uploads\/Relogistix-international-moving-company-300x142.png 300w, https:\/\/moverdb.com\/wp-content\/uploads\/Relogistix-international-moving-company-1024x484.png 1024w, https:\/\/moverdb.com\/wp-content\/uploads\/Relogistix-international-moving-company-18x9.png 18w, https:\/\/moverdb.com\/wp-content\/uploads\/Relogistix-international-moving-company-600x283.png 600w\" sizes=\"auto, (max-width: 1440px) 100vw, 1440px\" \/><\/p>\n<ul>\n<li>Mudan\u00e7as internacionais<\/li>\n<li>Mudan\u00e7as dom\u00e9sticas<\/li>\n<li>Servi\u00e7o porta-a-porta<\/li>\n<li>Coordenador dedicado<\/li>\n<li>Pesquisa em casa<\/li>\n<li>Servi\u00e7o de embalagem<\/li>\n<li>Materiais de embalagem de alta qualidade<\/li>\n<li>Transporte terrestre, a\u00e9reo e mar\u00edtimo<\/li>\n<li>Desembara\u00e7o aduaneiro<\/li>\n<li>Desempacotamento e remo\u00e7\u00e3o de detritos<\/li>\n<\/ul>\n<p>A RelogistiX \u00e9 uma empresa de realoca\u00e7\u00e3o e log\u00edstica com unidades em Sterling e Alexandria. Eles s\u00e3o membros da IAM, com 36 anos de experi\u00eancia, o que lhes d\u00e1 acesso a uma rede internacional de agentes de mudan\u00e7a para apoi\u00e1-los.<\/p>\n<p>A RelogistiX oferece uma consulta gratuita antes da mudan\u00e7a para discutir suas necessidades e far\u00e1 uma pesquisa e um or\u00e7amento em sua casa. Eles fornecer\u00e3o um coordenador designado que ser\u00e1 o seu contato principal durante toda a mudan\u00e7a. Eles usam os melhores materiais de embalagem que atendem aos padr\u00f5es internacionais e caixas personalizadas para proteger seus itens. Na chegada, eles descarregar\u00e3o e desembrulhar\u00e3o seus itens e remover\u00e3o todos os detritos.<\/p>\n<p>Website: <a href=\"https:\/\/www.relogistix.net\/\" target=\"_blank\" rel=\"noopener\">https:\/\/www.relogistix.net\/<\/a><\/p>\n<h2><span class=\"ez-toc-section\" id=\"6_Star_Moving_Solutions\"><\/span><strong>6. Star Moving Solutions<\/strong><span class=\"ez-toc-section-end\"><\/span><\/h2>\n<p><img loading=\"lazy\" decoding=\"async\" class=\"alignnone size-full wp-image-5207\" src=\"https:\/\/moverdb.com\/wp-content\/uploads\/Star-Moving-international-moving-company.png\" alt=\"Star Moving International Moving Company\" width=\"1440\" height=\"683\" data-wp-pid=\"5207\" srcset=\"https:\/\/moverdb.com\/wp-content\/uploads\/Star-Moving-international-moving-company.png 1440w, https:\/\/moverdb.com\/wp-content\/uploads\/Star-Moving-international-moving-company-300x142.png 300w, https:\/\/moverdb.com\/wp-content\/uploads\/Star-Moving-international-moving-company-1024x486.png 1024w, https:\/\/moverdb.com\/wp-content\/uploads\/Star-Moving-international-moving-company-18x9.png 18w, https:\/\/moverdb.com\/wp-content\/uploads\/Star-Moving-international-moving-company-600x285.png 600w\" sizes=\"auto, (max-width: 1440px) 100vw, 1440px\" \/><\/p>\n<ul>\n<li>Movimentos nacionais<\/li>\n<li>Movimentos internacionais<\/li>\n<li>Mudan\u00e7as dom\u00e9sticas<\/li>\n<li>Mudan\u00e7as corporativas<\/li>\n<li>Servi\u00e7o porta-a-porta<\/li>\n<li>Servi\u00e7os de embalagem<\/li>\n<li>Provid\u00eancias de transporte<\/li>\n<li>Apoio alfandeg\u00e1rio<\/li>\n<li>Sistemas de rastreamento<\/li>\n<li>Solu\u00e7\u00f5es de armazenamento<\/li>\n<\/ul>\n<p>A Star Moving Solutions \u00e9 uma empresa de mudan\u00e7as nacionais e internacionais fundada em 1998. \u00c9 membro da Van Line, com uma extensa rede mundial de empresas de mudan\u00e7as para apoi\u00e1-la com servi\u00e7os internacionais em mais de 160 pa\u00edses. A empresa \u00e9 membro da IAM e tem 25 anos de experi\u00eancia.<\/p>\n<p>A Star Moving Solutions oferece uma pesquisa em sua casa para determinar seus volumes de mudan\u00e7a e fornecer uma cota\u00e7\u00e3o. Eles fornecem um \u00fanico ponto de contato para ajud\u00e1-lo durante toda a mudan\u00e7a e t\u00eam um sistema de rastreamento para monitorar o progresso. Eles oferecem servi\u00e7os especializados de embalagem e acondicionamento para mudan\u00e7as para o exterior e ajudar\u00e3o no desembara\u00e7o alfandeg\u00e1rio.<\/p>\n<p>Website: <a href=\"https:\/\/starint.com\/\" target=\"_blank\" rel=\"noopener\">https:\/\/starint.com\/<\/a><\/p>","protected":false},"excerpt":{"rendered":"<p>Moving can be a busy time so getting some help can really lighten the load. You can engage a moving company to help with a range of moving tasks including planning your move, packing your items, arranging transport and handling any customs documentation. Below we have compiled a list of Sterling based removal companies that [&hellip;]<\/p>\n","protected":false},"author":4,"featured_media":7421,"parent":190,"menu_order":0,"comment_status":"closed","ping_status":"closed","template":"","meta":{"_genesis_hide_title":false,"_genesis_hide_breadcrumbs":false,"_genesis_hide_singular_image":false,"_genesis_hide_footer_widgets":false,"_genesis_custom_body_class":"","_genesis_custom_post_class":"","_genesis_layout":"","footnotes":""},"class_list":{"0":"post-11661","1":"page","2":"type-page","3":"status-publish","4":"has-post-thumbnail","6":"entry"},"_links":{"self":[{"href":"https:\/\/moverdb.com\/pt\/wp-json\/wp\/v2\/pages\/11661","targetHints":{"allow":["GET"]}}],"collection":[{"href":"https:\/\/moverdb.com\/pt\/wp-json\/wp\/v2\/pages"}],"about":[{"href":"https:\/\/moverdb.com\/pt\/wp-json\/wp\/v2\/types\/page"}],"author":[{"embeddable":true,"href":"https:\/\/moverdb.com\/pt\/wp-json\/wp\/v2\/users\/4"}],"replies":[{"embeddable":true,"href":"https:\/\/moverdb.com\/pt\/wp-json\/wp\/v2\/comments?post=11661"}],"version-history":[{"count":2,"href":"https:\/\/moverdb.com\/pt\/wp-json\/wp\/v2\/pages\/11661\/revisions"}],"predecessor-version":[{"id":11665,"href":"https:\/\/moverdb.com\/pt\/wp-json\/wp\/v2\/pages\/11661\/revisions\/11665"}],"up":[{"embeddable":true,"href":"https:\/\/moverdb.com\/pt\/wp-json\/wp\/v2\/pages\/190"}],"wp:featuredmedia":[{"embeddable":true,"href":"https:\/\/moverdb.com\/pt\/wp-json\/wp\/v2\/media\/7421"}],"wp:attachment":[{"href":"https:\/\/moverdb.com\/pt\/wp-json\/wp\/v2\/media?parent=11661"}],"curies":[{"name":"wp","href":"https:\/\/api.w.org\/{rel}","templated":true}]}}