{"id":11659,"date":"2023-11-29T10:20:43","date_gmt":"2023-11-29T10:20:43","guid":{"rendered":"https:\/\/moverdb.com\/?page_id=11659"},"modified":"2026-01-08T15:23:50","modified_gmt":"2026-01-08T15:23:50","slug":"moving-companies-us-south-carolina","status":"publish","type":"page","link":"https:\/\/moverdb.com\/pt\/moving-companies\/moving-companies-us-south-carolina\/","title":{"rendered":"2 Melhores empresas de mudan\u00e7as internacionais na Carolina do Sul"},"content":{"rendered":"<p>Mudar pode ser uma tarefa \u00e1rdua, pois h\u00e1 muito a fazer, como planejar, embalar, providenciar o transporte e, se a mudan\u00e7a for para o exterior, o tratamento alfandeg\u00e1rio. A <a href=\"https:\/\/moverdb.com\/pt\/moving-companies\/\" data-internallinksmanager029f6b8e52c=\"79\" title=\"As 25 maiores empresas de mudan\u00e7as internacionais on-line\">empresa de mudan\u00e7as<\/a> pode ajud\u00e1-lo com algumas ou todas essas quest\u00f5es. Abaixo, compilamos uma lista de <a href=\"https:\/\/moverdb.com\/pt\/moving-to-the-united-states\/moving-to-south-carolina\/\" data-internallinksmanager029f6b8e52c=\"408\" title=\"Mudan\u00e7a para a Carolina do Sul? 2026 Custo de vida e dicas de realoca\u00e7\u00e3o\">Carolina do Sul<\/a> sediada em <a href=\"https:\/\/moverdb.com\/pt\/international-removals\/\" data-internallinksmanager029f6b8e52c=\"27\" title=\"36 melhores empresas de mudan\u00e7as internacionais no Reino Unido\">empresas de mudan\u00e7as<\/a> que s\u00e3o membros do <a href=\"https:\/\/moverdb.com\/pt\/iam\/\" data-internallinksmanager029f6b8e52c=\"23\" title=\"Associa\u00e7\u00e3o Internacional de Remotores (IAM) Explicado\">Associa\u00e7\u00e3o Internacional de Movers<\/a> (IAM) e\/ou <a href=\"https:\/\/moverdb.com\/pt\/fidi-faim\/\" data-internallinksmanager029f6b8e52c=\"16\" title=\"FIDI &amp; FAIM (FIDI Accredited International Mover) Explicado\">FIDI<\/a> Credenciado pela International Mover (FAIM), que poderia ajud\u00e1-lo com sua mudan\u00e7a.<\/p>\n<h2><strong>1. Servi\u00e7os de frete internacional da Carrie<\/strong><\/h2>\n<p><img loading=\"lazy\" decoding=\"async\" class=\"alignnone size-full wp-image-11282\" src=\"https:\/\/moverdb.com\/wp-content\/uploads\/Carrie-International-Freight-Services-moving-company.png\" alt=\"Empresa de mudan\u00e7as Carrie International Freight Services\" width=\"1440\" height=\"675\" data-wp-pid=\"11282\" srcset=\"https:\/\/moverdb.com\/wp-content\/uploads\/Carrie-International-Freight-Services-moving-company.png 1440w, https:\/\/moverdb.com\/wp-content\/uploads\/Carrie-International-Freight-Services-moving-company-300x141.png 300w, https:\/\/moverdb.com\/wp-content\/uploads\/Carrie-International-Freight-Services-moving-company-1024x480.png 1024w, https:\/\/moverdb.com\/wp-content\/uploads\/Carrie-International-Freight-Services-moving-company-18x8.png 18w, https:\/\/moverdb.com\/wp-content\/uploads\/Carrie-International-Freight-Services-moving-company-600x281.png 600w\" sizes=\"auto, (max-width: 1440px) 100vw, 1440px\" \/><\/p>\n<ul>\n<li>Servi\u00e7os de importa\u00e7\u00e3o e exporta\u00e7\u00e3o<\/li>\n<li>Frete internacional<\/li>\n<li>Mudan\u00e7as dom\u00e9sticas<\/li>\n<li>Frete comercial<\/li>\n<li>Servi\u00e7os personalizados<\/li>\n<li>Manuseio de transporte<\/li>\n<li>Frete mar\u00edtimo<\/li>\n<li>Despachos aduaneiros<\/li>\n<li>Manuseio de antiguidades<\/li>\n<li><a href=\"https:\/\/moverdb.com\/pt\/car-transport-shipping\/\" data-internallinksmanager029f6b8e52c=\"2\" title=\"2026 Cota\u00e7\u00f5es de transporte internacional de carros e envio de ve\u00edculos\">Envio de ve\u00edculos<\/a><\/li>\n<\/ul>\n<p>A Carrie International Freight Services \u00e9 uma empresa de transporte mar\u00edtimo <a href=\"https:\/\/moverdb.com\/pt\/freight-forwarder\/\" data-internallinksmanager029f6b8e52c=\"17\" title=\"Freight Forwarder &amp; NVOCC International Cost &amp; Companies Guide\">agente de cargas<\/a> e despachante aduaneiro com sede em Charleston. Eles prestam seus servi\u00e7os em todo o <a href=\"https:\/\/moverdb.com\/pt\/moving-to-the-united-states\/\" data-internallinksmanager029f6b8e52c=\"94\" title=\"Mudando-se para os Estados Unidos? 2026 Custos de Vida e Dicas de Reloca\u00e7\u00e3o\">US<\/a> e de e para muitos pa\u00edses em todo o mundo. Eles s\u00e3o membros da IAM, o que lhes d\u00e1 acesso a uma rede internacional de agentes de mudan\u00e7a com os quais trabalhar.<\/p>\n<p>A Carrie International Freight Services oferece servi\u00e7os personalizados e profissionais, adaptados \u00e0s necessidades de seus clientes. Eles fornecem servi\u00e7os de remessa somente por frete mar\u00edtimo e gerenciam todos os servi\u00e7os de importa\u00e7\u00e3o e exporta\u00e7\u00e3o para uma ampla gama de mercadorias, incluindo bens dom\u00e9sticos, antiguidades e ve\u00edculos automotores.<\/p>\n<p>Website: <a href=\"http:\/\/www.cifservices.com\" target=\"_blank\" rel=\"noopener\">http:\/\/www.cifservices.com<\/a><\/p>\n<h2><strong>2. Nilson Van &amp; Storage<\/strong><\/h2>\n<p><img loading=\"lazy\" decoding=\"async\" class=\"alignnone size-full wp-image-11395\" src=\"https:\/\/moverdb.com\/wp-content\/uploads\/Nilson-Van-Storage-international-moving-company.png\" alt=\"Empresa de mudan\u00e7as internacionais Nilson Van &amp; Storage\" width=\"1440\" height=\"675\" data-wp-pid=\"11395\" srcset=\"https:\/\/moverdb.com\/wp-content\/uploads\/Nilson-Van-Storage-international-moving-company.png 1440w, https:\/\/moverdb.com\/wp-content\/uploads\/Nilson-Van-Storage-international-moving-company-300x141.png 300w, https:\/\/moverdb.com\/wp-content\/uploads\/Nilson-Van-Storage-international-moving-company-1024x480.png 1024w, https:\/\/moverdb.com\/wp-content\/uploads\/Nilson-Van-Storage-international-moving-company-18x8.png 18w, https:\/\/moverdb.com\/wp-content\/uploads\/Nilson-Van-Storage-international-moving-company-600x281.png 600w\" sizes=\"auto, (max-width: 1440px) 100vw, 1440px\" \/><\/p>\n<ul>\n<li>Mudan\u00e7as locais e de longa dist\u00e2ncia<\/li>\n<li>Movimentos internacionais<\/li>\n<li>Mudan\u00e7as residenciais<\/li>\n<li>Movimentos comerciais<\/li>\n<li>Mudan\u00e7as corporativas<\/li>\n<li>Servi\u00e7o de embalagem<\/li>\n<li>Transporte por terra, ar e mar<\/li>\n<li>Transporte de ve\u00edculos<\/li>\n<li>Seguros<\/li>\n<li>Op\u00e7\u00f5es de armazenamento<\/li>\n<\/ul>\n<p>A Nilson Van &amp; Storage \u00e9 uma empresa de embalagem, mudan\u00e7a e armazenamento fundada em 1938 e sediada em Columbia, Carolina do Sul. Faz parte da Mayflower Movers, o que amplia sua rede de agentes de mudan\u00e7a que podem apoi\u00e1-la na presta\u00e7\u00e3o de seus servi\u00e7os em mais de 160 pa\u00edses. Eles s\u00e3o membros da IAM com 85 anos de experi\u00eancia.<\/p>\n<p>A Nilson Van &amp; Storage oferece um servi\u00e7o de embalagem com transportadores qualificados para embalar seus pertences com seguran\u00e7a e compilar um invent\u00e1rio detalhado. Eles providenciar\u00e3o o transporte de seus itens com informa\u00e7\u00f5es de rastreamento, para que voc\u00ea saiba onde est\u00e3o seus itens.<\/p>\n<p>Website: <a href=\"http:\/\/www.nilsonvan.com\/\" target=\"_blank\" rel=\"noopener\">http:\/\/www.nilsonvan.com\/<\/a><\/p>","protected":false},"excerpt":{"rendered":"<p>Moving can be overwhelming as there is so much to do such as planning, packing, arranging transport and if moving abroad customs handling. A moving company can assist you with some or all of this. Below we have compiled a list of South Carolina based removal companies that are members of the International Association of [&hellip;]<\/p>\n","protected":false},"author":4,"featured_media":11282,"parent":190,"menu_order":0,"comment_status":"closed","ping_status":"closed","template":"","meta":{"_genesis_hide_title":false,"_genesis_hide_breadcrumbs":false,"_genesis_hide_singular_image":false,"_genesis_hide_footer_widgets":false,"_genesis_custom_body_class":"","_genesis_custom_post_class":"","_genesis_layout":"","footnotes":""},"class_list":{"0":"post-11659","1":"page","2":"type-page","3":"status-publish","4":"has-post-thumbnail","6":"entry"},"_links":{"self":[{"href":"https:\/\/moverdb.com\/pt\/wp-json\/wp\/v2\/pages\/11659","targetHints":{"allow":["GET"]}}],"collection":[{"href":"https:\/\/moverdb.com\/pt\/wp-json\/wp\/v2\/pages"}],"about":[{"href":"https:\/\/moverdb.com\/pt\/wp-json\/wp\/v2\/types\/page"}],"author":[{"embeddable":true,"href":"https:\/\/moverdb.com\/pt\/wp-json\/wp\/v2\/users\/4"}],"replies":[{"embeddable":true,"href":"https:\/\/moverdb.com\/pt\/wp-json\/wp\/v2\/comments?post=11659"}],"version-history":[{"count":1,"href":"https:\/\/moverdb.com\/pt\/wp-json\/wp\/v2\/pages\/11659\/revisions"}],"predecessor-version":[{"id":11660,"href":"https:\/\/moverdb.com\/pt\/wp-json\/wp\/v2\/pages\/11659\/revisions\/11660"}],"up":[{"embeddable":true,"href":"https:\/\/moverdb.com\/pt\/wp-json\/wp\/v2\/pages\/190"}],"wp:featuredmedia":[{"embeddable":true,"href":"https:\/\/moverdb.com\/pt\/wp-json\/wp\/v2\/media\/11282"}],"wp:attachment":[{"href":"https:\/\/moverdb.com\/pt\/wp-json\/wp\/v2\/media?parent=11659"}],"curies":[{"name":"wp","href":"https:\/\/api.w.org\/{rel}","templated":true}]}}