{"id":11656,"date":"2023-11-29T10:42:35","date_gmt":"2023-11-29T10:42:35","guid":{"rendered":"https:\/\/moverdb.com\/?page_id=11656"},"modified":"2026-01-08T15:24:53","modified_gmt":"2026-01-08T15:24:53","slug":"moving-companies-us-seattle","status":"publish","type":"page","link":"https:\/\/moverdb.com\/pt\/moving-companies\/moving-companies-us-seattle\/","title":{"rendered":"4 melhores empresas de mudan\u00e7as internacionais em Seattle"},"content":{"rendered":"<p>Est\u00e1 planejando uma mudan\u00e7a de ou para <a href=\"https:\/\/moverdb.com\/pt\/moving-to-seattle\/\" data-internallinksmanager029f6b8e52c=\"65\" title=\"Mudando-se para Seattle? 2026 Custos de Vida e Dicas de Reloca\u00e7\u00e3o\">Seattle<\/a>? Ent\u00e3o, empregando um <a href=\"https:\/\/moverdb.com\/pt\/moving-companies\/\" data-internallinksmanager029f6b8e52c=\"79\" title=\"As 25 maiores empresas de mudan\u00e7as internacionais on-line\">empresa de mudan\u00e7as<\/a> para ajud\u00e1-lo a embalar, organizar o transporte e lidar com a alf\u00e2ndega para mudan\u00e7as internacionais pode ajudar a simplificar sua mudan\u00e7a. Abaixo, compilamos uma lista de empresas de Seattle <a href=\"https:\/\/moverdb.com\/pt\/international-removals\/\" data-internallinksmanager029f6b8e52c=\"27\" title=\"36 melhores empresas de mudan\u00e7as internacionais no Reino Unido\">empresas de mudan\u00e7as<\/a> que s\u00e3o membros do <a href=\"https:\/\/moverdb.com\/pt\/iam\/\" data-internallinksmanager029f6b8e52c=\"23\" title=\"Associa\u00e7\u00e3o Internacional de Remotores (IAM) Explicado\">Associa\u00e7\u00e3o Internacional de Movers<\/a> (IAM) e\/ou <a href=\"https:\/\/moverdb.com\/pt\/fidi-faim\/\" data-internallinksmanager029f6b8e52c=\"16\" title=\"FIDI &amp; FAIM (FIDI Accredited International Mover) Explicado\">FIDI<\/a> Credenciado pela International Mover (FAIM), que poderia ajud\u00e1-lo com sua mudan\u00e7a.<\/p>\n<div id=\"ez-toc-container\" class=\"ez-toc-v2_0_83 ez-toc-wrap-left counter-hierarchy ez-toc-counter ez-toc-transparent ez-toc-container-direction\">\n<div class=\"ez-toc-title-container\">\n<p class=\"ez-toc-title\" style=\"cursor:inherit\">Se\u00e7\u00f5es<\/p>\n<span class=\"ez-toc-title-toggle\"><a href=\"#\" class=\"ez-toc-pull-right ez-toc-btn ez-toc-btn-xs ez-toc-btn-default ez-toc-toggle\" aria-label=\"Alternar tabela de conte\u00fado\"><span class=\"ez-toc-js-icon-con\"><span class=\"\"><span class=\"eztoc-hide\" style=\"display:none;\">Alternar<\/span><span class=\"ez-toc-icon-toggle-span\"><svg style=\"fill: #999;color:#999\" xmlns=\"http:\/\/www.w3.org\/2000\/svg\" class=\"list-377408\" width=\"20px\" height=\"20px\" viewbox=\"0 0 24 24\" fill=\"none\"><path d=\"M6 6H4v2h2V6zm14 0H8v2h12V6zM4 11h2v2H4v-2zm16 0H8v2h12v-2zM4 16h2v2H4v-2zm16 0H8v2h12v-2z\" fill=\"currentColor\"><\/path><\/svg><svg style=\"fill: #999;color:#999\" class=\"arrow-unsorted-368013\" xmlns=\"http:\/\/www.w3.org\/2000\/svg\" width=\"10px\" height=\"10px\" viewbox=\"0 0 24 24\" version=\"1.2\" baseprofile=\"tiny\"><path d=\"M18.2 9.3l-6.2-6.3-6.2 6.3c-.2.2-.3.4-.3.7s.1.5.3.7c.2.2.4.3.7.3h11c.3 0 .5-.1.7-.3.2-.2.3-.5.3-.7s-.1-.5-.3-.7zM5.8 14.7l6.2 6.3 6.2-6.3c.2-.2.3-.5.3-.7s-.1-.5-.3-.7c-.2-.2-.4-.3-.7-.3h-11c-.3 0-.5.1-.7.3-.2.2-.3.5-.3.7s.1.5.3.7z\"\/><\/svg><\/span><\/span><\/span><\/a><\/span><\/div>\n<nav><ul class='ez-toc-list ez-toc-list-level-1 eztoc-toggle-hide-by-default' ><li class='ez-toc-page-1 ez-toc-heading-level-2'><a class=\"ez-toc-link ez-toc-heading-1\" href=\"https:\/\/moverdb.com\/pt\/moving-companies\/moving-companies-us-seattle\/#1_Mitchell_Moving_Storage\" >1. Mitchell Moving &amp; Storage<\/a><\/li><li class='ez-toc-page-1 ez-toc-heading-level-2'><a class=\"ez-toc-link ez-toc-heading-2\" href=\"https:\/\/moverdb.com\/pt\/moving-companies\/moving-companies-us-seattle\/#2_Pioneer_Van_Lines\" >2. Pioneer Van Lines<\/a><\/li><li class='ez-toc-page-1 ez-toc-heading-level-2'><a class=\"ez-toc-link ez-toc-heading-3\" href=\"https:\/\/moverdb.com\/pt\/moving-companies\/moving-companies-us-seattle\/#3_Rainier_Overseas_Movers\" >3. Rainier Overseas Movers<\/a><\/li><li class='ez-toc-page-1 ez-toc-heading-level-2'><a class=\"ez-toc-link ez-toc-heading-4\" href=\"https:\/\/moverdb.com\/pt\/moving-companies\/moving-companies-us-seattle\/#4_True_North\" >4. Norte verdadeiro<\/a><\/li><\/ul><\/nav><\/div>\n<h2><span class=\"ez-toc-section\" id=\"1_Mitchell_Moving_Storage\"><\/span><strong>1. Mitchell Moving &amp; Storage<\/strong><span class=\"ez-toc-section-end\"><\/span><\/h2>\n<p><img loading=\"lazy\" decoding=\"async\" class=\"alignnone size-full wp-image-11380\" src=\"https:\/\/moverdb.com\/wp-content\/uploads\/Mitchell-Moving-Storage-international-moving-company.png\" alt=\"Mitchell Moving &amp; Storage empresa de mudan\u00e7as internacionais\" width=\"1440\" height=\"680\" data-wp-pid=\"11380\" srcset=\"https:\/\/moverdb.com\/wp-content\/uploads\/Mitchell-Moving-Storage-international-moving-company.png 1440w, https:\/\/moverdb.com\/wp-content\/uploads\/Mitchell-Moving-Storage-international-moving-company-300x142.png 300w, https:\/\/moverdb.com\/wp-content\/uploads\/Mitchell-Moving-Storage-international-moving-company-1024x484.png 1024w, https:\/\/moverdb.com\/wp-content\/uploads\/Mitchell-Moving-Storage-international-moving-company-18x9.png 18w, https:\/\/moverdb.com\/wp-content\/uploads\/Mitchell-Moving-Storage-international-moving-company-600x283.png 600w\" sizes=\"auto, (max-width: 1440px) 100vw, 1440px\" \/><\/p>\n<ul>\n<li>Movimentos locais e interestaduais<\/li>\n<li>Movimentos internacionais<\/li>\n<li>Mudan\u00e7as dom\u00e9sticas<\/li>\n<li>Mudan\u00e7as corporativas<\/li>\n<li>Pesquisa de mudan\u00e7a<\/li>\n<li>Estimativa personalizada<\/li>\n<li>Servi\u00e7o de embalagem<\/li>\n<li>Provid\u00eancias de transporte<\/li>\n<li>Despachos aduaneiros<\/li>\n<li>Armazenamento seguro<\/li>\n<\/ul>\n<p>A Mitchell Moving &amp; Storage \u00e9 uma empresa de mudan\u00e7as com mais de 60 anos de experi\u00eancia e est\u00e1 sediada em Seattle. Ela faz parte do grupo de empresas de mudan\u00e7as Atlas Van Lines, que tem uma rede de 350 empresas de mudan\u00e7as em todo o mundo. <a href=\"https:\/\/moverdb.com\/pt\/moving-to-the-united-states\/\" data-internallinksmanager029f6b8e52c=\"94\" title=\"Mudando-se para os Estados Unidos? 2026 Custos de Vida e Dicas de Reloca\u00e7\u00e3o\">US<\/a> e acesso a uma rede mundial. Eles s\u00e3o membros da IAM com 70 anos de experi\u00eancia.<\/p>\n<p>A Mitchell Moving &amp; Storage oferece servi\u00e7os de mudan\u00e7a local, interestadual e internacional que come\u00e7am com uma pesquisa de mudan\u00e7a para estabelecer suas necessidades de mudan\u00e7a e criar um or\u00e7amento personalizado. Eles fornecem um servi\u00e7o de embalagem que atende \u00e0s normas internacionais e providenciam um transporte econ\u00f4mico para o seu destino, incluindo o despacho aduaneiro.<\/p>\n<p>Website: <a href=\"https:\/\/www.mitchellmoving.com\/\" target=\"_blank\" rel=\"noopener\">https:\/\/www.mitchellmoving.com\/<\/a><\/p>\n<h2><span class=\"ez-toc-section\" id=\"2_Pioneer_Van_Lines\"><\/span><strong>2. Pioneer Van Lines<\/strong><span class=\"ez-toc-section-end\"><\/span><\/h2>\n<p><img loading=\"lazy\" decoding=\"async\" class=\"alignnone size-full wp-image-11409\" src=\"https:\/\/moverdb.com\/wp-content\/uploads\/Pioneer-Van-Lines-international-moving-company.png\" alt=\"Empresa de mudan\u00e7as internacionais Pioneer Van Lines\" width=\"1440\" height=\"659\" data-wp-pid=\"11409\" srcset=\"https:\/\/moverdb.com\/wp-content\/uploads\/Pioneer-Van-Lines-international-moving-company.png 1440w, https:\/\/moverdb.com\/wp-content\/uploads\/Pioneer-Van-Lines-international-moving-company-300x137.png 300w, https:\/\/moverdb.com\/wp-content\/uploads\/Pioneer-Van-Lines-international-moving-company-1024x469.png 1024w, https:\/\/moverdb.com\/wp-content\/uploads\/Pioneer-Van-Lines-international-moving-company-18x8.png 18w, https:\/\/moverdb.com\/wp-content\/uploads\/Pioneer-Van-Lines-international-moving-company-600x275.png 600w\" sizes=\"auto, (max-width: 1440px) 100vw, 1440px\" \/><\/p>\n<ul>\n<li>Movimentos nacionais<\/li>\n<li>Movimentos internacionais<\/li>\n<li>Movimentos militares<\/li>\n<li>Servi\u00e7o porta-a-porta<\/li>\n<li>Organiza\u00e7\u00e3o do transporte<\/li>\n<li>Desembara\u00e7o aduaneiro<\/li>\n<li>Rastreamento de remessas<\/li>\n<li>Transporte de ve\u00edculos<\/li>\n<li>Seguros<\/li>\n<li>Instala\u00e7\u00f5es de armazenamento<\/li>\n<\/ul>\n<p>A Pioneer Van Lines \u00e9 uma empresa especializada em mudan\u00e7as que atende a fam\u00edlias de militares que se mudam dentro dos EUA e internacionalmente. Eles oferecem servi\u00e7os de mudan\u00e7a internacional para mais de 90 pa\u00edses usando suas redes internacionais. A empresa \u00e9 membro da IAM e tem 45 anos de experi\u00eancia.<\/p>\n<p>A Pioneer Van Lines oferece consultores de transporte experientes para gerenciar sua mudan\u00e7a de porta a porta. Eles o ajudar\u00e3o a gerenciar sua mudan\u00e7a e a garantir que seus pertences estejam em conformidade com as regras de transporte atrav\u00e9s de fronteiras internacionais e cuidar\u00e3o das provid\u00eancias alfandeg\u00e1rias. Eles tamb\u00e9m podem ajudar com servi\u00e7os adicionais que podem incluir transporte de ve\u00edculos, seguro e armazenamento.<\/p>\n<p>Website: <a href=\"http:\/\/www.pvln.com\/\" target=\"_blank\" rel=\"noopener\">http:\/\/www.pvln.com\/<\/a><\/p>\n<h2><span class=\"ez-toc-section\" id=\"3_Rainier_Overseas_Movers\"><\/span><strong>3. Rainier Overseas Movers<\/strong><span class=\"ez-toc-section-end\"><\/span><\/h2>\n<p><img loading=\"lazy\" decoding=\"async\" class=\"alignnone size-full wp-image-11417\" src=\"https:\/\/moverdb.com\/wp-content\/uploads\/Rainier-Overseas-Movers-international-moving-company.png\" alt=\"Rainier Overseas Movers empresa de mudan\u00e7as internacionais\" width=\"1440\" height=\"681\" data-wp-pid=\"11417\" srcset=\"https:\/\/moverdb.com\/wp-content\/uploads\/Rainier-Overseas-Movers-international-moving-company.png 1440w, https:\/\/moverdb.com\/wp-content\/uploads\/Rainier-Overseas-Movers-international-moving-company-300x142.png 300w, https:\/\/moverdb.com\/wp-content\/uploads\/Rainier-Overseas-Movers-international-moving-company-1024x484.png 1024w, https:\/\/moverdb.com\/wp-content\/uploads\/Rainier-Overseas-Movers-international-moving-company-18x9.png 18w, https:\/\/moverdb.com\/wp-content\/uploads\/Rainier-Overseas-Movers-international-moving-company-600x284.png 600w\" sizes=\"auto, (max-width: 1440px) 100vw, 1440px\" \/><\/p>\n<ul>\n<li>Movimentos nacionais<\/li>\n<li>Movimentos internacionais<\/li>\n<li>Mudan\u00e7as dom\u00e9sticas<\/li>\n<li>Servi\u00e7o porta-a-porta<\/li>\n<li>Servi\u00e7o de embalagem<\/li>\n<li>Transporte por caminh\u00e3o, ar ou mar<\/li>\n<li>Escolha de op\u00e7\u00f5es de recipientes<\/li>\n<li>Desembara\u00e7o aduaneiro<\/li>\n<li>Seguros<\/li>\n<li>Instala\u00e7\u00f5es de armazenamento<\/li>\n<\/ul>\n<p>A Rainier Overseas Movers \u00e9 uma rede nacional de empresas de mudan\u00e7as que presta servi\u00e7os de mudan\u00e7as internacionais, fundada em 1979. Eles t\u00eam uma rede estabelecida de agentes de mudan\u00e7a para prestar servi\u00e7os internacionais e nacionais. A empresa \u00e9 membro da IAM e tem 36 anos de experi\u00eancia.<\/p>\n<p>A Rainier Overseas Movers oferece um servi\u00e7o de mudan\u00e7a porta a porta que o ajudar\u00e1 a encontrar solu\u00e7\u00f5es de mudan\u00e7a econ\u00f4micas que come\u00e7am com um or\u00e7amento em casa. Eles oferecem um servi\u00e7o de embalagem para proteger seus pertences em tr\u00e2nsito e providenciam o transporte para praticamente qualquer destino por caminh\u00e3o, avi\u00e3o ou mar com libera\u00e7\u00e3o alfandeg\u00e1ria.<\/p>\n<p>Website: <a href=\"https:\/\/www.rainieros.com\/\" target=\"_blank\" rel=\"noopener\">https:\/\/www.rainieros.com\/<\/a><\/p>\n<h2><span class=\"ez-toc-section\" id=\"4_True_North\"><\/span><strong>4. Norte verdadeiro<\/strong><span class=\"ez-toc-section-end\"><\/span><\/h2>\n<p><img loading=\"lazy\" decoding=\"async\" class=\"alignnone size-full wp-image-11463\" src=\"https:\/\/moverdb.com\/wp-content\/uploads\/True-North-international-moving-company.png\" alt=\"Empresa de mudan\u00e7as internacionais True North\" width=\"1440\" height=\"680\" data-wp-pid=\"11463\" srcset=\"https:\/\/moverdb.com\/wp-content\/uploads\/True-North-international-moving-company.png 1440w, https:\/\/moverdb.com\/wp-content\/uploads\/True-North-international-moving-company-300x142.png 300w, https:\/\/moverdb.com\/wp-content\/uploads\/True-North-international-moving-company-1024x484.png 1024w, https:\/\/moverdb.com\/wp-content\/uploads\/True-North-international-moving-company-18x9.png 18w, https:\/\/moverdb.com\/wp-content\/uploads\/True-North-international-moving-company-600x283.png 600w\" sizes=\"auto, (max-width: 1440px) 100vw, 1440px\" \/><\/p>\n<ul>\n<li>Movimentos internacionais<\/li>\n<li>Mudan\u00e7as dom\u00e9sticas<\/li>\n<li>Servi\u00e7o personalizado<\/li>\n<li>Servi\u00e7o de embalagem<\/li>\n<li>Provid\u00eancias de transporte<\/li>\n<li>Software de gerenciamento<\/li>\n<li>Desembara\u00e7o aduaneiro<\/li>\n<li>Transporte de ve\u00edculos<\/li>\n<li>Seguros<\/li>\n<li>Solu\u00e7\u00f5es de armazenamento<\/li>\n<\/ul>\n<p>A True North \u00e9 uma empresa de realoca\u00e7\u00e3o para o exterior fundada em 2004 e sediada em Seattle. A empresa conta com consultores altamente treinados e uma rede de parceiros de longo prazo com alcance global para dar suporte a realoca\u00e7\u00f5es internacionais. Eles s\u00e3o membros da IAM com 19 anos de experi\u00eancia.<\/p>\n<p>A True North \u00e9 especializada em mudan\u00e7as internacionais e oferece suporte consultivo para ajud\u00e1-lo a navegar pelas complexidades das remessas globais. Eles garantir\u00e3o que voc\u00ea esteja totalmente informado para que tome as decis\u00f5es corretas. Eles lhe fornecer\u00e3o um plano de mudan\u00e7a personalizado, adaptado \u00e0s suas necessidades, e usar\u00e3o um software para ajudar a gerenciar sua mudan\u00e7a.<\/p>\n<p>Website: <a href=\"https:\/\/www.truenorthrelocation.com\/\" target=\"_blank\" rel=\"noopener\">https:\/\/www.truenorthrelocation.com\/<\/a><\/p>","protected":false},"excerpt":{"rendered":"<p>Are you planning a move to or from Seattle? Then employing a moving company to help you with packing, arranging transport and handling customs for international moves can assist in making your move simpler. Below we have compiled a list of Seattle based removal companies that are members of the International Association of Movers (IAM) [&hellip;]<\/p>\n","protected":false},"author":4,"featured_media":11380,"parent":190,"menu_order":0,"comment_status":"closed","ping_status":"closed","template":"","meta":{"_genesis_hide_title":false,"_genesis_hide_breadcrumbs":false,"_genesis_hide_singular_image":false,"_genesis_hide_footer_widgets":false,"_genesis_custom_body_class":"","_genesis_custom_post_class":"","_genesis_layout":"","footnotes":""},"class_list":{"0":"post-11656","1":"page","2":"type-page","3":"status-publish","4":"has-post-thumbnail","6":"entry"},"_links":{"self":[{"href":"https:\/\/moverdb.com\/pt\/wp-json\/wp\/v2\/pages\/11656","targetHints":{"allow":["GET"]}}],"collection":[{"href":"https:\/\/moverdb.com\/pt\/wp-json\/wp\/v2\/pages"}],"about":[{"href":"https:\/\/moverdb.com\/pt\/wp-json\/wp\/v2\/types\/page"}],"author":[{"embeddable":true,"href":"https:\/\/moverdb.com\/pt\/wp-json\/wp\/v2\/users\/4"}],"replies":[{"embeddable":true,"href":"https:\/\/moverdb.com\/pt\/wp-json\/wp\/v2\/comments?post=11656"}],"version-history":[{"count":2,"href":"https:\/\/moverdb.com\/pt\/wp-json\/wp\/v2\/pages\/11656\/revisions"}],"predecessor-version":[{"id":11658,"href":"https:\/\/moverdb.com\/pt\/wp-json\/wp\/v2\/pages\/11656\/revisions\/11658"}],"up":[{"embeddable":true,"href":"https:\/\/moverdb.com\/pt\/wp-json\/wp\/v2\/pages\/190"}],"wp:featuredmedia":[{"embeddable":true,"href":"https:\/\/moverdb.com\/pt\/wp-json\/wp\/v2\/media\/11380"}],"wp:attachment":[{"href":"https:\/\/moverdb.com\/pt\/wp-json\/wp\/v2\/media?parent=11656"}],"curies":[{"name":"wp","href":"https:\/\/api.w.org\/{rel}","templated":true}]}}