{"id":11651,"date":"2023-11-29T10:38:44","date_gmt":"2023-11-29T10:38:44","guid":{"rendered":"https:\/\/moverdb.com\/?page_id=11651"},"modified":"2026-01-08T15:24:50","modified_gmt":"2026-01-08T15:24:50","slug":"moving-companies-us-pennsylvania","status":"publish","type":"page","link":"https:\/\/moverdb.com\/pt\/moving-companies\/moving-companies-us-pennsylvania\/","title":{"rendered":"4 melhores empresas de mudan\u00e7as internacionais na Pensilv\u00e2nia"},"content":{"rendered":"<p>Quando voc\u00ea est\u00e1 se mudando, h\u00e1 muito o que fazer, como organizar, empacotar, providenciar o transporte e administrar a alf\u00e2ndega se estiver se mudando para o exterior, mas voc\u00ea n\u00e3o precisa fazer isso sozinho. A <a href=\"https:\/\/moverdb.com\/pt\/moving-companies\/\" data-internallinksmanager029f6b8e52c=\"79\" title=\"As 25 maiores empresas de mudan\u00e7as internacionais on-line\">empresa de mudan\u00e7as<\/a> pode ajudar com todas ou algumas dessas tarefas para facilitar a mudan\u00e7a. Abaixo, compilamos uma lista de <a href=\"https:\/\/moverdb.com\/pt\/moving-to-the-united-states\/moving-to-pennsylvania\/\" data-internallinksmanager029f6b8e52c=\"404\" title=\"Est\u00e1 se mudando para a Pensilv\u00e2nia? 2026 Custo de vida e dicas de realoca\u00e7\u00e3o\">Pensilv\u00e2nia<\/a> sediada em <a href=\"https:\/\/moverdb.com\/pt\/international-removals\/\" data-internallinksmanager029f6b8e52c=\"27\" title=\"36 melhores empresas de mudan\u00e7as internacionais no Reino Unido\">empresas de mudan\u00e7as<\/a> que s\u00e3o membros do <a href=\"https:\/\/moverdb.com\/pt\/iam\/\" data-internallinksmanager029f6b8e52c=\"23\" title=\"Associa\u00e7\u00e3o Internacional de Remotores (IAM) Explicado\">Associa\u00e7\u00e3o Internacional de Movers<\/a> (IAM) e\/ou <a href=\"https:\/\/moverdb.com\/pt\/fidi-faim\/\" data-internallinksmanager029f6b8e52c=\"16\" title=\"FIDI &amp; FAIM (FIDI Accredited International Mover) Explicado\">FIDI<\/a> Credenciado pela International Mover (FAIM), que poderia ajud\u00e1-lo com sua mudan\u00e7a.<\/p>\n<div id=\"ez-toc-container\" class=\"ez-toc-v2_0_82_2 ez-toc-wrap-left counter-hierarchy ez-toc-counter ez-toc-transparent ez-toc-container-direction\">\n<div class=\"ez-toc-title-container\">\n<p class=\"ez-toc-title\" style=\"cursor:inherit\">Se\u00e7\u00f5es<\/p>\n<span class=\"ez-toc-title-toggle\"><a href=\"#\" class=\"ez-toc-pull-right ez-toc-btn ez-toc-btn-xs ez-toc-btn-default ez-toc-toggle\" aria-label=\"Alternar tabela de conte\u00fado\"><span class=\"ez-toc-js-icon-con\"><span class=\"\"><span class=\"eztoc-hide\" style=\"display:none;\">Alternar<\/span><span class=\"ez-toc-icon-toggle-span\"><svg style=\"fill: #999;color:#999\" xmlns=\"http:\/\/www.w3.org\/2000\/svg\" class=\"list-377408\" width=\"20px\" height=\"20px\" viewbox=\"0 0 24 24\" fill=\"none\"><path d=\"M6 6H4v2h2V6zm14 0H8v2h12V6zM4 11h2v2H4v-2zm16 0H8v2h12v-2zM4 16h2v2H4v-2zm16 0H8v2h12v-2z\" fill=\"currentColor\"><\/path><\/svg><svg style=\"fill: #999;color:#999\" class=\"arrow-unsorted-368013\" xmlns=\"http:\/\/www.w3.org\/2000\/svg\" width=\"10px\" height=\"10px\" viewbox=\"0 0 24 24\" version=\"1.2\" baseprofile=\"tiny\"><path d=\"M18.2 9.3l-6.2-6.3-6.2 6.3c-.2.2-.3.4-.3.7s.1.5.3.7c.2.2.4.3.7.3h11c.3 0 .5-.1.7-.3.2-.2.3-.5.3-.7s-.1-.5-.3-.7zM5.8 14.7l6.2 6.3 6.2-6.3c.2-.2.3-.5.3-.7s-.1-.5-.3-.7c-.2-.2-.4-.3-.7-.3h-11c-.3 0-.5.1-.7.3-.2.2-.3.5-.3.7s.1.5.3.7z\"\/><\/svg><\/span><\/span><\/span><\/a><\/span><\/div>\n<nav><ul class='ez-toc-list ez-toc-list-level-1 eztoc-toggle-hide-by-default' ><li class='ez-toc-page-1 ez-toc-heading-level-2'><a class=\"ez-toc-link ez-toc-heading-1\" href=\"https:\/\/moverdb.com\/pt\/moving-companies\/moving-companies-us-pennsylvania\/#1_Aires\" >1. Aires<\/a><\/li><li class='ez-toc-page-1 ez-toc-heading-level-2'><a class=\"ez-toc-link ez-toc-heading-2\" href=\"https:\/\/moverdb.com\/pt\/moving-companies\/moving-companies-us-pennsylvania\/#2_Champion_International_Moving\" >2. Champion International Moving<\/a><\/li><li class='ez-toc-page-1 ez-toc-heading-level-2'><a class=\"ez-toc-link ez-toc-heading-3\" href=\"https:\/\/moverdb.com\/pt\/moving-companies\/moving-companies-us-pennsylvania\/#3_Movers_Specialty_Service\" >3. Servi\u00e7o Especializado de Mudan\u00e7as<\/a><\/li><li class='ez-toc-page-1 ez-toc-heading-level-2'><a class=\"ez-toc-link ez-toc-heading-4\" href=\"https:\/\/moverdb.com\/pt\/moving-companies\/moving-companies-us-pennsylvania\/#4_Reads_Moving_Systems\" >4. Leitura de sistemas m\u00f3veis<\/a><\/li><\/ul><\/nav><\/div>\n<h2><span class=\"ez-toc-section\" id=\"1_Aires\"><\/span><strong>1. Aires<\/strong><span class=\"ez-toc-section-end\"><\/span><\/h2>\n<p><img loading=\"lazy\" decoding=\"async\" class=\"alignnone size-full wp-image-11247\" src=\"https:\/\/moverdb.com\/wp-content\/uploads\/Aires-international-moving-company.png\" alt=\"Aires empresa de mudan\u00e7as internacionais\" width=\"1440\" height=\"678\" data-wp-pid=\"11247\" srcset=\"https:\/\/moverdb.com\/wp-content\/uploads\/Aires-international-moving-company.png 1440w, https:\/\/moverdb.com\/wp-content\/uploads\/Aires-international-moving-company-300x141.png 300w, https:\/\/moverdb.com\/wp-content\/uploads\/Aires-international-moving-company-1024x482.png 1024w, https:\/\/moverdb.com\/wp-content\/uploads\/Aires-international-moving-company-18x8.png 18w, https:\/\/moverdb.com\/wp-content\/uploads\/Aires-international-moving-company-600x283.png 600w\" sizes=\"auto, (max-width: 1440px) 100vw, 1440px\" \/><\/p>\n<ul>\n<li>Mudan\u00e7as nacionais<\/li>\n<li>Mudan\u00e7as internacionais<\/li>\n<li>Mudan\u00e7as dom\u00e9sticas<\/li>\n<li>Mudan\u00e7as de funcion\u00e1rios<\/li>\n<li>Servi\u00e7os de partida<\/li>\n<li>Servi\u00e7os de destino e instala\u00e7\u00e3o<\/li>\n<li>Servi\u00e7os de imigra\u00e7\u00e3o<\/li>\n<li>Servi\u00e7os imobili\u00e1rios<\/li>\n<li>Busca de escolas<\/li>\n<li>Treinamento cultural e lingu\u00edstico<\/li>\n<\/ul>\n<p>A Aires \u00e9 uma empresa de realoca\u00e7\u00e3o e agenciamento de cargas fundada em 1981, com sede em Pittsburgh e cinco outras <a href=\"https:\/\/moverdb.com\/pt\/moving-to-the-united-states\/\" data-internallinksmanager029f6b8e52c=\"94\" title=\"Mudando-se para os Estados Unidos? 2026 Custos de Vida e Dicas de Reloca\u00e7\u00e3o\">US<\/a> escrit\u00f3rios e escrit\u00f3rios internacionais em <a href=\"https:\/\/moverdb.com\/pt\/moving-to-hong-kong\/\" data-internallinksmanager029f6b8e52c=\"350\" title=\"Est\u00e1 se mudando para Hong Kong? 2026 Custo de vida e dicas de realoca\u00e7\u00e3o\">Hong Kong<\/a>, Londres, <a href=\"https:\/\/moverdb.com\/pt\/moving-to-singapore\/\" data-internallinksmanager029f6b8e52c=\"68\" title=\"Mudando-se para Cingapura? 2026 Custos de Vida e Dicas de Reloca\u00e7\u00e3o\">Cingapura<\/a>Xangai e Mumbai. Eles t\u00eam uma extensa rede de prestadores de servi\u00e7os confi\u00e1veis para apoi\u00e1-los. Eles s\u00e3o membros da IAM com 42 anos de experi\u00eancia e s\u00e3o credenciados pela FIDI.<\/p>\n<p>A Aires \u00e9 especializada em dar suporte a empresas na realoca\u00e7\u00e3o de seus funcion\u00e1rios e oferece uma ampla gama de servi\u00e7os para ajudar os funcion\u00e1rios em sua mudan\u00e7a e na instala\u00e7\u00e3o em seu novo lar. Seus servi\u00e7os incluem servi\u00e7os de partida, como mudan\u00e7a e imigra\u00e7\u00e3o, e servi\u00e7os de destino, como encontrar uma casa e uma escola.<\/p>\n<p>Website: <a href=\"https:\/\/www.aires.com\/\" target=\"_blank\" rel=\"noopener\">https:\/\/www.aires.com\/<\/a><\/p>\n<h2><span class=\"ez-toc-section\" id=\"2_Champion_International_Moving\"><\/span><strong>2. Champion International Moving<\/strong><span class=\"ez-toc-section-end\"><\/span><\/h2>\n<p><img loading=\"lazy\" decoding=\"async\" class=\"alignnone size-full wp-image-11285\" src=\"https:\/\/moverdb.com\/wp-content\/uploads\/Champion-International-Moving-company.png\" alt=\"Empresa Champion International Moving\" width=\"1440\" height=\"676\" data-wp-pid=\"11285\" srcset=\"https:\/\/moverdb.com\/wp-content\/uploads\/Champion-International-Moving-company.png 1440w, https:\/\/moverdb.com\/wp-content\/uploads\/Champion-International-Moving-company-300x141.png 300w, https:\/\/moverdb.com\/wp-content\/uploads\/Champion-International-Moving-company-1024x481.png 1024w, https:\/\/moverdb.com\/wp-content\/uploads\/Champion-International-Moving-company-18x8.png 18w, https:\/\/moverdb.com\/wp-content\/uploads\/Champion-International-Moving-company-600x282.png 600w\" sizes=\"auto, (max-width: 1440px) 100vw, 1440px\" \/><\/p>\n<ul>\n<li>Movimentos nacionais<\/li>\n<li>Movimentos internacionais<\/li>\n<li>Mudan\u00e7as residenciais<\/li>\n<li>Movimentos comerciais<\/li>\n<li>Especialista em realoca\u00e7\u00e3o dedicado<\/li>\n<li>Servi\u00e7o de embalagem<\/li>\n<li>Movimentos de animais<\/li>\n<li>Transporte de ve\u00edculos<\/li>\n<li>Seguros<\/li>\n<li>Servi\u00e7os de armazenagem<\/li>\n<\/ul>\n<p>A Champion International Moving \u00e9 uma empresa de gerenciamento de mudan\u00e7as fundada em 1991 e sediada em Pittsburgh. Ela faz parte da <a href=\"https:\/\/moverdb.com\/pt\/harmony-relocation-network\/\" data-internallinksmanager029f6b8e52c=\"20\" title=\"Harmony Relocation Network (HRN) Explicado\">Rede Harmony Relocation<\/a> o que significa que eles operam de maneira socialmente respons\u00e1vel e t\u00eam uma rede de empresas de mudan\u00e7as com as quais trabalham e que operam da mesma maneira. Eles s\u00e3o membros da IAM, com 32 anos de experi\u00eancia, e s\u00e3o credenciados pela FIDI.<\/p>\n<p>A Champion International Moving oferece mudan\u00e7as nacionais e internacionais para clientes residenciais e comerciais com um \u00fanico ponto de contato, que \u00e9 um especialista em realoca\u00e7\u00e3o dedicado. Eles oferecem um servi\u00e7o de embalagem para proteger seus pertences e providenciam o transporte e o descarregamento na chegada.<\/p>\n<p>Website: <a href=\"http:\/\/www.champmove.com\" target=\"_blank\" rel=\"noopener\">http:\/\/www.champmove.com<\/a><\/p>\n<h2><span class=\"ez-toc-section\" id=\"3_Movers_Specialty_Service\"><\/span><strong>3. Servi\u00e7o Especializado de Mudan\u00e7as<\/strong><span class=\"ez-toc-section-end\"><\/span><\/h2>\n<p><img loading=\"lazy\" decoding=\"async\" class=\"alignnone size-full wp-image-11384\" src=\"https:\/\/moverdb.com\/wp-content\/uploads\/Movers-Specialty-Service-international-moving-company.png\" alt=\"Movers Specialty Service empresa de mudan\u00e7as internacionais\" width=\"1440\" height=\"677\" data-wp-pid=\"11384\" srcset=\"https:\/\/moverdb.com\/wp-content\/uploads\/Movers-Specialty-Service-international-moving-company.png 1440w, https:\/\/moverdb.com\/wp-content\/uploads\/Movers-Specialty-Service-international-moving-company-300x141.png 300w, https:\/\/moverdb.com\/wp-content\/uploads\/Movers-Specialty-Service-international-moving-company-1024x481.png 1024w, https:\/\/moverdb.com\/wp-content\/uploads\/Movers-Specialty-Service-international-moving-company-18x8.png 18w, https:\/\/moverdb.com\/wp-content\/uploads\/Movers-Specialty-Service-international-moving-company-600x282.png 600w\" sizes=\"auto, (max-width: 1440px) 100vw, 1440px\" \/><\/p>\n<ul>\n<li>Servi\u00e7os nacionais<\/li>\n<li>Servi\u00e7os de mudan\u00e7a dom\u00e9stica<\/li>\n<li>Servi\u00e7os de mudan\u00e7as comerciais<\/li>\n<li>Gerenciamento de mudan\u00e7as no local<\/li>\n<li>Servi\u00e7os de classifica\u00e7\u00e3o<\/li>\n<li>Manuseio de belas artes<\/li>\n<li>Desmontar e montar m\u00f3veis<\/li>\n<li>Servi\u00e7os de remo\u00e7\u00e3o e instala\u00e7\u00e3o<\/li>\n<li>Servi\u00e7os de mudan\u00e7a de itens especializados<\/li>\n<li>Servi\u00e7o de camareira<\/li>\n<\/ul>\n<p>A Movers Specialty Service \u00e9 uma empresa terceirizada de servi\u00e7os de mudan\u00e7a criada em 1978 e sediada em Montgomeryville. Eles prestam servi\u00e7os em todos os EUA usando uma rede cuidadosamente selecionada de profissionais treinados. A empresa \u00e9 membro da IAM e tem 45 anos de experi\u00eancia.<\/p>\n<p>A Movers Specialty Service oferece servi\u00e7os de suporte especializado para transportadores e empresas de mudan\u00e7a em sua origem ou destino nos EUA. Eles oferecem servi\u00e7os especializados de mudan\u00e7a que incluem desconex\u00e3o\/conex\u00e3o de eletrodom\u00e9sticos, desmontagem\/montagem de equipamentos e m\u00f3veis, desmontagem\/montagem de TVs, remo\u00e7\u00e3o\/instala\u00e7\u00e3o de acess\u00f3rios e encaixotamento de mercadorias. Eles tamb\u00e9m podem transportar itens fr\u00e1geis e volumosos, como pianos e rel\u00f3gios de p\u00eandulo.<\/p>\n<p>Website: <a href=\"http:\/\/mss1.com\" target=\"_blank\" rel=\"noopener\">http:\/\/mss1.com<\/a><\/p>\n<h2><span class=\"ez-toc-section\" id=\"4_Reads_Moving_Systems\"><\/span><strong>4. Leitura de sistemas m\u00f3veis<\/strong><span class=\"ez-toc-section-end\"><\/span><\/h2>\n<p><img loading=\"lazy\" decoding=\"async\" class=\"alignnone size-full wp-image-11418\" src=\"https:\/\/moverdb.com\/wp-content\/uploads\/Reads-Moving-Systems-international-moving-company.png\" alt=\"Reads Moving Systems empresa de mudan\u00e7as internacionais\" width=\"1440\" height=\"677\" data-wp-pid=\"11418\" srcset=\"https:\/\/moverdb.com\/wp-content\/uploads\/Reads-Moving-Systems-international-moving-company.png 1440w, https:\/\/moverdb.com\/wp-content\/uploads\/Reads-Moving-Systems-international-moving-company-300x141.png 300w, https:\/\/moverdb.com\/wp-content\/uploads\/Reads-Moving-Systems-international-moving-company-1024x481.png 1024w, https:\/\/moverdb.com\/wp-content\/uploads\/Reads-Moving-Systems-international-moving-company-18x8.png 18w, https:\/\/moverdb.com\/wp-content\/uploads\/Reads-Moving-Systems-international-moving-company-600x282.png 600w\" sizes=\"auto, (max-width: 1440px) 100vw, 1440px\" \/><\/p>\n<ul>\n<li>Mudan\u00e7as locais<\/li>\n<li>Movimentos internacionais<\/li>\n<li>Mudan\u00e7as dom\u00e9sticas<\/li>\n<li>Mudan\u00e7as de escrit\u00f3rios e industriais<\/li>\n<li>Planejamento pr\u00e9-movimento<\/li>\n<li>Servi\u00e7o de embalagem<\/li>\n<li>Engradado<\/li>\n<li>Arranjo de transporte<\/li>\n<li>Servi\u00e7os de origem e destino<\/li>\n<li>Instala\u00e7\u00f5es de armazenamento<\/li>\n<\/ul>\n<p>A Reads Moving Systems \u00e9 uma empresa de mudan\u00e7as e armazenamento formada em 1937 e est\u00e1 sediada em Huntingdon Valley, com unidades tamb\u00e9m em <a href=\"https:\/\/moverdb.com\/pt\/moving-to-the-united-states\/moving-to-florida\/\" data-internallinksmanager029f6b8e52c=\"331\" title=\"Mudan\u00e7a para a Fl\u00f3rida? 2026 Custo de vida e dicas de realoca\u00e7\u00e3o\">Fl\u00f3rida<\/a> e <a href=\"https:\/\/moverdb.com\/pt\/moving-to-the-united-states\/moving-to-georgia\/\" data-internallinksmanager029f6b8e52c=\"402\" title=\"Mudan\u00e7a para o estado da Ge\u00f3rgia? 2026 Custo de vida e dicas de realoca\u00e7\u00e3o\">Ge\u00f3rgia<\/a>. Eles s\u00e3o um agente da Atlas Van Lines, o que lhes proporciona uma rede de empresas de mudan\u00e7as com as quais trabalhar. Eles s\u00e3o membros da IAM com 50 anos de experi\u00eancia.<\/p>\n<p>A Reads Moving Systems oferece pre\u00e7os competitivos para seus servi\u00e7os de mudan\u00e7a. Eles oferecem planejamento pr\u00e9-mudan\u00e7a com seus coordenadores de gerenciamento de mudan\u00e7as para fazer os preparativos para a sua mudan\u00e7a. Eles oferecem um servi\u00e7o de embalagem e acondicionamento para proteger seus itens e os carregam em um cont\u00eainer para mudan\u00e7as internacionais.<\/p>\n<p>Website: <a href=\"http:\/\/www.readsmoving.com\" target=\"_blank\" rel=\"noopener\">http:\/\/www.readsmoving.com<\/a><\/p>","protected":false},"excerpt":{"rendered":"<p>When you are moving there is so much to do like organising, packing, arranging transportation and managing customs if moving abroad, but you don\u2019t have to do this alone. A moving company can help with all or some of these tasks to make moving easier. Below we have compiled a list of Pennsylvania based removal [&hellip;]<\/p>\n","protected":false},"author":4,"featured_media":11247,"parent":190,"menu_order":0,"comment_status":"closed","ping_status":"closed","template":"","meta":{"_genesis_hide_title":false,"_genesis_hide_breadcrumbs":false,"_genesis_hide_singular_image":false,"_genesis_hide_footer_widgets":false,"_genesis_custom_body_class":"","_genesis_custom_post_class":"","_genesis_layout":"","footnotes":""},"class_list":{"0":"post-11651","1":"page","2":"type-page","3":"status-publish","4":"has-post-thumbnail","6":"entry"},"_links":{"self":[{"href":"https:\/\/moverdb.com\/pt\/wp-json\/wp\/v2\/pages\/11651","targetHints":{"allow":["GET"]}}],"collection":[{"href":"https:\/\/moverdb.com\/pt\/wp-json\/wp\/v2\/pages"}],"about":[{"href":"https:\/\/moverdb.com\/pt\/wp-json\/wp\/v2\/types\/page"}],"author":[{"embeddable":true,"href":"https:\/\/moverdb.com\/pt\/wp-json\/wp\/v2\/users\/4"}],"replies":[{"embeddable":true,"href":"https:\/\/moverdb.com\/pt\/wp-json\/wp\/v2\/comments?post=11651"}],"version-history":[{"count":2,"href":"https:\/\/moverdb.com\/pt\/wp-json\/wp\/v2\/pages\/11651\/revisions"}],"predecessor-version":[{"id":11653,"href":"https:\/\/moverdb.com\/pt\/wp-json\/wp\/v2\/pages\/11651\/revisions\/11653"}],"up":[{"embeddable":true,"href":"https:\/\/moverdb.com\/pt\/wp-json\/wp\/v2\/pages\/190"}],"wp:featuredmedia":[{"embeddable":true,"href":"https:\/\/moverdb.com\/pt\/wp-json\/wp\/v2\/media\/11247"}],"wp:attachment":[{"href":"https:\/\/moverdb.com\/pt\/wp-json\/wp\/v2\/media?parent=11651"}],"curies":[{"name":"wp","href":"https:\/\/api.w.org\/{rel}","templated":true}]}}