{"id":11645,"date":"2023-11-29T10:51:46","date_gmt":"2023-11-29T10:51:46","guid":{"rendered":"https:\/\/moverdb.com\/?page_id=11645"},"modified":"2026-01-08T15:29:00","modified_gmt":"2026-01-08T15:29:00","slug":"moving-companies-us-north-carolina","status":"publish","type":"page","link":"https:\/\/moverdb.com\/pt\/moving-companies\/moving-companies-us-north-carolina\/","title":{"rendered":"5 melhores empresas de mudan\u00e7as internacionais na Carolina do Norte"},"content":{"rendered":"<p>A mudan\u00e7a pode ser um dos momentos mais estressantes da sua vida, portanto, por que n\u00e3o reduzir a press\u00e3o contratando um <a href=\"https:\/\/moverdb.com\/pt\/moving-companies\/\" data-internallinksmanager029f6b8e52c=\"79\" title=\"As 25 maiores empresas de mudan\u00e7as internacionais on-line\">empresa de mudan\u00e7as<\/a> para fazer parte do trabalho para voc\u00ea? Isso pode incluir o planejamento da mudan\u00e7a, o empacotamento dos seus pertences, a organiza\u00e7\u00e3o do transporte e o tratamento da alf\u00e2ndega. Abaixo, compilamos uma lista de <a href=\"https:\/\/moverdb.com\/pt\/moving-to-the-united-states\/moving-to-north-carolina\/\" data-internallinksmanager029f6b8e52c=\"411\" title=\"Mudan\u00e7a para a Carolina do Norte? 2026 Custo de vida e dicas de realoca\u00e7\u00e3o\">Carolina do Norte<\/a> sediada em <a href=\"https:\/\/moverdb.com\/pt\/international-removals\/\" data-internallinksmanager029f6b8e52c=\"27\" title=\"36 melhores empresas de mudan\u00e7as internacionais no Reino Unido\">empresas de mudan\u00e7as<\/a> que s\u00e3o membros do <a href=\"https:\/\/moverdb.com\/pt\/iam\/\" data-internallinksmanager029f6b8e52c=\"23\" title=\"Associa\u00e7\u00e3o Internacional de Remotores (IAM) Explicado\">Associa\u00e7\u00e3o Internacional de Movers<\/a> (IAM) e\/ou <a href=\"https:\/\/moverdb.com\/pt\/fidi-faim\/\" data-internallinksmanager029f6b8e52c=\"16\" title=\"FIDI &amp; FAIM (FIDI Accredited International Mover) Explicado\">FIDI<\/a> Credenciado pela International Mover (FAIM) que poderia ajud\u00e1-lo em sua mudan\u00e7a.<\/p>\n<div id=\"ez-toc-container\" class=\"ez-toc-v2_0_82_2 ez-toc-wrap-left counter-hierarchy ez-toc-counter ez-toc-transparent ez-toc-container-direction\">\n<div class=\"ez-toc-title-container\">\n<p class=\"ez-toc-title\" style=\"cursor:inherit\">Se\u00e7\u00f5es<\/p>\n<span class=\"ez-toc-title-toggle\"><a href=\"#\" class=\"ez-toc-pull-right ez-toc-btn ez-toc-btn-xs ez-toc-btn-default ez-toc-toggle\" aria-label=\"Alternar tabela de conte\u00fado\"><span class=\"ez-toc-js-icon-con\"><span class=\"\"><span class=\"eztoc-hide\" style=\"display:none;\">Alternar<\/span><span class=\"ez-toc-icon-toggle-span\"><svg style=\"fill: #999;color:#999\" xmlns=\"http:\/\/www.w3.org\/2000\/svg\" class=\"list-377408\" width=\"20px\" height=\"20px\" viewbox=\"0 0 24 24\" fill=\"none\"><path d=\"M6 6H4v2h2V6zm14 0H8v2h12V6zM4 11h2v2H4v-2zm16 0H8v2h12v-2zM4 16h2v2H4v-2zm16 0H8v2h12v-2z\" fill=\"currentColor\"><\/path><\/svg><svg style=\"fill: #999;color:#999\" class=\"arrow-unsorted-368013\" xmlns=\"http:\/\/www.w3.org\/2000\/svg\" width=\"10px\" height=\"10px\" viewbox=\"0 0 24 24\" version=\"1.2\" baseprofile=\"tiny\"><path d=\"M18.2 9.3l-6.2-6.3-6.2 6.3c-.2.2-.3.4-.3.7s.1.5.3.7c.2.2.4.3.7.3h11c.3 0 .5-.1.7-.3.2-.2.3-.5.3-.7s-.1-.5-.3-.7zM5.8 14.7l6.2 6.3 6.2-6.3c.2-.2.3-.5.3-.7s-.1-.5-.3-.7c-.2-.2-.4-.3-.7-.3h-11c-.3 0-.5.1-.7.3-.2.2-.3.5-.3.7s.1.5.3.7z\"\/><\/svg><\/span><\/span><\/span><\/a><\/span><\/div>\n<nav><ul class='ez-toc-list ez-toc-list-level-1 eztoc-toggle-hide-by-default' ><li class='ez-toc-page-1 ez-toc-heading-level-2'><a class=\"ez-toc-link ez-toc-heading-1\" href=\"https:\/\/moverdb.com\/pt\/moving-companies\/moving-companies-us-north-carolina\/#1_All_American_Relocation\" >1. All American Relocation<\/a><\/li><li class='ez-toc-page-1 ez-toc-heading-level-2'><a class=\"ez-toc-link ez-toc-heading-2\" href=\"https:\/\/moverdb.com\/pt\/moving-companies\/moving-companies-us-north-carolina\/#2_Hilldrup\" >2. Hilldrup<\/a><\/li><li class='ez-toc-page-1 ez-toc-heading-level-2'><a class=\"ez-toc-link ez-toc-heading-3\" href=\"https:\/\/moverdb.com\/pt\/moving-companies\/moving-companies-us-north-carolina\/#3_Sandhills_Moving_Storage\" >3. Sandhills Moving &amp; Storage<\/a><\/li><li class='ez-toc-page-1 ez-toc-heading-level-2'><a class=\"ez-toc-link ez-toc-heading-4\" href=\"https:\/\/moverdb.com\/pt\/moving-companies\/moving-companies-us-north-carolina\/#4_Seacorp\" >4. Seacorp<\/a><\/li><li class='ez-toc-page-1 ez-toc-heading-level-2'><a class=\"ez-toc-link ez-toc-heading-5\" href=\"https:\/\/moverdb.com\/pt\/moving-companies\/moving-companies-us-north-carolina\/#5_Zippy_Shell\" >5. Concha Zippy<\/a><\/li><\/ul><\/nav><\/div>\n<h2><span class=\"ez-toc-section\" id=\"1_All_American_Relocation\"><\/span><strong>1. All American Relocation<\/strong><span class=\"ez-toc-section-end\"><\/span><\/h2>\n<p><img loading=\"lazy\" decoding=\"async\" class=\"alignnone size-full wp-image-11251\" src=\"https:\/\/moverdb.com\/wp-content\/uploads\/All-American-Relocation-international-moving-company.png\" alt=\"Empresa de mudan\u00e7as internacionais All American Relocation\" width=\"1440\" height=\"675\" data-wp-pid=\"11251\" srcset=\"https:\/\/moverdb.com\/wp-content\/uploads\/All-American-Relocation-international-moving-company.png 1440w, https:\/\/moverdb.com\/wp-content\/uploads\/All-American-Relocation-international-moving-company-300x141.png 300w, https:\/\/moverdb.com\/wp-content\/uploads\/All-American-Relocation-international-moving-company-1024x480.png 1024w, https:\/\/moverdb.com\/wp-content\/uploads\/All-American-Relocation-international-moving-company-18x8.png 18w, https:\/\/moverdb.com\/wp-content\/uploads\/All-American-Relocation-international-moving-company-600x281.png 600w\" sizes=\"auto, (max-width: 1440px) 100vw, 1440px\" \/><\/p>\n<ul>\n<li>Mudan\u00e7as locais e de longa dist\u00e2ncia<\/li>\n<li>Movimentos internacionais<\/li>\n<li>Mudan\u00e7as residenciais<\/li>\n<li>Mudan\u00e7as de escrit\u00f3rio<\/li>\n<li>Realoca\u00e7\u00e3o de funcion\u00e1rios<\/li>\n<li>Servi\u00e7o porta-a-porta<\/li>\n<li>Servi\u00e7o de embalagem<\/li>\n<li>Transporte a\u00e9reo, mar\u00edtimo e terrestre<\/li>\n<li><a href=\"https:\/\/moverdb.com\/pt\/car-transport-shipping\/\" data-internallinksmanager029f6b8e52c=\"2\" title=\"2026 Cota\u00e7\u00f5es de transporte internacional de carros e envio de ve\u00edculos\">Envio de ve\u00edculos<\/a><\/li>\n<li>Armazenamento de curto e longo prazo<\/li>\n<\/ul>\n<p>A All American Relocation \u00e9 uma empresa de mudan\u00e7as de servi\u00e7o completo com unidades em Rayleigh e Charlotte. Eles s\u00e3o agentes da Mayflower, o que lhes proporciona uma rede de agentes de mudan\u00e7a com os quais trabalhar. Eles s\u00e3o membros da IAM e t\u00eam 25 anos de experi\u00eancia.<\/p>\n<p>A All American Relocation oferece um servi\u00e7o gratuito de <a href=\"https:\/\/moverdb.com\/pt\/quotes\/\" data-internallinksmanager029f6b8e52c=\"26\" title=\"Cota\u00e7\u00f5es de Mudan\u00e7as Internacionais: 12 Perguntas a Fazer ao seu Mover\">or\u00e7amento em movimento<\/a> e uma pesquisa em v\u00eddeo para avaliar suas necessidades. Eles oferecem um servi\u00e7o porta a porta com um coordenador de mudan\u00e7as dedicado para gerenciar sua mudan\u00e7a. Eles fornecem uma equipe de embalagem treinada que usa materiais de embalagem da mais alta qualidade que atendem aos padr\u00f5es internacionais. Tamb\u00e9m oferecem transporte de ve\u00edculos, servi\u00e7os de origem e destino na Carolina do Norte e instala\u00e7\u00f5es de armazenamento.<\/p>\n<p>Website: <a href=\"http:\/\/www.aarelocation.com\" target=\"_blank\" rel=\"noopener\">http:\/\/www.aarelocation.com<\/a><\/p>\n<h2><span class=\"ez-toc-section\" id=\"2_Hilldrup\"><\/span><strong>2. Hilldrup<\/strong><span class=\"ez-toc-section-end\"><\/span><\/h2>\n<p><img loading=\"lazy\" decoding=\"async\" class=\"alignnone size-full wp-image-11339\" src=\"https:\/\/moverdb.com\/wp-content\/uploads\/Hilldrup-international-moving-company.png\" alt=\"Empresa de mudan\u00e7as internacionais Hilldrup\" width=\"1440\" height=\"674\" data-wp-pid=\"11339\" srcset=\"https:\/\/moverdb.com\/wp-content\/uploads\/Hilldrup-international-moving-company.png 1440w, https:\/\/moverdb.com\/wp-content\/uploads\/Hilldrup-international-moving-company-300x140.png 300w, https:\/\/moverdb.com\/wp-content\/uploads\/Hilldrup-international-moving-company-1024x479.png 1024w, https:\/\/moverdb.com\/wp-content\/uploads\/Hilldrup-international-moving-company-18x8.png 18w, https:\/\/moverdb.com\/wp-content\/uploads\/Hilldrup-international-moving-company-600x281.png 600w\" sizes=\"auto, (max-width: 1440px) 100vw, 1440px\" \/><\/p>\n<ul>\n<li>Mudan\u00e7as locais e de longa dist\u00e2ncia<\/li>\n<li>Mudan\u00e7as internacionais<\/li>\n<li>Mudan\u00e7as residenciais<\/li>\n<li>Mudan\u00e7as comerciais e de escrit\u00f3rio<\/li>\n<li>Mudan\u00e7as de funcion\u00e1rios<\/li>\n<li>Conselheiro de mudan\u00e7a dedicado<\/li>\n<li>Pesquisa virtual<\/li>\n<li>Servi\u00e7o de embalagem<\/li>\n<li>Proteja sua casa<\/li>\n<li>Armazenamento de curto e longo prazo<\/li>\n<\/ul>\n<p>A Hilldrup \u00e9 uma empresa de mudan\u00e7as, armazenamento e log\u00edstica fundada em 1903, com 10 filiais, incluindo Charlotte e Garner, na Carolina do Norte. A empresa \u00e9 afiliada \u00e0 United Van Lines e \u00e0 Mayflower Transit, o que lhe proporciona uma ampla rede de agentes com os quais trabalhar. A empresa \u00e9 membro da IAM, com 120 anos de experi\u00eancia, e \u00e9 credenciada pela FIDI.<\/p>\n<p>A Hilldrup oferece solu\u00e7\u00f5es de mudan\u00e7a adaptadas \u00e0s suas necessidades, com uma variedade de servi\u00e7os que incluem servi\u00e7o completo de embalagem e op\u00e7\u00f5es de bricolagem. Eles fornecem um Move Counsellor como um ponto \u00fanico de contato durante toda a sua mudan\u00e7a. Seu servi\u00e7o de embalagem utiliza os melhores materiais de embalagem e embala e acondiciona itens fr\u00e1geis de forma personalizada.<\/p>\n<p>Website: <a href=\"https:\/\/www.hilldrup.com\/\" target=\"_blank\" rel=\"noopener\">https:\/\/www.hilldrup.com\/\/<\/a><\/p>\n<h2><span class=\"ez-toc-section\" id=\"3_Sandhills_Moving_Storage\"><\/span><strong>3. Sandhills Moving &amp; Storage<\/strong><span class=\"ez-toc-section-end\"><\/span><\/h2>\n<p><img loading=\"lazy\" decoding=\"async\" class=\"alignnone size-full wp-image-11433\" src=\"https:\/\/moverdb.com\/wp-content\/uploads\/Sandhill-Moving-Storage-international-moving-company.png\" alt=\"Empresa de mudan\u00e7as internacionais Sandhill Moving &amp; Storage\" width=\"1440\" height=\"676\" data-wp-pid=\"11433\" srcset=\"https:\/\/moverdb.com\/wp-content\/uploads\/Sandhill-Moving-Storage-international-moving-company.png 1440w, https:\/\/moverdb.com\/wp-content\/uploads\/Sandhill-Moving-Storage-international-moving-company-300x141.png 300w, https:\/\/moverdb.com\/wp-content\/uploads\/Sandhill-Moving-Storage-international-moving-company-1024x481.png 1024w, https:\/\/moverdb.com\/wp-content\/uploads\/Sandhill-Moving-Storage-international-moving-company-18x8.png 18w, https:\/\/moverdb.com\/wp-content\/uploads\/Sandhill-Moving-Storage-international-moving-company-600x282.png 600w\" sizes=\"auto, (max-width: 1440px) 100vw, 1440px\" \/><\/p>\n<ul>\n<li>Mudan\u00e7as locais e de longa dist\u00e2ncia<\/li>\n<li>Movimentos internacionais<\/li>\n<li>Mudan\u00e7as residenciais<\/li>\n<li>Mudan\u00e7as comerciais e de escrit\u00f3rio<\/li>\n<li>Coordenador pessoal de mudan\u00e7as<\/li>\n<li>Servi\u00e7o de embalagem<\/li>\n<li>Provid\u00eancias de transporte<\/li>\n<li>Apoio alfandeg\u00e1rio<\/li>\n<li>Rastreamento de embarque<\/li>\n<li>Instala\u00e7\u00f5es de armazenamento<\/li>\n<\/ul>\n<p>A Sandhills Moving &amp; Storage \u00e9 uma empresa de mudan\u00e7as especializada em transporte e armazenamento com unidades em Southern Pines, Sanford e Pittsboro. Eles s\u00e3o uma empresa de mudan\u00e7as Mayflower com servi\u00e7o completo, o que lhes d\u00e1 acesso a uma rede internacional de agentes de mudan\u00e7as em mais de 180 pa\u00edses, e s\u00e3o membros da IAM.<\/p>\n<p>A Sandhills Moving &amp; Storage oferece servi\u00e7os abrangentes de gerenciamento de mudan\u00e7as e alocar\u00e1 um coordenador de mudan\u00e7as pessoal para ajud\u00e1-lo durante toda a mudan\u00e7a. Eles oferecem servi\u00e7os de mudan\u00e7a personalizados que incluem servi\u00e7os de embalagem, organiza\u00e7\u00e3o de transporte e manuseio de documenta\u00e7\u00e3o e alf\u00e2ndega. Eles tamb\u00e9m oferecem op\u00e7\u00f5es de armazenamento de curto prazo.<\/p>\n<p>Website: <a href=\"http:\/\/www.sandhillsmoving.com\" target=\"_blank\" rel=\"noopener\">http:\/\/www.sandhillsmoving.com<\/a><\/p>\n<h2><span class=\"ez-toc-section\" id=\"4_Seacorp\"><\/span><strong>4. Seacorp<\/strong><span class=\"ez-toc-section-end\"><\/span><\/h2>\n<p><img loading=\"lazy\" decoding=\"async\" class=\"alignnone size-full wp-image-11438\" src=\"https:\/\/moverdb.com\/wp-content\/uploads\/Seacorp-international-moving-company.png\" alt=\"Empresa de mudan\u00e7as internacionais Seacorp\" width=\"1440\" height=\"676\" data-wp-pid=\"11438\" srcset=\"https:\/\/moverdb.com\/wp-content\/uploads\/Seacorp-international-moving-company.png 1440w, https:\/\/moverdb.com\/wp-content\/uploads\/Seacorp-international-moving-company-300x141.png 300w, https:\/\/moverdb.com\/wp-content\/uploads\/Seacorp-international-moving-company-1024x481.png 1024w, https:\/\/moverdb.com\/wp-content\/uploads\/Seacorp-international-moving-company-18x8.png 18w, https:\/\/moverdb.com\/wp-content\/uploads\/Seacorp-international-moving-company-600x282.png 600w\" sizes=\"auto, (max-width: 1440px) 100vw, 1440px\" \/><\/p>\n<ul>\n<li>Frete nacional<\/li>\n<li>Frete internacional<\/li>\n<li>Log\u00edstica porta a porta<\/li>\n<li>Gerenciamento de remessas<\/li>\n<li>Encaixotamento e paletiza\u00e7\u00e3o<\/li>\n<li>Transporte a\u00e9reo, mar\u00edtimo e por caminh\u00e3o<\/li>\n<li>Rastreamento de embarque<\/li>\n<li>Desembara\u00e7o aduaneiro<\/li>\n<li>Manuseio de importa\u00e7\u00e3o e exporta\u00e7\u00e3o<\/li>\n<li>Seguros<\/li>\n<\/ul>\n<p>A Seacorp \u00e9 uma empresa de log\u00edstica formada em 1998 e sediada em Lincolnton, Carolina do Norte. A empresa tem uma extensa rede global de agentes para apoi\u00e1-la na presta\u00e7\u00e3o de seus servi\u00e7os em todo o mundo. A empresa \u00e9 membro da IAM e tem 25 anos de experi\u00eancia.<\/p>\n<p>A Seacorp buscar\u00e1 as tarifas mais competitivas e os melhores tempos de tr\u00e2nsito dispon\u00edveis para sua remessa. Eles podem providenciar o transporte a\u00e9reo, mar\u00edtimo ou por caminh\u00e3o. Eles oferecem uma variedade de op\u00e7\u00f5es de cont\u00eaineres, incluindo cargas de cont\u00eaineres cheios e cargas de cont\u00eaineres menores que cheios. Seus servi\u00e7os incluem libera\u00e7\u00e3o de exporta\u00e7\u00e3o e seguro mar\u00edtimo.<\/p>\n<p>Website: <a href=\"http:\/\/www.seacorpnc.com\" target=\"_blank\" rel=\"noopener\">http:\/\/www.seacorpnc.com<\/a><\/p>\n<h2><span class=\"ez-toc-section\" id=\"5_Zippy_Shell\"><\/span><strong>5. Concha Zippy<\/strong><span class=\"ez-toc-section-end\"><\/span><\/h2>\n<p><img loading=\"lazy\" decoding=\"async\" class=\"alignnone size-full wp-image-11483\" src=\"https:\/\/moverdb.com\/wp-content\/uploads\/Zippy-Shell-international-moving-company.png\" alt=\"Empresa de mudan\u00e7as internacionais Zippy Shell\" width=\"1440\" height=\"676\" data-wp-pid=\"11483\" srcset=\"https:\/\/moverdb.com\/wp-content\/uploads\/Zippy-Shell-international-moving-company.png 1440w, https:\/\/moverdb.com\/wp-content\/uploads\/Zippy-Shell-international-moving-company-300x141.png 300w, https:\/\/moverdb.com\/wp-content\/uploads\/Zippy-Shell-international-moving-company-1024x481.png 1024w, https:\/\/moverdb.com\/wp-content\/uploads\/Zippy-Shell-international-moving-company-18x8.png 18w, https:\/\/moverdb.com\/wp-content\/uploads\/Zippy-Shell-international-moving-company-600x282.png 600w\" sizes=\"auto, (max-width: 1440px) 100vw, 1440px\" \/><\/p>\n<ul>\n<li>Mudan\u00e7as locais<\/li>\n<li>Movimentos de longa dist\u00e2ncia<\/li>\n<li>Mudan\u00e7as residenciais<\/li>\n<li>Mudan\u00e7as corporativas<\/li>\n<li>Ponto \u00fanico de contato<\/li>\n<li>Servi\u00e7o porta-a-porta<\/li>\n<li>Servi\u00e7os de embalagem por meio de terceiros<\/li>\n<li>Entrega de caminh\u00e3o<\/li>\n<li>Transporte de carros<\/li>\n<li>Solu\u00e7\u00f5es de armazenamento seguro<\/li>\n<\/ul>\n<p>A Zippy Shell \u00e9 uma empresa de mudan\u00e7as e armazenamento sediada em Wake Forest. Eles oferecem solu\u00e7\u00f5es de mudan\u00e7a e armazenamento locais e de longa dist\u00e2ncia na regi\u00e3o de <a href=\"https:\/\/moverdb.com\/pt\/moving-to-the-united-states\/\" data-internallinksmanager029f6b8e52c=\"94\" title=\"Mudando-se para os Estados Unidos? 2026 Custos de Vida e Dicas de Reloca\u00e7\u00e3o\">US<\/a> utilizando seus pr\u00f3prios caminh\u00f5es e cont\u00eaineres. Eles s\u00e3o membros da IAM com 14 anos de experi\u00eancia.<\/p>\n<p>A Zippy Shell oferece solu\u00e7\u00f5es \u00fanicas e port\u00e1teis de mudan\u00e7a e armazenamento, pois entrega um cont\u00eainer port\u00e1til para voc\u00ea e lhe d\u00e1 at\u00e9 tr\u00eas dias para embal\u00e1-lo voc\u00ea mesmo ou usar um servi\u00e7o de embalagem terceirizado. Eles coletar\u00e3o o cont\u00eainer port\u00e1til e o levar\u00e3o ao seu destino ou o armazenar\u00e3o em suas instala\u00e7\u00f5es seguras em todo o pa\u00eds, por um per\u00edodo curto ou longo.<\/p>\n<p>Website: <a href=\"http:\/\/zippyshell.com\" target=\"_blank\" rel=\"noopener\">http:\/\/zippyshell.com<\/a><\/p>","protected":false},"excerpt":{"rendered":"<p>Moving can be one of the most stressful times in your life so why not reduce the pressure by employing a moving company to do some of the work for you? This can include planning the move, packing your belongings, arranging transport and handling customs. Below we have compiled a list of North Carolina based [&hellip;]<\/p>\n","protected":false},"author":4,"featured_media":11251,"parent":190,"menu_order":0,"comment_status":"closed","ping_status":"closed","template":"","meta":{"_genesis_hide_title":false,"_genesis_hide_breadcrumbs":false,"_genesis_hide_singular_image":false,"_genesis_hide_footer_widgets":false,"_genesis_custom_body_class":"","_genesis_custom_post_class":"","_genesis_layout":"","footnotes":""},"class_list":{"0":"post-11645","1":"page","2":"type-page","3":"status-publish","4":"has-post-thumbnail","6":"entry"},"_links":{"self":[{"href":"https:\/\/moverdb.com\/pt\/wp-json\/wp\/v2\/pages\/11645","targetHints":{"allow":["GET"]}}],"collection":[{"href":"https:\/\/moverdb.com\/pt\/wp-json\/wp\/v2\/pages"}],"about":[{"href":"https:\/\/moverdb.com\/pt\/wp-json\/wp\/v2\/types\/page"}],"author":[{"embeddable":true,"href":"https:\/\/moverdb.com\/pt\/wp-json\/wp\/v2\/users\/4"}],"replies":[{"embeddable":true,"href":"https:\/\/moverdb.com\/pt\/wp-json\/wp\/v2\/comments?post=11645"}],"version-history":[{"count":2,"href":"https:\/\/moverdb.com\/pt\/wp-json\/wp\/v2\/pages\/11645\/revisions"}],"predecessor-version":[{"id":11647,"href":"https:\/\/moverdb.com\/pt\/wp-json\/wp\/v2\/pages\/11645\/revisions\/11647"}],"up":[{"embeddable":true,"href":"https:\/\/moverdb.com\/pt\/wp-json\/wp\/v2\/pages\/190"}],"wp:featuredmedia":[{"embeddable":true,"href":"https:\/\/moverdb.com\/pt\/wp-json\/wp\/v2\/media\/11251"}],"wp:attachment":[{"href":"https:\/\/moverdb.com\/pt\/wp-json\/wp\/v2\/media?parent=11645"}],"curies":[{"name":"wp","href":"https:\/\/api.w.org\/{rel}","templated":true}]}}