{"id":11624,"date":"2023-11-22T15:50:03","date_gmt":"2023-11-22T15:50:03","guid":{"rendered":"https:\/\/moverdb.com\/?page_id=11624"},"modified":"2026-01-08T15:30:12","modified_gmt":"2026-01-08T15:30:12","slug":"moving-companies-nevada","status":"publish","type":"page","link":"https:\/\/moverdb.com\/pt\/moving-companies\/moving-companies-nevada\/","title":{"rendered":"Melhores empresas de mudan\u00e7as internacionais em Nevada"},"content":{"rendered":"<p>A mudan\u00e7a pode ser um dos momentos mais estressantes da sua vida, ent\u00e3o por que tentar fazer tudo sozinho? A <a href=\"https:\/\/moverdb.com\/pt\/moving-companies\/\" data-internallinksmanager029f6b8e52c=\"79\" title=\"As 25 maiores empresas de mudan\u00e7as internacionais on-line\">empresa de mudan\u00e7as<\/a> pode assumir muitas das tarefas, como organizar a mudan\u00e7a, providenciar o transporte, embalar e preencher a papelada. Abaixo, compilamos uma lista de <a href=\"https:\/\/moverdb.com\/pt\/moving-to-the-united-states\/moving-to-nevada\/\" data-internallinksmanager029f6b8e52c=\"457\" title=\"Mudan\u00e7a para Nevada? 2024 Custo de vida e dicas de realoca\u00e7\u00e3o\">Nevada<\/a> sediada em <a href=\"https:\/\/moverdb.com\/pt\/international-removals\/\" data-internallinksmanager029f6b8e52c=\"27\" title=\"36 melhores empresas de mudan\u00e7as internacionais no Reino Unido\">empresas de mudan\u00e7as<\/a> que s\u00e3o membros do <a href=\"https:\/\/moverdb.com\/pt\/iam\/\" data-internallinksmanager029f6b8e52c=\"23\" title=\"Associa\u00e7\u00e3o Internacional de Remotores (IAM) Explicado\">Associa\u00e7\u00e3o Internacional de Movers<\/a> (IAM) e\/ou <a href=\"https:\/\/moverdb.com\/pt\/fidi-faim\/\" data-internallinksmanager029f6b8e52c=\"16\" title=\"FIDI &amp; FAIM (FIDI Accredited International Mover) Explicado\">FIDI<\/a> Credenciado pela International Mover (FAIM), que poderia ajud\u00e1-lo com sua mudan\u00e7a.<\/p>\n<h2><strong>RenoRelo<\/strong><\/h2>\n<p><img loading=\"lazy\" decoding=\"async\" class=\"alignnone size-full wp-image-11423\" src=\"https:\/\/moverdb.com\/wp-content\/uploads\/RenoRelo-international-moving-company.png\" alt=\"Empresa de mudan\u00e7as internacionais RenoRelo\" width=\"1440\" height=\"679\" data-wp-pid=\"11423\" srcset=\"https:\/\/moverdb.com\/wp-content\/uploads\/RenoRelo-international-moving-company.png 1440w, https:\/\/moverdb.com\/wp-content\/uploads\/RenoRelo-international-moving-company-300x141.png 300w, https:\/\/moverdb.com\/wp-content\/uploads\/RenoRelo-international-moving-company-1024x483.png 1024w, https:\/\/moverdb.com\/wp-content\/uploads\/RenoRelo-international-moving-company-18x8.png 18w, https:\/\/moverdb.com\/wp-content\/uploads\/RenoRelo-international-moving-company-600x283.png 600w\" sizes=\"auto, (max-width: 1440px) 100vw, 1440px\" \/><\/p>\n<ul>\n<li>Movimentos locais e nacionais<\/li>\n<li>Movimentos mundiais<\/li>\n<li>Mudan\u00e7as residenciais<\/li>\n<li>Mudan\u00e7as comerciais e de escrit\u00f3rio<\/li>\n<li>Mudan\u00e7as corporativas<\/li>\n<li>Solu\u00e7\u00f5es de servi\u00e7o completo<\/li>\n<li>Servi\u00e7o de embalagem<\/li>\n<li>Engradado<\/li>\n<li>Provid\u00eancias de transporte<\/li>\n<li>Instala\u00e7\u00f5es de armazenamento<\/li>\n<\/ul>\n<p>A RenoRelo \u00e9 uma empresa de mudan\u00e7as de servi\u00e7o completo com unidades em Reno, Spokane e Boise. Eles s\u00e3o agentes da United Van Lines, o que lhes d\u00e1 uma rede de empresas de mudan\u00e7as com as quais podem trabalhar para prestar servi\u00e7os fora de suas \u00e1reas de opera\u00e7\u00e3o. Eles s\u00e3o membros da IAM com cinco anos de experi\u00eancia.<\/p>\n<p>A RenoRelo oferece solu\u00e7\u00f5es completas para mudan\u00e7as residenciais, comerciais e de escrit\u00f3rio, bem como realoca\u00e7\u00f5es corporativas dentro da <a href=\"https:\/\/moverdb.com\/pt\/moving-to-the-united-states\/\" data-internallinksmanager029f6b8e52c=\"94\" title=\"Mudando-se para os Estados Unidos? 2026 Custos de Vida e Dicas de Reloca\u00e7\u00e3o\">US<\/a> e internacionalmente. Eles oferecem servi\u00e7os de embalagem e encaixotamento para proteger seus pertences em tr\u00e2nsito. Eles providenciar\u00e3o o transporte de seus pertences e coordenar\u00e3o com terceiros a entrega em seu destino.<\/p>\n<p>Website: <a href=\"http:\/\/renoreloww.com\" target=\"_blank\" rel=\"noopener\">http:\/\/renoreloww.com<\/a><\/p>\n<h2>Outros guias \u00fateis sobre os Estados Unidos<\/h2>\n<ul>\n<li> <a href=\"https:\/\/moverdb.com\/pt\/movendo-para-os-estados-unidos-2022-custos-de-vida-dicas-de-localizacao\/moving-to-las-vegas\/\">Est\u00e1 se mudando para Las Vegas? 2024 Custo de vida e dicas de realoca\u00e7\u00e3o<\/a><\/li>\n<li> <a href=\"https:\/\/moverdb.com\/pt\/movendo-para-os-estados-unidos-2022-custos-de-vida-dicas-de-localizacao\/moving-to-nevada\/\">Mudan\u00e7a para Nevada? 2024 Custo de vida e dicas de realoca\u00e7\u00e3o<\/a><\/li>\n<li> <a href=\"https:\/\/moverdb.com\/pt\/movendo-para-os-estados-unidos-2022-custos-de-vida-dicas-de-localizacao\/movers-cost\/\">Quanto custa contratar uma empresa de mudan\u00e7as? Guia de poupan\u00e7a dos EUA para 2024<\/a><\/li>\n<li> <a href=\"https:\/\/moverdb.com\/pt\/movendo-para-os-estados-unidos-2022-custos-de-vida-dicas-de-localizacao\/\">Mudando-se para os Estados Unidos? 2026 Custos de Vida e Dicas de Reloca\u00e7\u00e3o<\/a><\/li>\n<li> <a href=\"https:\/\/moverdb.com\/pt\/movendo-para-os-estados-unidos-2022-custos-de-vida-dicas-de-localizacao\/places-to-live-in-the-us\/\">13 melhores lugares para se viver nos Estados Unidos<\/a><\/li>\n<li> <a href=\"https:\/\/moverdb.com\/pt\/movendo-para-os-estados-unidos-2022-custos-de-vida-dicas-de-localizacao\/vivo\/\">21 Segredos sobre viver nos EUA para saber antes de se mudar<\/a><\/li>\n<\/ul>","protected":false},"excerpt":{"rendered":"<p>Moving can be one of the most stressful times in your life so why try to do it all by yourself? A moving company can take on many of the tasks such as organising the move, arranging transport, packing and completing paperwork. Below we have compiled a list of Nevada based removal companies that are [&hellip;]<\/p>\n","protected":false},"author":4,"featured_media":11423,"parent":190,"menu_order":0,"comment_status":"closed","ping_status":"closed","template":"","meta":{"_genesis_hide_title":false,"_genesis_hide_breadcrumbs":false,"_genesis_hide_singular_image":false,"_genesis_hide_footer_widgets":false,"_genesis_custom_body_class":"","_genesis_custom_post_class":"","_genesis_layout":"","footnotes":""},"class_list":{"0":"post-11624","1":"page","2":"type-page","3":"status-publish","4":"has-post-thumbnail","6":"entry"},"_links":{"self":[{"href":"https:\/\/moverdb.com\/pt\/wp-json\/wp\/v2\/pages\/11624","targetHints":{"allow":["GET"]}}],"collection":[{"href":"https:\/\/moverdb.com\/pt\/wp-json\/wp\/v2\/pages"}],"about":[{"href":"https:\/\/moverdb.com\/pt\/wp-json\/wp\/v2\/types\/page"}],"author":[{"embeddable":true,"href":"https:\/\/moverdb.com\/pt\/wp-json\/wp\/v2\/users\/4"}],"replies":[{"embeddable":true,"href":"https:\/\/moverdb.com\/pt\/wp-json\/wp\/v2\/comments?post=11624"}],"version-history":[{"count":4,"href":"https:\/\/moverdb.com\/pt\/wp-json\/wp\/v2\/pages\/11624\/revisions"}],"predecessor-version":[{"id":17660,"href":"https:\/\/moverdb.com\/pt\/wp-json\/wp\/v2\/pages\/11624\/revisions\/17660"}],"up":[{"embeddable":true,"href":"https:\/\/moverdb.com\/pt\/wp-json\/wp\/v2\/pages\/190"}],"wp:featuredmedia":[{"embeddable":true,"href":"https:\/\/moverdb.com\/pt\/wp-json\/wp\/v2\/media\/11423"}],"wp:attachment":[{"href":"https:\/\/moverdb.com\/pt\/wp-json\/wp\/v2\/media?parent=11624"}],"curies":[{"name":"wp","href":"https:\/\/api.w.org\/{rel}","templated":true}]}}