{"id":11619,"date":"2023-11-29T10:52:33","date_gmt":"2023-11-29T10:52:33","guid":{"rendered":"https:\/\/moverdb.com\/?page_id=11619"},"modified":"2026-01-08T15:28:59","modified_gmt":"2026-01-08T15:28:59","slug":"moving-companies-us-missouri","status":"publish","type":"page","link":"https:\/\/moverdb.com\/pt\/moving-companies\/moving-companies-us-missouri\/","title":{"rendered":"5 melhores empresas de mudan\u00e7a internacional no Missouri"},"content":{"rendered":"<p>Quando estiver planejando sua mudan\u00e7a, voc\u00ea far\u00e1 tudo sozinho ou ter\u00e1 a ajuda de um <a href=\"https:\/\/moverdb.com\/pt\/moving-companies\/\" data-internallinksmanager029f6b8e52c=\"79\" title=\"As 25 maiores empresas de mudan\u00e7as internacionais on-line\">empresa de mudan\u00e7as<\/a>? Eles podem ajudar com a embalagem, o transporte e a documenta\u00e7\u00e3o para reduzir a press\u00e3o sobre voc\u00ea. Abaixo, compilamos uma lista de <a href=\"https:\/\/moverdb.com\/pt\/moving-to-the-united-states\/moving-to-missouri\/\" data-internallinksmanager029f6b8e52c=\"460\" title=\"Mudan\u00e7a para o Missouri? 2024 Custo de vida e dicas de realoca\u00e7\u00e3o\">Missouri<\/a> sediada em <a href=\"https:\/\/moverdb.com\/pt\/international-removals\/\" data-internallinksmanager029f6b8e52c=\"27\" title=\"36 melhores empresas de mudan\u00e7as internacionais no Reino Unido\">empresas de mudan\u00e7as<\/a> que s\u00e3o membros do <a href=\"https:\/\/moverdb.com\/pt\/iam\/\" data-internallinksmanager029f6b8e52c=\"23\" title=\"Associa\u00e7\u00e3o Internacional de Remotores (IAM) Explicado\">Associa\u00e7\u00e3o Internacional de Movers<\/a> (IAM) e\/ou <a href=\"https:\/\/moverdb.com\/pt\/fidi-faim\/\" data-internallinksmanager029f6b8e52c=\"16\" title=\"FIDI &amp; FAIM (FIDI Accredited International Mover) Explicado\">FIDI<\/a> Credenciado pela International Mover (FAIM) que poderia ajud\u00e1-lo em sua mudan\u00e7a.<\/p>\n<div id=\"ez-toc-container\" class=\"ez-toc-v2_0_82_2 ez-toc-wrap-left counter-hierarchy ez-toc-counter ez-toc-transparent ez-toc-container-direction\">\n<div class=\"ez-toc-title-container\">\n<p class=\"ez-toc-title\" style=\"cursor:inherit\">Se\u00e7\u00f5es<\/p>\n<span class=\"ez-toc-title-toggle\"><a href=\"#\" class=\"ez-toc-pull-right ez-toc-btn ez-toc-btn-xs ez-toc-btn-default ez-toc-toggle\" aria-label=\"Alternar tabela de conte\u00fado\"><span class=\"ez-toc-js-icon-con\"><span class=\"\"><span class=\"eztoc-hide\" style=\"display:none;\">Alternar<\/span><span class=\"ez-toc-icon-toggle-span\"><svg style=\"fill: #999;color:#999\" xmlns=\"http:\/\/www.w3.org\/2000\/svg\" class=\"list-377408\" width=\"20px\" height=\"20px\" viewbox=\"0 0 24 24\" fill=\"none\"><path d=\"M6 6H4v2h2V6zm14 0H8v2h12V6zM4 11h2v2H4v-2zm16 0H8v2h12v-2zM4 16h2v2H4v-2zm16 0H8v2h12v-2z\" fill=\"currentColor\"><\/path><\/svg><svg style=\"fill: #999;color:#999\" class=\"arrow-unsorted-368013\" xmlns=\"http:\/\/www.w3.org\/2000\/svg\" width=\"10px\" height=\"10px\" viewbox=\"0 0 24 24\" version=\"1.2\" baseprofile=\"tiny\"><path d=\"M18.2 9.3l-6.2-6.3-6.2 6.3c-.2.2-.3.4-.3.7s.1.5.3.7c.2.2.4.3.7.3h11c.3 0 .5-.1.7-.3.2-.2.3-.5.3-.7s-.1-.5-.3-.7zM5.8 14.7l6.2 6.3 6.2-6.3c.2-.2.3-.5.3-.7s-.1-.5-.3-.7c-.2-.2-.4-.3-.7-.3h-11c-.3 0-.5.1-.7.3-.2.2-.3.5-.3.7s.1.5.3.7z\"\/><\/svg><\/span><\/span><\/span><\/a><\/span><\/div>\n<nav><ul class='ez-toc-list ez-toc-list-level-1 eztoc-toggle-hide-by-default' ><li class='ez-toc-page-1 ez-toc-heading-level-2'><a class=\"ez-toc-link ez-toc-heading-1\" href=\"https:\/\/moverdb.com\/pt\/moving-companies\/moving-companies-us-missouri\/#1_Compass_Moving\" >1. Movimento da b\u00fassola<\/a><\/li><li class='ez-toc-page-1 ez-toc-heading-level-2'><a class=\"ez-toc-link ez-toc-heading-2\" href=\"https:\/\/moverdb.com\/pt\/moving-companies\/moving-companies-us-missouri\/#2_Day_Transfer_Company\" >2. Empresa de transfer\u00eancia de dias<\/a><\/li><li class='ez-toc-page-1 ez-toc-heading-level-2'><a class=\"ez-toc-link ez-toc-heading-3\" href=\"https:\/\/moverdb.com\/pt\/moving-companies\/moving-companies-us-missouri\/#3_Mayflower\" >3. Mayflower<\/a><\/li><li class='ez-toc-page-1 ez-toc-heading-level-2'><a class=\"ez-toc-link ez-toc-heading-4\" href=\"https:\/\/moverdb.com\/pt\/moving-companies\/moving-companies-us-missouri\/#4_The_Cartwright_Co\" >4. A Cartwright Co<\/a><\/li><li class='ez-toc-page-1 ez-toc-heading-level-2'><a class=\"ez-toc-link ez-toc-heading-5\" href=\"https:\/\/moverdb.com\/pt\/moving-companies\/moving-companies-us-missouri\/#5_United_Van_Lines\" >5. United Van Lines<\/a><\/li><\/ul><\/nav><\/div>\n<h2><span class=\"ez-toc-section\" id=\"1_Compass_Moving\"><\/span><strong>1. Movimento da b\u00fassola<\/strong><span class=\"ez-toc-section-end\"><\/span><\/h2>\n<p><img loading=\"lazy\" decoding=\"async\" class=\"alignnone size-full wp-image-11290\" src=\"https:\/\/moverdb.com\/wp-content\/uploads\/Compass-Moving-international-moving-company.png\" alt=\"Compass Moving empresa de mudan\u00e7as internacionais\" width=\"1440\" height=\"676\" data-wp-pid=\"11290\" srcset=\"https:\/\/moverdb.com\/wp-content\/uploads\/Compass-Moving-international-moving-company.png 1440w, https:\/\/moverdb.com\/wp-content\/uploads\/Compass-Moving-international-moving-company-300x141.png 300w, https:\/\/moverdb.com\/wp-content\/uploads\/Compass-Moving-international-moving-company-1024x481.png 1024w, https:\/\/moverdb.com\/wp-content\/uploads\/Compass-Moving-international-moving-company-18x8.png 18w, https:\/\/moverdb.com\/wp-content\/uploads\/Compass-Moving-international-moving-company-600x282.png 600w\" sizes=\"auto, (max-width: 1440px) 100vw, 1440px\" \/><\/p>\n<ul>\n<li>Movimentos nacionais<\/li>\n<li>Movimentos internacionais<\/li>\n<li>Mudan\u00e7as residenciais<\/li>\n<li>Movimentos militares<\/li>\n<li>Oferta de servi\u00e7o completo<\/li>\n<li>Servi\u00e7o de embalagem<\/li>\n<li>Transporte terrestre e mar\u00edtimo<\/li>\n<li><a href=\"https:\/\/moverdb.com\/pt\/top-49-container-ports\/\" data-internallinksmanager029f6b8e52c=\"80\" title=\"Os 49 maiores e mais movimentados portos de cont\u00eaineres em 2025\">Porto<\/a> servi\u00e7os<\/li>\n<li><a href=\"https:\/\/moverdb.com\/pt\/car-transport-shipping\/\" data-internallinksmanager029f6b8e52c=\"2\" title=\"2026 Cota\u00e7\u00f5es de transporte internacional de carros e envio de ve\u00edculos\">Envio de ve\u00edculos<\/a><\/li>\n<li>Seguros<\/li>\n<\/ul>\n<p>A Compass Moving \u00e9 uma empresa de mudan\u00e7as com servi\u00e7o completo, fundada em 1982 e sediada em Grandview. Eles s\u00e3o membros da IAM, com 41 anos de experi\u00eancia, o que lhes d\u00e1 acesso a uma rede internacional de agentes de mudan\u00e7a com os quais trabalhar.<\/p>\n<p>A Compass Moving oferece servi\u00e7os abrangentes de <a href=\"https:\/\/moverdb.com\/pt\/quotes\/\" data-internallinksmanager029f6b8e52c=\"26\" title=\"Cota\u00e7\u00f5es de Mudan\u00e7as Internacionais: 12 Perguntas a Fazer ao seu Mover\">cita\u00e7\u00f5es em movimento<\/a> sem taxas ocultas. Eles oferecem um servi\u00e7o profissional de embalagem em casa para embalar com seguran\u00e7a seus pertences para transporte em cont\u00eaineres lacrados. Eles providenciar\u00e3o o transporte por caminh\u00e3o e frete mar\u00edtimo se a mudan\u00e7a for internacional. Eles cuidar\u00e3o de todos os procedimentos portu\u00e1rios e todos os custos est\u00e3o inclu\u00eddos no pre\u00e7o, bem como o seguro b\u00e1sico.<\/p>\n<p>Website: <a href=\"http:\/\/www.compassmoving.com\" target=\"_blank\" rel=\"noopener\">http:\/\/www.compassmoving.com<\/a><\/p>\n<h2><span class=\"ez-toc-section\" id=\"2_Day_Transfer_Company\"><\/span><strong>2. Empresa de transfer\u00eancia de dias<\/strong><span class=\"ez-toc-section-end\"><\/span><\/h2>\n<p><img loading=\"lazy\" decoding=\"async\" class=\"alignnone size-full wp-image-11304\" src=\"https:\/\/moverdb.com\/wp-content\/uploads\/Day-Transfer-Moving-Storage-international-moving-company.png\" alt=\"Day Transfer Moving &amp; Storage empresa de mudan\u00e7as internacionais\" width=\"1440\" height=\"677\" data-wp-pid=\"11304\" srcset=\"https:\/\/moverdb.com\/wp-content\/uploads\/Day-Transfer-Moving-Storage-international-moving-company.png 1440w, https:\/\/moverdb.com\/wp-content\/uploads\/Day-Transfer-Moving-Storage-international-moving-company-300x141.png 300w, https:\/\/moverdb.com\/wp-content\/uploads\/Day-Transfer-Moving-Storage-international-moving-company-1024x481.png 1024w, https:\/\/moverdb.com\/wp-content\/uploads\/Day-Transfer-Moving-Storage-international-moving-company-18x8.png 18w, https:\/\/moverdb.com\/wp-content\/uploads\/Day-Transfer-Moving-Storage-international-moving-company-600x282.png 600w\" sizes=\"auto, (max-width: 1440px) 100vw, 1440px\" \/><\/p>\n<ul>\n<li>Mudan\u00e7as locais<\/li>\n<li>Movimentos de longa dist\u00e2ncia<\/li>\n<li>Mudan\u00e7as residenciais<\/li>\n<li>Mudan\u00e7as de escrit\u00f3rio<\/li>\n<li>Mudan\u00e7as corporativas<\/li>\n<li>Consultor de realoca\u00e7\u00e3o<\/li>\n<li>Servi\u00e7os de embalagem<\/li>\n<li>Provid\u00eancias de transporte<\/li>\n<li>Seguros<\/li>\n<li>Armazenamento tempor\u00e1rio e de longo prazo<\/li>\n<\/ul>\n<p>A Day Transfer Company \u00e9 uma empresa de mudan\u00e7as de servi\u00e7o completo com unidades em Cape Girardeau, Clarksville, Fayetteville e Montgomery. A empresa \u00e9 um agente interestadual da National Van Lines, o que lhe proporciona uma rede de empresas de mudan\u00e7as com as quais trabalhar na presta\u00e7\u00e3o de seus servi\u00e7os. A empresa \u00e9 membro da IAM, com 90 anos de experi\u00eancia.<\/p>\n<p>A Day Transfer Company oferece solu\u00e7\u00f5es completas de mudan\u00e7a com um consultor de realoca\u00e7\u00e3o para ajud\u00e1-lo, ou oferece servi\u00e7os aut\u00f4nomos de embalagem. Eles oferecem servi\u00e7os de embalagem com uma equipe de embalagem treinada profissionalmente que proteger\u00e1 seus itens para que estejam prontos para o transporte e fornecer\u00e1 cobertura de seguro para sua tranquilidade. Eles tamb\u00e9m desempacotar\u00e3o seus itens na chegada.<\/p>\n<p>Website: <a href=\"http:\/\/www.daytransferco.com\" target=\"_blank\" rel=\"noopener\">http:\/\/www.daytransferco.com<\/a><\/p>\n<h2><span class=\"ez-toc-section\" id=\"3_Mayflower\"><\/span><strong>3. Mayflower<\/strong><span class=\"ez-toc-section-end\"><\/span><\/h2>\n<p><img loading=\"lazy\" decoding=\"async\" class=\"alignnone size-full wp-image-11372\" src=\"https:\/\/moverdb.com\/wp-content\/uploads\/Mayflower-international-moving-company.png\" alt=\"Empresa de mudan\u00e7as internacionais Mayflower\" width=\"1440\" height=\"680\" data-wp-pid=\"11372\" srcset=\"https:\/\/moverdb.com\/wp-content\/uploads\/Mayflower-international-moving-company.png 1440w, https:\/\/moverdb.com\/wp-content\/uploads\/Mayflower-international-moving-company-300x142.png 300w, https:\/\/moverdb.com\/wp-content\/uploads\/Mayflower-international-moving-company-1024x484.png 1024w, https:\/\/moverdb.com\/wp-content\/uploads\/Mayflower-international-moving-company-18x9.png 18w, https:\/\/moverdb.com\/wp-content\/uploads\/Mayflower-international-moving-company-600x283.png 600w\" sizes=\"auto, (max-width: 1440px) 100vw, 1440px\" \/><\/p>\n<ul>\n<li>Movimentos locais e nacionais<\/li>\n<li>Movimentos internacionais<\/li>\n<li>Mudan\u00e7as dom\u00e9sticas<\/li>\n<li>Mudan\u00e7as corporativas<\/li>\n<li>Coordenador pessoal de mudan\u00e7as<\/li>\n<li>Servi\u00e7o de embalagem<\/li>\n<li>Transporte por terra, mar e ar<\/li>\n<li>Desembara\u00e7o aduaneiro<\/li>\n<li>Envio de ve\u00edculos<\/li>\n<li>Armazenamento de curto e longo prazo<\/li>\n<\/ul>\n<p>A Mayflower \u00e9 uma empresa de mudan\u00e7as e realoca\u00e7\u00f5es fundada em 1927 e faz parte do UniGroup. Ela tem uma rede nacional de agentes que a auxiliam na presta\u00e7\u00e3o de servi\u00e7os de mudan\u00e7a, bem como parceiros internacionais que prestam servi\u00e7os em mais de 150 pa\u00edses. A empresa \u00e9 membro da IAM, com 37 anos de experi\u00eancia.<\/p>\n<p>O coordenador de mudan\u00e7a pessoal da Mayflower o ajudar\u00e1 a planejar sua mudan\u00e7a e a tomar decis\u00f5es para sua mudan\u00e7a personalizada em um plano de mudan\u00e7a. Eles oferecem um servi\u00e7o completo de embalagem para proteger seus itens e agilizar a alf\u00e2ndega. Se voc\u00ea mesmo fizer a embalagem, eles realizar\u00e3o uma inspe\u00e7\u00e3o para garantir que nenhum item restrito seja inclu\u00eddo.<\/p>\n<p>Website: <a href=\"https:\/\/www.mayflower.com\/\" target=\"_blank\" rel=\"noopener\">https:\/\/www.mayflower.com\/<\/a><\/p>\n<h2><span class=\"ez-toc-section\" id=\"4_The_Cartwright_Co\"><\/span><strong>4. A Cartwright Co<\/strong><span class=\"ez-toc-section-end\"><\/span><\/h2>\n<p><img loading=\"lazy\" decoding=\"async\" class=\"alignnone size-full wp-image-11454\" src=\"https:\/\/moverdb.com\/wp-content\/uploads\/The-Cartwright-Co-international-moving-company.png\" alt=\"Empresa de mudan\u00e7as internacionais The Cartwright Co\" width=\"1440\" height=\"679\" data-wp-pid=\"11454\" srcset=\"https:\/\/moverdb.com\/wp-content\/uploads\/The-Cartwright-Co-international-moving-company.png 1440w, https:\/\/moverdb.com\/wp-content\/uploads\/The-Cartwright-Co-international-moving-company-300x141.png 300w, https:\/\/moverdb.com\/wp-content\/uploads\/The-Cartwright-Co-international-moving-company-1024x483.png 1024w, https:\/\/moverdb.com\/wp-content\/uploads\/The-Cartwright-Co-international-moving-company-18x8.png 18w, https:\/\/moverdb.com\/wp-content\/uploads\/The-Cartwright-Co-international-moving-company-600x283.png 600w\" sizes=\"auto, (max-width: 1440px) 100vw, 1440px\" \/><\/p>\n<ul>\n<li>Movimentos nacionais<\/li>\n<li>Movimentos internacionais<\/li>\n<li>Mudan\u00e7as dom\u00e9sticas<\/li>\n<li>Movimentos comerciais<\/li>\n<li>Mudan\u00e7as corporativas<\/li>\n<li>Movimentos de ponta a ponta<\/li>\n<li>Gerenciamento de mudan\u00e7as<\/li>\n<li>Animais de estima\u00e7\u00e3o em movimento<\/li>\n<li>Transporte de ve\u00edculos<\/li>\n<li>Servi\u00e7os de destino<\/li>\n<\/ul>\n<p>A Cartwright Co \u00e9 uma empresa de mobilidade global, realoca\u00e7\u00e3o e mudan\u00e7a que come\u00e7ou em 1934 e est\u00e1 sediada em Grandview. Suas empresas incluem a AmWorld Transport, a Cox Moving, a Foremost Forwarders e a Domestic Military Services. Eles s\u00e3o membros da IAM com 55 anos de experi\u00eancia.<\/p>\n<p>A Cartwright Co atende a 187 pa\u00edses, especializando-se no atendimento a empresas e governos, inclusive militares, mas tamb\u00e9m atende a mudan\u00e7as residenciais particulares. Eles oferecem solu\u00e7\u00f5es flex\u00edveis de mudan\u00e7a adaptadas \u00e0s suas necessidades, que podem incluir servi\u00e7os de embalagem, transporte e destino. Seus servi\u00e7os adicionais incluem mudan\u00e7as de animais de estima\u00e7\u00e3o, transporte de ve\u00edculos, moradia tempor\u00e1ria, busca de escolas e servi\u00e7os de concierge.<\/p>\n<p>Website: <a href=\"https:\/\/cartwrightcompanies.com\" target=\"_blank\" rel=\"noopener\">https:\/\/cartwrightcompanies.com<\/a><\/p>\n<h2><span class=\"ez-toc-section\" id=\"5_United_Van_Lines\"><\/span><strong>5. United Van Lines<\/strong><span class=\"ez-toc-section-end\"><\/span><\/h2>\n<p><img loading=\"lazy\" decoding=\"async\" class=\"alignnone size-full wp-image-11468\" src=\"https:\/\/moverdb.com\/wp-content\/uploads\/United-Van-Lines-US-international-moving-company.png\" alt=\"United Van Lines Empresa de mudan\u00e7as internacionais dos EUA\" width=\"1440\" height=\"678\" data-wp-pid=\"11468\" srcset=\"https:\/\/moverdb.com\/wp-content\/uploads\/United-Van-Lines-US-international-moving-company.png 1440w, https:\/\/moverdb.com\/wp-content\/uploads\/United-Van-Lines-US-international-moving-company-300x141.png 300w, https:\/\/moverdb.com\/wp-content\/uploads\/United-Van-Lines-US-international-moving-company-1024x482.png 1024w, https:\/\/moverdb.com\/wp-content\/uploads\/United-Van-Lines-US-international-moving-company-18x8.png 18w, https:\/\/moverdb.com\/wp-content\/uploads\/United-Van-Lines-US-international-moving-company-600x283.png 600w\" sizes=\"auto, (max-width: 1440px) 100vw, 1440px\" \/><\/p>\n<ul>\n<li>Mudan\u00e7as locais e de longa dist\u00e2ncia<\/li>\n<li>Movimentos internacionais<\/li>\n<li>Mudan\u00e7as residenciais<\/li>\n<li>Movimentos corporativos<\/li>\n<li>Servi\u00e7o personalizado<\/li>\n<li>Coordenador pessoal de mudan\u00e7as<\/li>\n<li>Servi\u00e7o de embalagem<\/li>\n<li>Transporte de carros<\/li>\n<li>Seguros<\/li>\n<li>Armazenamento de curto e longo prazo<\/li>\n<\/ul>\n<p>A United Van Lines \u00e9 um grupo de empresas de mudan\u00e7as que oferece servi\u00e7os personalizados e est\u00e1 sediada em Fenton. Sua ampla rede de agentes de mudan\u00e7a permite que eles ofere\u00e7am seus servi\u00e7os em n\u00edvel nacional e internacional. Eles s\u00e3o membros da IAM com 81 anos de experi\u00eancia e s\u00e3o credenciados pela FIDI.<\/p>\n<p>A United Van Lines oferece solu\u00e7\u00f5es de servi\u00e7o completo de mudan\u00e7a que incluem um coordenador de mudan\u00e7a pessoal com prote\u00e7\u00e3o de valor total para seus pertences. Eles tamb\u00e9m oferecem uma abordagem personalizada que permite que voc\u00ea selecione os servi\u00e7os de mudan\u00e7a com os quais receber\u00e1 ajuda.  Eles oferecem servi\u00e7os de embalagem personalizados para ajud\u00e1-lo a proteger seus pertences e podem ajudar a desempacot\u00e1-los na chegada.<\/p>\n<p>Website: <a href=\"https:\/\/www.unitedvanlines.com\" target=\"_blank\" rel=\"noopener\">https:\/\/www.unitedvanlines.com<\/a><\/p>","protected":false},"excerpt":{"rendered":"<p>When you are planning your move will you do everything yourself or will you get some help from a moving company? They can help with packing, transportation and documentation to reduce the pressure on you. Below we have compiled a list of Missouri based removal companies that are members of the International Association of Movers [&hellip;]<\/p>\n","protected":false},"author":4,"featured_media":11290,"parent":190,"menu_order":0,"comment_status":"closed","ping_status":"closed","template":"","meta":{"_genesis_hide_title":false,"_genesis_hide_breadcrumbs":false,"_genesis_hide_singular_image":false,"_genesis_hide_footer_widgets":false,"_genesis_custom_body_class":"","_genesis_custom_post_class":"","_genesis_layout":"","footnotes":""},"class_list":{"0":"post-11619","1":"page","2":"type-page","3":"status-publish","4":"has-post-thumbnail","6":"entry"},"_links":{"self":[{"href":"https:\/\/moverdb.com\/pt\/wp-json\/wp\/v2\/pages\/11619","targetHints":{"allow":["GET"]}}],"collection":[{"href":"https:\/\/moverdb.com\/pt\/wp-json\/wp\/v2\/pages"}],"about":[{"href":"https:\/\/moverdb.com\/pt\/wp-json\/wp\/v2\/types\/page"}],"author":[{"embeddable":true,"href":"https:\/\/moverdb.com\/pt\/wp-json\/wp\/v2\/users\/4"}],"replies":[{"embeddable":true,"href":"https:\/\/moverdb.com\/pt\/wp-json\/wp\/v2\/comments?post=11619"}],"version-history":[{"count":2,"href":"https:\/\/moverdb.com\/pt\/wp-json\/wp\/v2\/pages\/11619\/revisions"}],"predecessor-version":[{"id":11621,"href":"https:\/\/moverdb.com\/pt\/wp-json\/wp\/v2\/pages\/11619\/revisions\/11621"}],"up":[{"embeddable":true,"href":"https:\/\/moverdb.com\/pt\/wp-json\/wp\/v2\/pages\/190"}],"wp:featuredmedia":[{"embeddable":true,"href":"https:\/\/moverdb.com\/pt\/wp-json\/wp\/v2\/media\/11290"}],"wp:attachment":[{"href":"https:\/\/moverdb.com\/pt\/wp-json\/wp\/v2\/media?parent=11619"}],"curies":[{"name":"wp","href":"https:\/\/api.w.org\/{rel}","templated":true}]}}