{"id":11617,"date":"2023-11-29T10:32:37","date_gmt":"2023-11-29T10:32:37","guid":{"rendered":"https:\/\/moverdb.com\/?page_id=11617"},"modified":"2026-01-08T15:24:23","modified_gmt":"2026-01-08T15:24:23","slug":"moving-companies-us-minnesota","status":"publish","type":"page","link":"https:\/\/moverdb.com\/pt\/moving-companies\/moving-companies-us-minnesota\/","title":{"rendered":"3 melhores empresas de mudan\u00e7as internacionais em Minnesota"},"content":{"rendered":"<p>A mudan\u00e7a pode ser um grande transtorno e h\u00e1 muita coisa a ser organizada, portanto, por que n\u00e3o aliviar um pouco a press\u00e3o deixando um <a href=\"https:\/\/moverdb.com\/pt\/moving-companies\/\" data-internallinksmanager029f6b8e52c=\"79\" title=\"As 25 maiores empresas de mudan\u00e7as internacionais on-line\">empresa de mudan\u00e7as<\/a> lidar com seus pertences? Eles podem organizar a log\u00edstica de sua mudan\u00e7a, bem como embalar e lidar com a alf\u00e2ndega, se necess\u00e1rio. Abaixo, compilamos uma lista de <a href=\"https:\/\/moverdb.com\/pt\/moving-to-the-united-states\/moving-to-minnesota\/\" data-internallinksmanager029f6b8e52c=\"443\" title=\"Mudan\u00e7a para Minnesota? 2026 Custo de vida e dicas de realoca\u00e7\u00e3o\">Minnesota<\/a> sediada em <a href=\"https:\/\/moverdb.com\/pt\/international-removals\/\" data-internallinksmanager029f6b8e52c=\"27\" title=\"36 melhores empresas de mudan\u00e7as internacionais no Reino Unido\">empresas de mudan\u00e7as<\/a> que s\u00e3o membros do <a href=\"https:\/\/moverdb.com\/pt\/iam\/\" data-internallinksmanager029f6b8e52c=\"23\" title=\"Associa\u00e7\u00e3o Internacional de Remotores (IAM) Explicado\">Associa\u00e7\u00e3o Internacional de Movers<\/a> (IAM) e\/ou <a href=\"https:\/\/moverdb.com\/pt\/fidi-faim\/\" data-internallinksmanager029f6b8e52c=\"16\" title=\"FIDI &amp; FAIM (FIDI Accredited International Mover) Explicado\">FIDI<\/a> Credenciado pela International Mover (FAIM) que poderia ajud\u00e1-lo em sua mudan\u00e7a.<\/p>\n<h2><strong>1. Action Moving Services<\/strong><\/h2>\n<p><img loading=\"lazy\" decoding=\"async\" class=\"alignnone size-full wp-image-11242\" src=\"https:\/\/moverdb.com\/wp-content\/uploads\/Action-Moving-Services-international-moving-company.png\" alt=\"Action Moving Services empresa de mudan\u00e7as internacionais\" width=\"1440\" height=\"678\" data-wp-pid=\"11242\" srcset=\"https:\/\/moverdb.com\/wp-content\/uploads\/Action-Moving-Services-international-moving-company.png 1440w, https:\/\/moverdb.com\/wp-content\/uploads\/Action-Moving-Services-international-moving-company-300x141.png 300w, https:\/\/moverdb.com\/wp-content\/uploads\/Action-Moving-Services-international-moving-company-1024x482.png 1024w, https:\/\/moverdb.com\/wp-content\/uploads\/Action-Moving-Services-international-moving-company-18x8.png 18w, https:\/\/moverdb.com\/wp-content\/uploads\/Action-Moving-Services-international-moving-company-600x283.png 600w\" sizes=\"auto, (max-width: 1440px) 100vw, 1440px\" \/><\/p>\n<ul>\n<li>Mudan\u00e7as locais e de longa dist\u00e2ncia<\/li>\n<li>Movimentos internacionais<\/li>\n<li>Mudan\u00e7as dom\u00e9sticas<\/li>\n<li>Mudan\u00e7as de escrit\u00f3rios e industriais<\/li>\n<li>Mudan\u00e7as corporativas<\/li>\n<li>Solu\u00e7\u00f5es de ponta a ponta<\/li>\n<li>Servi\u00e7o de embalagem<\/li>\n<li>Apoio alfandeg\u00e1rio<\/li>\n<li>Manuseio de obras de arte<\/li>\n<li>Servi\u00e7os de armazenagem<\/li>\n<\/ul>\n<p>A Action Moving Services \u00e9 uma empresa de mudan\u00e7as locais e internacionais com sede em South Burnsville. Eles s\u00e3o um agente interestadual da Atlas Van Lines, o que lhes proporciona uma rede nacional e internacional de agentes de mudan\u00e7a com quem trabalhar. A empresa \u00e9 membro da IAM e tem 42 anos de experi\u00eancia.<\/p>\n<p>A Action Moving Services oferece servi\u00e7os completos de mudan\u00e7a e realoca\u00e7\u00e3o que cuidar\u00e3o de todos os aspectos de sua mudan\u00e7a. Seus servi\u00e7os incluem embalar seus pertences com seguran\u00e7a para o tr\u00e2nsito e desembal\u00e1-los ao chegar ao seu destino. Eles providenciar\u00e3o o transporte de seus pertences e dar\u00e3o suporte na alf\u00e2ndega.<\/p>\n<p>Website: <a href=\"http:\/\/actionmoving.com\/\" target=\"_blank\" rel=\"noopener\">http:\/\/actionmoving.com\/<\/a><\/p>\n<h2><strong>2. Beltmann Moving &amp; Storage<\/strong><\/h2>\n<p><img loading=\"lazy\" decoding=\"async\" class=\"alignnone size-full wp-image-11269\" src=\"https:\/\/moverdb.com\/wp-content\/uploads\/Beltmann-Relocation-Group-international-moving-company.png\" alt=\"Beltmann Relocation Group empresa de mudan\u00e7as internacionais\" width=\"1440\" height=\"682\" data-wp-pid=\"11269\" srcset=\"https:\/\/moverdb.com\/wp-content\/uploads\/Beltmann-Relocation-Group-international-moving-company.png 1440w, https:\/\/moverdb.com\/wp-content\/uploads\/Beltmann-Relocation-Group-international-moving-company-300x142.png 300w, https:\/\/moverdb.com\/wp-content\/uploads\/Beltmann-Relocation-Group-international-moving-company-1024x485.png 1024w, https:\/\/moverdb.com\/wp-content\/uploads\/Beltmann-Relocation-Group-international-moving-company-18x9.png 18w, https:\/\/moverdb.com\/wp-content\/uploads\/Beltmann-Relocation-Group-international-moving-company-600x284.png 600w\" sizes=\"auto, (max-width: 1440px) 100vw, 1440px\" \/><\/p>\n<ul>\n<li>Movimentos locais e nacionais<\/li>\n<li>Movimentos internacionais<\/li>\n<li>Mudan\u00e7as residenciais<\/li>\n<li>Mudan\u00e7as de escrit\u00f3rio<\/li>\n<li>Mudan\u00e7as corporativas<\/li>\n<li>Coordenador de mudan\u00e7as<\/li>\n<li>Servi\u00e7o de embalagem<\/li>\n<li>Organiza\u00e7\u00e3o do transporte<\/li>\n<li>Manuseio alfandeg\u00e1rio<\/li>\n<li>Armazenamento seguro de curto e longo prazo<\/li>\n<\/ul>\n<p>A Beltmann Moving &amp; Storage \u00e9 uma empresa de mudan\u00e7as que opera desde 1923, com 11 locais em todo o pa\u00eds. <a href=\"https:\/\/moverdb.com\/pt\/moving-to-the-united-states\/\" data-internallinksmanager029f6b8e52c=\"94\" title=\"Mudando-se para os Estados Unidos? 2026 Custos de Vida e Dicas de Reloca\u00e7\u00e3o\">US<\/a> incluindo Roseville. Eles s\u00e3o agentes da North American Van Lines, o que lhes d\u00e1 acesso a uma rede global de empresas de mudan\u00e7a e armazenamento. Eles s\u00e3o membros da IAM com 25 anos de experi\u00eancia.<\/p>\n<p>A Beltmann Moving &amp; Storage ajudar\u00e1 a agilizar sua mudan\u00e7a, come\u00e7ando com o agendamento de um or\u00e7amento de mudan\u00e7a gratuito. Eles oferecem um coordenador de mudan\u00e7as para ajud\u00e1-lo e personalizar\u00e3o os servi\u00e7os para atender \u00e0s suas necessidades. Eles oferecem um servi\u00e7o de embalagem que inclui a desmontagem e montagem de m\u00f3veis e a desembalagem na chegada.<\/p>\n<p>Website: <a href=\"http:\/\/www.beltmann.com\" target=\"_blank\" rel=\"noopener\">http:\/\/www.beltmann.com<\/a><\/p>\n<h2><strong>3. Berger Moving &amp; Storage<\/strong><\/h2>\n<p><img loading=\"lazy\" decoding=\"async\" class=\"alignnone size-full wp-image-11270\" src=\"https:\/\/moverdb.com\/wp-content\/uploads\/Berger-Moving-Storage-international-moving-company.png\" alt=\"Berger Moving &amp; Storage empresa de mudan\u00e7as internacionais\" width=\"1440\" height=\"677\" data-wp-pid=\"11270\" srcset=\"https:\/\/moverdb.com\/wp-content\/uploads\/Berger-Moving-Storage-international-moving-company.png 1440w, https:\/\/moverdb.com\/wp-content\/uploads\/Berger-Moving-Storage-international-moving-company-300x141.png 300w, https:\/\/moverdb.com\/wp-content\/uploads\/Berger-Moving-Storage-international-moving-company-1024x481.png 1024w, https:\/\/moverdb.com\/wp-content\/uploads\/Berger-Moving-Storage-international-moving-company-18x8.png 18w, https:\/\/moverdb.com\/wp-content\/uploads\/Berger-Moving-Storage-international-moving-company-600x282.png 600w\" sizes=\"auto, (max-width: 1440px) 100vw, 1440px\" \/><\/p>\n<ul>\n<li>Mudan\u00e7as locais e de longa dist\u00e2ncia<\/li>\n<li>Movimentos internacionais<\/li>\n<li>Mudan\u00e7as dom\u00e9sticas<\/li>\n<li>Movimentos comerciais<\/li>\n<li>Coordenador de reloca\u00e7\u00e3o<\/li>\n<li>Servi\u00e7o de embalagem<\/li>\n<li>Invent\u00e1rio de itens<\/li>\n<li>Organiza\u00e7\u00e3o do transporte<\/li>\n<li>Desembara\u00e7o aduaneiro<\/li>\n<li>Armazenamento de curto prazo<\/li>\n<\/ul>\n<p>A Berger Moving &amp; Storage \u00e9 uma empresa de servi\u00e7os de transporte formada em 1910 e sediada em Saint Paul, com uma rede de 16 locais em todo o pa\u00eds. Eles s\u00e3o agentes da Allied Van Lines, que \u00e9 uma rede internacional de agentes de mudan\u00e7as. A empresa \u00e9 membro da IAM, com 113 anos de experi\u00eancia.<\/p>\n<p>A Berger Moving &amp; Storage oferece um or\u00e7amento gratuito de mudan\u00e7a em casa ou virtual com um consultor de mudan\u00e7a internacional. Um coordenador de realoca\u00e7\u00e3o ajudar\u00e1 a orient\u00e1-lo durante o processo e a identificar a documenta\u00e7\u00e3o necess\u00e1ria. Seu servi\u00e7o de embalagem utiliza m\u00e9todos e materiais de embalagem internacional para proteger seus itens e criar\u00e1 um invent\u00e1rio.<\/p>\n<p>Website: <a href=\"https:\/\/www.bergerallied.com\" target=\"_blank\" rel=\"noopener\">https:\/\/www.bergerallied.com<\/a><\/p>","protected":false},"excerpt":{"rendered":"<p>Moving can be a big upheaval and there is a lot to arrange, so why not take some of the pressure off by letting a moving company handle your belongings? They can organise the logistics of your move as well as packing and deal with customs if needed. Below we have compiled a list of [&hellip;]<\/p>\n","protected":false},"author":4,"featured_media":11242,"parent":190,"menu_order":0,"comment_status":"closed","ping_status":"closed","template":"","meta":{"_genesis_hide_title":false,"_genesis_hide_breadcrumbs":false,"_genesis_hide_singular_image":false,"_genesis_hide_footer_widgets":false,"_genesis_custom_body_class":"","_genesis_custom_post_class":"","_genesis_layout":"","footnotes":""},"class_list":{"0":"post-11617","1":"page","2":"type-page","3":"status-publish","4":"has-post-thumbnail","6":"entry"},"_links":{"self":[{"href":"https:\/\/moverdb.com\/pt\/wp-json\/wp\/v2\/pages\/11617","targetHints":{"allow":["GET"]}}],"collection":[{"href":"https:\/\/moverdb.com\/pt\/wp-json\/wp\/v2\/pages"}],"about":[{"href":"https:\/\/moverdb.com\/pt\/wp-json\/wp\/v2\/types\/page"}],"author":[{"embeddable":true,"href":"https:\/\/moverdb.com\/pt\/wp-json\/wp\/v2\/users\/4"}],"replies":[{"embeddable":true,"href":"https:\/\/moverdb.com\/pt\/wp-json\/wp\/v2\/comments?post=11617"}],"version-history":[{"count":1,"href":"https:\/\/moverdb.com\/pt\/wp-json\/wp\/v2\/pages\/11617\/revisions"}],"predecessor-version":[{"id":11618,"href":"https:\/\/moverdb.com\/pt\/wp-json\/wp\/v2\/pages\/11617\/revisions\/11618"}],"up":[{"embeddable":true,"href":"https:\/\/moverdb.com\/pt\/wp-json\/wp\/v2\/pages\/190"}],"wp:featuredmedia":[{"embeddable":true,"href":"https:\/\/moverdb.com\/pt\/wp-json\/wp\/v2\/media\/11242"}],"wp:attachment":[{"href":"https:\/\/moverdb.com\/pt\/wp-json\/wp\/v2\/media?parent=11617"}],"curies":[{"name":"wp","href":"https:\/\/api.w.org\/{rel}","templated":true}]}}