{"id":11602,"date":"2023-11-29T10:33:42","date_gmt":"2023-11-29T10:33:42","guid":{"rendered":"https:\/\/moverdb.com\/?page_id=11602"},"modified":"2026-01-08T15:24:17","modified_gmt":"2026-01-08T15:24:17","slug":"moving-companies-us-jacksonville","status":"publish","type":"page","link":"https:\/\/moverdb.com\/pt\/moving-companies\/moving-companies-us-jacksonville\/","title":{"rendered":"3 melhores empresas de mudan\u00e7as internacionais em Jacksonville"},"content":{"rendered":"<p>Se voc\u00ea estiver planejando uma mudan\u00e7a local, nacional ou internacional de ou para Jacksonville, talvez precise de assist\u00eancia. <a href=\"https:\/\/moverdb.com\/pt\/moving-companies\/\" data-internallinksmanager029f6b8e52c=\"79\" title=\"As 25 maiores empresas de mudan\u00e7as internacionais on-line\">Empresas de mudan\u00e7as<\/a> oferecem uma variedade de ajuda, incluindo planejamento, embalagem, transporte, manuseio alfandeg\u00e1rio e servi\u00e7os de desembalagem. Abaixo, compilamos uma lista de empresas sediadas em Jacksonville <a href=\"https:\/\/moverdb.com\/pt\/international-removals\/\" data-internallinksmanager029f6b8e52c=\"27\" title=\"36 melhores empresas de mudan\u00e7as internacionais no Reino Unido\">empresas de mudan\u00e7as<\/a> que s\u00e3o membros do <a href=\"https:\/\/moverdb.com\/pt\/iam\/\" data-internallinksmanager029f6b8e52c=\"23\" title=\"Associa\u00e7\u00e3o Internacional de Remotores (IAM) Explicado\">Associa\u00e7\u00e3o Internacional de Movers<\/a> (IAM) e\/ou <a href=\"https:\/\/moverdb.com\/pt\/fidi-faim\/\" data-internallinksmanager029f6b8e52c=\"16\" title=\"FIDI &amp; FAIM (FIDI Accredited International Mover) Explicado\">FIDI<\/a> Credenciado pela International Mover (FAIM) que poderia ajud\u00e1-lo em sua mudan\u00e7a.<\/p>\n<h2><strong>1. Conser Moving &amp; Storage<\/strong><\/h2>\n<p><img loading=\"lazy\" decoding=\"async\" class=\"alignnone size-full wp-image-11292\" src=\"https:\/\/moverdb.com\/wp-content\/uploads\/Conser-Moving-Storage-international-moving-company.png\" alt=\"Conser Moving &amp; Storage empresa de mudan\u00e7as internacionais\" width=\"1440\" height=\"681\" data-wp-pid=\"11292\" srcset=\"https:\/\/moverdb.com\/wp-content\/uploads\/Conser-Moving-Storage-international-moving-company.png 1440w, https:\/\/moverdb.com\/wp-content\/uploads\/Conser-Moving-Storage-international-moving-company-300x142.png 300w, https:\/\/moverdb.com\/wp-content\/uploads\/Conser-Moving-Storage-international-moving-company-1024x484.png 1024w, https:\/\/moverdb.com\/wp-content\/uploads\/Conser-Moving-Storage-international-moving-company-18x9.png 18w, https:\/\/moverdb.com\/wp-content\/uploads\/Conser-Moving-Storage-international-moving-company-600x284.png 600w\" sizes=\"auto, (max-width: 1440px) 100vw, 1440px\" \/><\/p>\n<ul>\n<li>Mudan\u00e7as locais<\/li>\n<li>Movimentos de longa dist\u00e2ncia<\/li>\n<li>Mudan\u00e7as residenciais<\/li>\n<li>Mudan\u00e7as de escrit\u00f3rio<\/li>\n<li>Servi\u00e7o personalizado<\/li>\n<li>Escolha de op\u00e7\u00f5es de mudan\u00e7a<\/li>\n<li>Gerenciamento de mudan\u00e7as<\/li>\n<li>Organiza\u00e7\u00e3o do transporte<\/li>\n<li>Mover a prote\u00e7\u00e3o<\/li>\n<li>Instala\u00e7\u00f5es de armazenamento<\/li>\n<\/ul>\n<p>A Conser Moving &amp; Storage \u00e9 uma empresa de mudan\u00e7as e realoca\u00e7\u00e3o especializada em mudan\u00e7as dom\u00e9sticas e militares, com sede em Jacksonville. Eles s\u00e3o agentes da Mayflower Transit, que presta servi\u00e7os de mudan\u00e7a h\u00e1 mais de 90 anos. Eles s\u00e3o membros do IAM com 11 anos de experi\u00eancia.<\/p>\n<p>A Conser Moving &amp; Storage fornecer\u00e1 todo o suporte necess\u00e1rio para a sua mudan\u00e7a, permitindo que voc\u00ea crie um plano de mudan\u00e7a com op\u00e7\u00f5es personalizadas para os servi\u00e7os que voc\u00ea precisa. Eles o ajudar\u00e3o a encontrar o plano de mudan\u00e7a certo para atender \u00e0s suas necessidades, or\u00e7amento e cronograma.<\/p>\n<p>Website: <a href=\"https:\/\/consermoving.com\" target=\"_blank\" rel=\"noopener\">https:\/\/consermoving.com<\/a><\/p>\n<h2><strong>2. DN Van Lines<\/strong><\/h2>\n<p><img loading=\"lazy\" decoding=\"async\" class=\"alignnone size-full wp-image-11307\" src=\"https:\/\/moverdb.com\/wp-content\/uploads\/DN-Van-Lines-international-moving-company.png\" alt=\"DN Van Lines empresa de mudan\u00e7as internacionais\" width=\"1440\" height=\"670\" data-wp-pid=\"11307\" srcset=\"https:\/\/moverdb.com\/wp-content\/uploads\/DN-Van-Lines-international-moving-company.png 1440w, https:\/\/moverdb.com\/wp-content\/uploads\/DN-Van-Lines-international-moving-company-300x140.png 300w, https:\/\/moverdb.com\/wp-content\/uploads\/DN-Van-Lines-international-moving-company-1024x476.png 1024w, https:\/\/moverdb.com\/wp-content\/uploads\/DN-Van-Lines-international-moving-company-18x8.png 18w, https:\/\/moverdb.com\/wp-content\/uploads\/DN-Van-Lines-international-moving-company-600x279.png 600w\" sizes=\"auto, (max-width: 1440px) 100vw, 1440px\" \/><\/p>\n<ul>\n<li>Movimentos locais e interestaduais<\/li>\n<li>Movimentos internacionais<\/li>\n<li>Mudan\u00e7as dom\u00e9sticas<\/li>\n<li>Mudan\u00e7as comerciais e de escrit\u00f3rios<\/li>\n<li>Gerente de realoca\u00e7\u00e3o pessoal<\/li>\n<li>Servi\u00e7os de embalagem<\/li>\n<li>Gest\u00e3o de invent\u00e1rio<\/li>\n<li>Organiza\u00e7\u00e3o do transporte<\/li>\n<li>Seguros<\/li>\n<li>Servi\u00e7os de armazenagem<\/li>\n<\/ul>\n<p>A DN Van Lines \u00e9 uma empresa de mudan\u00e7as e armazenamento fundada em 2001, com unidades em Jacksonville, <a href=\"https:\/\/moverdb.com\/pt\/moving-to-the-united-states\/moving-to-massachusetts\/\" data-internallinksmanager029f6b8e52c=\"412\" title=\"Est\u00e1 se mudando para Massachusetts? 2026 Custo de vida e dicas de realoca\u00e7\u00e3o\">Massachusetts<\/a> e <a href=\"https:\/\/moverdb.com\/pt\/moving-to-the-united-states\/moving-to-virginia\/\" data-internallinksmanager029f6b8e52c=\"442\" title=\"Mudan\u00e7a para a Virg\u00ednia? 2026 Custo de vida e dicas de realoca\u00e7\u00e3o\">Virg\u00ednia<\/a>. Eles trabalham com uma rede confi\u00e1vel de prestadores de servi\u00e7os de mudan\u00e7a em todo o mundo para ajud\u00e1-los. Eles s\u00e3o membros da IAM com 14 anos de experi\u00eancia.<\/p>\n<p>A DN Van Lines oferece um or\u00e7amento gratuito e uma pesquisa virtual ou em casa para avaliar suas necessidades de mudan\u00e7a. Eles oferecem um gerente de realoca\u00e7\u00e3o pessoal que criar\u00e1 um plano de mudan\u00e7a detalhado, adaptado \u00e0s suas necessidades, e o auxiliar\u00e1 durante toda a mudan\u00e7a. Eles oferecem um servi\u00e7o de embalagem que inclui um invent\u00e1rio detalhado de seus itens.<\/p>\n<p>Website: <a href=\"http:\/\/www.dnvanlines.com\" target=\"_blank\" rel=\"noopener\">http:\/\/www.dnvanlines.com<\/a><\/p>\n<h2><strong>3. Suddath<\/strong><\/h2>\n<p><img loading=\"lazy\" decoding=\"async\" class=\"alignnone size-full wp-image-11450\" src=\"https:\/\/moverdb.com\/wp-content\/uploads\/Suddath-international-moving-company.png\" alt=\"Empresa de mudan\u00e7as internacionais Suddath\" width=\"1440\" height=\"677\" data-wp-pid=\"11450\" srcset=\"https:\/\/moverdb.com\/wp-content\/uploads\/Suddath-international-moving-company.png 1440w, https:\/\/moverdb.com\/wp-content\/uploads\/Suddath-international-moving-company-300x141.png 300w, https:\/\/moverdb.com\/wp-content\/uploads\/Suddath-international-moving-company-1024x481.png 1024w, https:\/\/moverdb.com\/wp-content\/uploads\/Suddath-international-moving-company-18x8.png 18w, https:\/\/moverdb.com\/wp-content\/uploads\/Suddath-international-moving-company-600x282.png 600w\" sizes=\"auto, (max-width: 1440px) 100vw, 1440px\" \/><\/p>\n<ul>\n<li>Mudan\u00e7as locais e de longa dist\u00e2ncia<\/li>\n<li>Movimentos internacionais<\/li>\n<li>Mudan\u00e7as dom\u00e9sticas<\/li>\n<li>Movimentos comerciais<\/li>\n<li>Servi\u00e7o de ponta a ponta<\/li>\n<li>Servi\u00e7o de embalagem<\/li>\n<li>Apoio alfandeg\u00e1rio<\/li>\n<li>Transporte de ve\u00edculos e animais de estima\u00e7\u00e3o<\/li>\n<li>Seguros<\/li>\n<li>Armazenamento de curto e longo prazo<\/li>\n<\/ul>\n<p>A Suddath \u00e9 uma empresa de mudan\u00e7as e log\u00edstica fundada em 1919, em Jacksonville, e tem mais 19 localidades na Am\u00e9rica Latina. <a href=\"https:\/\/moverdb.com\/pt\/moving-to-the-united-states\/\" data-internallinksmanager029f6b8e52c=\"94\" title=\"Mudando-se para os Estados Unidos? 2026 Custos de Vida e Dicas de Reloca\u00e7\u00e3o\">US<\/a>. A empresa tem uma rede global de parceiros de empresas estabelecidas e aprovadas que a ajuda a fornecer servi\u00e7os de ponta a ponta para 180 pa\u00edses em todo o mundo. A empresa \u00e9 membro do IAM, com 104 anos de experi\u00eancia.<\/p>\n<p>A Suddath oferece um balc\u00e3o \u00fanico para todas as suas necessidades de mudan\u00e7a com um conselheiro de mudan\u00e7a dedicado que o ajudar\u00e1 em todas as etapas e dentro do or\u00e7amento. Eles oferecem uma abordagem personalizada e o orientar\u00e3o sobre alf\u00e2ndega, documenta\u00e7\u00e3o e seguro. Eles tamb\u00e9m oferecem servi\u00e7os adicionais, incluindo servi\u00e7os de instala\u00e7\u00e3o e de limpeza.<\/p>\n<p>Website: <a href=\"https:\/\/suddath.com\" target=\"_blank\" rel=\"noopener\">https:\/\/suddath.com<\/a><\/p>","protected":false},"excerpt":{"rendered":"<p>If you are planning a move locally, nationally or internationally to or from Jacksonville you may want some assistance. Moving companies offer a variety of help including planning, packing, transportation, customs handling and unpacking services. Below we have compiled a list of Jacksonville based removal companies that are members of the International Association of Movers [&hellip;]<\/p>\n","protected":false},"author":4,"featured_media":11292,"parent":190,"menu_order":0,"comment_status":"closed","ping_status":"closed","template":"","meta":{"_genesis_hide_title":false,"_genesis_hide_breadcrumbs":false,"_genesis_hide_singular_image":false,"_genesis_hide_footer_widgets":false,"_genesis_custom_body_class":"","_genesis_custom_post_class":"","_genesis_layout":"","footnotes":""},"class_list":{"0":"post-11602","1":"page","2":"type-page","3":"status-publish","4":"has-post-thumbnail","6":"entry"},"_links":{"self":[{"href":"https:\/\/moverdb.com\/pt\/wp-json\/wp\/v2\/pages\/11602","targetHints":{"allow":["GET"]}}],"collection":[{"href":"https:\/\/moverdb.com\/pt\/wp-json\/wp\/v2\/pages"}],"about":[{"href":"https:\/\/moverdb.com\/pt\/wp-json\/wp\/v2\/types\/page"}],"author":[{"embeddable":true,"href":"https:\/\/moverdb.com\/pt\/wp-json\/wp\/v2\/users\/4"}],"replies":[{"embeddable":true,"href":"https:\/\/moverdb.com\/pt\/wp-json\/wp\/v2\/comments?post=11602"}],"version-history":[{"count":1,"href":"https:\/\/moverdb.com\/pt\/wp-json\/wp\/v2\/pages\/11602\/revisions"}],"predecessor-version":[{"id":11603,"href":"https:\/\/moverdb.com\/pt\/wp-json\/wp\/v2\/pages\/11602\/revisions\/11603"}],"up":[{"embeddable":true,"href":"https:\/\/moverdb.com\/pt\/wp-json\/wp\/v2\/pages\/190"}],"wp:featuredmedia":[{"embeddable":true,"href":"https:\/\/moverdb.com\/pt\/wp-json\/wp\/v2\/media\/11292"}],"wp:attachment":[{"href":"https:\/\/moverdb.com\/pt\/wp-json\/wp\/v2\/media?parent=11602"}],"curies":[{"name":"wp","href":"https:\/\/api.w.org\/{rel}","templated":true}]}}