{"id":11595,"date":"2023-11-22T15:48:21","date_gmt":"2023-11-22T15:48:21","guid":{"rendered":"https:\/\/moverdb.com\/?page_id=11595"},"modified":"2026-01-08T15:30:02","modified_gmt":"2026-01-08T15:30:02","slug":"moving-companies-idaho","status":"publish","type":"page","link":"https:\/\/moverdb.com\/pt\/moving-companies\/moving-companies-idaho\/","title":{"rendered":"Melhores empresas de mudan\u00e7as internacionais em Idaho"},"content":{"rendered":"<p>Quando voc\u00ea est\u00e1 se mudando, h\u00e1 tantas coisas para organizar e fazer que pode ser muito dif\u00edcil. Empregar um <a href=\"https:\/\/moverdb.com\/pt\/moving-companies\/\" data-internallinksmanager029f6b8e52c=\"79\" title=\"As 25 maiores empresas de mudan\u00e7as internacionais on-line\">empresa de mudan\u00e7as<\/a> podem aliviar a carga, pois podem ajudar com o planejamento, a embalagem, o transporte e o gerenciamento alfandeg\u00e1rio em caso de mudan\u00e7a internacional. Abaixo, compilamos uma lista de <a href=\"https:\/\/moverdb.com\/pt\/moving-to-the-united-states\/moving-to-idaho\/\" data-internallinksmanager029f6b8e52c=\"405\" title=\"Est\u00e1 se mudando para Idaho? 2026 Custo de vida e dicas de realoca\u00e7\u00e3o\">Idaho<\/a> sediada em <a href=\"https:\/\/moverdb.com\/pt\/international-removals\/\" data-internallinksmanager029f6b8e52c=\"27\" title=\"36 melhores empresas de mudan\u00e7as internacionais no Reino Unido\">empresas de mudan\u00e7as<\/a> que s\u00e3o membros do <a href=\"https:\/\/moverdb.com\/pt\/iam\/\" data-internallinksmanager029f6b8e52c=\"23\" title=\"Associa\u00e7\u00e3o Internacional de Remotores (IAM) Explicado\">Associa\u00e7\u00e3o Internacional de Movers<\/a> (IAM) e\/ou <a href=\"https:\/\/moverdb.com\/pt\/fidi-faim\/\" data-internallinksmanager029f6b8e52c=\"16\" title=\"FIDI &amp; FAIM (FIDI Accredited International Mover) Explicado\">FIDI<\/a> Credenciado pela International Mover (FAIM) que poderia ajud\u00e1-lo em sua mudan\u00e7a.<\/p>\n<p><strong>B Transfer Inc<\/strong><\/p>\n<p><img loading=\"lazy\" decoding=\"async\" class=\"alignnone size-full wp-image-11265\" src=\"https:\/\/moverdb.com\/wp-content\/uploads\/B-Transfer-Inc-international-moving-company.png\" alt=\"B Transfer Inc empresa de mudan\u00e7as internacionais\" width=\"1440\" height=\"679\" data-wp-pid=\"11265\" srcset=\"https:\/\/moverdb.com\/wp-content\/uploads\/B-Transfer-Inc-international-moving-company.png 1440w, https:\/\/moverdb.com\/wp-content\/uploads\/B-Transfer-Inc-international-moving-company-300x141.png 300w, https:\/\/moverdb.com\/wp-content\/uploads\/B-Transfer-Inc-international-moving-company-1024x483.png 1024w, https:\/\/moverdb.com\/wp-content\/uploads\/B-Transfer-Inc-international-moving-company-18x8.png 18w, https:\/\/moverdb.com\/wp-content\/uploads\/B-Transfer-Inc-international-moving-company-600x283.png 600w\" sizes=\"auto, (max-width: 1440px) 100vw, 1440px\" \/><\/p>\n<ul>\n<li>Mudan\u00e7as locais e de longa dist\u00e2ncia<\/li>\n<li>Servi\u00e7os internacionais<\/li>\n<li>Mudan\u00e7as dom\u00e9sticas<\/li>\n<li>Servi\u00e7os comerciais<\/li>\n<li>Mudan\u00e7as corporativas<\/li>\n<li>Frota variada de ve\u00edculos<\/li>\n<li>Equipe qualificada e experiente<\/li>\n<li>Arranjos de transporte<\/li>\n<li>Instala\u00e7\u00f5es de armazenamento<\/li>\n<\/ul>\n<p>A B Transfer Inc \u00e9 uma empresa de mudan\u00e7as e armazenamento fundada em 1958 e sediada em Mountain Home. Eles s\u00e3o membros da IAM com 59 anos de experi\u00eancia, o que lhes proporciona uma rede mundial de agentes de mudan\u00e7a para ajud\u00e1-los com mudan\u00e7as internacionais e de longa dist\u00e2ncia.<\/p>\n<p>A B Transfer Inc oferece servi\u00e7os de mudan\u00e7a r\u00e1pidos e econ\u00f4micos em Idaho, que incluem mudan\u00e7as locais e de longa dist\u00e2ncia, bem como servi\u00e7os internacionais. Eles oferecem uma equipe qualificada e experiente para concluir sua mudan\u00e7a e garantir que seus pertences sejam transportados com seguran\u00e7a para o novo lar. Eles tamb\u00e9m oferecem instala\u00e7\u00f5es de armazenamento seguras com acesso 24 horas.<\/p>\n<p>Website: <a href=\"https:\/\/www.b-transfer.com\/\" target=\"_blank\" rel=\"noopener\">https:\/\/www.b-transfer.com\/<\/a><\/p>","protected":false},"excerpt":{"rendered":"<p>When you are moving there is so many things to organise and do that it can be overwhelming. Employing a moving company can lighten the load as they can help with planning, packing, transportation and customs management if moving internationally. Below we have compiled a list of Idaho based removal companies that are members of [&hellip;]<\/p>\n","protected":false},"author":4,"featured_media":11265,"parent":190,"menu_order":0,"comment_status":"closed","ping_status":"closed","template":"","meta":{"_genesis_hide_title":false,"_genesis_hide_breadcrumbs":false,"_genesis_hide_singular_image":false,"_genesis_hide_footer_widgets":false,"_genesis_custom_body_class":"","_genesis_custom_post_class":"","_genesis_layout":"","footnotes":""},"class_list":{"0":"post-11595","1":"page","2":"type-page","3":"status-publish","4":"has-post-thumbnail","6":"entry"},"_links":{"self":[{"href":"https:\/\/moverdb.com\/pt\/wp-json\/wp\/v2\/pages\/11595","targetHints":{"allow":["GET"]}}],"collection":[{"href":"https:\/\/moverdb.com\/pt\/wp-json\/wp\/v2\/pages"}],"about":[{"href":"https:\/\/moverdb.com\/pt\/wp-json\/wp\/v2\/types\/page"}],"author":[{"embeddable":true,"href":"https:\/\/moverdb.com\/pt\/wp-json\/wp\/v2\/users\/4"}],"replies":[{"embeddable":true,"href":"https:\/\/moverdb.com\/pt\/wp-json\/wp\/v2\/comments?post=11595"}],"version-history":[{"count":1,"href":"https:\/\/moverdb.com\/pt\/wp-json\/wp\/v2\/pages\/11595\/revisions"}],"predecessor-version":[{"id":11596,"href":"https:\/\/moverdb.com\/pt\/wp-json\/wp\/v2\/pages\/11595\/revisions\/11596"}],"up":[{"embeddable":true,"href":"https:\/\/moverdb.com\/pt\/wp-json\/wp\/v2\/pages\/190"}],"wp:featuredmedia":[{"embeddable":true,"href":"https:\/\/moverdb.com\/pt\/wp-json\/wp\/v2\/media\/11265"}],"wp:attachment":[{"href":"https:\/\/moverdb.com\/pt\/wp-json\/wp\/v2\/media?parent=11595"}],"curies":[{"name":"wp","href":"https:\/\/api.w.org\/{rel}","templated":true}]}}