{"id":11566,"date":"2023-11-29T10:45:44","date_gmt":"2023-11-29T10:45:44","guid":{"rendered":"https:\/\/moverdb.com\/?page_id=11566"},"modified":"2026-01-08T15:25:07","modified_gmt":"2026-01-08T15:25:07","slug":"moving-companies-us-georgia","status":"publish","type":"page","link":"https:\/\/moverdb.com\/pt\/moving-companies\/moving-companies-us-georgia\/","title":{"rendered":"5 melhores empresas de mudan\u00e7as internacionais no estado da Ge\u00f3rgia"},"content":{"rendered":"<p>Quando voc\u00ea est\u00e1 se mudando, h\u00e1 muito o que fazer, como planejar e organizar a mudan\u00e7a, selecionar um fornecedor de transporte e embalar seus pertences e, se estiver se mudando para o exterior, lidar com a alf\u00e2ndega tamb\u00e9m. Muitas dessas atividades podem ser realizadas por um <a href=\"https:\/\/moverdb.com\/pt\/moving-companies\/\" data-internallinksmanager029f6b8e52c=\"79\" title=\"As 25 maiores empresas de mudan\u00e7as internacionais on-line\">empresa de mudan\u00e7as<\/a>. Abaixo, compilamos uma lista de <a href=\"https:\/\/moverdb.com\/pt\/moving-to-the-united-states\/moving-to-georgia\/\" data-internallinksmanager029f6b8e52c=\"402\" title=\"Mudan\u00e7a para o estado da Ge\u00f3rgia? 2026 Custo de vida e dicas de realoca\u00e7\u00e3o\">Ge\u00f3rgia<\/a> sediada em <a href=\"https:\/\/moverdb.com\/pt\/international-removals\/\" data-internallinksmanager029f6b8e52c=\"27\" title=\"36 melhores empresas de mudan\u00e7as internacionais no Reino Unido\">empresas de mudan\u00e7as<\/a> que s\u00e3o membros do <a href=\"https:\/\/moverdb.com\/pt\/iam\/\" data-internallinksmanager029f6b8e52c=\"23\" title=\"Associa\u00e7\u00e3o Internacional de Remotores (IAM) Explicado\">Associa\u00e7\u00e3o Internacional de Movers<\/a> (IAM) e\/ou <a href=\"https:\/\/moverdb.com\/pt\/fidi-faim\/\" data-internallinksmanager029f6b8e52c=\"16\" title=\"FIDI &amp; FAIM (FIDI Accredited International Mover) Explicado\">FIDI<\/a> Credenciado pela International Mover (FAIM), que poderia ajud\u00e1-lo com sua mudan\u00e7a.<\/p>\n<div id=\"ez-toc-container\" class=\"ez-toc-v2_0_82_2 ez-toc-wrap-left counter-hierarchy ez-toc-counter ez-toc-transparent ez-toc-container-direction\">\n<div class=\"ez-toc-title-container\">\n<p class=\"ez-toc-title\" style=\"cursor:inherit\">Se\u00e7\u00f5es<\/p>\n<span class=\"ez-toc-title-toggle\"><a href=\"#\" class=\"ez-toc-pull-right ez-toc-btn ez-toc-btn-xs ez-toc-btn-default ez-toc-toggle\" aria-label=\"Alternar tabela de conte\u00fado\"><span class=\"ez-toc-js-icon-con\"><span class=\"\"><span class=\"eztoc-hide\" style=\"display:none;\">Alternar<\/span><span class=\"ez-toc-icon-toggle-span\"><svg style=\"fill: #999;color:#999\" xmlns=\"http:\/\/www.w3.org\/2000\/svg\" class=\"list-377408\" width=\"20px\" height=\"20px\" viewbox=\"0 0 24 24\" fill=\"none\"><path d=\"M6 6H4v2h2V6zm14 0H8v2h12V6zM4 11h2v2H4v-2zm16 0H8v2h12v-2zM4 16h2v2H4v-2zm16 0H8v2h12v-2z\" fill=\"currentColor\"><\/path><\/svg><svg style=\"fill: #999;color:#999\" class=\"arrow-unsorted-368013\" xmlns=\"http:\/\/www.w3.org\/2000\/svg\" width=\"10px\" height=\"10px\" viewbox=\"0 0 24 24\" version=\"1.2\" baseprofile=\"tiny\"><path d=\"M18.2 9.3l-6.2-6.3-6.2 6.3c-.2.2-.3.4-.3.7s.1.5.3.7c.2.2.4.3.7.3h11c.3 0 .5-.1.7-.3.2-.2.3-.5.3-.7s-.1-.5-.3-.7zM5.8 14.7l6.2 6.3 6.2-6.3c.2-.2.3-.5.3-.7s-.1-.5-.3-.7c-.2-.2-.4-.3-.7-.3h-11c-.3 0-.5.1-.7.3-.2.2-.3.5-.3.7s.1.5.3.7z\"\/><\/svg><\/span><\/span><\/span><\/a><\/span><\/div>\n<nav><ul class='ez-toc-list ez-toc-list-level-1 eztoc-toggle-hide-by-default' ><li class='ez-toc-page-1 ez-toc-heading-level-2'><a class=\"ez-toc-link ez-toc-heading-1\" href=\"https:\/\/moverdb.com\/pt\/moving-companies\/moving-companies-us-georgia\/#1_A1_Freeman_Moving_Group\" >1. A1 Freeman Moving Group<\/a><\/li><li class='ez-toc-page-1 ez-toc-heading-level-2'><a class=\"ez-toc-link ez-toc-heading-2\" href=\"https:\/\/moverdb.com\/pt\/moving-companies\/moving-companies-us-georgia\/#2_Atlantic_Relocation_Systems\" >2. Atlantic Relocation Systems<\/a><\/li><li class='ez-toc-page-1 ez-toc-heading-level-2'><a class=\"ez-toc-link ez-toc-heading-3\" href=\"https:\/\/moverdb.com\/pt\/moving-companies\/moving-companies-us-georgia\/#3_Armstrong\" >3. Armstrong<\/a><\/li><li class='ez-toc-page-1 ez-toc-heading-level-2'><a class=\"ez-toc-link ez-toc-heading-4\" href=\"https:\/\/moverdb.com\/pt\/moving-companies\/moving-companies-us-georgia\/#4_Beltmann_Moving_Storage\" >4. Beltmann Moving &amp; Storage<\/a><\/li><li class='ez-toc-page-1 ez-toc-heading-level-2'><a class=\"ez-toc-link ez-toc-heading-5\" href=\"https:\/\/moverdb.com\/pt\/moving-companies\/moving-companies-us-georgia\/#5_Hilldrup\" >5. Hilldrup<\/a><\/li><\/ul><\/nav><\/div>\n<h2><span class=\"ez-toc-section\" id=\"1_A1_Freeman_Moving_Group\"><\/span><strong>1. A1 Freeman Moving Group<\/strong><span class=\"ez-toc-section-end\"><\/span><\/h2>\n<p><img loading=\"lazy\" decoding=\"async\" class=\"alignnone size-full wp-image-11236\" src=\"https:\/\/moverdb.com\/wp-content\/uploads\/A1-Freeman-Moving-Group-international-moving-company.png\" alt=\"A1 Freeman Moving Group empresa de mudan\u00e7as internacionais\" width=\"1440\" height=\"675\" data-wp-pid=\"11236\" srcset=\"https:\/\/moverdb.com\/wp-content\/uploads\/A1-Freeman-Moving-Group-international-moving-company.png 1440w, https:\/\/moverdb.com\/wp-content\/uploads\/A1-Freeman-Moving-Group-international-moving-company-300x141.png 300w, https:\/\/moverdb.com\/wp-content\/uploads\/A1-Freeman-Moving-Group-international-moving-company-1024x480.png 1024w, https:\/\/moverdb.com\/wp-content\/uploads\/A1-Freeman-Moving-Group-international-moving-company-18x8.png 18w, https:\/\/moverdb.com\/wp-content\/uploads\/A1-Freeman-Moving-Group-international-moving-company-600x281.png 600w\" sizes=\"auto, (max-width: 1440px) 100vw, 1440px\" \/><\/p>\n<ul>\n<li>Mudan\u00e7as locais e de longa dist\u00e2ncia<\/li>\n<li>Movimentos internacionais<\/li>\n<li>Mudan\u00e7as dom\u00e9sticas<\/li>\n<li>Mudan\u00e7as de empresas<\/li>\n<li>Servi\u00e7os personalizados<\/li>\n<li>Conselheiro de atendimento ao cliente<\/li>\n<li>Servi\u00e7o de embalagem<\/li>\n<li>Provid\u00eancias de transporte<\/li>\n<li>Apoio alfandeg\u00e1rio<\/li>\n<li>Concierge de mudan\u00e7a para acompanhamento p\u00f3s-mudan\u00e7a<\/li>\n<\/ul>\n<p>A A1 Freeman Moving Group \u00e9 uma empresa de realoca\u00e7\u00e3o e transporte que opera desde 1974 e est\u00e1 sediada em <a href=\"https:\/\/moverdb.com\/pt\/moving-to-atlanta\/\" data-internallinksmanager029f6b8e52c=\"32\" title=\"Mudando-se para Atlanta? 2026 Custos de Vida e Dicas de Reloca\u00e7\u00e3o\">Atlanta<\/a>. Eles s\u00e3o uma rede de profissionais de transporte que podem prestar servi\u00e7os de mudan\u00e7a em n\u00edvel local, nacional e internacional. Eles s\u00e3o membros da IAM com 33 anos de experi\u00eancia.<\/p>\n<p>O A1 Freeman Moving Group oferece aconselhamento antes da mudan\u00e7a com um de seus representantes, que o orientar\u00e1 durante o processo e ajudar\u00e1 a planejar sua mudan\u00e7a. Eles indicar\u00e3o um conselheiro de atendimento ao cliente que gerenciar\u00e1 cada etapa de sua mudan\u00e7a. Eles criar\u00e3o um plano de mudan\u00e7a que incluir\u00e1 servi\u00e7os de embalagem, entrega, alf\u00e2ndega e acomoda\u00e7\u00e3o.<\/p>\n<p>Website: <a href=\"http:\/\/www.a1freemanatlanta.com\/\" target=\"_blank\" rel=\"noopener\">http:\/\/www.a1freemanatlanta.com\/<\/a><\/p>\n<h2><span class=\"ez-toc-section\" id=\"2_Atlantic_Relocation_Systems\"><\/span><strong>2. Atlantic Relocation Systems<\/strong><span class=\"ez-toc-section-end\"><\/span><\/h2>\n<p><img loading=\"lazy\" decoding=\"async\" class=\"alignnone size-full wp-image-11262\" src=\"https:\/\/moverdb.com\/wp-content\/uploads\/Atlantic-Relocation-Systems-international-moving-company.png\" alt=\"Empresa de mudan\u00e7as internacionais Atlantic Relocation Systems\" width=\"1440\" height=\"677\" data-wp-pid=\"11262\" srcset=\"https:\/\/moverdb.com\/wp-content\/uploads\/Atlantic-Relocation-Systems-international-moving-company.png 1440w, https:\/\/moverdb.com\/wp-content\/uploads\/Atlantic-Relocation-Systems-international-moving-company-300x141.png 300w, https:\/\/moverdb.com\/wp-content\/uploads\/Atlantic-Relocation-Systems-international-moving-company-1024x481.png 1024w, https:\/\/moverdb.com\/wp-content\/uploads\/Atlantic-Relocation-Systems-international-moving-company-18x8.png 18w, https:\/\/moverdb.com\/wp-content\/uploads\/Atlantic-Relocation-Systems-international-moving-company-600x282.png 600w\" sizes=\"auto, (max-width: 1440px) 100vw, 1440px\" \/><\/p>\n<ul>\n<li>Mudan\u00e7as locais e de longa dist\u00e2ncia<\/li>\n<li>Movimentos internacionais<\/li>\n<li>Mudan\u00e7as residenciais<\/li>\n<li>Mudan\u00e7as de escrit\u00f3rio<\/li>\n<li>Coordenador de reloca\u00e7\u00e3o<\/li>\n<li>Servi\u00e7o de embalagem<\/li>\n<li>Transporte rodovi\u00e1rio, mar\u00edtimo e a\u00e9reo<\/li>\n<li>Assist\u00eancia \u00e0 documenta\u00e7\u00e3o<\/li>\n<li>Envio de obras de arte<\/li>\n<li>Instala\u00e7\u00e3o de armazenamento<\/li>\n<\/ul>\n<p>A Atlantic Relocation Systems \u00e9 uma empresa de mudan\u00e7as internacionais criada em 1984, com 13 filiais em todo o mundo. <a href=\"https:\/\/moverdb.com\/pt\/moving-to-the-united-states\/\" data-internallinksmanager029f6b8e52c=\"94\" title=\"Mudando-se para os Estados Unidos? 2026 Custos de Vida e Dicas de Reloca\u00e7\u00e3o\">US<\/a> com uma em Atlanta. Eles s\u00e3o uma empresa da Atlas Van Lines, o que lhes proporciona cobertura em todos os EUA e acesso a redes internacionais para apoi\u00e1-los. A empresa \u00e9 membro da IAM, com 52 anos de experi\u00eancia.<\/p>\n<p>A Atlantic Relocation Systems oferece aos clientes de mudan\u00e7as internacionais um coordenador de mudan\u00e7as internacionais para ajud\u00e1-lo durante toda a mudan\u00e7a. Para mudan\u00e7as locais, \u00e9 oferecido um or\u00e7amento gratuito em sua resid\u00eancia. Eles oferecem um servi\u00e7o de embalagem para proteger seus pertences em tr\u00e2nsito por via rodovi\u00e1ria, mar\u00edtima ou a\u00e9rea, com assist\u00eancia no preenchimento da documenta\u00e7\u00e3o.<\/p>\n<p>Website: <a href=\"https:\/\/www.atlanticrelocation.com\/\" target=\"_blank\" rel=\"noopener\">https:\/\/www.atlanticrelocation.com\/<\/a><\/p>\n<h2><span class=\"ez-toc-section\" id=\"3_Armstrong\"><\/span><strong>3. Armstrong<\/strong><span class=\"ez-toc-section-end\"><\/span><\/h2>\n<p><img loading=\"lazy\" decoding=\"async\" class=\"alignnone size-full wp-image-11261\" src=\"https:\/\/moverdb.com\/wp-content\/uploads\/Armstrong-international-moving-company.png\" alt=\"Empresa de mudan\u00e7as internacionais Armstrong\" width=\"1440\" height=\"676\" data-wp-pid=\"11261\" srcset=\"https:\/\/moverdb.com\/wp-content\/uploads\/Armstrong-international-moving-company.png 1440w, https:\/\/moverdb.com\/wp-content\/uploads\/Armstrong-international-moving-company-300x141.png 300w, https:\/\/moverdb.com\/wp-content\/uploads\/Armstrong-international-moving-company-1024x481.png 1024w, https:\/\/moverdb.com\/wp-content\/uploads\/Armstrong-international-moving-company-18x8.png 18w, https:\/\/moverdb.com\/wp-content\/uploads\/Armstrong-international-moving-company-600x282.png 600w\" sizes=\"auto, (max-width: 1440px) 100vw, 1440px\" \/><\/p>\n<ul>\n<li>Mudan\u00e7as locais e de longa dist\u00e2ncia<\/li>\n<li>Movimentos internacionais<\/li>\n<li>Mudan\u00e7as residenciais<\/li>\n<li>Mudan\u00e7as de escrit\u00f3rio<\/li>\n<li>Mudan\u00e7as de funcion\u00e1rios<\/li>\n<li>Op\u00e7\u00f5es de embalagem<\/li>\n<li>Transporte a\u00e9reo, mar\u00edtimo e terrestre<\/li>\n<li>Desembara\u00e7o aduaneiro<\/li>\n<li>Servi\u00e7os de destino<\/li>\n<li>Armazenamento de curto e longo prazo<\/li>\n<\/ul>\n<p>A Armstrong \u00e9 uma empresa de mudan\u00e7as, realoca\u00e7\u00e3o e log\u00edstica com 32 unidades em todo o pa\u00eds, incluindo uma unidade em Atlanta. Eles t\u00eam uma rede de parceiros e afiliados que os auxiliam na presta\u00e7\u00e3o de seus servi\u00e7os internacionalmente. A empresa \u00e9 membro da IAM, com 38 anos de experi\u00eancia, e \u00e9 credenciada pela FIDI.<\/p>\n<p>A Armstrong oferece servi\u00e7os de gerenciamento de mudan\u00e7as que incluem servi\u00e7o completo ou op\u00e7\u00f5es parciais de embalagem e desembalagem, que tamb\u00e9m podem incluir engradados e embalagens especiais, bem como a prote\u00e7\u00e3o de seus bens durante a mudan\u00e7a. Eles providenciar\u00e3o o transporte com libera\u00e7\u00e3o alfandeg\u00e1ria. Os servi\u00e7os adicionais incluem treinamento cultural, venda e aluguel de casas e op\u00e7\u00f5es de armazenamento.<\/p>\n<p>Website: <a href=\"https:\/\/www.armstrongrelocation.com\/\" target=\"_blank\" rel=\"noopener\">https:\/\/www.armstrongrelocation.com\/<\/a><\/p>\n<h2><span class=\"ez-toc-section\" id=\"4_Beltmann_Moving_Storage\"><\/span><strong>4. Beltmann Moving &amp; Storage<\/strong><span class=\"ez-toc-section-end\"><\/span><\/h2>\n<p><img loading=\"lazy\" decoding=\"async\" class=\"alignnone size-full wp-image-11269\" src=\"https:\/\/moverdb.com\/wp-content\/uploads\/Beltmann-Relocation-Group-international-moving-company.png\" alt=\"Beltmann Relocation Group empresa de mudan\u00e7as internacionais\" width=\"1440\" height=\"682\" data-wp-pid=\"11269\" srcset=\"https:\/\/moverdb.com\/wp-content\/uploads\/Beltmann-Relocation-Group-international-moving-company.png 1440w, https:\/\/moverdb.com\/wp-content\/uploads\/Beltmann-Relocation-Group-international-moving-company-300x142.png 300w, https:\/\/moverdb.com\/wp-content\/uploads\/Beltmann-Relocation-Group-international-moving-company-1024x485.png 1024w, https:\/\/moverdb.com\/wp-content\/uploads\/Beltmann-Relocation-Group-international-moving-company-18x9.png 18w, https:\/\/moverdb.com\/wp-content\/uploads\/Beltmann-Relocation-Group-international-moving-company-600x284.png 600w\" sizes=\"auto, (max-width: 1440px) 100vw, 1440px\" \/><\/p>\n<ul>\n<li>Mudan\u00e7as locais e de longa dist\u00e2ncia<\/li>\n<li>Movimentos internacionais<\/li>\n<li>Mudan\u00e7as residenciais<\/li>\n<li>Mudan\u00e7as de escrit\u00f3rio<\/li>\n<li>Mudan\u00e7as corporativas<\/li>\n<li>Servi\u00e7os personaliz\u00e1veis<\/li>\n<li>Mudar de consultor<\/li>\n<li>Servi\u00e7o de embalagem<\/li>\n<li>Provid\u00eancias de transporte<\/li>\n<li>Armazenamento seguro<\/li>\n<\/ul>\n<p>A Beltmann Moving &amp; Storage \u00e9 uma empresa de mudan\u00e7as fundada em 1923, com 11 locais nos EUA, incluindo Atlanta. A empresa \u00e9 afiliada \u00e0 North American Van Lines, o que lhe proporciona maior cobertura, al\u00e9m de ter redes internacionais. A empresa \u00e9 membro da IAM e tem 24 anos de experi\u00eancia.<\/p>\n<p>A Beltmann Moving &amp; Storage oferece pacotes personaliz\u00e1veis, para que voc\u00ea pague apenas pelos servi\u00e7os necess\u00e1rios e o ajude a manter-se dentro do or\u00e7amento. Eles oferecem suporte personalizado e pacotes com tudo inclu\u00eddo que podem cuidar de tudo ou voc\u00ea pode escolher servi\u00e7os individuais. O consultor de mudan\u00e7as organizar\u00e1 sua mudan\u00e7a, incluindo embalagem e transporte at\u00e9 seu destino.<\/p>\n<p>Website: <a href=\"http:\/\/www.beltmann.com\/\" target=\"_blank\" rel=\"noopener\">http:\/\/www.beltmann.com\/<\/a><\/p>\n<h2><span class=\"ez-toc-section\" id=\"5_Hilldrup\"><\/span><strong>5. Hilldrup<\/strong><span class=\"ez-toc-section-end\"><\/span><\/h2>\n<p><img loading=\"lazy\" decoding=\"async\" class=\"alignnone size-full wp-image-11339\" src=\"https:\/\/moverdb.com\/wp-content\/uploads\/Hilldrup-international-moving-company.png\" alt=\"Empresa de mudan\u00e7as internacionais Hilldrup\" width=\"1440\" height=\"674\" data-wp-pid=\"11339\" srcset=\"https:\/\/moverdb.com\/wp-content\/uploads\/Hilldrup-international-moving-company.png 1440w, https:\/\/moverdb.com\/wp-content\/uploads\/Hilldrup-international-moving-company-300x140.png 300w, https:\/\/moverdb.com\/wp-content\/uploads\/Hilldrup-international-moving-company-1024x479.png 1024w, https:\/\/moverdb.com\/wp-content\/uploads\/Hilldrup-international-moving-company-18x8.png 18w, https:\/\/moverdb.com\/wp-content\/uploads\/Hilldrup-international-moving-company-600x281.png 600w\" sizes=\"auto, (max-width: 1440px) 100vw, 1440px\" \/><\/p>\n<ul>\n<li>Mudan\u00e7as locais e de longa dist\u00e2ncia<\/li>\n<li>Movimentos internacionais<\/li>\n<li>Mudan\u00e7as residenciais<\/li>\n<li>Movimentos comerciais<\/li>\n<li>Escolha de pacotes em movimento<\/li>\n<li>Mudan\u00e7a de conselheiro<\/li>\n<li>Servi\u00e7o de embalagem<\/li>\n<li>Arranjos de transporte<\/li>\n<li>Atualiza\u00e7\u00f5es de rastreamento<\/li>\n<li>Armazenamento de curto e longo prazo<\/li>\n<\/ul>\n<p>A Hilldrup \u00e9 uma empresa de mudan\u00e7as e armazenamento fundada em 1903, com 10 filiais no sudeste e no meio do Atl\u00e2ntico dos EUA, incluindo uma em Atlanta. A empresa tem afilia\u00e7\u00f5es internacionais com organiza\u00e7\u00f5es l\u00edderes para dar suporte a seus clientes e prestar servi\u00e7os internacionais, incluindo a United Van Lines e a Mayflower Transit. A empresa \u00e9 credenciada pela FIDI.<\/p>\n<p>A Hilldrup fornece um Move Counsellor para gerenciar sua mudan\u00e7a e oferece uma variedade de pacotes de mudan\u00e7a, desde DIY (fa\u00e7a voc\u00ea mesmo) at\u00e9 servi\u00e7o completo de embalagem. Eles oferecem uma pesquisa de mudan\u00e7a virtual para avaliar suas necessidades e fornecer um or\u00e7amento. Eles usam os melhores materiais de embalagem para proteger seus pertences em tr\u00e2nsito e oferecem op\u00e7\u00f5es de embalagem e engradados personalizados para itens fr\u00e1geis.<\/p>\n<p>Website: <a href=\"https:\/\/www.hilldrup.com\/\" target=\"_blank\" rel=\"noopener\">https:\/\/www.hilldrup.com\/<\/a><\/p>","protected":false},"excerpt":{"rendered":"<p>When you are moving there is a lot to do such as planning and organising the move, selecting a transportation provider and packing your belongings, and if you are moving abroad handling customs too. Many of these activities can be completed by a moving company. Below we have compiled a list of Georgia based removal [&hellip;]<\/p>\n","protected":false},"author":4,"featured_media":11236,"parent":190,"menu_order":0,"comment_status":"closed","ping_status":"closed","template":"","meta":{"_genesis_hide_title":false,"_genesis_hide_breadcrumbs":false,"_genesis_hide_singular_image":false,"_genesis_hide_footer_widgets":false,"_genesis_custom_body_class":"","_genesis_custom_post_class":"","_genesis_layout":"","footnotes":""},"class_list":{"0":"post-11566","1":"page","2":"type-page","3":"status-publish","4":"has-post-thumbnail","6":"entry"},"_links":{"self":[{"href":"https:\/\/moverdb.com\/pt\/wp-json\/wp\/v2\/pages\/11566","targetHints":{"allow":["GET"]}}],"collection":[{"href":"https:\/\/moverdb.com\/pt\/wp-json\/wp\/v2\/pages"}],"about":[{"href":"https:\/\/moverdb.com\/pt\/wp-json\/wp\/v2\/types\/page"}],"author":[{"embeddable":true,"href":"https:\/\/moverdb.com\/pt\/wp-json\/wp\/v2\/users\/4"}],"replies":[{"embeddable":true,"href":"https:\/\/moverdb.com\/pt\/wp-json\/wp\/v2\/comments?post=11566"}],"version-history":[{"count":3,"href":"https:\/\/moverdb.com\/pt\/wp-json\/wp\/v2\/pages\/11566\/revisions"}],"predecessor-version":[{"id":11570,"href":"https:\/\/moverdb.com\/pt\/wp-json\/wp\/v2\/pages\/11566\/revisions\/11570"}],"up":[{"embeddable":true,"href":"https:\/\/moverdb.com\/pt\/wp-json\/wp\/v2\/pages\/190"}],"wp:featuredmedia":[{"embeddable":true,"href":"https:\/\/moverdb.com\/pt\/wp-json\/wp\/v2\/media\/11236"}],"wp:attachment":[{"href":"https:\/\/moverdb.com\/pt\/wp-json\/wp\/v2\/media?parent=11566"}],"curies":[{"name":"wp","href":"https:\/\/api.w.org\/{rel}","templated":true}]}}