{"id":11564,"date":"2023-11-29T10:35:03","date_gmt":"2023-11-29T10:35:03","guid":{"rendered":"https:\/\/moverdb.com\/?page_id=11564"},"modified":"2026-01-08T15:24:15","modified_gmt":"2026-01-08T15:24:15","slug":"moving-companies-us-gaithersburg","status":"publish","type":"page","link":"https:\/\/moverdb.com\/pt\/moving-companies\/moving-companies-us-gaithersburg\/","title":{"rendered":"3 melhores empresas de mudan\u00e7as internacionais em Gaithersburg"},"content":{"rendered":"<p>Quando se est\u00e1 mudando de casa ou de empresa, h\u00e1 muito o que fazer, portanto, contratar os servi\u00e7os de um <a href=\"https:\/\/moverdb.com\/pt\/moving-companies\/\" data-internallinksmanager029f6b8e52c=\"79\" title=\"As 25 maiores empresas de mudan\u00e7as internacionais on-line\">empresa de mudan\u00e7as<\/a> pode ajud\u00e1-lo a reduzir a carga de trabalho para que voc\u00ea possa se concentrar em outros aspectos da sua mudan\u00e7a. Isso pode incluir a embalagem, a organiza\u00e7\u00e3o do transporte e o manuseio da alf\u00e2ndega para mudan\u00e7as internacionais. Abaixo, compilamos uma lista de empresas de Gaithersburg <a href=\"https:\/\/moverdb.com\/pt\/international-removals\/\" data-internallinksmanager029f6b8e52c=\"27\" title=\"36 melhores empresas de mudan\u00e7as internacionais no Reino Unido\">empresas de mudan\u00e7as<\/a> que s\u00e3o membros do <a href=\"https:\/\/moverdb.com\/pt\/iam\/\" data-internallinksmanager029f6b8e52c=\"23\" title=\"Associa\u00e7\u00e3o Internacional de Remotores (IAM) Explicado\">Associa\u00e7\u00e3o Internacional de Movers<\/a> (IAM) e\/ou <a href=\"https:\/\/moverdb.com\/pt\/fidi-faim\/\" data-internallinksmanager029f6b8e52c=\"16\" title=\"FIDI &amp; FAIM (FIDI Accredited International Mover) Explicado\">FIDI<\/a> Credenciado pela International Mover (FAIM), que poderia ajud\u00e1-lo com sua mudan\u00e7a.<\/p>\n<h2><strong>1. Solu\u00e7\u00f5es de remessa em todo o mundo<\/strong><\/h2>\n<p><img loading=\"lazy\" decoding=\"async\" class=\"alignnone size-full wp-image-11442\" src=\"https:\/\/moverdb.com\/wp-content\/uploads\/Shipping-Solutions-Worldwide-international-moving-company.png\" alt=\"Shipping Solutions Worldwide empresa de mudan\u00e7as internacionais\" width=\"1440\" height=\"680\" data-wp-pid=\"11442\" srcset=\"https:\/\/moverdb.com\/wp-content\/uploads\/Shipping-Solutions-Worldwide-international-moving-company.png 1440w, https:\/\/moverdb.com\/wp-content\/uploads\/Shipping-Solutions-Worldwide-international-moving-company-300x142.png 300w, https:\/\/moverdb.com\/wp-content\/uploads\/Shipping-Solutions-Worldwide-international-moving-company-1024x484.png 1024w, https:\/\/moverdb.com\/wp-content\/uploads\/Shipping-Solutions-Worldwide-international-moving-company-18x9.png 18w, https:\/\/moverdb.com\/wp-content\/uploads\/Shipping-Solutions-Worldwide-international-moving-company-600x283.png 600w\" sizes=\"auto, (max-width: 1440px) 100vw, 1440px\" \/><\/p>\n<ul>\n<li>Movimentos locais e nacionais<\/li>\n<li>Movimentos internacionais<\/li>\n<li>Mudan\u00e7as residenciais<\/li>\n<li>Mudan\u00e7as comerciais e de escrit\u00f3rio<\/li>\n<li>Servi\u00e7o personalizado<\/li>\n<li>Servi\u00e7o de embalagem<\/li>\n<li>Transporte terrestre, a\u00e9reo e mar\u00edtimo<\/li>\n<li>Suporte de documenta\u00e7\u00e3o<\/li>\n<li><a href=\"https:\/\/moverdb.com\/pt\/car-transport-shipping\/\" data-internallinksmanager029f6b8e52c=\"2\" title=\"2026 Cota\u00e7\u00f5es de transporte internacional de carros e envio de ve\u00edculos\">Envio de ve\u00edculos<\/a><\/li>\n<li>Rastreamento de embarque<\/li>\n<\/ul>\n<p>A Shipping Solutions Worldwide \u00e9 uma empresa de mudan\u00e7as mundiais com mais de 30 anos de experi\u00eancia e est\u00e1 sediada em Gaithersburg. A empresa trabalha com uma rede de empresas de mudan\u00e7as globais para prestar servi\u00e7os em todo o mundo. A empresa \u00e9 membro da IAM.<\/p>\n<p>A Shipping Solutions Worldwide oferece um servi\u00e7o de mudan\u00e7a personalizado de acordo com suas necessidades. Eles fornecem um servi\u00e7o de embalagem que garantir\u00e1 que seus itens viajem com seguran\u00e7a para as condi\u00e7\u00f5es de envio com um invent\u00e1rio completo. Eles organizar\u00e3o o transporte por terra, ar ou mar e tamb\u00e9m processar\u00e3o toda a documenta\u00e7\u00e3o necess\u00e1ria para o transporte e rastrear\u00e3o sua remessa.<\/p>\n<p>Website: <a href=\"https:\/\/shippingsolutionsworldwide.com\/\" target=\"_blank\" rel=\"noopener\">https:\/\/shippingsolutionsworldwide.com\/<\/a><\/p>\n<h2><strong>2. Town &amp; Country Movers<\/strong><\/h2>\n<p><img loading=\"lazy\" decoding=\"async\" class=\"alignnone size-full wp-image-11458\" src=\"https:\/\/moverdb.com\/wp-content\/uploads\/Town-Country-Movers-international-moving-company.png\" alt=\"Town &amp; Country Movers empresa de mudan\u00e7as internacionais\" width=\"1440\" height=\"681\" data-wp-pid=\"11458\" srcset=\"https:\/\/moverdb.com\/wp-content\/uploads\/Town-Country-Movers-international-moving-company.png 1440w, https:\/\/moverdb.com\/wp-content\/uploads\/Town-Country-Movers-international-moving-company-300x142.png 300w, https:\/\/moverdb.com\/wp-content\/uploads\/Town-Country-Movers-international-moving-company-1024x484.png 1024w, https:\/\/moverdb.com\/wp-content\/uploads\/Town-Country-Movers-international-moving-company-18x9.png 18w, https:\/\/moverdb.com\/wp-content\/uploads\/Town-Country-Movers-international-moving-company-600x284.png 600w\" sizes=\"auto, (max-width: 1440px) 100vw, 1440px\" \/><\/p>\n<ul>\n<li>Movimentos locais e nacionais<\/li>\n<li>Movimentos internacionais<\/li>\n<li>Mudan\u00e7as dom\u00e9sticas<\/li>\n<li>Movimentos comerciais<\/li>\n<li>Porta a porta e porta a porta<a href=\"https:\/\/moverdb.com\/pt\/top-49-container-ports\/\" data-internallinksmanager029f6b8e52c=\"80\" title=\"Os 49 maiores e mais movimentados portos de cont\u00eaineres em 2025\">porto<\/a> op\u00e7\u00f5es<\/li>\n<li>Servi\u00e7o de embalagem<\/li>\n<li>Organiza\u00e7\u00e3o do transporte<\/li>\n<li>Desembara\u00e7o aduaneiro<\/li>\n<li>Transporte de ve\u00edculos<\/li>\n<li>Armazenamento seguro de curto e longo prazo<\/li>\n<\/ul>\n<p>A Town &amp; Country Movers \u00e9 uma empresa de mudan\u00e7as e armazenamento fundada em 1977, com sede em Gaithersburg e que atende a <a href=\"https:\/\/moverdb.com\/pt\/moving-to-the-united-states\/moving-to-maryland\/\" data-internallinksmanager029f6b8e52c=\"467\" title=\"Est\u00e1 se mudando para Maryland? 2024 Custo de vida e dicas de realoca\u00e7\u00e3o\">Maryland<\/a> e <a href=\"https:\/\/moverdb.com\/pt\/moving-to-the-united-states\/moving-to-virginia\/\" data-internallinksmanager029f6b8e52c=\"442\" title=\"Mudan\u00e7a para a Virg\u00ednia? 2026 Custo de vida e dicas de realoca\u00e7\u00e3o\">Virg\u00ednia<\/a> com mudan\u00e7as locais, nacionais e internacionais. Eles trabalham com despachantes internacionais de confian\u00e7a para prestar seus servi\u00e7os em todo o mundo. A empresa \u00e9 membro da IAM e tem 46 anos de experi\u00eancia.<\/p>\n<p>A Town &amp; Country Movers oferece um or\u00e7amento gratuito para sua mudan\u00e7a e personalizar\u00e1 o servi\u00e7o para atender \u00e0s suas necessidades. Eles o ajudar\u00e3o a encontrar as melhores op\u00e7\u00f5es de transporte para suas necessidades e or\u00e7amento. Eles oferecem um servi\u00e7o de embalagem profissional para proteger seus itens, o que pode incluir engradamento personalizado.<\/p>\n<p>Website: <a href=\"https:\/\/townandcountrymovers.com\/\" target=\"_blank\" rel=\"noopener\">https:\/\/townandcountrymovers.com\/<\/a><\/p>\n<h2><strong>3. Realoca\u00e7\u00f5es universais<\/strong><\/h2>\n<p><img loading=\"lazy\" decoding=\"async\" class=\"alignnone size-full wp-image-11469\" src=\"https:\/\/moverdb.com\/wp-content\/uploads\/Universal-Relocations-international-moving-company-1.png\" alt=\"Universal Relocations empresa de mudan\u00e7as internacionais\" width=\"1440\" height=\"680\" data-wp-pid=\"11469\" srcset=\"https:\/\/moverdb.com\/wp-content\/uploads\/Universal-Relocations-international-moving-company-1.png 1440w, https:\/\/moverdb.com\/wp-content\/uploads\/Universal-Relocations-international-moving-company-1-300x142.png 300w, https:\/\/moverdb.com\/wp-content\/uploads\/Universal-Relocations-international-moving-company-1-1024x484.png 1024w, https:\/\/moverdb.com\/wp-content\/uploads\/Universal-Relocations-international-moving-company-1-18x9.png 18w, https:\/\/moverdb.com\/wp-content\/uploads\/Universal-Relocations-international-moving-company-1-600x283.png 600w\" sizes=\"auto, (max-width: 1440px) 100vw, 1440px\" \/><\/p>\n<ul>\n<li>Mudan\u00e7as nacionais<\/li>\n<li>Mudan\u00e7as internacionais<\/li>\n<li>Mudan\u00e7as dom\u00e9sticas<\/li>\n<li>Mudan\u00e7as de empresas<\/li>\n<li>Servi\u00e7o porta-a-porta<\/li>\n<li>Servi\u00e7o de embalagem<\/li>\n<li>Despachos aduaneiros<\/li>\n<li>Transporte de animais de estima\u00e7\u00e3o e autom\u00f3veis<\/li>\n<li>Assist\u00eancia na busca domiciliar<\/li>\n<li>Instala\u00e7\u00f5es de armazenamento<\/li>\n<\/ul>\n<p>A Universal Relocations \u00e9 uma empresa internacional de mudan\u00e7a e reloca\u00e7\u00e3o estabelecida em <a href=\"https:\/\/moverdb.com\/pt\/moving-to-india\/\" data-internallinksmanager029f6b8e52c=\"356\" title=\"Est\u00e1 se mudando para a \u00cdndia? 2026 Custo de vida e dicas de realoca\u00e7\u00e3o\">\u00cdndia<\/a> em 1998, que tamb\u00e9m tem escrit\u00f3rios na <a href=\"https:\/\/moverdb.com\/pt\/moving-to-the-united-states\/\" data-internallinksmanager029f6b8e52c=\"94\" title=\"Mudando-se para os Estados Unidos? 2026 Custos de Vida e Dicas de Reloca\u00e7\u00e3o\">US<\/a> em Gaithersburg, <a href=\"https:\/\/moverdb.com\/pt\/moving-to-the-united-states\/moving-to-new-jersey\/\" data-internallinksmanager029f6b8e52c=\"417\" title=\"Mudan\u00e7a para Nova Jersey? 2026 Custo de vida e dicas de realoca\u00e7\u00e3o\">Nova Jersey<\/a>, <a href=\"https:\/\/moverdb.com\/pt\/moving-to-the-united-states\/moving-to-california\/\" data-internallinksmanager029f6b8e52c=\"330\" title=\"Mudan\u00e7a para a Calif\u00f3rnia? 2026 Custo de vida e dicas de realoca\u00e7\u00e3o\">Calif\u00f3rnia<\/a>, <a href=\"https:\/\/moverdb.com\/pt\/moving-to-the-united-states\/moving-to-texas\/\" data-internallinksmanager029f6b8e52c=\"397\" title=\"Mudan\u00e7a para o Texas? 2026 Custo de vida e dicas de realoca\u00e7\u00e3o\">Texas<\/a> e <a href=\"https:\/\/moverdb.com\/pt\/moving-to-the-united-states\/moving-to-georgia\/\" data-internallinksmanager029f6b8e52c=\"402\" title=\"Mudan\u00e7a para o estado da Ge\u00f3rgia? 2026 Custo de vida e dicas de realoca\u00e7\u00e3o\">Ge\u00f3rgia<\/a>. Eles t\u00eam uma rede global de 160 agentes parceiros para dar suporte aos servi\u00e7os internacionais. Eles s\u00e3o membros da IAM com sete anos de experi\u00eancia.<\/p>\n<p>A Universal Relocations oferece um servi\u00e7o de realoca\u00e7\u00e3o porta a porta para resid\u00eancias e empresas. Eles oferecem um servi\u00e7o de embalagem seguro para proteger seus pertences em tr\u00e2nsito e tamb\u00e9m podem transportar seus animais de estima\u00e7\u00e3o e ve\u00edculos. Eles tamb\u00e9m oferecem servi\u00e7os adicionais que incluem assist\u00eancia na busca de im\u00f3veis, instala\u00e7\u00f5es de armazenamento e seguro.<\/p>\n<p>Website: <a href=\"https:\/\/universalrelocations.com\/\" target=\"_blank\" rel=\"noopener\">https:\/\/universalrelocations.com\/<\/a><\/p>","protected":false},"excerpt":{"rendered":"<p>When you are moving home or your business there is a lot to do so engaging the services of a moving company can assist you in reducing the workload so you can focus on other aspects of your move. This can include packing, arranging transport and handling customs for international moves. Below we have compiled [&hellip;]<\/p>\n","protected":false},"author":4,"featured_media":11442,"parent":190,"menu_order":0,"comment_status":"closed","ping_status":"closed","template":"","meta":{"_genesis_hide_title":false,"_genesis_hide_breadcrumbs":false,"_genesis_hide_singular_image":false,"_genesis_hide_footer_widgets":false,"_genesis_custom_body_class":"","_genesis_custom_post_class":"","_genesis_layout":"","footnotes":""},"class_list":{"0":"post-11564","1":"page","2":"type-page","3":"status-publish","4":"has-post-thumbnail","6":"entry"},"_links":{"self":[{"href":"https:\/\/moverdb.com\/pt\/wp-json\/wp\/v2\/pages\/11564","targetHints":{"allow":["GET"]}}],"collection":[{"href":"https:\/\/moverdb.com\/pt\/wp-json\/wp\/v2\/pages"}],"about":[{"href":"https:\/\/moverdb.com\/pt\/wp-json\/wp\/v2\/types\/page"}],"author":[{"embeddable":true,"href":"https:\/\/moverdb.com\/pt\/wp-json\/wp\/v2\/users\/4"}],"replies":[{"embeddable":true,"href":"https:\/\/moverdb.com\/pt\/wp-json\/wp\/v2\/comments?post=11564"}],"version-history":[{"count":1,"href":"https:\/\/moverdb.com\/pt\/wp-json\/wp\/v2\/pages\/11564\/revisions"}],"predecessor-version":[{"id":11565,"href":"https:\/\/moverdb.com\/pt\/wp-json\/wp\/v2\/pages\/11564\/revisions\/11565"}],"up":[{"embeddable":true,"href":"https:\/\/moverdb.com\/pt\/wp-json\/wp\/v2\/pages\/190"}],"wp:featuredmedia":[{"embeddable":true,"href":"https:\/\/moverdb.com\/pt\/wp-json\/wp\/v2\/media\/11442"}],"wp:attachment":[{"href":"https:\/\/moverdb.com\/pt\/wp-json\/wp\/v2\/media?parent=11564"}],"curies":[{"name":"wp","href":"https:\/\/api.w.org\/{rel}","templated":true}]}}